{"id":42,"date":"2023-09-10T12:30:47","date_gmt":"2023-09-10T16:30:47","guid":{"rendered":"https:\/\/site.ac-martinique.fr\/circonscription-marin\/?page_id=42"},"modified":"2023-10-07T23:25:51","modified_gmt":"2023-10-08T03:25:51","slug":"page-2","status":"publish","type":"page","link":"https:\/\/site.ac-martinique.fr\/circonscription-marin\/","title":{"rendered":"Pr\u00e9sentation"},"content":{"rendered":"\n<p class=\"has-text-align-center has-medium-font-size\">Bienvenue sur le site de la circonscription du Marin. Un espace d\u00e9di\u00e9 \u00e0 l&rsquo;excellence \u00e9ducative et \u00e0 la cr\u00e9ativit\u00e9 de nos \u00e9coles. <br><br>Ici, vous trouverez une mine d&rsquo;informations sur nos \u00e9tablissements scolaires, ainsi qu&rsquo;une vitrine brillante pour mettre en avant les projets inspirants qui fa\u00e7onnent notre communaut\u00e9 \u00e9ducative. <br><br>Restez connect\u00e9s pour \u00eatre inform\u00e9s et inspir\u00e9s par les merveilles qui se produisent dans nos \u00e9coles chaque jour, visibles sur l&rsquo;onglet  \u00ab\u00a0<a href=\"https:\/\/site.ac-martinique.fr\/circonscription-marin\/?page_id=247\">Nos \u00e9coles ont du talent<\/a>\u00ab\u00a0. <\/p>\n","protected":false},"excerpt":{"rendered":"<p>Bienvenue sur le site de la circonscription du Marin. Un espace d\u00e9di\u00e9 \u00e0 l&rsquo;excellence \u00e9ducative et \u00e0 la cr\u00e9ativit\u00e9 de nos \u00e9coles. Ici, vous trouverez une mine d&rsquo;informations sur nos \u00e9tablissements scolaires, ainsi qu&rsquo;une vitrine brillante pour mettre en avant les projets inspirants qui fa\u00e7onnent notre communaut\u00e9 \u00e9ducative. Restez connect\u00e9s pour \u00eatre inform\u00e9s et inspir\u00e9s &hellip; <\/p>\n<p class=\"link-more\"><a href=\"https:\/\/site.ac-martinique.fr\/circonscription-marin\/\" class=\"more-link\">Lire la suite de<span class=\"screen-reader-text\">\u00ab\u00a0Pr\u00e9sentation\u00a0\u00bb<\/span><\/a><\/p>\n","protected":false},"author":444,"featured_media":0,"parent":0,"menu_order":0,"comment_status":"closed","ping_status":"closed","template":"","meta":{"inspiro_hide_title":false,"footnotes":""},"class_list":["post-42","page","type-page","status-publish","hentry"],"_links":{"self":[{"href":"https:\/\/site.ac-martinique.fr\/circonscription-marin\/index.php?rest_route=\/wp\/v2\/pages\/42","targetHints":{"allow":["GET"]}}],"collection":[{"href":"https:\/\/site.ac-martinique.fr\/circonscription-marin\/index.php?rest_route=\/wp\/v2\/pages"}],"about":[{"href":"https:\/\/site.ac-martinique.fr\/circonscription-marin\/index.php?rest_route=\/wp\/v2\/types\/page"}],"author":[{"embeddable":true,"href":"https:\/\/site.ac-martinique.fr\/circonscription-marin\/index.php?rest_route=\/wp\/v2\/users\/444"}],"replies":[{"embeddable":true,"href":"https:\/\/site.ac-martinique.fr\/circonscription-marin\/index.php?rest_route=%2Fwp%2Fv2%2Fcomments&post=42"}],"version-history":[{"count":7,"href":"https:\/\/site.ac-martinique.fr\/circonscription-marin\/index.php?rest_route=\/wp\/v2\/pages\/42\/revisions"}],"predecessor-version":[{"id":372,"href":"https:\/\/site.ac-martinique.fr\/circonscription-marin\/index.php?rest_route=\/wp\/v2\/pages\/42\/revisions\/372"}],"wp:attachment":[{"href":"https:\/\/site.ac-martinique.fr\/circonscription-marin\/index.php?rest_route=%2Fwp%2Fv2%2Fmedia&parent=42"}],"curies":[{"name":"wp","href":"https:\/\/api.w.org\/{rel}","templated":true}]}}