{"id":46,"date":"2023-09-10T12:57:49","date_gmt":"2023-09-10T16:57:49","guid":{"rendered":"https:\/\/site.ac-martinique.fr\/circonscription-marin\/?page_id=46"},"modified":"2024-09-02T14:37:01","modified_gmt":"2024-09-02T18:37:01","slug":"equipe-de-circonscription","status":"publish","type":"page","link":"https:\/\/site.ac-martinique.fr\/circonscription-marin\/?page_id=46","title":{"rendered":"Equipe de circonscription"},"content":{"rendered":"\n<p><strong>Inspectrice de l&rsquo;\u00e9ducation nationale :<\/strong> <br>Mme JULIEN Jacqueline<br><br><strong>Assistante : <\/strong><br>Mme CONSEL Josette<\/p>\n\n\n\n<p><br><strong>Conseill\u00e8res p\u00e9dagogiques :<br><\/strong>Mme PERRONI Miguelle : R\u00e9f\u00e9rente Fran\u00e7ais de la circonscription,  R\u00e9f\u00e9rente CAFIPEMF (Certificat d&rsquo;Aptitude aux Fonctions d&rsquo;Instituteur et Professeur des Ecoles Maitre Formateur) et IEF (Instruction en famille)<br><\/p>\n\n\n\n<p>Mme FEYSSEL Magali : R\u00e9f\u00e9rente EPS (Education Physique et sportive), PES (professeurs des \u00e9coles stagiaires).<br><\/p>\n\n\n\n<p>Mme LESUEUR Sylvia : R\u00e9f\u00e9rente Math\u00e9matiques de la Circonscription, R\u00e9f\u00e9rente Maternelle<\/p>\n\n\n\n<p><br><strong>Coordinatrice R\u00e9seau :<br><\/strong>Mme MACAO Val\u00e9rie : REP (R\u00e9seau d&rsquo;Education Prioritaire), FIP (Fonds d&rsquo;innovation p\u00e9dagogique), Ma radio \u00e0 l&rsquo;\u00e9cole, Services civiques, cr\u00e9dits p\u00e9dagogiques<\/p>\n\n\n\n<p><br><strong>ERUN :<\/strong><br>M.MASSON Stephen : R\u00e9f\u00e9rent aux Usages Num\u00e9riques, R\u00e9f\u00e9rent \u00e9valuations nationales, R\u00e9f\u00e9rent SOFIA-FMO (Suivi et Organisation des Formations Internes \u00e0 l&rsquo;Acad\u00e9mie &#8211; Fiche Mise en Oeuvre)<\/p>\n\n\n\n<p><br><strong>R\u00e9f\u00e9rente LVR (Langue vivante r\u00e9gionale) et parcours d&rsquo;excellence :<\/strong><br>Mme ELEORE Fabiola<\/p>\n\n\n\n<p><br><strong>R\u00e9f\u00e9rent LVE (Langue vivante \u00e9trang\u00e8re)  :<\/strong><br>M.CHAULET Jean-Yves<\/p>\n\n\n\n<p><\/p>\n\n\n\n<p><\/p>\n","protected":false},"excerpt":{"rendered":"<p>Inspectrice de l&rsquo;\u00e9ducation nationale : Mme JULIEN Jacqueline Assistante : Mme CONSEL Josette Conseill\u00e8res p\u00e9dagogiques :Mme PERRONI Miguelle : R\u00e9f\u00e9rente Fran\u00e7ais de la circonscription, R\u00e9f\u00e9rente CAFIPEMF (Certificat d&rsquo;Aptitude aux Fonctions d&rsquo;Instituteur et Professeur des Ecoles Maitre Formateur) et IEF (Instruction en famille) Mme FEYSSEL Magali : R\u00e9f\u00e9rente EPS (Education Physique et sportive), PES (professeurs des &hellip; <\/p>\n<p class=\"link-more\"><a href=\"https:\/\/site.ac-martinique.fr\/circonscription-marin\/?page_id=46\" class=\"more-link\">Lire la suite de<span class=\"screen-reader-text\">\u00ab\u00a0Equipe de circonscription\u00a0\u00bb<\/span><\/a><\/p>\n","protected":false},"author":444,"featured_media":0,"parent":0,"menu_order":0,"comment_status":"closed","ping_status":"closed","template":"","meta":{"inspiro_hide_title":false,"footnotes":""},"class_list":["post-46","page","type-page","status-publish","hentry"],"_links":{"self":[{"href":"https:\/\/site.ac-martinique.fr\/circonscription-marin\/index.php?rest_route=\/wp\/v2\/pages\/46","targetHints":{"allow":["GET"]}}],"collection":[{"href":"https:\/\/site.ac-martinique.fr\/circonscription-marin\/index.php?rest_route=\/wp\/v2\/pages"}],"about":[{"href":"https:\/\/site.ac-martinique.fr\/circonscription-marin\/index.php?rest_route=\/wp\/v2\/types\/page"}],"author":[{"embeddable":true,"href":"https:\/\/site.ac-martinique.fr\/circonscription-marin\/index.php?rest_route=\/wp\/v2\/users\/444"}],"replies":[{"embeddable":true,"href":"https:\/\/site.ac-martinique.fr\/circonscription-marin\/index.php?rest_route=%2Fwp%2Fv2%2Fcomments&post=46"}],"version-history":[{"count":8,"href":"https:\/\/site.ac-martinique.fr\/circonscription-marin\/index.php?rest_route=\/wp\/v2\/pages\/46\/revisions"}],"predecessor-version":[{"id":843,"href":"https:\/\/site.ac-martinique.fr\/circonscription-marin\/index.php?rest_route=\/wp\/v2\/pages\/46\/revisions\/843"}],"wp:attachment":[{"href":"https:\/\/site.ac-martinique.fr\/circonscription-marin\/index.php?rest_route=%2Fwp%2Fv2%2Fmedia&parent=46"}],"curies":[{"name":"wp","href":"https:\/\/api.w.org\/{rel}","templated":true}]}}