{"id":952,"date":"2024-09-25T11:25:22","date_gmt":"2024-09-25T15:25:22","guid":{"rendered":"https:\/\/site.ac-martinique.fr\/circonscription-marin\/?page_id=952"},"modified":"2024-09-25T11:25:22","modified_gmt":"2024-09-25T15:25:22","slug":"fiches-daccompagnement","status":"publish","type":"page","link":"https:\/\/site.ac-martinique.fr\/circonscription-marin\/?page_id=952","title":{"rendered":"Fiches d&rsquo;accompagnement"},"content":{"rendered":"\n<p>Voici les 3 fiches disponibles ci-dessous pour les demandes d&rsquo;accompagnement concernant : <br>&#8211; La p\u00e9dagogie d&rsquo;\u00e9coute<br>&#8211; Le Kamishibai<br>&#8211; Le chant \/ la chorale<\/p>\n\n\n\n<div data-wp-interactive=\"core\/file\" class=\"wp-block-file\"><object data-wp-bind--hidden=\"!state.hasPdfPreview\" hidden class=\"wp-block-file__embed\" data=\"https:\/\/site.ac-martinique.fr\/circonscription-marin\/wp-content\/uploads\/sites\/134\/2024\/09\/17_09_24_Pedagogie-de-lecoute-Demande-dintervention-et-suivi.pdf\" type=\"application\/pdf\" style=\"width:100%;height:600px\" aria-label=\"Contenu embarqu\u00e9 17_09_24_P\u00e9dagogie de l&apos;\u00e9coute  Demande d&apos;intervention et suivi.\"><\/object><a id=\"wp-block-file--media-3c2b6d5f-24c7-4aef-9977-defa94ef0e3d\" href=\"https:\/\/site.ac-martinique.fr\/circonscription-marin\/wp-content\/uploads\/sites\/134\/2024\/09\/17_09_24_Pedagogie-de-lecoute-Demande-dintervention-et-suivi.pdf\">17_09_24_P\u00e9dagogie de l&rsquo;\u00e9coute  Demande d&rsquo;intervention et suivi<\/a><a href=\"https:\/\/site.ac-martinique.fr\/circonscription-marin\/wp-content\/uploads\/sites\/134\/2024\/09\/17_09_24_Pedagogie-de-lecoute-Demande-dintervention-et-suivi.pdf\" class=\"wp-block-file__button wp-element-button\" download aria-describedby=\"wp-block-file--media-3c2b6d5f-24c7-4aef-9977-defa94ef0e3d\">T\u00e9l\u00e9charger<\/a><\/div>\n\n\n\n<div data-wp-interactive=\"core\/file\" class=\"wp-block-file\"><object data-wp-bind--hidden=\"!state.hasPdfPreview\" hidden class=\"wp-block-file__embed\" data=\"https:\/\/site.ac-martinique.fr\/circonscription-marin\/wp-content\/uploads\/sites\/134\/2024\/09\/17_09_24_Kamishibai-Demande-dintervention-et-suivi-2.pdf\" type=\"application\/pdf\" style=\"width:100%;height:600px\" aria-label=\"Contenu embarqu\u00e9 17_09_24_Kamishiba\u00ef Demande d&apos;intervention et suivi (2).\"><\/object><a id=\"wp-block-file--media-17da5744-b981-42ad-ae69-f67b5c9b5645\" href=\"https:\/\/site.ac-martinique.fr\/circonscription-marin\/wp-content\/uploads\/sites\/134\/2024\/09\/17_09_24_Kamishibai-Demande-dintervention-et-suivi-2.pdf\">17_09_24_Kamishiba\u00ef Demande d&rsquo;intervention et suivi (2)<\/a><a href=\"https:\/\/site.ac-martinique.fr\/circonscription-marin\/wp-content\/uploads\/sites\/134\/2024\/09\/17_09_24_Kamishibai-Demande-dintervention-et-suivi-2.pdf\" class=\"wp-block-file__button wp-element-button\" download aria-describedby=\"wp-block-file--media-17da5744-b981-42ad-ae69-f67b5c9b5645\">T\u00e9l\u00e9charger<\/a><\/div>\n\n\n\n<div data-wp-interactive=\"core\/file\" class=\"wp-block-file\"><object data-wp-bind--hidden=\"!state.hasPdfPreview\" hidden class=\"wp-block-file__embed\" data=\"https:\/\/site.ac-martinique.fr\/circonscription-marin\/wp-content\/uploads\/sites\/134\/2024\/09\/17_09_24_DCCE-Demande-dintervention-et-suivi.pdf\" type=\"application\/pdf\" style=\"width:100%;height:600px\" aria-label=\"Contenu embarqu\u00e9 17_09_24_DCCE Demande d&apos;intervention et suivi.\"><\/object><a id=\"wp-block-file--media-bc5d4eeb-da3a-4aa9-ae2c-41ab0b1a171b\" href=\"https:\/\/site.ac-martinique.fr\/circonscription-marin\/wp-content\/uploads\/sites\/134\/2024\/09\/17_09_24_DCCE-Demande-dintervention-et-suivi.pdf\">17_09_24_DCCE Demande d&rsquo;intervention et suivi<\/a><a href=\"https:\/\/site.ac-martinique.fr\/circonscription-marin\/wp-content\/uploads\/sites\/134\/2024\/09\/17_09_24_DCCE-Demande-dintervention-et-suivi.pdf\" class=\"wp-block-file__button wp-element-button\" download aria-describedby=\"wp-block-file--media-bc5d4eeb-da3a-4aa9-ae2c-41ab0b1a171b\">T\u00e9l\u00e9charger<\/a><\/div>\n","protected":false},"excerpt":{"rendered":"<p>Voici les 3 fiches disponibles ci-dessous pour les demandes d&rsquo;accompagnement concernant : &#8211; La p\u00e9dagogie d&rsquo;\u00e9coute&#8211; Le Kamishibai&#8211; Le chant \/ la chorale<\/p>\n","protected":false},"author":444,"featured_media":0,"parent":0,"menu_order":0,"comment_status":"closed","ping_status":"closed","template":"","meta":{"inspiro_hide_title":false,"footnotes":""},"class_list":["post-952","page","type-page","status-publish","hentry"],"_links":{"self":[{"href":"https:\/\/site.ac-martinique.fr\/circonscription-marin\/index.php?rest_route=\/wp\/v2\/pages\/952","targetHints":{"allow":["GET"]}}],"collection":[{"href":"https:\/\/site.ac-martinique.fr\/circonscription-marin\/index.php?rest_route=\/wp\/v2\/pages"}],"about":[{"href":"https:\/\/site.ac-martinique.fr\/circonscription-marin\/index.php?rest_route=\/wp\/v2\/types\/page"}],"author":[{"embeddable":true,"href":"https:\/\/site.ac-martinique.fr\/circonscription-marin\/index.php?rest_route=\/wp\/v2\/users\/444"}],"replies":[{"embeddable":true,"href":"https:\/\/site.ac-martinique.fr\/circonscription-marin\/index.php?rest_route=%2Fwp%2Fv2%2Fcomments&post=952"}],"version-history":[{"count":1,"href":"https:\/\/site.ac-martinique.fr\/circonscription-marin\/index.php?rest_route=\/wp\/v2\/pages\/952\/revisions"}],"predecessor-version":[{"id":958,"href":"https:\/\/site.ac-martinique.fr\/circonscription-marin\/index.php?rest_route=\/wp\/v2\/pages\/952\/revisions\/958"}],"wp:attachment":[{"href":"https:\/\/site.ac-martinique.fr\/circonscription-marin\/index.php?rest_route=%2Fwp%2Fv2%2Fmedia&parent=952"}],"curies":[{"name":"wp","href":"https:\/\/api.w.org\/{rel}","templated":true}]}}