{"id":1184,"date":"2024-06-14T08:50:47","date_gmt":"2024-06-14T12:50:47","guid":{"rendered":"https:\/\/site.ac-martinique.fr\/circonscription-rivieresalee\/?page_id=1184"},"modified":"2024-06-14T08:57:59","modified_gmt":"2024-06-14T12:57:59","slug":"comprendre-la-pauvrete-pour-mieux-la-combattre","status":"publish","type":"page","link":"https:\/\/site.ac-martinique.fr\/circonscription-rivieresalee\/comprendre-la-pauvrete-pour-mieux-la-combattre\/","title":{"rendered":"\u00ab Comprendre la pauvret\u00e9 pour mieux la combattre ! \u00bb"},"content":{"rendered":"\n<p><\/p>\n\n\n<figure class=\"wp-block-post-featured-image\"><img loading=\"lazy\" decoding=\"async\" width=\"150\" height=\"60\" src=\"https:\/\/site.ac-martinique.fr\/circonscription-rivieresalee\/wp-content\/uploads\/sites\/137\/2024\/06\/logo-atd-quart-monde-h-qo6ye6yk4mr1plq30g1td8nlggm7m4etenul3mv9i0.png\" class=\"attachment-post-thumbnail size-post-thumbnail wp-post-image\" alt=\"\" style=\"object-fit:cover;\" sizes=\"auto, 100vw\" \/><\/figure>\n\n\n<h4 class=\"wp-block-heading\">TD-Quart Monde vous propose son dossier p\u00e9dagogique \u00ab Comprendre la pauvret\u00e9 pour mieux la combattre ! \u00bb afin de sensibiliser les enfants&nbsp;<strong>de 7 \u00e0 13 ans aux in\u00e9galit\u00e9s sociales et de les inviter \u00e0 agir<\/strong>&nbsp;pour la construction d\u2019une soci\u00e9t\u00e9 plus juste.<\/h4>\n\n\n\n<p>Le dossier p\u00e9dagogique&nbsp;s\u2019adresse \u00e0 tous les animateurs ou enseignants qui veulent lutter avec les enfants de 7 \u00e0 13 ans contre les in\u00e9galit\u00e9s et les injustices. Et ils sont nombreux !<\/p>\n\n\n\n<p>Centr\u00e9 sur les fondamentaux de la lutte contre la pauvret\u00e9, ce dossier p\u00e9dagogique a pour trame deux grandes questions&nbsp;:<\/p>\n\n\n\n<ul class=\"is-style-tw-checkmark wp-block-list\">\n<li><strong>La pauvret\u00e9, c\u2019est quoi&nbsp;<\/strong>?<\/li>\n\n\n\n<li><strong>Comment peut-on, ici et maintenant, \u00e0 notre \u00e9chelle, agir contre elle<\/strong>&nbsp;?<\/li>\n<\/ul>\n\n\n\n<p>\u2026 et se d\u00e9clinent en 9 fiches. &nbsp;Il vise \u00e0 mieux comprendre pauvret\u00e9 et in\u00e9galit\u00e9s, \u00e0 favoriser amiti\u00e9 et citoyennet\u00e9, et \u00e0 combattre rejet et m\u00e9pris entre enfants de toutes origines sociales et culturelles, dans l\u2019esprit de citoyennet\u00e9 et d\u2019amiti\u00e9 de Tapori. Les activit\u00e9s qu\u2019il offre sont de diff\u00e9rentes natures : r\u00e9flexion sur la vie quotidienne et ses difficult\u00e9s, \u00e0 l\u2019\u00e9cole, en famille, et dans les lieux de vie des enfants, connaissance des droits et invitation \u00e0 s\u2019engager pour les d\u00e9fendre; &nbsp;jeux coop\u00e9ratifs ou de de th\u00e9\u00e2tre faisant appel aux \u00e9motions et donnant \u00e0 ressentir et comprendre le monde et les relations humaines ; travaux manuels et cr\u00e9ativit\u00e9 requ\u00e9rant une expression personnelle&nbsp; \u2026. Les diff\u00e9rentes parties du dossier sont ind\u00e9pendantes et peuvent \u00eatre abord\u00e9es dans l\u2019ordre que choisira l\u2019enseignant ou l\u2019animateur.<\/p>\n\n\n\n<p>Le dossier p\u00e9dagogiques est t\u00e9l\u00e9chargeable en cliquant sur le lien ci-dessous : <br><strong><a href=\"https:\/\/www.atd-quartmonde.fr\/download\/461\/outils-jeux-et-ressources-pedagogiques\/90832\/kit-pedagogique-2024-2.pdf\">Dossier p\u00e9dagogique  pauvret\u00e9<\/a><\/strong><\/p>\n","protected":false},"excerpt":{"rendered":"<p>TD-Quart Monde vous propose son dossier p\u00e9dagogique \u00ab Comprendre la pauvret\u00e9 pour mieux la combattre ! \u00bb afin de sensibiliser &hellip; <\/p>\n<p class=\"link-more\"><a href=\"https:\/\/site.ac-martinique.fr\/circonscription-rivieresalee\/comprendre-la-pauvrete-pour-mieux-la-combattre\/\" class=\"more-link\">Lire la suite&#8230;<span class=\"screen-reader-text\"> \u00ab\u00a0\u00ab Comprendre la pauvret\u00e9 pour mieux la combattre ! \u00bb\u00a0\u00bb<\/span><\/a><\/p>\n","protected":false},"author":457,"featured_media":1185,"parent":0,"menu_order":0,"comment_status":"closed","ping_status":"closed","template":"","meta":{"_themeisle_gutenberg_block_has_review":false,"footnotes":""},"class_list":["post-1184","page","type-page","status-publish","has-post-thumbnail","hentry"],"_links":{"self":[{"href":"https:\/\/site.ac-martinique.fr\/circonscription-rivieresalee\/wp-json\/wp\/v2\/pages\/1184","targetHints":{"allow":["GET"]}}],"collection":[{"href":"https:\/\/site.ac-martinique.fr\/circonscription-rivieresalee\/wp-json\/wp\/v2\/pages"}],"about":[{"href":"https:\/\/site.ac-martinique.fr\/circonscription-rivieresalee\/wp-json\/wp\/v2\/types\/page"}],"author":[{"embeddable":true,"href":"https:\/\/site.ac-martinique.fr\/circonscription-rivieresalee\/wp-json\/wp\/v2\/users\/457"}],"replies":[{"embeddable":true,"href":"https:\/\/site.ac-martinique.fr\/circonscription-rivieresalee\/wp-json\/wp\/v2\/comments?post=1184"}],"version-history":[{"count":4,"href":"https:\/\/site.ac-martinique.fr\/circonscription-rivieresalee\/wp-json\/wp\/v2\/pages\/1184\/revisions"}],"predecessor-version":[{"id":1263,"href":"https:\/\/site.ac-martinique.fr\/circonscription-rivieresalee\/wp-json\/wp\/v2\/pages\/1184\/revisions\/1263"}],"wp:featuredmedia":[{"embeddable":true,"href":"https:\/\/site.ac-martinique.fr\/circonscription-rivieresalee\/wp-json\/wp\/v2\/media\/1185"}],"wp:attachment":[{"href":"https:\/\/site.ac-martinique.fr\/circonscription-rivieresalee\/wp-json\/wp\/v2\/media?parent=1184"}],"curies":[{"name":"wp","href":"https:\/\/api.w.org\/{rel}","templated":true}]}}