{"id":24,"date":"2024-01-07T11:40:39","date_gmt":"2024-01-07T15:40:39","guid":{"rendered":"https:\/\/site.ac-martinique.fr\/circonscription-rivieresalee\/?page_id=24"},"modified":"2024-01-19T09:30:53","modified_gmt":"2024-01-19T13:30:53","slug":"nos-ecoles-nos-reseaux","status":"publish","type":"page","link":"https:\/\/site.ac-martinique.fr\/circonscription-rivieresalee\/nos-ecoles-nos-reseaux\/","title":{"rendered":"Nos \u00e9coles"},"content":{"rendered":"\n<p>Retrouvez le listing des \u00e9coles de la circonscription.<\/p>\n\n\n\n<figure class=\"wp-block-table is-style-stripes\"><table><tbody><tr><td class=\"has-text-align-center\" data-align=\"center\"><strong>ECOLE<\/strong><\/td><td class=\"has-text-align-center\" data-align=\"center\"><strong>T\u00c9L\u00c9PHONE<\/strong><\/td><td class=\"has-text-align-center\" data-align=\"center\"><strong>ADRESSE<\/strong><\/td><td class=\"has-text-align-center\" data-align=\"center\"><strong>HORAIRE<\/strong><\/td><td class=\"has-text-align-center\" data-align=\"center\"><strong>SITE<\/strong><\/td><td class=\"has-text-align-center\" data-align=\"center\"><strong>ITIN\u00c9RAIRE<\/strong>                    <\/td><\/tr><tr><td class=\"has-text-align-center\" data-align=\"center\">Solange Aribo<\/td><td class=\"has-text-align-center\" data-align=\"center\">56 18 97<\/td><td class=\"has-text-align-center\" data-align=\"center\">9 rue Jules Ferry<br>97224 \u2013 Ducos<\/td><td class=\"has-text-align-center\" data-align=\"center\">8h00\/11h30<br>13h30\/16h00<\/td><td class=\"has-text-align-center\" data-align=\"center\"><a href=\"https:\/\/www.education.gouv.fr\/annuaire\/97224\/ducos\/ecole\/9720415u\/ecole-maternelle-solange-aribo.html\" data-type=\"link\" data-id=\"https:\/\/www.education.gouv.fr\/annuaire\/97224\/ducos\/ecole\/9720415u\/ecole-maternelle-solange-aribo.html\" target=\"_blank\" rel=\"noreferrer noopener\">Site<\/a> <\/td><td class=\"has-text-align-center\" data-align=\"center\"><a href=\"https:\/\/maps.app.goo.gl\/eGxscVM68uzvv45E6\" data-type=\"link\" data-id=\"https:\/\/maps.app.goo.gl\/eGxscVM68uzvv45E6\" target=\"_blank\" rel=\"noreferrer noopener\">Itin\u00e9raire de l&rsquo;\u00e9cole<\/a><\/td><\/tr><tr><td class=\"has-text-align-center\" data-align=\"center\">L. Marie-Magdeleine<\/td><td class=\"has-text-align-center\" data-align=\"center\">56 13 25<\/td><td class=\"has-text-align-center\" data-align=\"center\">Quartier <br>Morne-Vert<br>97224- Ducos<\/td><td class=\"has-text-align-center\" data-align=\"center\">8h00\/11h30<br>13h30\/16h00<\/td><td class=\"has-text-align-center\" data-align=\"center\"><a href=\"https:\/\/www.education.gouv.fr\/annuaire\/97224\/ducos\/ecole\/9720118w\/ecole-primaire-laurence-marie-magdeleine.html\" target=\"_blank\" rel=\"noreferrer noopener\">Site<\/a><\/td><td class=\"has-text-align-center\" data-align=\"center\"><a href=\"https:\/\/maps.app.goo.gl\/FF6dcyVmfF3BZA4t8\" target=\"_blank\" rel=\"noreferrer noopener\">Itin\u00e9raire de l&rsquo;\u00e9cole<\/a><\/td><\/tr><tr><td class=\"has-text-align-center\" data-align=\"center\">Ren\u00e9 Verdier<\/td><td class=\"has-text-align-center\" data-align=\"center\">56 14 08<\/td><td class=\"has-text-align-center\" data-align=\"center\">Quartier Beauville<br>97224 \u2013 Ducos<\/td><td class=\"has-text-align-center\" data-align=\"center\">8h00\/11h30<br>13h30\/16h00<\/td><td class=\"has-text-align-center\" data-align=\"center\"><a href=\"https:\/\/www.education.gouv.fr\/annuaire\/97224\/ducos\/ecole\/9720462v\/ecole-primaire-rene-verdier.html\" target=\"_blank\" rel=\"noreferrer noopener\">Site<\/a><\/td><td class=\"has-text-align-center\" data-align=\"center\"><a href=\"https:\/\/www.google.fr\/maps?q=14.584073263475913,-60.95354970339576&amp;navigate=yes\" target=\"_blank\" rel=\"noreferrer noopener\">Itin\u00e9raire de l&rsquo;\u00e9cole<\/a><\/td><\/tr><tr><td class=\"has-text-align-center\" data-align=\"center\">Auguste Braillon<\/td><td class=\"has-text-align-center\" data-align=\"center\">56 92 88<\/td><td class=\"has-text-align-center\" data-align=\"center\">Quartier Durivage<br>97224 \u2013 Ducos<\/td><td class=\"has-text-align-center\" data-align=\"center\">8h00\/11h30<br>13h30\/16h00<\/td><td class=\"has-text-align-center\" data-align=\"center\"><a href=\"https:\/\/www.education.gouv.fr\/annuaire\/97224\/ducos\/ecole\/9720117v\/ecole-primaire-auguste-braillon.html\" target=\"_blank\" rel=\"noreferrer noopener\">Site<\/a><\/td><td class=\"has-text-align-center\" data-align=\"center\"><a href=\"https:\/\/www.education.gouv.fr\/annuaire\/97224\/ducos\/ecole\/9720117v\/ecole-primaire-auguste-braillon.html\" target=\"_blank\" rel=\"noreferrer noopener\">Itin\u00e9raire de l&rsquo;\u00e9col<\/a><a href=\"https:\/\/www.education.gouv.fr\/annuaire\/97224\/ducos\/ecole\/9720117v\/ecole-primaire-auguste-braillon.html\">e<\/a><\/td><\/tr><tr><td class=\"has-text-align-center\" data-align=\"center\">L\u00e9on Lin<\/td><td class=\"has-text-align-center\" data-align=\"center\">56 41 46<\/td><td class=\"has-text-align-center\" data-align=\"center\">4 rue Jules Ferry<br>97224 \u2013 Ducos<\/td><td class=\"has-text-align-center\" data-align=\"center\">8h00\/11h30<br>13h30\/16h00<\/td><td class=\"has-text-align-center\" data-align=\"center\"><a href=\"https:\/\/www.education.gouv.fr\/annuaire\/97224\/ducos\/ecole\/9720115t\/ecole-elementaire-leon-lin.html\" target=\"_blank\" rel=\"noreferrer noopener\">Site<\/a><\/td><td class=\"has-text-align-center\" data-align=\"center\"><a href=\"https:\/\/www.google.fr\/maps?q=14.575030230581811,-60.974579313378094&amp;navigate=yes\" target=\"_blank\" rel=\"noreferrer noopener\">Itin\u00e9raire de l&rsquo;\u00e9cole<\/a><\/td><\/tr><tr><td class=\"has-text-align-center\" data-align=\"center\">Yolande Ste Rose<\/td><td class=\"has-text-align-center\" data-align=\"center\">42 74 54<\/td><td class=\"has-text-align-center\" data-align=\"center\">1 rue Zizine et Des Etages- 97224<\/td><td class=\"has-text-align-center\" data-align=\"center\">8h00\/11h30<br>13h30\/16h00<\/td><td class=\"has-text-align-center\" data-align=\"center\"><a href=\"https:\/\/www.education.gouv.fr\/annuaire\/97224\/ducos\/ecole\/9720116u\/ecole-elementaire-yolande-sainte-rose.html\" target=\"_blank\" rel=\"noreferrer noopener\">Site<\/a><\/td><td class=\"has-text-align-center\" data-align=\"center\"><a href=\"https:\/\/www.google.fr\/maps?q=14.5755088628873,-60.97496092608116&amp;navigate=yes\" target=\"_blank\" rel=\"noreferrer noopener\">Itin\u00e9raire de l&rsquo;\u00e9cole<\/a><\/td><\/tr><tr><td class=\"has-text-align-center\" data-align=\"center\">Grand Bourg<\/td><td class=\"has-text-align-center\" data-align=\"center\">68 25 77<\/td><td class=\"has-text-align-center\" data-align=\"center\">Quartier Tr\u00e9nelle<br>97215 \u2013 Rivi\u00e8re-Sal\u00e9e<\/td><td class=\"has-text-align-center\" data-align=\"center\">8h00\/11h30<br>13h00\/15h30<\/td><td class=\"has-text-align-center\" data-align=\"center\"><a href=\"https:\/\/www.education.gouv.fr\/annuaire\/97215\/riviere-salee\/ecole\/9720253t\/ecole-maternelle-grand-bourg.html\" target=\"_blank\" rel=\"noreferrer noopener\">Site<\/a><\/td><td class=\"has-text-align-center\" data-align=\"center\"><a href=\"https:\/\/maps.app.goo.gl\/BuwwoJmfBQ46C38x7\" target=\"_blank\" rel=\"noreferrer noopener\">Itin\u00e9raire de l&rsquo;\u00e9col<\/a><a href=\"https:\/\/maps.app.goo.gl\/BuwwoJmfBQ46C38x7\">e<\/a><\/td><\/tr><tr><td class=\"has-text-align-center\" data-align=\"center\">Lechallier<\/td><td class=\"has-text-align-center\" data-align=\"center\">39 10 19<\/td><td class=\"has-text-align-center\" data-align=\"center\">1 rue St\u00e9phen Rose<br>Petit-Bourg<br>97215 \u2013 Rivi\u00e8re-Sal\u00e9e<\/td><td class=\"has-text-align-center\" data-align=\"center\">8h00\/11h30<br>13h00\/15h30<\/td><td class=\"has-text-align-center\" data-align=\"center\"><a href=\"https:\/\/www.education.gouv.fr\/annuaire\/97215\/riviere-salee\/ecole\/9720256w\/ecole-maternelle-lechallier.html\" target=\"_blank\" rel=\"noreferrer noopener\">Site<\/a><\/td><td class=\"has-text-align-center\" data-align=\"center\">I<a href=\"https:\/\/maps.app.goo.gl\/S3fMvFJo8cNKVKxa9\" target=\"_blank\" rel=\"noreferrer noopener\">tin\u00e9raire de l&rsquo;\u00e9cole<\/a><\/td><\/tr><tr><td class=\"has-text-align-center\" data-align=\"center\">Mixte A_R.S<br>Cycle 3<\/td><td class=\"has-text-align-center\" data-align=\"center\">38 26 15<br>68 02 31<\/td><td class=\"has-text-align-center\" data-align=\"center\">Avenue des \u00e9coles<br>97215 \u2013 Rivi\u00e8re-Sal\u00e9e<\/td><td class=\"has-text-align-center\" data-align=\"center\">8h00\/11h30<br>13h00\/15h30<\/td><td class=\"has-text-align-center\" data-align=\"center\"><a href=\"https:\/\/www.education.gouv.fr\/annuaire\/97215\/riviere-salee\/ecole\/9720251r\/ecole-elementaire-b.html\" target=\"_blank\" rel=\"noreferrer noopener\">Site<\/a><\/td><td class=\"has-text-align-center\" data-align=\"center\"><a href=\"https:\/\/maps.app.goo.gl\/rmgDj1emgVJdXhUg6\" target=\"_blank\" rel=\"noreferrer noopener\">Itin\u00e9raire de l&rsquo;\u00e9cole<\/a><\/td><\/tr><tr><td class=\"has-text-align-center\" data-align=\"center\">Mixte B_RS<br>Cycle 2<\/td><td class=\"has-text-align-center\" data-align=\"center\">68 47 35<br>68 03 92<\/td><td class=\"has-text-align-center\" data-align=\"center\">Avenue des \u00e9coles<br>97215 \u2013 Rivi\u00e8re-Sal\u00e9e<\/td><td class=\"has-text-align-center\" data-align=\"center\">8h00\/11h30<br>13h00\/15h30<\/td><td class=\"has-text-align-center\" data-align=\"center\"><a href=\"https:\/\/www.education.gouv.fr\/annuaire\/97215\/riviere-salee\/ecole\/9720251r\/ecole-elementaire-b.html\" target=\"_blank\" rel=\"noreferrer noopener\">Site<\/a><\/td><td class=\"has-text-align-center\" data-align=\"center\"><a href=\"https:\/\/maps.app.goo.gl\/rmgDj1emgVJdXhUg6\">Iti<\/a><a href=\"https:\/\/maps.app.goo.gl\/rmgDj1emgVJdXhUg6\" target=\"_blank\" rel=\"noreferrer noopener\">n\u00e9raire de l&rsquo;\u00e9cole<\/a><\/td><\/tr><tr><td class=\"has-text-align-center\" data-align=\"center\">Desmarini\u00e8res<\/td><td class=\"has-text-align-center\" data-align=\"center\">63 72 09<\/td><td class=\"has-text-align-center\" data-align=\"center\">Desmarini\u00e8res<br>97215 \u2013 Rivi\u00e8re-Sal\u00e9e<\/td><td class=\"has-text-align-center\" data-align=\"center\">8h00\/11h30<br>13h00\/15h30<\/td><td class=\"has-text-align-center\" data-align=\"center\"><a href=\"https:\/\/www.education.gouv.fr\/annuaire\/97215\/riviere-salee\/ecole\/9720257x\/ecole-primaire-desmarinieres.html\" target=\"_blank\" rel=\"noreferrer noopener\">Site<\/a><\/td><td class=\"has-text-align-center\" data-align=\"center\"><a href=\"https:\/\/www.education.gouv.fr\/annuaire\/97215\/riviere-salee\/ecole\/9720257x\/ecole-primaire-desmarinieres.html\" target=\"_blank\" rel=\"noreferrer noopener\">Itin\u00e9raire de l&rsquo;\u00e9cole<\/a><\/td><\/tr><tr><td class=\"has-text-align-center\" data-align=\"center\">Fonds Masson<\/td><td class=\"has-text-align-center\" data-align=\"center\">56 90 44<\/td><td class=\"has-text-align-center\" data-align=\"center\">Fond-Masson<br>97215 \u2013 Rivi\u00e8re-Sal\u00e9e<\/td><td class=\"has-text-align-center\" data-align=\"center\">8h00\/11h30<br>13h00\/15h30<\/td><td class=\"has-text-align-center\" data-align=\"center\"><a href=\"https:\/\/www.education.gouv.fr\/annuaire\/97215\/riviere-salee\/ecole\/9720258y\/ecole-primaire-fond-masson.html\">S<\/a><a href=\"https:\/\/www.education.gouv.fr\/annuaire\/97215\/riviere-salee\/ecole\/9720258y\/ecole-primaire-fond-masson.html\" target=\"_blank\" rel=\"noreferrer noopener\">ite<\/a><\/td><td class=\"has-text-align-center\" data-align=\"center\"><a href=\"https:\/\/www.google.fr\/maps?q=14.538386104742841,-60.93456026367073&amp;navigate=yes\" target=\"_blank\" rel=\"noreferrer noopener\">Itin\u00e9raire de l&rsquo;\u00e9cole<\/a><\/td><\/tr><tr><td class=\"has-text-align-center\" data-align=\"center\">Thoraille<\/td><td class=\"has-text-align-center\" data-align=\"center\">68 27 24<\/td><td class=\"has-text-align-center\" data-align=\"center\">Thoraille<br>97215 \u2013 Rivi\u00e8re-Sal\u00e9e<\/td><td class=\"has-text-align-center\" data-align=\"center\">8h00\/11h30<br>13h00\/15h30<\/td><td class=\"has-text-align-center\" data-align=\"center\"><a href=\"https:\/\/www.education.gouv.fr\/annuaire\/97215\/riviere-salee\/ecole\/9720830v\/ecole-primaire-thoraille.html\" target=\"_blank\" rel=\"noreferrer noopener\">Site<\/a><\/td><td class=\"has-text-align-center\" data-align=\"center\"><a href=\"https:\/\/www.education.gouv.fr\/annuaire\/97215\/riviere-salee\/ecole\/9720830v\/ecole-primaire-thoraille.html\" target=\"_blank\" rel=\"noreferrer noopener\">Itin\u00e9raire de l&rsquo;\u00e9co<\/a><a href=\"https:\/\/www.education.gouv.fr\/annuaire\/97215\/riviere-salee\/ecole\/9720830v\/ecole-primaire-thoraille.html\">le<\/a><\/td><\/tr><tr><td class=\"has-text-align-center\" data-align=\"center\">Petit Bourg<\/td><td class=\"has-text-align-center\" data-align=\"center\">56 91 77<\/td><td class=\"has-text-align-center\" data-align=\"center\">5 rue St\u00e9phen Rose<br>97215 \u2013 Rivi\u00e8re-Sal\u00e9e<\/td><td class=\"has-text-align-center\" data-align=\"center\">8h00\/11h30<br>13h00\/15h30<\/td><td class=\"has-text-align-center\" data-align=\"center\"><a href=\"https:\/\/www.education.gouv.fr\/annuaire\/97215\/riviere-salee\/ecole\/9720437t\/ecole-elementaire-petit-bourg.html\" target=\"_blank\" rel=\"noreferrer noopener\">Site<\/a><\/td><td class=\"has-text-align-center\" data-align=\"center\"><a href=\"https:\/\/maps.app.goo.gl\/NngiAP7yyiGnT9p96\" target=\"_blank\" rel=\"noreferrer noopener\">Itin\u00e9raire de l&rsquo;\u00e9cole<\/a><\/td><\/tr><tr><td class=\"has-text-align-center\" data-align=\"center\">O&rsquo;Mullane<\/td><td class=\"has-text-align-center\" data-align=\"center\">76 40 45<\/td><td class=\"has-text-align-center\" data-align=\"center\">Quartier O\u2019Mullane<br>97223 \u2013 Le Diamant<\/td><td class=\"has-text-align-center\" data-align=\"center\">8h30\/12h00<br>13h30\/16h00<\/td><td class=\"has-text-align-center\" data-align=\"center\"><a href=\"https:\/\/www.education.gouv.fr\/annuaire\/97223\/le-diamant\/ecole\/9720724e\/ecole-maternelle-o-mullane.html\" target=\"_blank\" rel=\"noreferrer noopener\">Site<\/a><\/td><td class=\"has-text-align-center\" data-align=\"center\"><a href=\"https:\/\/www.google.fr\/maps\/place\/14%C2%B028'45.8%22N+61%C2%B000'10.0%22W\/@14.4793774,-61.0053452,17z\/data=!3m1!4b1!4m4!3m3!8m2!3d14.4793774!4d-61.0027703?entry=ttu\" target=\"_blank\" rel=\"noreferrer noopener\">Itin\u00e9raire de l&rsquo;\u00e9cole<\/a><\/td><\/tr><tr><td class=\"has-text-align-center\" data-align=\"center\">Diamant Bourg<\/td><td class=\"has-text-align-center\" data-align=\"center\">76 40 26<\/td><td class=\"has-text-align-center\" data-align=\"center\">77, rue Justin Roc<br>97223 \u2013 Le Diamant<\/td><td class=\"has-text-align-center\" data-align=\"center\">8h00\/11h30<br>13h15\/15h45<\/td><td class=\"has-text-align-center\" data-align=\"center\"><a href=\"https:\/\/www.education.gouv.fr\/annuaire\/97223\/le-diamant\/ecole\/9720112p\/ecole-elementaire-le-diamant-bourg.html\" target=\"_blank\" rel=\"noreferrer noopener\">Site<\/a><\/td><td class=\"has-text-align-center\" data-align=\"center\"><a href=\"https:\/\/maps.app.goo.gl\/HVHamNgMHRtjvTop8\" target=\"_blank\" rel=\"noreferrer noopener\">Itin\u00e9raire de l&rsquo;\u00e9col<\/a><a href=\"https:\/\/maps.app.goo.gl\/HVHamNgMHRtjvTop8\">e<\/a><\/td><\/tr><tr><td class=\"has-text-align-center\" data-align=\"center\">Dizac Carri\u00e8re<\/td><td class=\"has-text-align-center\" data-align=\"center\">79 16 08<br>52 01 79<\/td><td class=\"has-text-align-center\" data-align=\"center\">Quartier Carri\u00e8re<br>97223 \u2013 Le Diamant<\/td><td class=\"has-text-align-center\" data-align=\"center\">8h00\/11h30<br>13h00\/15h30<\/td><td class=\"has-text-align-center\" data-align=\"center\"><a href=\"https:\/\/www.education.gouv.fr\/annuaire\/97223\/le-diamant\/ecole\/9720875u\/ecole-elementaire-publique-dizac.html\" target=\"_blank\" rel=\"noreferrer noopener\">Site<\/a><\/td><td class=\"has-text-align-center\" data-align=\"center\"><a href=\"https:\/\/maps.app.goo.gl\/CBW3hLLRtqQsHjFq5\" target=\"_blank\" rel=\"noreferrer noopener\">Itin\u00e9raire de l&rsquo;\u00e9cole<\/a><\/td><\/tr><tr><td class=\"has-text-align-center\" data-align=\"center\">Gallochat<\/td><td class=\"has-text-align-center\" data-align=\"center\">68 62 75<\/td><td class=\"has-text-align-center\" data-align=\"center\">Quartier Gallochat<br>97217 \u2013 Les Anses d\u2019Arlet<\/td><td class=\"has-text-align-center\" data-align=\"center\">8h00\/11h30<br>13h15\/15h45<\/td><td class=\"has-text-align-center\" data-align=\"center\"><a href=\"https:\/\/www.education.gouv.fr\/annuaire\/97217\/les-anses-d-arlet\/ecole\/9720097y\/ecole-maternelle.html\" target=\"_blank\" rel=\"noreferrer noopener\">Site<\/a><\/td><td class=\"has-text-align-center\" data-align=\"center\"><a href=\"https:\/\/maps.app.goo.gl\/eW6TtjiXZEWWP1UP8\" target=\"_blank\" rel=\"noreferrer noopener\">Itin\u00e9raire de l&rsquo;\u00e9cole<\/a><\/td><\/tr><tr><td class=\"has-text-align-center\" data-align=\"center\">Petite Anse<\/td><td class=\"has-text-align-center\" data-align=\"center\">68 66 43<\/td><td class=\"has-text-align-center\" data-align=\"center\">Petite-Anse<br>97217 \u2013 Les Anses d\u2019Arlet<\/td><td class=\"has-text-align-center\" data-align=\"center\">8h00\/11h30<br>13h30\/16h00<\/td><td class=\"has-text-align-center\" data-align=\"center\"><a href=\"https:\/\/www.education.gouv.fr\/annuaire\/97217\/les-anses-d-arlet\/ecole\/9720099a\/ecole-primaire-petite-anse.html\" target=\"_blank\" rel=\"noreferrer noopener\">Site<\/a><\/td><td class=\"has-text-align-center\" data-align=\"center\"><a href=\"https:\/\/maps.app.goo.gl\/S9pqGZ2Dak3G8qHh8\" target=\"_blank\" rel=\"noreferrer noopener\">Itin\u00e9raire de l&rsquo;\u00e9cole<\/a><\/td><\/tr><tr><td class=\"has-text-align-center\" data-align=\"center\">Jacques Luc\u00e9a<\/td><td class=\"has-text-align-center\" data-align=\"center\">68 62 32<\/td><td class=\"has-text-align-center\" data-align=\"center\">Bourg &#8211;<br>97217 \u2013 Les Anses d\u2019Arlet<\/td><td class=\"has-text-align-center\" data-align=\"center\">8h00\/11h30<br>13h30\/16h00<\/td><td class=\"has-text-align-center\" data-align=\"center\">Site<\/td><td class=\"has-text-align-center\" data-align=\"center\"><a href=\"https:\/\/maps.app.goo.gl\/YBSdmae7gH5AFkqv8\" target=\"_blank\" rel=\"noreferrer noopener\">Itin\u00e9raire de l&rsquo;\u00e9cole<\/a><\/td><\/tr><tr><td class=\"has-text-align-center\" data-align=\"center\">Ilet Th\u00e9bloux<\/td><td class=\"has-text-align-center\" data-align=\"center\">68 31 48<\/td><td class=\"has-text-align-center\" data-align=\"center\">Anse Mitan<br>97229 Les Trois-Ilets<\/td><td class=\"has-text-align-center\" data-align=\"center\">8h00\/11h30<br>13h15\/15h45<\/td><td class=\"has-text-align-center\" data-align=\"center\"><a href=\"https:\/\/www.education.gouv.fr\/annuaire\/97229\/les-trois-ilets\/ecole\/9720337j\/ecole-maternelle-ilet-thebloux.html\" target=\"_blank\" rel=\"noreferrer noopener\">Site<\/a><\/td><td class=\"has-text-align-center\" data-align=\"center\"><a href=\"https:\/\/maps.app.goo.gl\/WjmkaiX2r4KU6ZxX6\">Itin\u00e9raire de <\/a><a href=\"https:\/\/maps.app.goo.gl\/WjmkaiX2r4KU6ZxX6\" target=\"_blank\" rel=\"noreferrer noopener\">l&rsquo;\u00e9co<\/a><a href=\"https:\/\/maps.app.goo.gl\/WjmkaiX2r4KU6ZxX6\">le<\/a><\/td><\/tr><tr><td class=\"has-text-align-center\" data-align=\"center\">Ilet Charles<br>Cycle 3<\/td><td class=\"has-text-align-center\" data-align=\"center\">68 31 24<\/td><td class=\"has-text-align-center\" data-align=\"center\">65 avenue Imp. Jos\u00e9phine<br>97229 Les Trois-Ilets<\/td><td class=\"has-text-align-center\" data-align=\"center\">8h00\/11h30<br>13h30\/16h00<\/td><td class=\"has-text-align-center\" data-align=\"center\"><a href=\"https:\/\/www.education.gouv.fr\/annuaire\/97229\/les-trois-ilets\/ecole\/9720336h\/ecole-elementaire-ilet-charles.html\">S<\/a><a href=\"https:\/\/www.education.gouv.fr\/annuaire\/97229\/les-trois-ilets\/ecole\/9720336h\/ecole-elementaire-ilet-charles.html\" target=\"_blank\" rel=\"noreferrer noopener\">ite<\/a><\/td><td class=\"has-text-align-center\" data-align=\"center\"><a href=\"https:\/\/maps.app.goo.gl\/yx2z7FuNHXW3aNxh8\" target=\"_blank\" rel=\"noreferrer noopener\">Itin\u00e9raire de l&rsquo;\u00e9cole<\/a><\/td><\/tr><tr><td class=\"has-text-align-center\" data-align=\"center\">Ilet Sixtain<br>Cycle 2<\/td><td class=\"has-text-align-center\" data-align=\"center\">68 31 20<\/td><td class=\"has-text-align-center\" data-align=\"center\">1, rue de la Haute taille<br>97229 \u2013 Les Trois-Ilets<\/td><td class=\"has-text-align-center\" data-align=\"center\">8h00\/11h30<br>13h30\/16h00<\/td><td class=\"has-text-align-center\" data-align=\"center\"><a href=\"https:\/\/www.education.gouv.fr\/annuaire\/97229\/les-trois-ilets\/ecole\/9720335g\/ecole-elementaire-ilet-sixtain.html\" target=\"_blank\" rel=\"noreferrer noopener\">Site<\/a><\/td><td class=\"has-text-align-center\" data-align=\"center\"><a href=\"https:\/\/maps.app.goo.gl\/HizfKgwM9kqcaFKL9\" target=\"_blank\" rel=\"noreferrer noopener\">Itin\u00e9raire de l&rsquo;\u00e9co<\/a><a href=\"https:\/\/maps.app.goo.gl\/HizfKgwM9kqcaFKL9\">le<\/a><\/td><\/tr><\/tbody><\/table><figcaption class=\"wp-element-caption\">Listing des \u00e9coles de la circonscription de Rivi\u00e8re-Sal\u00e9e<\/figcaption><\/figure>\n","protected":false},"excerpt":{"rendered":"<p>Retrouvez le listing des \u00e9coles de la circonscription. ECOLE T\u00c9L\u00c9PHONE ADRESSE HORAIRE SITE ITIN\u00c9RAIRE Solange Aribo 56 18 97 9 &hellip; <\/p>\n<p class=\"link-more\"><a href=\"https:\/\/site.ac-martinique.fr\/circonscription-rivieresalee\/nos-ecoles-nos-reseaux\/\" class=\"more-link\">Lire la suite&#8230;<span class=\"screen-reader-text\"> \u00ab\u00a0Nos \u00e9coles\u00a0\u00bb<\/span><\/a><\/p>\n","protected":false},"author":465,"featured_media":0,"parent":0,"menu_order":0,"comment_status":"closed","ping_status":"closed","template":"","meta":{"_themeisle_gutenberg_block_has_review":false,"footnotes":""},"class_list":["post-24","page","type-page","status-publish","hentry"],"_links":{"self":[{"href":"https:\/\/site.ac-martinique.fr\/circonscription-rivieresalee\/wp-json\/wp\/v2\/pages\/24","targetHints":{"allow":["GET"]}}],"collection":[{"href":"https:\/\/site.ac-martinique.fr\/circonscription-rivieresalee\/wp-json\/wp\/v2\/pages"}],"about":[{"href":"https:\/\/site.ac-martinique.fr\/circonscription-rivieresalee\/wp-json\/wp\/v2\/types\/page"}],"author":[{"embeddable":true,"href":"https:\/\/site.ac-martinique.fr\/circonscription-rivieresalee\/wp-json\/wp\/v2\/users\/465"}],"replies":[{"embeddable":true,"href":"https:\/\/site.ac-martinique.fr\/circonscription-rivieresalee\/wp-json\/wp\/v2\/comments?post=24"}],"version-history":[{"count":52,"href":"https:\/\/site.ac-martinique.fr\/circonscription-rivieresalee\/wp-json\/wp\/v2\/pages\/24\/revisions"}],"predecessor-version":[{"id":367,"href":"https:\/\/site.ac-martinique.fr\/circonscription-rivieresalee\/wp-json\/wp\/v2\/pages\/24\/revisions\/367"}],"wp:attachment":[{"href":"https:\/\/site.ac-martinique.fr\/circonscription-rivieresalee\/wp-json\/wp\/v2\/media?parent=24"}],"curies":[{"name":"wp","href":"https:\/\/api.w.org\/{rel}","templated":true}]}}