{"id":378,"date":"2024-01-18T08:23:26","date_gmt":"2024-01-18T12:23:26","guid":{"rendered":"https:\/\/site.ac-martinique.fr\/circonscription-rivieresalee\/?page_id=378"},"modified":"2024-01-19T12:34:29","modified_gmt":"2024-01-19T16:34:29","slug":"lsu","status":"publish","type":"page","link":"https:\/\/site.ac-martinique.fr\/circonscription-rivieresalee\/lsu\/","title":{"rendered":"LSU"},"content":{"rendered":"\n<h2 class=\"wp-block-heading\"><mark style=\"background-color:rgba(0, 0, 0, 0)\" class=\"has-inline-color has-vivid-green-cyan-color\">Comment consulter le <strong>Livret Scolaire Unique<\/strong> (LSU) de mon(mes) enfant(s) ?<\/mark><\/h2>\n\n\n\n<figure class=\"wp-block-embed is-type-wp-embed is-provider-peertube wp-block-embed-peertube\"><div class=\"wp-block-embed__wrapper\">\n<iframe loading=\"lazy\" class=\"wp-embedded-content\" sandbox=\"allow-scripts\" security=\"restricted\" title=\"Educonnect\" width=\"500\" height=\"315\" src=\"https:\/\/tube-numerique-educatif.apps.education.fr\/videos\/embed\/c562c306-3724-4569-a3e0-43a0bd4324fa#?secret=ffzuGEqKdA\" data-secret=\"ffzuGEqKdA\" frameborder=\"0\"><\/iframe>\n<\/div><\/figure>\n\n\n\n<p><em>1. Aller sur\u00a0<\/em><a href=\"https:\/\/educonnect.education.gouv.fr\/\" target=\"_blank\" rel=\"noreferrer noopener\">https:\/\/educonnect.education.gouv.fr\/<\/a><br><em>2. Entrer son identifiant et son mot de passe;<\/em><br><em>3. Une fois connect\u00e9, cliquer sur \u201cMes services\u201d<\/em><br><em>4. Les diff\u00e9rents livrets apparaissent (des deux ann\u00e9es ant\u00e9rieures et de l\u2019ann\u00e9e en cours).<\/em><\/p>\n","protected":false},"excerpt":{"rendered":"<p>Comment consulter le Livret Scolaire Unique (LSU) de mon(mes) enfant(s) ? 1. Aller sur\u00a0https:\/\/educonnect.education.gouv.fr\/2. Entrer son identifiant et son mot &hellip; <\/p>\n<p class=\"link-more\"><a href=\"https:\/\/site.ac-martinique.fr\/circonscription-rivieresalee\/lsu\/\" class=\"more-link\">Lire la suite&#8230;<span class=\"screen-reader-text\"> \u00ab\u00a0LSU\u00a0\u00bb<\/span><\/a><\/p>\n","protected":false},"author":465,"featured_media":0,"parent":0,"menu_order":0,"comment_status":"closed","ping_status":"closed","template":"","meta":{"_themeisle_gutenberg_block_has_review":false,"footnotes":""},"class_list":["post-378","page","type-page","status-publish","hentry"],"_links":{"self":[{"href":"https:\/\/site.ac-martinique.fr\/circonscription-rivieresalee\/wp-json\/wp\/v2\/pages\/378","targetHints":{"allow":["GET"]}}],"collection":[{"href":"https:\/\/site.ac-martinique.fr\/circonscription-rivieresalee\/wp-json\/wp\/v2\/pages"}],"about":[{"href":"https:\/\/site.ac-martinique.fr\/circonscription-rivieresalee\/wp-json\/wp\/v2\/types\/page"}],"author":[{"embeddable":true,"href":"https:\/\/site.ac-martinique.fr\/circonscription-rivieresalee\/wp-json\/wp\/v2\/users\/465"}],"replies":[{"embeddable":true,"href":"https:\/\/site.ac-martinique.fr\/circonscription-rivieresalee\/wp-json\/wp\/v2\/comments?post=378"}],"version-history":[{"count":3,"href":"https:\/\/site.ac-martinique.fr\/circonscription-rivieresalee\/wp-json\/wp\/v2\/pages\/378\/revisions"}],"predecessor-version":[{"id":710,"href":"https:\/\/site.ac-martinique.fr\/circonscription-rivieresalee\/wp-json\/wp\/v2\/pages\/378\/revisions\/710"}],"wp:attachment":[{"href":"https:\/\/site.ac-martinique.fr\/circonscription-rivieresalee\/wp-json\/wp\/v2\/media?parent=378"}],"curies":[{"name":"wp","href":"https:\/\/api.w.org\/{rel}","templated":true}]}}