{"id":44,"date":"2024-01-08T09:08:40","date_gmt":"2024-01-08T13:08:40","guid":{"rendered":"https:\/\/site.ac-martinique.fr\/circonscription-rivieresalee\/?page_id=44"},"modified":"2024-01-19T09:28:25","modified_gmt":"2024-01-19T13:28:25","slug":"education-physique-et-sportive","status":"publish","type":"page","link":"https:\/\/site.ac-martinique.fr\/circonscription-rivieresalee\/education-physique-et-sportive\/","title":{"rendered":"\u00c9ducation Physique et Sportive"},"content":{"rendered":"\n<figure class=\"wp-block-image size-large\"><img loading=\"lazy\" decoding=\"async\" width=\"1024\" height=\"452\" src=\"https:\/\/site.ac-martinique.fr\/circonscription-rivieresalee\/wp-content\/uploads\/sites\/137\/2024\/01\/Ressources-sport-1024x452.png\" alt=\"\" class=\"wp-image-354\" srcset=\"https:\/\/site.ac-martinique.fr\/circonscription-rivieresalee\/wp-content\/uploads\/sites\/137\/2024\/01\/Ressources-sport-1024x452.png 1024w, https:\/\/site.ac-martinique.fr\/circonscription-rivieresalee\/wp-content\/uploads\/sites\/137\/2024\/01\/Ressources-sport-300x133.png 300w, https:\/\/site.ac-martinique.fr\/circonscription-rivieresalee\/wp-content\/uploads\/sites\/137\/2024\/01\/Ressources-sport-768x339.png 768w, https:\/\/site.ac-martinique.fr\/circonscription-rivieresalee\/wp-content\/uploads\/sites\/137\/2024\/01\/Ressources-sport.png 1200w\" sizes=\"auto, (max-width: 767px) 89vw, (max-width: 1000px) 54vw, (max-width: 1071px) 543px, 580px\" \/><\/figure>\n\n\n\n<p><\/p>\n\n\n\n<p><\/p>\n\n\n\n<h2 class=\"wp-block-heading\"><mark style=\"background-color:rgba(0, 0, 0, 0)\" class=\"has-inline-color has-vivid-green-cyan-color\">Activit\u00e9 Physique Quotidienne<\/mark><\/h2>\n\n\n\n<p>Retrouvez quelques \u00e9l\u00e9ments de cadrage et des ressources p\u00e9dagogiques concernant la mise en place du <strong>dispositif Activit\u00e9 Physique Quotidienne<\/strong> :<\/p>\n\n\n\n<ul class=\"wp-block-list\">\n<li>Diapo de pr\u00e9sentation du dispositif\u00a0 APQ: Objectifs -Enjeux\u00a0 &#8211; Modalit\u00e9s de mise en \u0153uvre ;<\/li>\n\n\n\n<li>Pr\u00e9sentation du KIT : Mat\u00e9riel sportif\u00a0;<\/li>\n\n\n\n<li>Fiches d&rsquo;activit\u00e9 \u00e0 mettre en place avec le mat\u00e9riel disponible dans le KIT ;<\/li>\n\n\n\n<li>Jeux pour le C1 et pour les C2 et C3.<\/li>\n<\/ul>\n\n\n\n<div data-wp-interactive=\"core\/file\" class=\"wp-block-file\"><object data-wp-bind--hidden=\"!state.hasPdfPreview\" hidden class=\"wp-block-file__embed\" data=\"https:\/\/site.ac-martinique.fr\/circonscription-rivieresalee\/wp-content\/uploads\/sites\/137\/2024\/01\/DIAPO-APQ-Objectif-et-Mise-en-oeuvre-Janv-2024.pdf\" type=\"application\/pdf\" style=\"width:100%;height:600px\" aria-label=\"Contenu embarqu\u00e9 DIAPO-APQ-Objectif-et-Mise-en-oeuvre-Janv-2024.\"><\/object><a id=\"wp-block-file--media-cb76803e-1678-41c4-8c0e-28d2cb1ab8c9\" href=\"https:\/\/site.ac-martinique.fr\/circonscription-rivieresalee\/wp-content\/uploads\/sites\/137\/2024\/01\/DIAPO-APQ-Objectif-et-Mise-en-oeuvre-Janv-2024.pdf\">DIAPO-APQ-Objectif-et-Mise-en-oeuvre-Janv-2024<\/a><a href=\"https:\/\/site.ac-martinique.fr\/circonscription-rivieresalee\/wp-content\/uploads\/sites\/137\/2024\/01\/DIAPO-APQ-Objectif-et-Mise-en-oeuvre-Janv-2024.pdf\" class=\"wp-block-file__button wp-element-button\" download aria-describedby=\"wp-block-file--media-cb76803e-1678-41c4-8c0e-28d2cb1ab8c9\">T\u00e9l\u00e9charger<\/a><\/div>\n\n\n\n<p><\/p>\n\n\n\n<div data-wp-interactive=\"core\/file\" class=\"wp-block-file\"><object data-wp-bind--hidden=\"!state.hasPdfPreview\" hidden class=\"wp-block-file__embed\" data=\"https:\/\/site.ac-martinique.fr\/circonscription-rivieresalee\/wp-content\/uploads\/sites\/137\/2024\/01\/Fiche-30-min-APQ-dossier-complet-fiches-formatA4-1.pdf\" type=\"application\/pdf\" style=\"width:100%;height:600px\" aria-label=\"Contenu embarqu\u00e9 Fiche-30-min-APQ-dossier-complet-fiches-formatA4-1.\"><\/object><a id=\"wp-block-file--media-7bea91c5-9d83-4990-b3fd-8a1f42d83314\" href=\"https:\/\/site.ac-martinique.fr\/circonscription-rivieresalee\/wp-content\/uploads\/sites\/137\/2024\/01\/Fiche-30-min-APQ-dossier-complet-fiches-formatA4-1.pdf\">Fiche-30-min-APQ-dossier-complet-fiches-formatA4-1<\/a><a href=\"https:\/\/site.ac-martinique.fr\/circonscription-rivieresalee\/wp-content\/uploads\/sites\/137\/2024\/01\/Fiche-30-min-APQ-dossier-complet-fiches-formatA4-1.pdf\" class=\"wp-block-file__button wp-element-button\" download aria-describedby=\"wp-block-file--media-7bea91c5-9d83-4990-b3fd-8a1f42d83314\">T\u00e9l\u00e9charger<\/a><\/div>\n\n\n\n<div data-wp-interactive=\"core\/file\" class=\"wp-block-file\"><object data-wp-bind--hidden=\"!state.hasPdfPreview\" hidden class=\"wp-block-file__embed\" data=\"https:\/\/site.ac-martinique.fr\/circonscription-rivieresalee\/wp-content\/uploads\/sites\/137\/2024\/01\/Dossier_FFT_CYCLE1_S4-APQ-17-JANVIER-2024.pdf\" type=\"application\/pdf\" style=\"width:100%;height:600px\" aria-label=\"Contenu embarqu\u00e9 Dossier_FFT_CYCLE1_S4-APQ-17-JANVIER-2024.\"><\/object><a id=\"wp-block-file--media-b0bbb0e1-33fb-4c20-8916-7e6f4b373c10\" href=\"https:\/\/site.ac-martinique.fr\/circonscription-rivieresalee\/wp-content\/uploads\/sites\/137\/2024\/01\/Dossier_FFT_CYCLE1_S4-APQ-17-JANVIER-2024.pdf\">Dossier_FFT_CYCLE1_S4-APQ-17-JANVIER-2024<\/a><a href=\"https:\/\/site.ac-martinique.fr\/circonscription-rivieresalee\/wp-content\/uploads\/sites\/137\/2024\/01\/Dossier_FFT_CYCLE1_S4-APQ-17-JANVIER-2024.pdf\" class=\"wp-block-file__button wp-element-button\" download aria-describedby=\"wp-block-file--media-b0bbb0e1-33fb-4c20-8916-7e6f4b373c10\">T\u00e9l\u00e9charger<\/a><\/div>\n\n\n\n<div data-wp-interactive=\"core\/file\" class=\"wp-block-file\"><object data-wp-bind--hidden=\"!state.hasPdfPreview\" hidden class=\"wp-block-file__embed\" data=\"https:\/\/site.ac-martinique.fr\/circonscription-rivieresalee\/wp-content\/uploads\/sites\/137\/2024\/01\/Dossier_FFT_CYCLE2-3_S4-POUR-APQ-17-JANVIER-2024.pdf\" type=\"application\/pdf\" style=\"width:100%;height:600px\" aria-label=\"Contenu embarqu\u00e9 Dossier_FFT_CYCLE2-3_S4-POUR-APQ-17-JANVIER-2024.\"><\/object><a id=\"wp-block-file--media-5717d4b5-67e8-4251-bd49-fff81a2436b2\" href=\"https:\/\/site.ac-martinique.fr\/circonscription-rivieresalee\/wp-content\/uploads\/sites\/137\/2024\/01\/Dossier_FFT_CYCLE2-3_S4-POUR-APQ-17-JANVIER-2024.pdf\">Dossier_FFT_CYCLE2-3_S4-POUR-APQ-17-JANVIER-2024<\/a><a href=\"https:\/\/site.ac-martinique.fr\/circonscription-rivieresalee\/wp-content\/uploads\/sites\/137\/2024\/01\/Dossier_FFT_CYCLE2-3_S4-POUR-APQ-17-JANVIER-2024.pdf\" class=\"wp-block-file__button wp-element-button\" download aria-describedby=\"wp-block-file--media-5717d4b5-67e8-4251-bd49-fff81a2436b2\">T\u00e9l\u00e9charger<\/a><\/div>\n","protected":false},"excerpt":{"rendered":"<p>Activit\u00e9 Physique Quotidienne Retrouvez quelques \u00e9l\u00e9ments de cadrage et des ressources p\u00e9dagogiques concernant la mise en place du dispositif Activit\u00e9 &hellip; <\/p>\n<p class=\"link-more\"><a href=\"https:\/\/site.ac-martinique.fr\/circonscription-rivieresalee\/education-physique-et-sportive\/\" class=\"more-link\">Lire la suite&#8230;<span class=\"screen-reader-text\"> \u00ab\u00a0\u00c9ducation Physique et Sportive\u00a0\u00bb<\/span><\/a><\/p>\n","protected":false},"author":465,"featured_media":0,"parent":0,"menu_order":0,"comment_status":"closed","ping_status":"closed","template":"","meta":{"_themeisle_gutenberg_block_has_review":false,"footnotes":""},"class_list":["post-44","page","type-page","status-publish","hentry"],"_links":{"self":[{"href":"https:\/\/site.ac-martinique.fr\/circonscription-rivieresalee\/wp-json\/wp\/v2\/pages\/44","targetHints":{"allow":["GET"]}}],"collection":[{"href":"https:\/\/site.ac-martinique.fr\/circonscription-rivieresalee\/wp-json\/wp\/v2\/pages"}],"about":[{"href":"https:\/\/site.ac-martinique.fr\/circonscription-rivieresalee\/wp-json\/wp\/v2\/types\/page"}],"author":[{"embeddable":true,"href":"https:\/\/site.ac-martinique.fr\/circonscription-rivieresalee\/wp-json\/wp\/v2\/users\/465"}],"replies":[{"embeddable":true,"href":"https:\/\/site.ac-martinique.fr\/circonscription-rivieresalee\/wp-json\/wp\/v2\/comments?post=44"}],"version-history":[{"count":9,"href":"https:\/\/site.ac-martinique.fr\/circonscription-rivieresalee\/wp-json\/wp\/v2\/pages\/44\/revisions"}],"predecessor-version":[{"id":621,"href":"https:\/\/site.ac-martinique.fr\/circonscription-rivieresalee\/wp-json\/wp\/v2\/pages\/44\/revisions\/621"}],"wp:attachment":[{"href":"https:\/\/site.ac-martinique.fr\/circonscription-rivieresalee\/wp-json\/wp\/v2\/media?parent=44"}],"curies":[{"name":"wp","href":"https:\/\/api.w.org\/{rel}","templated":true}]}}