{"id":540,"date":"2024-01-18T14:07:12","date_gmt":"2024-01-18T18:07:12","guid":{"rendered":"https:\/\/site.ac-martinique.fr\/circonscription-rivieresalee\/?page_id=540"},"modified":"2024-03-06T20:51:27","modified_gmt":"2024-03-07T00:51:27","slug":"presentation","status":"publish","type":"page","link":"https:\/\/site.ac-martinique.fr\/circonscription-rivieresalee\/presentation\/","title":{"rendered":"Pr\u00e9sentation"},"content":{"rendered":"\n<figure class=\"wp-block-image size-full\"><img loading=\"lazy\" decoding=\"async\" width=\"225\" height=\"146\" src=\"https:\/\/site.ac-martinique.fr\/circonscription-rivieresalee\/wp-content\/uploads\/sites\/137\/2024\/03\/image-3.png\" alt=\"\" class=\"wp-image-876\"\/><\/figure>\n\n\n\n<p class=\"has-text-align-left\"><em><br>        Vous \u00eates sur le site de la circonscription de l&rsquo;\u00e9ducation nationale du premier degr\u00e9 de Rivi\u00e8re-Sal\u00e9e.<\/em><br>La circonscription est constitu\u00e9e de vingt-trois \u00e9coles r\u00e9parties sur les cinq communes de Ducos, Rivi\u00e8re-Sal\u00e9e, Les Trois-Ilets, Les Anses d&rsquo;Arlet et Le Diamant.<\/p>\n\n\n\n<p class=\"has-text-align-left\">         <em>Ce site a pour vocation de valoriser les projets et les actions men\u00e9s dans nos \u00e9coles.<\/em><br>Il permet \u00e9galement \u00e0 vous, m<em>embres de la communaut\u00e9 \u00e9ducative, \u00e9l\u00e8ves, parents, professeurs de trouver des ressources <\/em>et des outils qui sont mis  \u00e0 votre disposition.<\/p>\n\n\n\n<p class=\"has-text-align-left\">Bonne navigation !<\/p>\n\n\n\n<p class=\"has-text-align-center\">Mme Claude DAMAZIE-EDMOND, IEN circonscription 1er degr\u00e9 Rivi\u00e8re-Sal\u00e9e<\/p>\n\n\n\n<hr class=\"wp-block-separator has-alpha-channel-opacity\"\/>\n","protected":false},"excerpt":{"rendered":"<p>Vous \u00eates sur le site de la circonscription de l&rsquo;\u00e9ducation nationale du premier degr\u00e9 de Rivi\u00e8re-Sal\u00e9e.La circonscription est constitu\u00e9e de &hellip; <\/p>\n<p class=\"link-more\"><a href=\"https:\/\/site.ac-martinique.fr\/circonscription-rivieresalee\/presentation\/\" class=\"more-link\">Lire la suite&#8230;<span class=\"screen-reader-text\"> \u00ab\u00a0Pr\u00e9sentation\u00a0\u00bb<\/span><\/a><\/p>\n","protected":false},"author":465,"featured_media":0,"parent":0,"menu_order":0,"comment_status":"closed","ping_status":"closed","template":"","meta":{"_themeisle_gutenberg_block_has_review":false,"footnotes":""},"class_list":["post-540","page","type-page","status-publish","hentry"],"_links":{"self":[{"href":"https:\/\/site.ac-martinique.fr\/circonscription-rivieresalee\/wp-json\/wp\/v2\/pages\/540","targetHints":{"allow":["GET"]}}],"collection":[{"href":"https:\/\/site.ac-martinique.fr\/circonscription-rivieresalee\/wp-json\/wp\/v2\/pages"}],"about":[{"href":"https:\/\/site.ac-martinique.fr\/circonscription-rivieresalee\/wp-json\/wp\/v2\/types\/page"}],"author":[{"embeddable":true,"href":"https:\/\/site.ac-martinique.fr\/circonscription-rivieresalee\/wp-json\/wp\/v2\/users\/465"}],"replies":[{"embeddable":true,"href":"https:\/\/site.ac-martinique.fr\/circonscription-rivieresalee\/wp-json\/wp\/v2\/comments?post=540"}],"version-history":[{"count":16,"href":"https:\/\/site.ac-martinique.fr\/circonscription-rivieresalee\/wp-json\/wp\/v2\/pages\/540\/revisions"}],"predecessor-version":[{"id":881,"href":"https:\/\/site.ac-martinique.fr\/circonscription-rivieresalee\/wp-json\/wp\/v2\/pages\/540\/revisions\/881"}],"wp:attachment":[{"href":"https:\/\/site.ac-martinique.fr\/circonscription-rivieresalee\/wp-json\/wp\/v2\/media?parent=540"}],"curies":[{"name":"wp","href":"https:\/\/api.w.org\/{rel}","templated":true}]}}