{"id":63,"date":"2024-01-08T09:30:18","date_gmt":"2024-01-08T13:30:18","guid":{"rendered":"https:\/\/site.ac-martinique.fr\/circonscription-rivieresalee\/?page_id=63"},"modified":"2024-01-19T11:33:25","modified_gmt":"2024-01-19T15:33:25","slug":"tutoriels-a-destination-des-parents","status":"publish","type":"page","link":"https:\/\/site.ac-martinique.fr\/circonscription-rivieresalee\/tutoriels-a-destination-des-parents\/","title":{"rendered":"L&rsquo;ENT Colibri"},"content":{"rendered":"\n<hr class=\"wp-block-separator has-alpha-channel-opacity\"\/>\n\n\n\n<figure class=\"wp-block-image size-full is-resized\"><img loading=\"lazy\" decoding=\"async\" width=\"449\" height=\"316\" src=\"https:\/\/site.ac-martinique.fr\/circonscription-rivieresalee\/wp-content\/uploads\/sites\/137\/2024\/01\/ent-colibri.jpeg\" alt=\"\" class=\"wp-image-115\" style=\"width:99px;height:auto\" srcset=\"https:\/\/site.ac-martinique.fr\/circonscription-rivieresalee\/wp-content\/uploads\/sites\/137\/2024\/01\/ent-colibri.jpeg 449w, https:\/\/site.ac-martinique.fr\/circonscription-rivieresalee\/wp-content\/uploads\/sites\/137\/2024\/01\/ent-colibri-300x211.jpeg 300w\" sizes=\"auto, (max-width: 449px) 100vw, 449px\" \/><\/figure>\n\n\n\n<h2 class=\"wp-block-heading\"><strong>L&rsquo;ENT Colibri, c&rsquo;est quoi ? <\/strong><\/h2>\n\n\n\n<p>L&rsquo;Espace Num\u00e9rique de Travai (ENT) Colibri est une suite applicative en ligne \u00e0 destination des professeurs, des \u00e9l\u00e8ves et des parents. <br><br>D\u00e9velopp\u00e9 en partenariat avec des enseignants, Colibri respecte le cadre<br>r\u00e9glementaire et s\u00e9curis\u00e9 d\u00e9fini par l\u2019Education nationale.<\/p>\n\n\n\n<p>Colibri est accessible \u00e0 la communaut\u00e9 \u00e9ducative de l\u2019\u00e9cole, \u00e0 l\u2019aide d\u2019un identifiant et d\u2019un mot de passe unique pour chaque utilisateur.<\/p>\n\n\n\n<h2 class=\"wp-block-heading\"><strong>Comment se connecter \u00e0 l&rsquo;ENT ? <\/strong><\/h2>\n\n\n\n<p>L&rsquo;acc\u00e8s \u00e0 l&rsquo;ENT Colibri s&rsquo;effectue via via le lien du site que vous trouverez \u00e0 la fin de cet article.<br>Les parents cliquent  sur le bouton <em><strong>Repr\u00e9sentant l\u00e9gal<\/strong><\/em> et aboutissent \u00e0 l&rsquo;interface d&rsquo;accueil du site Educonnect. C&rsquo;est \u00e0 cet endroit qu&rsquo;ils saisissent leurs identifiants Educonnect obtenus aupr\u00e8s de la direction des \u00e9coles (voir page Educonnect dans le menu \u00ab\u00a0Parents\u00a0\u00bb)<\/p>\n\n\n\n<figure class=\"wp-block-image size-full\"><img loading=\"lazy\" decoding=\"async\" width=\"995\" height=\"621\" src=\"https:\/\/site.ac-martinique.fr\/circonscription-rivieresalee\/wp-content\/uploads\/sites\/137\/2024\/01\/image-1.png\" alt=\"\" class=\"wp-image-687\" srcset=\"https:\/\/site.ac-martinique.fr\/circonscription-rivieresalee\/wp-content\/uploads\/sites\/137\/2024\/01\/image-1.png 995w, https:\/\/site.ac-martinique.fr\/circonscription-rivieresalee\/wp-content\/uploads\/sites\/137\/2024\/01\/image-1-300x187.png 300w, https:\/\/site.ac-martinique.fr\/circonscription-rivieresalee\/wp-content\/uploads\/sites\/137\/2024\/01\/image-1-768x479.png 768w\" sizes=\"auto, (max-width: 767px) 89vw, (max-width: 1000px) 54vw, (max-width: 1071px) 543px, 580px\" \/><\/figure>\n\n\n<div class=\"wp-block-image\">\n<figure class=\"aligncenter size-full is-resized\"><img loading=\"lazy\" decoding=\"async\" width=\"452\" height=\"495\" src=\"https:\/\/site.ac-martinique.fr\/circonscription-rivieresalee\/wp-content\/uploads\/sites\/137\/2024\/01\/OnePocket.png\" alt=\"\" class=\"wp-image-131\" style=\"width:92px;height:auto\" srcset=\"https:\/\/site.ac-martinique.fr\/circonscription-rivieresalee\/wp-content\/uploads\/sites\/137\/2024\/01\/OnePocket.png 452w, https:\/\/site.ac-martinique.fr\/circonscription-rivieresalee\/wp-content\/uploads\/sites\/137\/2024\/01\/OnePocket-274x300.png 274w\" sizes=\"auto, (max-width: 452px) 100vw, 452px\" \/><figcaption class=\"wp-element-caption\">Bonus<\/figcaption><\/figure>\n<\/div>\n\n\n<h2 class=\"wp-block-heading\">One Pocket<\/h2>\n\n\n\n<p class=\"has-text-align-left\"><strong>One Pocket<\/strong> est une application Andro\u00efd et Iphone qui permet d&rsquo;avoir un acc\u00e8s imm\u00e9diat \u00e0 l&rsquo;ENT Colibri sur son smartphone ou sur une tablette.<br>                    Voir la section One Pocket dans le menu <em><strong>Parent\/Tutoriels<\/strong><\/em><\/p>\n\n\n\n<hr class=\"wp-block-separator has-alpha-channel-opacity\"\/>\n\n\n\n<figure class=\"wp-block-pullquote\"><blockquote><p><strong>Pour acc\u00e9der \u00e0 Colibri, cliquer sur le lien ci-apr\u00e8s qui va s&rsquo;ouvrir dans un nouvel onglet :  <a href=\"https:\/\/colibri.ac-martinique.fr\/\" target=\"_blank\" rel=\"noreferrer noopener\">https:\/\/colibri.ac-martinique.fr\/<\/a><\/strong><\/p><\/blockquote><\/figure>\n\n\n\n<p class=\"has-text-align-center\"><\/p>\n\n\n\n<blockquote class=\"wp-block-quote is-layout-flow wp-block-quote-is-layout-flow\"><\/blockquote>\n\n\n\n<hr class=\"wp-block-separator has-alpha-channel-opacity\"\/>\n","protected":false},"excerpt":{"rendered":"<p>L&rsquo;ENT Colibri, c&rsquo;est quoi ? L&rsquo;Espace Num\u00e9rique de Travai (ENT) Colibri est une suite applicative en ligne \u00e0 destination des &hellip; <\/p>\n<p class=\"link-more\"><a href=\"https:\/\/site.ac-martinique.fr\/circonscription-rivieresalee\/tutoriels-a-destination-des-parents\/\" class=\"more-link\">Lire la suite&#8230;<span class=\"screen-reader-text\"> \u00ab\u00a0L&rsquo;ENT Colibri\u00a0\u00bb<\/span><\/a><\/p>\n","protected":false},"author":465,"featured_media":0,"parent":0,"menu_order":0,"comment_status":"closed","ping_status":"closed","template":"","meta":{"_themeisle_gutenberg_block_has_review":false,"footnotes":""},"class_list":["post-63","page","type-page","status-publish","hentry"],"_links":{"self":[{"href":"https:\/\/site.ac-martinique.fr\/circonscription-rivieresalee\/wp-json\/wp\/v2\/pages\/63","targetHints":{"allow":["GET"]}}],"collection":[{"href":"https:\/\/site.ac-martinique.fr\/circonscription-rivieresalee\/wp-json\/wp\/v2\/pages"}],"about":[{"href":"https:\/\/site.ac-martinique.fr\/circonscription-rivieresalee\/wp-json\/wp\/v2\/types\/page"}],"author":[{"embeddable":true,"href":"https:\/\/site.ac-martinique.fr\/circonscription-rivieresalee\/wp-json\/wp\/v2\/users\/465"}],"replies":[{"embeddable":true,"href":"https:\/\/site.ac-martinique.fr\/circonscription-rivieresalee\/wp-json\/wp\/v2\/comments?post=63"}],"version-history":[{"count":32,"href":"https:\/\/site.ac-martinique.fr\/circonscription-rivieresalee\/wp-json\/wp\/v2\/pages\/63\/revisions"}],"predecessor-version":[{"id":700,"href":"https:\/\/site.ac-martinique.fr\/circonscription-rivieresalee\/wp-json\/wp\/v2\/pages\/63\/revisions\/700"}],"wp:attachment":[{"href":"https:\/\/site.ac-martinique.fr\/circonscription-rivieresalee\/wp-json\/wp\/v2\/media?parent=63"}],"curies":[{"name":"wp","href":"https:\/\/api.w.org\/{rel}","templated":true}]}}