{"id":898,"date":"2024-03-15T14:34:15","date_gmt":"2024-03-15T18:34:15","guid":{"rendered":"https:\/\/site.ac-martinique.fr\/circonscription-rivieresalee\/?p=898"},"modified":"2024-04-19T16:14:02","modified_gmt":"2024-04-19T20:14:02","slug":"actu-gestion-de-classe","status":"publish","type":"page","link":"https:\/\/site.ac-martinique.fr\/circonscription-rivieresalee\/actu-gestion-de-classe\/","title":{"rendered":"La  gestion de classe"},"content":{"rendered":"\n<p>La lettre du conseil scientifique de l\u2019\u00c9ducation Nationale <\/p>\n\n\n\n<p class=\"has-drop-cap has-small-font-size\">Dans les classes, le comportement des \u00e9l\u00e8ves est une pr\u00e9occupation constante, en particulier les comportements perturbateurs. En comprendre les d\u00e9terminants et savoir les g\u00e9rer efficacement est donc important, \u00e0 la fois pour le bien-\u00eatre des enseignants et des \u00e9l\u00e8ves, et plus indirectement, pour les apprentissages&#8230;<\/p>\n\n\n\n<div class=\"wp-block-media-text is-stacked-on-mobile\"><figure class=\"wp-block-media-text__media\"><\/figure><div class=\"wp-block-media-text__content\">\n<p><\/p>\n\n\n\n<figure class=\"wp-block-image size-full\"><img loading=\"lazy\" decoding=\"async\" width=\"903\" height=\"790\" src=\"https:\/\/site.ac-martinique.fr\/circonscription-rivieresalee\/wp-content\/uploads\/sites\/137\/2024\/03\/Capture-decran-2024-03-15-142952.png\" alt=\"\" class=\"wp-image-900\" srcset=\"https:\/\/site.ac-martinique.fr\/circonscription-rivieresalee\/wp-content\/uploads\/sites\/137\/2024\/03\/Capture-decran-2024-03-15-142952.png 903w, https:\/\/site.ac-martinique.fr\/circonscription-rivieresalee\/wp-content\/uploads\/sites\/137\/2024\/03\/Capture-decran-2024-03-15-142952-300x262.png 300w, https:\/\/site.ac-martinique.fr\/circonscription-rivieresalee\/wp-content\/uploads\/sites\/137\/2024\/03\/Capture-decran-2024-03-15-142952-768x672.png 768w\" sizes=\"auto, (max-width: 767px) 89vw, (max-width: 1000px) 54vw, (max-width: 1071px) 543px, 580px\" \/><\/figure>\n<\/div><\/div>\n\n\n\n<div data-wp-interactive=\"core\/file\" class=\"wp-block-file\"><object data-wp-bind--hidden=\"!state.hasPdfPreview\" hidden class=\"wp-block-file__embed\" data=\"https:\/\/site.ac-martinique.fr\/circonscription-rivieresalee\/wp-content\/uploads\/sites\/137\/2024\/03\/Gestion-de-classe-1.pdf\" type=\"application\/pdf\" style=\"width:100%;height:600px\" aria-label=\"Contenu embarqu\u00e9 Gestion-de-classe-1.\"><\/object><a id=\"wp-block-file--media-4dcf69f8-f8cd-4675-b822-f04a4fb5bc08\" href=\"https:\/\/site.ac-martinique.fr\/circonscription-rivieresalee\/wp-content\/uploads\/sites\/137\/2024\/03\/Gestion-de-classe-1.pdf\">Gestion-de-classe-1<\/a><a href=\"https:\/\/site.ac-martinique.fr\/circonscription-rivieresalee\/wp-content\/uploads\/sites\/137\/2024\/03\/Gestion-de-classe-1.pdf\" class=\"wp-block-file__button wp-element-button\" download aria-describedby=\"wp-block-file--media-4dcf69f8-f8cd-4675-b822-f04a4fb5bc08\">T\u00e9l\u00e9charger<\/a><\/div>\n","protected":false},"excerpt":{"rendered":"<p>La lettre du conseil scientifique de l\u2019\u00c9ducation Nationale Dans les classes, le comportement des \u00e9l\u00e8ves est une pr\u00e9occupation constante, en &hellip; <\/p>\n<p class=\"link-more\"><a href=\"https:\/\/site.ac-martinique.fr\/circonscription-rivieresalee\/actu-gestion-de-classe\/\" class=\"more-link\">Lire la suite&#8230;<span class=\"screen-reader-text\"> \u00ab\u00a0La  gestion de classe\u00a0\u00bb<\/span><\/a><\/p>\n","protected":false},"author":486,"featured_media":0,"parent":0,"menu_order":0,"comment_status":"closed","ping_status":"closed","template":"","meta":{"_themeisle_gutenberg_block_has_review":false,"footnotes":""},"class_list":["post-898","page","type-page","status-publish","hentry"],"_links":{"self":[{"href":"https:\/\/site.ac-martinique.fr\/circonscription-rivieresalee\/wp-json\/wp\/v2\/pages\/898","targetHints":{"allow":["GET"]}}],"collection":[{"href":"https:\/\/site.ac-martinique.fr\/circonscription-rivieresalee\/wp-json\/wp\/v2\/pages"}],"about":[{"href":"https:\/\/site.ac-martinique.fr\/circonscription-rivieresalee\/wp-json\/wp\/v2\/types\/page"}],"author":[{"embeddable":true,"href":"https:\/\/site.ac-martinique.fr\/circonscription-rivieresalee\/wp-json\/wp\/v2\/users\/486"}],"replies":[{"embeddable":true,"href":"https:\/\/site.ac-martinique.fr\/circonscription-rivieresalee\/wp-json\/wp\/v2\/comments?post=898"}],"version-history":[{"count":5,"href":"https:\/\/site.ac-martinique.fr\/circonscription-rivieresalee\/wp-json\/wp\/v2\/pages\/898\/revisions"}],"predecessor-version":[{"id":987,"href":"https:\/\/site.ac-martinique.fr\/circonscription-rivieresalee\/wp-json\/wp\/v2\/pages\/898\/revisions\/987"}],"wp:attachment":[{"href":"https:\/\/site.ac-martinique.fr\/circonscription-rivieresalee\/wp-json\/wp\/v2\/media?parent=898"}],"curies":[{"name":"wp","href":"https:\/\/api.w.org\/{rel}","templated":true}]}}