{"id":908,"date":"2024-03-15T15:39:37","date_gmt":"2024-03-15T19:39:37","guid":{"rendered":"https:\/\/site.ac-martinique.fr\/circonscription-rivieresalee\/?page_id=908"},"modified":"2024-03-15T15:45:05","modified_gmt":"2024-03-15T19:45:05","slug":"ecrans-tactiles-interactifs","status":"publish","type":"page","link":"https:\/\/site.ac-martinique.fr\/circonscription-rivieresalee\/ecrans-tactiles-interactifs\/","title":{"rendered":"Ecrans Tactiles Interactifs"},"content":{"rendered":"\n<h2 class=\"wp-block-heading\">Cr\u00e9ation de paperboards pour Openboard <\/h2>\n\n\n\n<p><\/p>\n\n\n\n<p>       Un paperboard num\u00e9rique est une suite de tableaux que le pr\u00e9sentateur (professeur) affiche sur l&rsquo;\u00e9cran tactile interactif via le logiciel Openboard<br><br>      Des matrices servant de base pour cr\u00e9er une session d&rsquo;apprentissage sont mises \u00e0 votre disposition (cf lien ci-dessous) : elles sont con\u00e7ues avec un logiciel de Powerpoint ou Libre Office-Impress) ; elles comportent des rituels, une s\u00e9ance structur\u00e9e d&rsquo;apprentissage et \u00e9ventuellement, sont agr\u00e9ment\u00e9es en fin de s\u00e9ance par un divertissement artistique. <br>  <\/p>\n\n\n\n<p>&#8211;&gt; Lien pour t\u00e9l\u00e9charger les matrices : <a href=\"https:\/\/nuage03.apps.education.fr\/index.php\/s\/2nT99Gacordciqb\">https:\/\/nuage03.apps.education.fr\/index.php\/s\/2nT99Gacordciqb<\/a><\/p>\n\n\n\n<p><strong>COMMENT PROC\u00c9DER ?<\/strong><\/p>\n\n\n\n<ul class=\"wp-block-list\">\n<li>Ouvrir la matrice vierge Maths ou Fran\u00e7ais<\/li>\n\n\n\n<li>Modifier \/adapter les contenus dans Powerpoint en conformit\u00e9 avec le sujet de votre le\u00e7on d&rsquo;apprentissage <\/li>\n\n\n\n<li>Enregistrer la matrice en la renommant pour faire appara\u00eetre le sujet trait\u00e9 (exemple : maths le p\u00e9rim\u00e8tre)\n<ul class=\"wp-block-list\">\n<li>Enregistrer votre production, d&rsquo;abord au format Powerpoint pour pouvoir \u00e9ventuellement faire des modifications ult\u00e9rieurement<\/li>\n\n\n\n<li>Enregistrer ensuite au format PDF car c&rsquo;est le seul format reconnu par le logiciel Openboard<\/li>\n<\/ul>\n<\/li>\n\n\n\n<li>Lancer Openboard\n<ul class=\"wp-block-list\">\n<li>Une fois Openboard lanc\u00e9, Cliquer sur l\u2019ic\u00f4ne DOCUMENT<\/li>\n\n\n\n<li>Cliquer sur l&rsquo;ic\u00f4ne IMPORTER puis naviguer dans l&rsquo;arborescence de votre disque pour trouver le document PDF pr\u00e9c\u00e9demment cr\u00e9\u00e9. (une bonne organisation de votre arborescence sur l&rsquo;ordinateur est n\u00e9cessaire pour retrouver rapidement vos fichiers)<\/li>\n\n\n\n<li>Openboard vous pr\u00e9sente toutes les diapositives de Powerpoint et les rendra interactives avec les modifications que vous allez apporter dans Openboard. Double cliquez sur la premi\u00e8re diapositive.<br><\/li>\n<\/ul>\n<\/li>\n\n\n\n<li>Ajouter des interactivit\u00e9s propres \u00e0 Openboard\n<ul class=\"wp-block-list\">\n<li>\u00c9tiquettes avec l&rsquo;appli \u00e9tiquettes<\/li>\n\n\n\n<li>Chronom\u00e8tre\/loupe, droite gradu\u00e9es, etc<br><\/li>\n\n\n\n<li>Vid\u00e9o Youtube trait\u00e9e par <a href=\"https:\/\/ladigitale.dev\/digiview\/#\/\">Digiview <\/a>pour en \u00e9liminer le contenu ind\u00e9sirable (publicit\u00e9)\u00a0<br><a href=\"https:\/\/ladigitale.dev\/digiview\/#\/\">https:\/\/ladigitale.dev\/digiview\/#\/<\/a><\/li>\n\n\n\n<li>Capture d&rsquo;images, de textes via l&rsquo;outil \u00ab\u00a0Cl\u00f4ne\u00a0\u00bb d&rsquo;Openboard qui rend ces captures d\u00e9pla\u00e7ables, comme des \u00e9tiquettes<br><\/li>\n\n\n\n<li>&#8230; et beaucoup d&rsquo;autres interactivit\u00e9s qu&rsquo;il vous faut d\u00e9couvrir, tester et vous approprier.<br><\/li>\n<\/ul>\n<\/li>\n<\/ul>\n\n\n\n<p><strong>UTILE <\/strong>: le site d&rsquo;un coll\u00e8gue\u00a0 qui propose des Widgets qu&rsquo;il vous faut installer pour qu&rsquo;ils fonctionnent sur votre version d&rsquo;Openboard :<br><\/p>\n\n\n\n<p><a href=\"https:\/\/www.openedu.fr\/openboard\/applications-pour-openboard\/\">https:\/\/www.openedu.fr\/openboard\/applications-pour-openboard\/<\/a><\/p>\n\n\n\n<p><a href=\"https:\/\/www.openedu.fr\/2021\/01\/06\/etiquettes\/\">https:\/\/www.openedu.fr\/2021\/01\/06\/etiquettes\/<\/a><\/p>\n\n\n\n<p>Des tutoriels sont disponibles sur le site Openboard :<br><\/p>\n\n\n\n<blockquote class=\"wp-block-quote is-layout-flow wp-block-quote-is-layout-flow\">\n<ul class=\"wp-block-list\">\n<li>Documentation&nbsp; <a href=\"https:\/\/openboard.ch\/documentation.html\">https:\/\/openboard.ch\/documentation.html<\/a><\/li>\n\n\n\n<li>Chaine youtube Openboard <a href=\"https:\/\/www.youtube.com\/channel\/UCM_moFB68dqpSLPZ-jV40Ow\">https:\/\/www.youtube.com\/channel\/UCM_moFB68dqpSLPZ-jV40Ow<\/a><\/li>\n<\/ul>\n\n\n\n<p><strong>TR\u00c8S UTILE<\/strong><\/p>\n\n\n\n<p><strong>Le site <a href=\"https:\/\/polypad.amplify.com\/fr\/p\">https:\/\/polypad.amplify.com\/fr\/p<\/a>\u00a0\u00a0\u00a0\u00a0 offre une grande vari\u00e9t\u00e9s d&rsquo;interactivit\u00e9s en math\u00e9matiques que vous pouvez importer dans des pages Openboard<\/strong><\/p>\n<\/blockquote>\n","protected":false},"excerpt":{"rendered":"<p>Cr\u00e9ation de paperboards pour Openboard Un paperboard num\u00e9rique est une suite de tableaux que le pr\u00e9sentateur (professeur) affiche sur l&rsquo;\u00e9cran &hellip; <\/p>\n<p class=\"link-more\"><a href=\"https:\/\/site.ac-martinique.fr\/circonscription-rivieresalee\/ecrans-tactiles-interactifs\/\" class=\"more-link\">Lire la suite&#8230;<span class=\"screen-reader-text\"> \u00ab\u00a0Ecrans Tactiles Interactifs\u00a0\u00bb<\/span><\/a><\/p>\n","protected":false},"author":457,"featured_media":0,"parent":0,"menu_order":0,"comment_status":"closed","ping_status":"closed","template":"","meta":{"_themeisle_gutenberg_block_has_review":false,"footnotes":""},"class_list":["post-908","page","type-page","status-publish","hentry"],"_links":{"self":[{"href":"https:\/\/site.ac-martinique.fr\/circonscription-rivieresalee\/wp-json\/wp\/v2\/pages\/908","targetHints":{"allow":["GET"]}}],"collection":[{"href":"https:\/\/site.ac-martinique.fr\/circonscription-rivieresalee\/wp-json\/wp\/v2\/pages"}],"about":[{"href":"https:\/\/site.ac-martinique.fr\/circonscription-rivieresalee\/wp-json\/wp\/v2\/types\/page"}],"author":[{"embeddable":true,"href":"https:\/\/site.ac-martinique.fr\/circonscription-rivieresalee\/wp-json\/wp\/v2\/users\/457"}],"replies":[{"embeddable":true,"href":"https:\/\/site.ac-martinique.fr\/circonscription-rivieresalee\/wp-json\/wp\/v2\/comments?post=908"}],"version-history":[{"count":3,"href":"https:\/\/site.ac-martinique.fr\/circonscription-rivieresalee\/wp-json\/wp\/v2\/pages\/908\/revisions"}],"predecessor-version":[{"id":913,"href":"https:\/\/site.ac-martinique.fr\/circonscription-rivieresalee\/wp-json\/wp\/v2\/pages\/908\/revisions\/913"}],"wp:attachment":[{"href":"https:\/\/site.ac-martinique.fr\/circonscription-rivieresalee\/wp-json\/wp\/v2\/media?parent=908"}],"curies":[{"name":"wp","href":"https:\/\/api.w.org\/{rel}","templated":true}]}}