{"id":914,"date":"2024-03-15T16:00:50","date_gmt":"2024-03-15T20:00:50","guid":{"rendered":"https:\/\/site.ac-martinique.fr\/circonscription-rivieresalee\/?page_id=914"},"modified":"2024-03-15T16:00:51","modified_gmt":"2024-03-15T20:00:51","slug":"installer-nuage-un-cloud-gratuit-de-100-gb","status":"publish","type":"page","link":"https:\/\/site.ac-martinique.fr\/circonscription-rivieresalee\/installer-nuage-un-cloud-gratuit-de-100-gb\/","title":{"rendered":"Installer Nuage &#8211; Un cloud gratuit de 100 gb"},"content":{"rendered":"\n<figure class=\"wp-block-image size-full\"><img loading=\"lazy\" decoding=\"async\" width=\"468\" height=\"62\" src=\"https:\/\/site.ac-martinique.fr\/circonscription-rivieresalee\/wp-content\/uploads\/sites\/137\/2024\/03\/image-4.png\" alt=\"\" class=\"wp-image-916\" srcset=\"https:\/\/site.ac-martinique.fr\/circonscription-rivieresalee\/wp-content\/uploads\/sites\/137\/2024\/03\/image-4.png 468w, https:\/\/site.ac-martinique.fr\/circonscription-rivieresalee\/wp-content\/uploads\/sites\/137\/2024\/03\/image-4-300x40.png 300w\" sizes=\"auto, (max-width: 468px) 100vw, 468px\" \/><\/figure>\n\n\n\n<p><strong>Nuage pour quoi faire ?<\/strong><\/p>\n\n\n\n<ol class=\"wp-block-list\">\n<li><strong>Sauvergardes ses donn\u00e9es<\/strong><br>En cas de d\u00e9faillance de votre mat\u00e9riel, vos donn\u00e9es se trouvent sur un espace s\u00e9curis\u00e9 en France<\/li>\n\n\n\n<li><strong>Synchroniser tous ses appareils<\/strong><br>Les disques durs portables ou les cl\u00e9s USB n\u2019ont plus lieu d\u2019\u00eatre. Avec le cloud, vous avez&nbsp;<strong>un seul et unique endroit<\/strong>&nbsp;o\u00f9 vous stockez tout. Ainsi, vous retrouvez l\u2019ensemble de vos documents&nbsp;<strong>depuis n\u2019importe quel PC, smartphone ou tablette !<\/strong>&nbsp; Vos fichiers sont disponibles \u00e0 votre domicile comme dans votre salle de classe (connexion internet n\u00e9cessaire)<\/li>\n\n\n\n<li><strong>Partager des documents<\/strong><br>Vous pouvez cr\u00e9er e t copier un lien de partage pour un fichier ou un dossier de tel sorte que vous rendiez possible le partage avec des personnes qui recevront le lien de partage. Plus de limite de taille impos\u00e9e par la restriction de la messagerie.<\/li>\n\n\n\n<li><strong>Collaborer, \u00e9diter partage un document<\/strong><br>Vous pouvez \u00e9diter facilement un document\u00a0<strong>\u00e0 plusieurs et \u00e0 distance<\/strong>\u00a0gr\u00e2ce \u00e0 l\u2019int\u00e9gration d\u2019application de traitement de texte et d\u2019un tableur dans Nuage<br><br>Un tutoriel pas \u00e0 pas peut \u00eatre consult\u00e9 sur le site \u201cClasse \u00e0 Deux\u201d<br>Le tutoriel va s\u2019ouvrir dans un nouvel onglet<br><br><a href=\"https:\/\/classeadeux.fr\/100-go-de-cloud-gratuit-pour-les-enseignants\/\" target=\"_blank\" rel=\"noreferrer noopener\">https:\/\/classeadeux.fr\/100-go-de-cloud-gratuit-pour-les-enseignants\/<\/a><\/li>\n<\/ol>\n","protected":false},"excerpt":{"rendered":"<p>Nuage pour quoi faire ?<\/p>\n","protected":false},"author":457,"featured_media":0,"parent":0,"menu_order":0,"comment_status":"closed","ping_status":"closed","template":"","meta":{"_themeisle_gutenberg_block_has_review":false,"footnotes":""},"class_list":["post-914","page","type-page","status-publish","hentry"],"_links":{"self":[{"href":"https:\/\/site.ac-martinique.fr\/circonscription-rivieresalee\/wp-json\/wp\/v2\/pages\/914","targetHints":{"allow":["GET"]}}],"collection":[{"href":"https:\/\/site.ac-martinique.fr\/circonscription-rivieresalee\/wp-json\/wp\/v2\/pages"}],"about":[{"href":"https:\/\/site.ac-martinique.fr\/circonscription-rivieresalee\/wp-json\/wp\/v2\/types\/page"}],"author":[{"embeddable":true,"href":"https:\/\/site.ac-martinique.fr\/circonscription-rivieresalee\/wp-json\/wp\/v2\/users\/457"}],"replies":[{"embeddable":true,"href":"https:\/\/site.ac-martinique.fr\/circonscription-rivieresalee\/wp-json\/wp\/v2\/comments?post=914"}],"version-history":[{"count":2,"href":"https:\/\/site.ac-martinique.fr\/circonscription-rivieresalee\/wp-json\/wp\/v2\/pages\/914\/revisions"}],"predecessor-version":[{"id":917,"href":"https:\/\/site.ac-martinique.fr\/circonscription-rivieresalee\/wp-json\/wp\/v2\/pages\/914\/revisions\/917"}],"wp:attachment":[{"href":"https:\/\/site.ac-martinique.fr\/circonscription-rivieresalee\/wp-json\/wp\/v2\/media?parent=914"}],"curies":[{"name":"wp","href":"https:\/\/api.w.org\/{rel}","templated":true}]}}