{"id":15,"date":"2021-05-21T21:06:52","date_gmt":"2021-05-21T19:06:52","guid":{"rendered":"https:\/\/site.ac-martinique.fr\/circonscription-stesprit\/?page_id=15"},"modified":"2024-03-05T14:46:32","modified_gmt":"2024-03-05T13:46:32","slug":"ressources-pedagogiques","status":"publish","type":"page","link":"https:\/\/site.ac-martinique.fr\/circonscription-stesprit\/?page_id=15","title":{"rendered":"Ressources p\u00e9dagogiques"},"content":{"rendered":"\n<h2 class=\"wp-block-heading alignwide has-off-white-background-color has-background\"><mark style=\"background-color:rgba(0, 0, 0, 0)\" class=\"has-inline-color has-red-color\">Des ressources pour les \u00e9l\u00e8ves <\/mark><\/h2>\n\n\n\n<p>L&rsquo;\u00e9quipe de circonscription vous propose une liste d&rsquo;outils et de ressources . T\u00e9l\u00e9charger le document:<\/p>\n\n\n\n<div data-wp-interactive=\"core\/file\" class=\"wp-block-file\"><object data-wp-bind--hidden=\"!state.hasPdfPreview\" hidden class=\"wp-block-file__embed\" data=\"https:\/\/site.ac-martinique.fr\/circonscription-stesprit\/wp-content\/uploads\/sites\/91\/2021\/05\/Liste-des-ressources-continuite-pedagogique.-VD.pdf\" type=\"application\/pdf\" style=\"width:100%;height:600px\" aria-label=\"Contenu embarqu\u00e9 Liste-des-ressources-continuite-pedagogique.-VD.\"><\/object><a id=\"wp-block-file--media-63de9011-f817-4a67-989d-5b1be3b48af2\" href=\"https:\/\/site.ac-martinique.fr\/circonscription-stesprit\/wp-content\/uploads\/sites\/91\/2021\/05\/Liste-des-ressources-continuite-pedagogique.-VD.pdf\">Liste-des-ressources-continuite-pedagogique.-VD<\/a><a href=\"https:\/\/site.ac-martinique.fr\/circonscription-stesprit\/wp-content\/uploads\/sites\/91\/2021\/05\/Liste-des-ressources-continuite-pedagogique.-VD.pdf\" class=\"wp-block-file__button wp-element-button\" download aria-describedby=\"wp-block-file--media-63de9011-f817-4a67-989d-5b1be3b48af2\">T\u00e9l\u00e9charger<\/a><\/div>\n","protected":false},"excerpt":{"rendered":"<p>Des ressources pour les \u00e9l\u00e8ves L&rsquo;\u00e9quipe de circonscription vous propose une liste d&rsquo;outils et de ressources . T\u00e9l\u00e9charger le document:<\/p>\n","protected":false},"author":235,"featured_media":0,"parent":0,"menu_order":4,"comment_status":"closed","ping_status":"closed","template":"","meta":{"footnotes":""},"class_list":["post-15","page","type-page","status-publish","hentry"],"_links":{"self":[{"href":"https:\/\/site.ac-martinique.fr\/circonscription-stesprit\/index.php?rest_route=\/wp\/v2\/pages\/15","targetHints":{"allow":["GET"]}}],"collection":[{"href":"https:\/\/site.ac-martinique.fr\/circonscription-stesprit\/index.php?rest_route=\/wp\/v2\/pages"}],"about":[{"href":"https:\/\/site.ac-martinique.fr\/circonscription-stesprit\/index.php?rest_route=\/wp\/v2\/types\/page"}],"author":[{"embeddable":true,"href":"https:\/\/site.ac-martinique.fr\/circonscription-stesprit\/index.php?rest_route=\/wp\/v2\/users\/235"}],"replies":[{"embeddable":true,"href":"https:\/\/site.ac-martinique.fr\/circonscription-stesprit\/index.php?rest_route=%2Fwp%2Fv2%2Fcomments&post=15"}],"version-history":[{"count":9,"href":"https:\/\/site.ac-martinique.fr\/circonscription-stesprit\/index.php?rest_route=\/wp\/v2\/pages\/15\/revisions"}],"predecessor-version":[{"id":542,"href":"https:\/\/site.ac-martinique.fr\/circonscription-stesprit\/index.php?rest_route=\/wp\/v2\/pages\/15\/revisions\/542"}],"wp:attachment":[{"href":"https:\/\/site.ac-martinique.fr\/circonscription-stesprit\/index.php?rest_route=%2Fwp%2Fv2%2Fmedia&parent=15"}],"curies":[{"name":"wp","href":"https:\/\/api.w.org\/{rel}","templated":true}]}}