{"id":17,"date":"2021-05-21T21:07:24","date_gmt":"2021-05-21T19:07:24","guid":{"rendered":"https:\/\/site.ac-martinique.fr\/circonscription-stesprit\/?page_id=17"},"modified":"2025-09-01T20:10:24","modified_gmt":"2025-09-01T18:10:24","slug":"administratif","status":"publish","type":"page","link":"https:\/\/site.ac-martinique.fr\/circonscription-stesprit\/?page_id=17","title":{"rendered":"Administratif"},"content":{"rendered":"\n<h2 class=\"wp-block-heading alignwide has-vivid-red-background-color has-background\"><mark style=\"background-color:rgba(0, 0, 0, 0)\" class=\"has-inline-color has-red-color\">Circulaires<\/mark><\/h2>\n\n\n\n<ul class=\"wp-block-list\">\n<li><strong>Circulaire de rentr\u00e9e 202<\/strong>5<\/li>\n<\/ul>\n\n\n\n<p>Parue au Bulletin officiel du 3 juillet 2025, la circulaire de rentr\u00e9e pr\u00e9cise les priorit\u00e9s pour l\u2019ann\u00e9e scolaire 2025-2026. L&rsquo;infographie interactive r\u00e9sume les grandes orientations et renvoie vers les ressources institutionnelles destin\u00e9es \u00e0 accompagner les professionnels de l\u2019\u00e9ducation sur les th\u00e9matiques prioritaires.<\/p>\n\n\n\n<p><a href=\"https:\/\/eduscol.education.fr\/3898\/circulaire-de-rentree\">Circulaire de rentr\u00e9e | \u00e9duscol | Minist\u00e8re de l&rsquo;\u00c9ducation Nationale, de l&rsquo;Enseignement sup\u00e9rieur et de la Recherche | Dgesco<\/a><\/p>\n\n\n\n<p><\/p>\n\n\n\n<div data-wp-interactive=\"core\/file\" class=\"wp-block-file\"><object data-wp-bind--hidden=\"!state.hasPdfPreview\" hidden class=\"wp-block-file__embed\" data=\"https:\/\/site.ac-martinique.fr\/circonscription-stesprit\/wp-content\/uploads\/sites\/91\/2025\/09\/circulaire_interactive_2025-26_v7.pdf\" type=\"application\/pdf\" style=\"width:100%;height:600px\" aria-label=\"Contenu embarqu\u00e9 circulaire_interactive_2025-26_v7.\"><\/object><a id=\"wp-block-file--media-6f22fafd-5c6a-440a-91e6-39afcd4bc9f5\" href=\"https:\/\/site.ac-martinique.fr\/circonscription-stesprit\/wp-content\/uploads\/sites\/91\/2025\/09\/circulaire_interactive_2025-26_v7.pdf\">circulaire_interactive_2025-26_v7<\/a><a href=\"https:\/\/site.ac-martinique.fr\/circonscription-stesprit\/wp-content\/uploads\/sites\/91\/2025\/09\/circulaire_interactive_2025-26_v7.pdf\" class=\"wp-block-file__button wp-element-button\" download aria-describedby=\"wp-block-file--media-6f22fafd-5c6a-440a-91e6-39afcd4bc9f5\">T\u00e9l\u00e9charger<\/a><\/div>\n\n\n\n<ul class=\"wp-block-list\">\n<li><strong>Circulaire de rentr\u00e9e 2024<\/strong><\/li>\n<\/ul>\n\n\n\n<p>Extrait du site du Minist\u00e8re de l&rsquo;Education Nationale : <a href=\"https:\/\/www.education.gouv.fr\/ne-laisser-aucun-eleve-au-bord-du-chemin-la-circulaire-de-rentree-2024-414640\">Ne laisser aucun \u00e9l\u00e8ve au bord du chemin : la circulaire de rentr\u00e9e 2024 | Minist\u00e8re de l&rsquo;Education Nationale<\/a><\/p>\n\n\n\n<p><\/p>\n\n\n\n<div class=\"wp-block-file\"><a id=\"wp-block-file--media-7bb6338c-8893-4090-95a8-85cfee3dc8ce\" href=\"https:\/\/site.ac-martinique.fr\/circonscription-stesprit\/wp-content\/uploads\/sites\/91\/2024\/09\/Circulaire-de-rentree-2024-PDF.pdf\">Circulaire de rentr\u00e9e 2024 PDF<\/a><a href=\"https:\/\/site.ac-martinique.fr\/circonscription-stesprit\/wp-content\/uploads\/sites\/91\/2024\/09\/Circulaire-de-rentree-2024-PDF.pdf\" class=\"wp-block-file__button wp-element-button\" download aria-describedby=\"wp-block-file--media-7bb6338c-8893-4090-95a8-85cfee3dc8ce\">T\u00e9l\u00e9charger<\/a><\/div>\n\n\n\n<p><\/p>\n\n\n\n<ul class=\"wp-block-list\">\n<li><strong>Note de Mme la Rectrice : rentr\u00e9e 2023<\/strong><\/li>\n<\/ul>\n\n\n\n<div class=\"wp-block-file\"><a id=\"wp-block-file--media-1c244d51-33c7-4a4c-8a1e-40cbd0df12e8\" href=\"https:\/\/site.ac-martinique.fr\/circonscription-stesprit\/wp-content\/uploads\/sites\/91\/2023\/09\/2023.06.27-Note-vers-la-rentree-2023.pdf\">2023.06.27-Note-vers-la-rentree-2023<\/a><a href=\"https:\/\/site.ac-martinique.fr\/circonscription-stesprit\/wp-content\/uploads\/sites\/91\/2023\/09\/2023.06.27-Note-vers-la-rentree-2023.pdf\" class=\"wp-block-file__button wp-element-button\" download aria-describedby=\"wp-block-file--media-1c244d51-33c7-4a4c-8a1e-40cbd0df12e8\">T\u00e9l\u00e9charger<\/a><\/div>\n\n\n\n<ul class=\"wp-block-list\">\n<li>Circulaires Temps de travail septembre 2022:<\/li>\n<\/ul>\n\n\n\n<div class=\"wp-block-file\"><a id=\"wp-block-file--media-6dfab96f-30d4-472c-bc0d-b58831e0554a\" href=\"https:\/\/site.ac-martinique.fr\/circonscription-stesprit\/wp-content\/uploads\/sites\/91\/2022\/09\/Annexe-4-Formulaire-de-demande-dautorisation-dabsence-pour-formation.docx\">Annexe-4-Formulaire-de-demande-dautorisation-dabsence-pour-formation<\/a><a href=\"https:\/\/site.ac-martinique.fr\/circonscription-stesprit\/wp-content\/uploads\/sites\/91\/2022\/09\/Annexe-4-Formulaire-de-demande-dautorisation-dabsence-pour-formation.docx\" class=\"wp-block-file__button wp-element-button\" download aria-describedby=\"wp-block-file--media-6dfab96f-30d4-472c-bc0d-b58831e0554a\">T\u00e9l\u00e9charger<\/a><\/div>\n\n\n\n<div class=\"wp-block-file\"><a id=\"wp-block-file--media-8a936c19-d6ab-4568-a33f-a1fb816fd2cf\" href=\"https:\/\/site.ac-martinique.fr\/circonscription-stesprit\/wp-content\/uploads\/sites\/91\/2022\/09\/Annexe-3-Formulaire-dautorisation-dabsence-1.docx\">Annexe-3-Formulaire-dautorisation-dabsence-1<\/a><a href=\"https:\/\/site.ac-martinique.fr\/circonscription-stesprit\/wp-content\/uploads\/sites\/91\/2022\/09\/Annexe-3-Formulaire-dautorisation-dabsence-1.docx\" class=\"wp-block-file__button wp-element-button\" download aria-describedby=\"wp-block-file--media-8a936c19-d6ab-4568-a33f-a1fb816fd2cf\">T\u00e9l\u00e9charger<\/a><\/div>\n\n\n\n<div class=\"wp-block-file\"><a id=\"wp-block-file--media-551b14d0-7d3b-421d-9914-4ce45bb6e598\" href=\"https:\/\/site.ac-martinique.fr\/circonscription-stesprit\/wp-content\/uploads\/sites\/91\/2022\/09\/Annexe-3-Formulaire-dautorisation-dabsence.docx\">Annexe-3-Formulaire-dautorisation-dabsence<\/a><a href=\"https:\/\/site.ac-martinique.fr\/circonscription-stesprit\/wp-content\/uploads\/sites\/91\/2022\/09\/Annexe-3-Formulaire-dautorisation-dabsence.docx\" class=\"wp-block-file__button wp-element-button\" download aria-describedby=\"wp-block-file--media-551b14d0-7d3b-421d-9914-4ce45bb6e598\">T\u00e9l\u00e9charger<\/a><\/div>\n\n\n\n<div class=\"wp-block-file\"><a id=\"wp-block-file--media-91081505-ca8f-4a50-8bfe-85615ce2bd02\" href=\"https:\/\/site.ac-martinique.fr\/circonscription-stesprit\/wp-content\/uploads\/sites\/91\/2022\/09\/Annexe-2-Tableau-des-autorisations-dabsence.docx\">Annexe-2-Tableau-des-autorisations-dabsence<\/a><a href=\"https:\/\/site.ac-martinique.fr\/circonscription-stesprit\/wp-content\/uploads\/sites\/91\/2022\/09\/Annexe-2-Tableau-des-autorisations-dabsence.docx\" class=\"wp-block-file__button wp-element-button\" download aria-describedby=\"wp-block-file--media-91081505-ca8f-4a50-8bfe-85615ce2bd02\">T\u00e9l\u00e9charger<\/a><\/div>\n\n\n\n<div class=\"wp-block-file\"><a id=\"wp-block-file--media-44df2ebb-a74b-4f0a-b89c-4dbb2b07e8be\" href=\"https:\/\/site.ac-martinique.fr\/circonscription-stesprit\/wp-content\/uploads\/sites\/91\/2022\/09\/Annexe-1-Les-textes-de-reference.docx\">Annexe-1-Les-textes-de-reference<\/a><a href=\"https:\/\/site.ac-martinique.fr\/circonscription-stesprit\/wp-content\/uploads\/sites\/91\/2022\/09\/Annexe-1-Les-textes-de-reference.docx\" class=\"wp-block-file__button wp-element-button\" download aria-describedby=\"wp-block-file--media-44df2ebb-a74b-4f0a-b89c-4dbb2b07e8be\">T\u00e9l\u00e9charger<\/a><\/div>\n\n\n\n<ul class=\"wp-block-list\">\n<li>Circulaire \u00a0\u00bb Test salivaires\u00a0\u00bb mars 2021<\/li>\n<\/ul>\n\n\n\n<div class=\"wp-block-file\"><a id=\"wp-block-file--media-374da741-2bd5-40e3-8a34-f825d548e393\" href=\"https:\/\/site.ac-martinique.fr\/circonscription-stesprit\/wp-content\/uploads\/sites\/91\/2021\/06\/Circulaire_test_salivaire_1395026.pdf\">Circulaire_test_salivaire_1395026<\/a><a href=\"https:\/\/site.ac-martinique.fr\/circonscription-stesprit\/wp-content\/uploads\/sites\/91\/2021\/06\/Circulaire_test_salivaire_1395026.pdf\" class=\"wp-block-file__button wp-element-button\" download aria-describedby=\"wp-block-file--media-374da741-2bd5-40e3-8a34-f825d548e393\">T\u00e9l\u00e9charger<\/a><\/div>\n\n\n\n<p><\/p>\n\n\n\n<h2 class=\"wp-block-heading alignwide has-vivid-red-background-color has-background\"><mark style=\"background-color:rgba(0, 0, 0, 0)\" class=\"has-inline-color has-red-color\">Notes de services<\/mark><\/h2>\n\n\n\n<ul class=\"wp-block-list\">\n<li>NOTE DE SERVICE N\u00b03 &#8211; 24 MARS 2025<\/li>\n<\/ul>\n\n\n\n<div data-wp-interactive=\"core\/file\" class=\"wp-block-file\"><object data-wp-bind--hidden=\"!state.hasPdfPreview\" hidden class=\"wp-block-file__embed\" data=\"https:\/\/site.ac-martinique.fr\/circonscription-stesprit\/wp-content\/uploads\/sites\/91\/2025\/03\/Note-de-service-n\u00b03_2024-2025.pdf\" type=\"application\/pdf\" style=\"width:100%;height:600px\" aria-label=\"Contenu embarqu\u00e9 Note de service n\u00b03_2024-2025.\"><\/object><a id=\"wp-block-file--media-46bf8dd9-363f-4c67-9e07-65df8bc771c3\" href=\"https:\/\/site.ac-martinique.fr\/circonscription-stesprit\/wp-content\/uploads\/sites\/91\/2025\/03\/Note-de-service-n\u00b03_2024-2025.pdf\">Note de service n\u00b03_2024-2025<\/a><a href=\"https:\/\/site.ac-martinique.fr\/circonscription-stesprit\/wp-content\/uploads\/sites\/91\/2025\/03\/Note-de-service-n\u00b03_2024-2025.pdf\" class=\"wp-block-file__button wp-element-button\" download aria-describedby=\"wp-block-file--media-46bf8dd9-363f-4c67-9e07-65df8bc771c3\">T\u00e9l\u00e9charger<\/a><\/div>\n\n\n\n<ul class=\"wp-block-list\">\n<li>Ci-dessous la note de service du N\u00b03_29- 02-24<\/li>\n<\/ul>\n\n\n\n<div class=\"wp-block-group\"><div class=\"wp-block-group__inner-container is-layout-constrained wp-block-group-is-layout-constrained\">\n<div class=\"wp-block-columns is-layout-flex wp-container-core-columns-is-layout-abceabcf wp-block-columns-is-layout-flex\">\n<div class=\"wp-block-column is-layout-flow wp-block-column-is-layout-flow\" style=\"--col-width:100%;flex-basis:100%\">\n<div class=\"wp-block-group\"><div class=\"wp-block-group__inner-container is-layout-constrained wp-block-group-is-layout-constrained\">\n<div class=\"wp-block-file\"><a id=\"wp-block-file--media-7628eed9-ce2b-4c2f-929d-a567aabc98f2\" href=\"https:\/\/site.ac-martinique.fr\/circonscription-stesprit\/wp-content\/uploads\/sites\/91\/2024\/03\/Note-de-service-3_V02-24.pdf\">Note-de-service-3_V02-24<\/a><a href=\"https:\/\/site.ac-martinique.fr\/circonscription-stesprit\/wp-content\/uploads\/sites\/91\/2024\/03\/Note-de-service-3_V02-24.pdf\" class=\"wp-block-file__button wp-element-button\" download aria-describedby=\"wp-block-file--media-7628eed9-ce2b-4c2f-929d-a567aabc98f2\">T\u00e9l\u00e9charger<\/a><\/div>\n\n\n\n<div class=\"wp-block-file\"><a id=\"wp-block-file--media-9bf252bf-87dd-461b-b4b1-58b1b2f62c13\" href=\"https:\/\/site.ac-martinique.fr\/circonscription-stesprit\/wp-content\/uploads\/sites\/91\/2024\/03\/Annexe-1_Note-de-service-3_projet-academique-petits-matheux.pdf\">Annexe-1_Note-de-service-3_projet-academique-petits-matheux<\/a><a href=\"https:\/\/site.ac-martinique.fr\/circonscription-stesprit\/wp-content\/uploads\/sites\/91\/2024\/03\/Annexe-1_Note-de-service-3_projet-academique-petits-matheux.pdf\" class=\"wp-block-file__button wp-element-button\" download aria-describedby=\"wp-block-file--media-9bf252bf-87dd-461b-b4b1-58b1b2f62c13\">T\u00e9l\u00e9charger<\/a><\/div>\n\n\n\n<div class=\"wp-block-file\"><a id=\"wp-block-file--media-9c6872a3-84ab-4f2e-a598-9e41da971b99\" href=\"https:\/\/site.ac-martinique.fr\/circonscription-stesprit\/wp-content\/uploads\/sites\/91\/2024\/03\/Annexe-2_Note-de-service-3_referentiel-acadamique-petis-matheux-V.9.23.pdf\">Annexe-2_Note-de-service-3_referentiel-acadamique-petis-matheux-V.9.23<\/a><a href=\"https:\/\/site.ac-martinique.fr\/circonscription-stesprit\/wp-content\/uploads\/sites\/91\/2024\/03\/Annexe-2_Note-de-service-3_referentiel-acadamique-petis-matheux-V.9.23.pdf\" class=\"wp-block-file__button wp-element-button\" download aria-describedby=\"wp-block-file--media-9c6872a3-84ab-4f2e-a598-9e41da971b99\">T\u00e9l\u00e9charger<\/a><\/div>\n\n\n\n<div class=\"wp-block-file\"><a id=\"wp-block-file--media-4e983a88-cc13-4dc4-a240-c51423f65373\" href=\"https:\/\/site.ac-martinique.fr\/circonscription-stesprit\/wp-content\/uploads\/sites\/91\/2024\/03\/Annexe-3_Note-de-service-3_fiche-action-Raconte-moi-une-histoire.pdf\">Annexe-3_Note-de-service-3_fiche-action-Raconte-moi-une-histoire<\/a><a href=\"https:\/\/site.ac-martinique.fr\/circonscription-stesprit\/wp-content\/uploads\/sites\/91\/2024\/03\/Annexe-3_Note-de-service-3_fiche-action-Raconte-moi-une-histoire.pdf\" class=\"wp-block-file__button wp-element-button\" download aria-describedby=\"wp-block-file--media-4e983a88-cc13-4dc4-a240-c51423f65373\">T\u00e9l\u00e9charger<\/a><\/div>\n\n\n\n<div class=\"wp-block-file\"><a id=\"wp-block-file--media-ecfef5fe-b980-4371-8e8d-c5739261d291\" href=\"https:\/\/site.ac-martinique.fr\/circonscription-stesprit\/wp-content\/uploads\/sites\/91\/2024\/03\/Annexe-4_Note-de-service-3_Fiche-action-Raconte-moi-un-probleme.docx.pdf\">Annexe-4_Note-de-service-3_Fiche-action-Raconte-moi-un-probleme.docx<\/a><a href=\"https:\/\/site.ac-martinique.fr\/circonscription-stesprit\/wp-content\/uploads\/sites\/91\/2024\/03\/Annexe-4_Note-de-service-3_Fiche-action-Raconte-moi-un-probleme.docx.pdf\" class=\"wp-block-file__button wp-element-button\" download aria-describedby=\"wp-block-file--media-ecfef5fe-b980-4371-8e8d-c5739261d291\">T\u00e9l\u00e9charger<\/a><\/div>\n\n\n\n<div class=\"wp-block-file\"><a id=\"wp-block-file--media-ea0d3774-c15f-42c4-ba40-c0d31797d25f\" href=\"https:\/\/site.ac-martinique.fr\/circonscription-stesprit\/wp-content\/uploads\/sites\/91\/2024\/03\/Annexe-5_Note-de-service-3_PROGRAMMATION-RP-CYCLE-2-VF-09.23.pdf\">Annexe-5_Note-de-service-3_PROGRAMMATION-RP-CYCLE-2-VF-09.23<\/a><a href=\"https:\/\/site.ac-martinique.fr\/circonscription-stesprit\/wp-content\/uploads\/sites\/91\/2024\/03\/Annexe-5_Note-de-service-3_PROGRAMMATION-RP-CYCLE-2-VF-09.23.pdf\" class=\"wp-block-file__button wp-element-button\" download aria-describedby=\"wp-block-file--media-ea0d3774-c15f-42c4-ba40-c0d31797d25f\">T\u00e9l\u00e9charger<\/a><\/div>\n\n\n\n<div class=\"wp-block-file\"><a id=\"wp-block-file--media-1ce90b3b-3dda-46fe-832c-c10c796c1be0\" href=\"https:\/\/site.ac-martinique.fr\/circonscription-stesprit\/wp-content\/uploads\/sites\/91\/2024\/03\/Annexe-6_Note-de-service-3_PROGRAMMATION-RP-CYCLE-3-VF-15.09.23.pdf\">Annexe-6_Note-de-service-3_PROGRAMMATION-RP-CYCLE-3-VF-15.09.23<\/a><a href=\"https:\/\/site.ac-martinique.fr\/circonscription-stesprit\/wp-content\/uploads\/sites\/91\/2024\/03\/Annexe-6_Note-de-service-3_PROGRAMMATION-RP-CYCLE-3-VF-15.09.23.pdf\" class=\"wp-block-file__button wp-element-button\" download aria-describedby=\"wp-block-file--media-1ce90b3b-3dda-46fe-832c-c10c796c1be0\">T\u00e9l\u00e9charger<\/a><\/div>\n<\/div><\/div>\n<\/div>\n<\/div>\n<\/div><\/div>\n\n\n\n<ul class=\"wp-block-list\">\n<li>Ci-dessous la note de service n\u00b03 &#8211; 4 novembre 2021:<\/li>\n<\/ul>\n\n\n\n<div class=\"wp-block-file\"><a id=\"wp-block-file--media-f6ecedde-baa5-4ffc-b8d5-4d8b69dcfc1e\" href=\"https:\/\/site.ac-martinique.fr\/circonscription-stesprit\/wp-content\/uploads\/sites\/91\/2022\/01\/Note-de-service-n\u00b03_PPCR_2021-2022-1.pdf\">Note-de-service-n\u00b03_PPCR_2021-2022-1<\/a><a href=\"https:\/\/site.ac-martinique.fr\/circonscription-stesprit\/wp-content\/uploads\/sites\/91\/2022\/01\/Note-de-service-n\u00b03_PPCR_2021-2022-1.pdf\" class=\"wp-block-file__button wp-element-button\" download aria-describedby=\"wp-block-file--media-f6ecedde-baa5-4ffc-b8d5-4d8b69dcfc1e\">T\u00e9l\u00e9charger<\/a><\/div>\n\n\n\n<ul class=\"wp-block-list\">\n<li>Ci-dessous la note de service n\u00b02 &#8211; 17 novembre 2021<\/li>\n<\/ul>\n\n\n\n<div class=\"wp-block-file\"><a id=\"wp-block-file--media-52ba135a-4359-45d4-8187-66065152083a\" href=\"https:\/\/site.ac-martinique.fr\/circonscription-stesprit\/wp-content\/uploads\/sites\/91\/2022\/01\/Note-de-service-2_V12-21.pdf\">Note-de-service-2_V12-21<\/a><a href=\"https:\/\/site.ac-martinique.fr\/circonscription-stesprit\/wp-content\/uploads\/sites\/91\/2022\/01\/Note-de-service-2_V12-21.pdf\" class=\"wp-block-file__button wp-element-button\" download aria-describedby=\"wp-block-file--media-52ba135a-4359-45d4-8187-66065152083a\">T\u00e9l\u00e9charger<\/a><\/div>\n\n\n\n<ul class=\"wp-block-list\">\n<li>Ci-dessous, la note de service n\u00b01 &#8211; 8novembre 2021<\/li>\n<\/ul>\n\n\n\n<div class=\"wp-block-file\"><a id=\"wp-block-file--media-5a406b4d-4ca0-4685-9a18-b52db0044632\" href=\"https:\/\/site.ac-martinique.fr\/circonscription-stesprit\/wp-content\/uploads\/sites\/91\/2022\/01\/Note-de-service-1_V9-9-21.pdf\">Note-de-service-1_V9-9-21<\/a><a href=\"https:\/\/site.ac-martinique.fr\/circonscription-stesprit\/wp-content\/uploads\/sites\/91\/2022\/01\/Note-de-service-1_V9-9-21.pdf\" class=\"wp-block-file__button wp-element-button\" download aria-describedby=\"wp-block-file--media-5a406b4d-4ca0-4685-9a18-b52db0044632\">T\u00e9l\u00e9charger<\/a><\/div>\n\n\n\n<h2 class=\"wp-block-heading alignwide has-vivid-red-background-color has-background\"><mark style=\"background-color:rgba(0, 0, 0, 0)\" class=\"has-inline-color has-red-color\">Documents administratifs divers <\/mark>: <\/h2>\n\n\n\n<ul class=\"wp-block-list\">\n<li>FORMATION PIX + EDU<\/li>\n<\/ul>\n\n\n\n<p><strong>Le parcours d\u2019auto-positionnement Pix+ \u00c9du<\/strong>&nbsp; offre la possibilit\u00e9, sur la base du volontariat et en moins de deux heures, de d\u00e9couvrir le dispositif Pix+ \u00c9du, de se situer dans la ma\u00eetrise des comp\u00e9tences num\u00e9riques pour l\u2019\u00e9ducation, et d\u2019acc\u00e9der \u00e0 des ressources de formation en ligne.<\/p>\n\n\n\n<div data-wp-interactive=\"core\/file\" class=\"wp-block-file\"><object data-wp-bind--hidden=\"!state.hasPdfPreview\" hidden class=\"wp-block-file__embed\" data=\"https:\/\/site.ac-martinique.fr\/circonscription-stesprit\/wp-content\/uploads\/sites\/91\/2023\/09\/Aux-enseignants-Auto-positionnement-Pix-Edu-2023.pdf\" type=\"application\/pdf\" style=\"width:100%;height:600px\" aria-label=\"Contenu embarqu\u00e9 Aux-enseignants-Auto-positionnement-Pix-Edu-2023.\"><\/object><a id=\"wp-block-file--media-90134b30-11d3-4b86-8d86-ebe28dcbf32b\" href=\"https:\/\/site.ac-martinique.fr\/circonscription-stesprit\/wp-content\/uploads\/sites\/91\/2023\/09\/Aux-enseignants-Auto-positionnement-Pix-Edu-2023.pdf\">Aux-enseignants-Auto-positionnement-Pix-Edu-2023<\/a><a href=\"https:\/\/site.ac-martinique.fr\/circonscription-stesprit\/wp-content\/uploads\/sites\/91\/2023\/09\/Aux-enseignants-Auto-positionnement-Pix-Edu-2023.pdf\" class=\"wp-block-file__button wp-element-button\" download aria-describedby=\"wp-block-file--media-90134b30-11d3-4b86-8d86-ebe28dcbf32b\">T\u00e9l\u00e9charger<\/a><\/div>\n\n\n\n<h2 class=\"wp-block-heading alignwide has-vivid-red-background-color has-background\"><mark style=\"background-color:rgba(0, 0, 0, 0)\" class=\"has-inline-color has-red-color\">Calendrier scolaire de l&rsquo;ann\u00e9e 2025-2026<\/mark><\/h2>\n\n\n\n<p><a href=\"https:\/\/www.ac-martinique.fr\/le-calendrier-scolaire-121727\">Le calendrier scolaire | Acad\u00e9mie de Martinique (ac-martinique.fr)<\/a><\/p>\n\n\n\n<figure class=\"wp-block-image size-full\"><img loading=\"lazy\" decoding=\"async\" width=\"686\" height=\"777\" src=\"https:\/\/site.ac-martinique.fr\/circonscription-stesprit\/wp-content\/uploads\/sites\/91\/2025\/09\/image.png\" alt=\"\" class=\"wp-image-1094\" srcset=\"https:\/\/site.ac-martinique.fr\/circonscription-stesprit\/wp-content\/uploads\/sites\/91\/2025\/09\/image.png 686w, https:\/\/site.ac-martinique.fr\/circonscription-stesprit\/wp-content\/uploads\/sites\/91\/2025\/09\/image-265x300.png 265w\" sizes=\"auto, (max-width: 686px) 100vw, 686px\" \/><\/figure>\n\n\n\n<p><\/p>\n\n\n\n<p><\/p>\n\n\n\n<p><\/p>\n\n\n\n<p><\/p>\n\n\n\n<div class=\"wp-block-file\"><a id=\"wp-block-file--media-79a1c48a-8b2e-4722-8af7-ee7b0bf507e0\" href=\"https:\/\/site.ac-martinique.fr\/circonscription-stesprit\/wp-content\/uploads\/sites\/91\/2023\/09\/consulter-l-arr-t-du-21-mars-2023-19337.pdf\">consulter-l-arr-t-du-21-mars-2023-19337<\/a><a href=\"https:\/\/site.ac-martinique.fr\/circonscription-stesprit\/wp-content\/uploads\/sites\/91\/2023\/09\/consulter-l-arr-t-du-21-mars-2023-19337.pdf\" class=\"wp-block-file__button wp-element-button\" download aria-describedby=\"wp-block-file--media-79a1c48a-8b2e-4722-8af7-ee7b0bf507e0\">T\u00e9l\u00e9charger<\/a><\/div>\n","protected":false},"excerpt":{"rendered":"<p>Circulaires Parue au Bulletin officiel du 3 juillet 2025, la circulaire de rentr\u00e9e pr\u00e9cise les priorit\u00e9s pour l\u2019ann\u00e9e scolaire 2025-2026. &hellip; <\/p>\n<p class=\"link-more\"><a href=\"https:\/\/site.ac-martinique.fr\/circonscription-stesprit\/?page_id=17\" class=\"more-link\">Lire la suite&#8230;<span class=\"screen-reader-text\"> \u00ab\u00a0Administratif\u00a0\u00bb<\/span><\/a><\/p>\n","protected":false},"author":235,"featured_media":0,"parent":0,"menu_order":2,"comment_status":"closed","ping_status":"closed","template":"","meta":{"footnotes":""},"class_list":["post-17","page","type-page","status-publish","hentry"],"_links":{"self":[{"href":"https:\/\/site.ac-martinique.fr\/circonscription-stesprit\/index.php?rest_route=\/wp\/v2\/pages\/17","targetHints":{"allow":["GET"]}}],"collection":[{"href":"https:\/\/site.ac-martinique.fr\/circonscription-stesprit\/index.php?rest_route=\/wp\/v2\/pages"}],"about":[{"href":"https:\/\/site.ac-martinique.fr\/circonscription-stesprit\/index.php?rest_route=\/wp\/v2\/types\/page"}],"author":[{"embeddable":true,"href":"https:\/\/site.ac-martinique.fr\/circonscription-stesprit\/index.php?rest_route=\/wp\/v2\/users\/235"}],"replies":[{"embeddable":true,"href":"https:\/\/site.ac-martinique.fr\/circonscription-stesprit\/index.php?rest_route=%2Fwp%2Fv2%2Fcomments&post=17"}],"version-history":[{"count":34,"href":"https:\/\/site.ac-martinique.fr\/circonscription-stesprit\/index.php?rest_route=\/wp\/v2\/pages\/17\/revisions"}],"predecessor-version":[{"id":1099,"href":"https:\/\/site.ac-martinique.fr\/circonscription-stesprit\/index.php?rest_route=\/wp\/v2\/pages\/17\/revisions\/1099"}],"wp:attachment":[{"href":"https:\/\/site.ac-martinique.fr\/circonscription-stesprit\/index.php?rest_route=%2Fwp%2Fv2%2Fmedia&parent=17"}],"curies":[{"name":"wp","href":"https:\/\/api.w.org\/{rel}","templated":true}]}}