{"id":521,"date":"2024-03-04T15:02:10","date_gmt":"2024-03-04T14:02:10","guid":{"rendered":"https:\/\/site.ac-martinique.fr\/circonscription-stesprit\/?page_id=521"},"modified":"2025-07-01T18:44:31","modified_gmt":"2025-07-01T16:44:31","slug":"mathematiques","status":"publish","type":"page","link":"https:\/\/site.ac-martinique.fr\/circonscription-stesprit\/?page_id=521","title":{"rendered":"Math\u00e9matiques"},"content":{"rendered":"\n<figure class=\"wp-block-gallery has-nested-images columns-default is-cropped wp-block-gallery-1 is-layout-flex wp-block-gallery-is-layout-flex\">\n<figure class=\"wp-block-image size-large\"><img loading=\"lazy\" decoding=\"async\" width=\"1024\" height=\"768\" data-id=\"664\" src=\"https:\/\/site.ac-martinique.fr\/circonscription-stesprit\/wp-content\/uploads\/sites\/91\/2024\/05\/GEjD6aeW8AAySPH-1024x768.jpg\" alt=\"\" class=\"wp-image-664\" srcset=\"https:\/\/site.ac-martinique.fr\/circonscription-stesprit\/wp-content\/uploads\/sites\/91\/2024\/05\/GEjD6aeW8AAySPH-1024x768.jpg 1024w, https:\/\/site.ac-martinique.fr\/circonscription-stesprit\/wp-content\/uploads\/sites\/91\/2024\/05\/GEjD6aeW8AAySPH-300x225.jpg 300w, https:\/\/site.ac-martinique.fr\/circonscription-stesprit\/wp-content\/uploads\/sites\/91\/2024\/05\/GEjD6aeW8AAySPH-768x576.jpg 768w, https:\/\/site.ac-martinique.fr\/circonscription-stesprit\/wp-content\/uploads\/sites\/91\/2024\/05\/GEjD6aeW8AAySPH-1536x1152.jpg 1536w, https:\/\/site.ac-martinique.fr\/circonscription-stesprit\/wp-content\/uploads\/sites\/91\/2024\/05\/GEjD6aeW8AAySPH.jpg 2016w\" sizes=\"auto, (max-width: 767px) 89vw, (max-width: 1000px) 54vw, (max-width: 1071px) 543px, 580px\" \/><\/figure>\n<\/figure>\n\n\n<ul class=\"wp-block-latest-posts__list is-grid columns-3 wp-block-latest-posts\"><li><div class=\"wp-block-latest-posts__featured-image\"><img loading=\"lazy\" decoding=\"async\" width=\"150\" height=\"150\" src=\"https:\/\/site.ac-martinique.fr\/circonscription-stesprit\/wp-content\/uploads\/sites\/91\/2026\/02\/math-flash-150x150.jpg\" class=\"attachment-thumbnail size-thumbnail wp-post-image\" alt=\"\" style=\"\" srcset=\"https:\/\/site.ac-martinique.fr\/circonscription-stesprit\/wp-content\/uploads\/sites\/91\/2026\/02\/math-flash-150x150.jpg 150w, https:\/\/site.ac-martinique.fr\/circonscription-stesprit\/wp-content\/uploads\/sites\/91\/2026\/02\/math-flash-100x100.jpg 100w\" sizes=\"auto, 100vw\" \/><\/div><a class=\"wp-block-latest-posts__post-title\" href=\"https:\/\/site.ac-martinique.fr\/circonscription-stesprit\/?p=1234\">MATH&rsquo;FLASH :<\/a><div class=\"wp-block-latest-posts__post-excerpt\">Lettre d&rsquo;actualit\u00e9s des math\u00e9matiques de la circonscription<\/div><\/li>\n<li><div class=\"wp-block-latest-posts__featured-image\"><img loading=\"lazy\" decoding=\"async\" width=\"150\" height=\"150\" src=\"https:\/\/site.ac-martinique.fr\/circonscription-stesprit\/wp-content\/uploads\/sites\/91\/2025\/07\/image-4-150x150.png\" class=\"attachment-thumbnail size-thumbnail wp-post-image\" alt=\"\" style=\"\" srcset=\"https:\/\/site.ac-martinique.fr\/circonscription-stesprit\/wp-content\/uploads\/sites\/91\/2025\/07\/image-4-150x150.png 150w, https:\/\/site.ac-martinique.fr\/circonscription-stesprit\/wp-content\/uploads\/sites\/91\/2025\/07\/image-4-100x100.png 100w\" sizes=\"auto, 100vw\" \/><\/div><a class=\"wp-block-latest-posts__post-title\" href=\"https:\/\/site.ac-martinique.fr\/circonscription-stesprit\/?p=1046\">Action de circonscription \u00ab\u00a0Raconte moi un probl\u00e8me\u00a0\u00bb<\/a><div class=\"wp-block-latest-posts__post-excerpt\">Retrouvez ici les documents relatifs \u00e0 l&rsquo;action de circonscription \u00ab\u00a0Raconte moi un probl\u00e8me\u00a0\u00bb<\/div><\/li>\n<li><div class=\"wp-block-latest-posts__featured-image\"><img loading=\"lazy\" decoding=\"async\" width=\"150\" height=\"150\" src=\"https:\/\/site.ac-martinique.fr\/circonscription-stesprit\/wp-content\/uploads\/sites\/91\/2025\/07\/image-3-150x150.png\" class=\"attachment-thumbnail size-thumbnail wp-post-image\" alt=\"\" style=\"\" srcset=\"https:\/\/site.ac-martinique.fr\/circonscription-stesprit\/wp-content\/uploads\/sites\/91\/2025\/07\/image-3-150x150.png 150w, https:\/\/site.ac-martinique.fr\/circonscription-stesprit\/wp-content\/uploads\/sites\/91\/2025\/07\/image-3-100x100.png 100w\" sizes=\"auto, 100vw\" \/><\/div><a class=\"wp-block-latest-posts__post-title\" href=\"https:\/\/site.ac-martinique.fr\/circonscription-stesprit\/?p=1034\">Actions Petits Matheux<\/a><div class=\"wp-block-latest-posts__post-excerpt\">Retrouvez ici le flyer et le projet acad\u00e9mique de l&rsquo;action Petits Matheux<\/div><\/li>\n<li><div class=\"wp-block-latest-posts__featured-image\"><img loading=\"lazy\" decoding=\"async\" width=\"150\" height=\"150\" src=\"https:\/\/site.ac-martinique.fr\/circonscription-stesprit\/wp-content\/uploads\/sites\/91\/2025\/07\/image-2-150x150.png\" class=\"attachment-thumbnail size-thumbnail wp-post-image\" alt=\"\" style=\"\" srcset=\"https:\/\/site.ac-martinique.fr\/circonscription-stesprit\/wp-content\/uploads\/sites\/91\/2025\/07\/image-2-150x150.png 150w, https:\/\/site.ac-martinique.fr\/circonscription-stesprit\/wp-content\/uploads\/sites\/91\/2025\/07\/image-2-100x100.png 100w\" sizes=\"auto, 100vw\" \/><\/div><a class=\"wp-block-latest-posts__post-title\" href=\"https:\/\/site.ac-martinique.fr\/circonscription-stesprit\/?p=1031\">Spelling Numbers au CE1<\/a><div class=\"wp-block-latest-posts__post-excerpt\">article en cours de cr\u00e9ation&#8230;<\/div><\/li>\n<li><div class=\"wp-block-latest-posts__featured-image\"><img loading=\"lazy\" decoding=\"async\" width=\"150\" height=\"150\" src=\"https:\/\/site.ac-martinique.fr\/circonscription-stesprit\/wp-content\/uploads\/sites\/91\/2025\/07\/image-1-150x150.png\" class=\"attachment-thumbnail size-thumbnail wp-post-image\" alt=\"\" style=\"\" srcset=\"https:\/\/site.ac-martinique.fr\/circonscription-stesprit\/wp-content\/uploads\/sites\/91\/2025\/07\/image-1-150x150.png 150w, https:\/\/site.ac-martinique.fr\/circonscription-stesprit\/wp-content\/uploads\/sites\/91\/2025\/07\/image-1-100x100.png 100w\" sizes=\"auto, 100vw\" \/><\/div><a class=\"wp-block-latest-posts__post-title\" href=\"https:\/\/site.ac-martinique.fr\/circonscription-stesprit\/?p=1006\">Spelling numbers au CP<\/a><div class=\"wp-block-latest-posts__post-excerpt\">Vous trouverez ci-dessous disponible en t\u00e9l\u00e9chargement les diaporamas minut\u00e9s et les corrections des Spelling Numbers niveau CP<\/div><\/li>\n<\/ul>\n\n\n<div style=\"height:100px\" aria-hidden=\"true\" class=\"wp-block-spacer\"><\/div>\n\n\n\n<h2 class=\"wp-block-heading has-light-brown-background-color has-background\">Des ressources en math\u00e9matiques<\/h2>\n\n\n\n<div data-wp-interactive=\"core\/file\" class=\"wp-block-file\"><object data-wp-bind--hidden=\"!state.hasPdfPreview\" hidden class=\"wp-block-file__embed\" data=\"https:\/\/site.ac-martinique.fr\/circonscription-stesprit\/wp-content\/uploads\/sites\/91\/2024\/10\/Ressources-mathematiques-septembre-2024-1.pdf\" type=\"application\/pdf\" style=\"width:100%;height:600px\" aria-label=\"Contenu embarqu\u00e9 Ressources math\u00e9matiques septembre 2024 (1).\"><\/object><a id=\"wp-block-file--media-c4754aa9-f7e9-4b20-a9eb-05c37d7e8639\" href=\"https:\/\/site.ac-martinique.fr\/circonscription-stesprit\/wp-content\/uploads\/sites\/91\/2024\/10\/Ressources-mathematiques-septembre-2024-1.pdf\">Ressources math\u00e9matiques septembre 2024 (1)<\/a><a href=\"https:\/\/site.ac-martinique.fr\/circonscription-stesprit\/wp-content\/uploads\/sites\/91\/2024\/10\/Ressources-mathematiques-septembre-2024-1.pdf\" class=\"wp-block-file__button wp-element-button\" download aria-describedby=\"wp-block-file--media-c4754aa9-f7e9-4b20-a9eb-05c37d7e8639\">T\u00e9l\u00e9charger<\/a><\/div>\n\n\n\n<ul class=\"wp-block-list\">\n<li><strong>Ressources d&rsquo;accompagnements et du p\u00f4le Martinique, guides&#8230;<\/strong><\/li>\n<\/ul>\n\n\n\n<div class=\"wp-block-file\"><a id=\"wp-block-file--media-2051555b-5140-49a0-97b6-8f50e54ceabf\" href=\"https:\/\/site.ac-martinique.fr\/circonscription-stesprit\/wp-content\/uploads\/sites\/91\/2024\/03\/RESSOURCES-POUR-ACCOMPAGNER-LES-ELEVES-EN-MATHEMATIQUES-1.docx\">RESSOURCES-POUR-ACCOMPAGNER-LES-ELEVES-EN-MATHEMATIQUES-1<\/a><a href=\"https:\/\/site.ac-martinique.fr\/circonscription-stesprit\/wp-content\/uploads\/sites\/91\/2024\/03\/RESSOURCES-POUR-ACCOMPAGNER-LES-ELEVES-EN-MATHEMATIQUES-1.docx\" class=\"wp-block-file__button wp-element-button\" download aria-describedby=\"wp-block-file--media-2051555b-5140-49a0-97b6-8f50e54ceabf\">T\u00e9l\u00e9charger<\/a><\/div>\n\n\n\n<ul class=\"wp-block-list\">\n<li><strong>La Probl\u00e9math\u00e8que<\/strong><\/li>\n<\/ul>\n\n\n\n<p>La<a href=\"https:\/\/www.problematheque-csen.fr\/\"> plateforme<\/a> propose de nombreux probl\u00e8mes math\u00e9matiques pour tous les niveaux. <\/p>\n\n\n\n<p>Vid\u00e9o de pr\u00e9sentation:<\/p>\n\n\n\n<figure class=\"wp-block-video\"><video height=\"360\" style=\"aspect-ratio: 640 \/ 360;\" width=\"640\" controls src=\"https:\/\/site.ac-martinique.fr\/circonscription-stesprit\/wp-content\/uploads\/sites\/91\/2024\/04\/videoplayback.mp4\"><\/video><\/figure>\n\n\n\n<ul class=\"wp-block-list\">\n<li><strong>Rallyes et \u00e9nigmes math\u00e9matiques:<\/strong><\/li>\n<\/ul>\n\n\n\n<p>&#8211; Rallyes de la mission Math\u00e9matiques de Martinique<\/p>\n\n\n\n<p><a href=\"https:\/\/site.ac-martinique.fr\/pole-maths\/?page_id=904\">Rallyes | Ressources du Plan math\u00e9matiques 2018-2022 (ac-martinique.fr)<\/a><\/p>\n\n\n\n<blockquote class=\"wp-block-quote is-layout-flow wp-block-quote-is-layout-flow\">\n<p><\/p>\n<\/blockquote>\n\n\n\n<p>&#8211; Rallyes math\u00e9matiques sans fronti\u00e8re Occitanie-Pyr\u00e9n\u00e9es 2023-2024 du cycle 2 et du cycle 3<\/p>\n\n\n\n<p><a href=\"http:\/\/rallyemath-espe.univ-tlse2.fr\/archives.php\" target=\"_blank\" rel=\"noreferrer noopener\">http:\/\/rallyemath-espe.univ-tlse2.fr\/archives.php<\/a>&nbsp;&nbsp;<\/p>\n\n\n\n<p>-\u00c9nigmes propos\u00e9es par l&rsquo;acad\u00e9mie de Cr\u00e9teil (GS\/CP, CE1-CE2, CM)&nbsp;<\/p>\n\n\n\n<p><a href=\"https:\/\/ien-epinay.circo.ac-creteil.fr\/spip.php?page=article&amp;id_article=1795\" target=\"_blank\" rel=\"noreferrer noopener\">https:\/\/ien-epinay.circo.ac-creteil.fr\/spip.php?page=article&amp;id_article=1795<\/a><\/p>\n\n\n\n<ul class=\"wp-block-list\">\n<li><strong>Pauses Math\u00e9matiques ludiques :<\/strong><\/li>\n<\/ul>\n\n\n\n<p>Retrouvez des activit\u00e9s vari\u00e9es telles que \u00ab\u00a0les maths par l&rsquo;image\u00a0\u00bb, les promenades math\u00e9matiques, le mur des mots math\u00e9matiques, et d&rsquo;autres jeux sur le lien suivant :<\/p>\n\n\n\n<p><a href=\"https:\/\/digipad.app\/p\/866547\/cfa076183aa2d\">PAUSES MATHEMATIQUES LUDIQUES &#8211; Digipad by La Digitale<\/a><\/p>\n\n\n\n<figure class=\"wp-block-image size-large\"><img loading=\"lazy\" decoding=\"async\" width=\"1024\" height=\"397\" src=\"https:\/\/site.ac-martinique.fr\/circonscription-stesprit\/wp-content\/uploads\/sites\/91\/2024\/09\/image-1-1024x397.png\" alt=\"\" class=\"wp-image-780\" srcset=\"https:\/\/site.ac-martinique.fr\/circonscription-stesprit\/wp-content\/uploads\/sites\/91\/2024\/09\/image-1-1024x397.png 1024w, https:\/\/site.ac-martinique.fr\/circonscription-stesprit\/wp-content\/uploads\/sites\/91\/2024\/09\/image-1-300x116.png 300w, https:\/\/site.ac-martinique.fr\/circonscription-stesprit\/wp-content\/uploads\/sites\/91\/2024\/09\/image-1-768x298.png 768w, https:\/\/site.ac-martinique.fr\/circonscription-stesprit\/wp-content\/uploads\/sites\/91\/2024\/09\/image-1-1536x595.png 1536w, https:\/\/site.ac-martinique.fr\/circonscription-stesprit\/wp-content\/uploads\/sites\/91\/2024\/09\/image-1.png 1809w\" sizes=\"auto, (max-width: 767px) 89vw, (max-width: 1000px) 54vw, (max-width: 1071px) 543px, 580px\" \/><\/figure>\n\n\n\n<h2 class=\"wp-block-heading has-light-brown-background-color has-background\"><\/h2>\n\n\n\n<h2 class=\"wp-block-heading has-light-brown-background-color has-background\"><\/h2>\n","protected":false},"excerpt":{"rendered":"<p>Des ressources en math\u00e9matiques La plateforme propose de nombreux probl\u00e8mes math\u00e9matiques pour tous les niveaux. Vid\u00e9o de pr\u00e9sentation: &#8211; Rallyes &hellip; <\/p>\n<p class=\"link-more\"><a href=\"https:\/\/site.ac-martinique.fr\/circonscription-stesprit\/?page_id=521\" class=\"more-link\">Lire la suite&#8230;<span class=\"screen-reader-text\"> \u00ab\u00a0Math\u00e9matiques\u00a0\u00bb<\/span><\/a><\/p>\n","protected":false},"author":235,"featured_media":0,"parent":0,"menu_order":0,"comment_status":"closed","ping_status":"closed","template":"","meta":{"footnotes":""},"class_list":["post-521","page","type-page","status-publish","hentry"],"_links":{"self":[{"href":"https:\/\/site.ac-martinique.fr\/circonscription-stesprit\/index.php?rest_route=\/wp\/v2\/pages\/521","targetHints":{"allow":["GET"]}}],"collection":[{"href":"https:\/\/site.ac-martinique.fr\/circonscription-stesprit\/index.php?rest_route=\/wp\/v2\/pages"}],"about":[{"href":"https:\/\/site.ac-martinique.fr\/circonscription-stesprit\/index.php?rest_route=\/wp\/v2\/types\/page"}],"author":[{"embeddable":true,"href":"https:\/\/site.ac-martinique.fr\/circonscription-stesprit\/index.php?rest_route=\/wp\/v2\/users\/235"}],"replies":[{"embeddable":true,"href":"https:\/\/site.ac-martinique.fr\/circonscription-stesprit\/index.php?rest_route=%2Fwp%2Fv2%2Fcomments&post=521"}],"version-history":[{"count":26,"href":"https:\/\/site.ac-martinique.fr\/circonscription-stesprit\/index.php?rest_route=\/wp\/v2\/pages\/521\/revisions"}],"predecessor-version":[{"id":1053,"href":"https:\/\/site.ac-martinique.fr\/circonscription-stesprit\/index.php?rest_route=\/wp\/v2\/pages\/521\/revisions\/1053"}],"wp:attachment":[{"href":"https:\/\/site.ac-martinique.fr\/circonscription-stesprit\/index.php?rest_route=%2Fwp%2Fv2%2Fmedia&parent=521"}],"curies":[{"name":"wp","href":"https:\/\/api.w.org\/{rel}","templated":true}]}}