{"id":543,"date":"2024-03-11T14:29:27","date_gmt":"2024-03-11T13:29:27","guid":{"rendered":"https:\/\/site.ac-martinique.fr\/circonscription-stesprit\/?page_id=543"},"modified":"2025-02-06T22:26:31","modified_gmt":"2025-02-06T21:26:31","slug":"numerique-en-cours","status":"publish","type":"page","link":"https:\/\/site.ac-martinique.fr\/circonscription-stesprit\/?page_id=543","title":{"rendered":"Num\u00e9rique"},"content":{"rendered":"\n<h2 class=\"wp-block-heading has-light-brown-background-color has-background\">Le num\u00e9rique en photos<\/h2>\n\n\n\n<p><\/p>\n\n\n\n<figure class=\"wp-block-gallery has-nested-images columns-default is-cropped wp-block-gallery-1 is-layout-flex wp-block-gallery-is-layout-flex\">\n<figure class=\"wp-block-image size-large\"><img loading=\"lazy\" decoding=\"async\" width=\"1024\" height=\"768\" data-id=\"562\" src=\"https:\/\/site.ac-martinique.fr\/circonscription-stesprit\/wp-content\/uploads\/sites\/91\/2024\/03\/FyL577TXsAgKDc5-1024x768.jpg\" alt=\"\" class=\"wp-image-562\" srcset=\"https:\/\/site.ac-martinique.fr\/circonscription-stesprit\/wp-content\/uploads\/sites\/91\/2024\/03\/FyL577TXsAgKDc5-1024x768.jpg 1024w, https:\/\/site.ac-martinique.fr\/circonscription-stesprit\/wp-content\/uploads\/sites\/91\/2024\/03\/FyL577TXsAgKDc5-300x225.jpg 300w, https:\/\/site.ac-martinique.fr\/circonscription-stesprit\/wp-content\/uploads\/sites\/91\/2024\/03\/FyL577TXsAgKDc5-768x576.jpg 768w, https:\/\/site.ac-martinique.fr\/circonscription-stesprit\/wp-content\/uploads\/sites\/91\/2024\/03\/FyL577TXsAgKDc5-1536x1152.jpg 1536w, https:\/\/site.ac-martinique.fr\/circonscription-stesprit\/wp-content\/uploads\/sites\/91\/2024\/03\/FyL577TXsAgKDc5.jpg 2016w\" sizes=\"auto, (max-width: 767px) 89vw, (max-width: 1000px) 54vw, (max-width: 1071px) 543px, 580px\" \/><figcaption class=\"wp-element-caption\">Atelier prise en main de l&rsquo;ENT Colibri<\/figcaption><\/figure>\n\n\n\n<figure class=\"wp-block-image size-large\"><img loading=\"lazy\" decoding=\"async\" width=\"1024\" height=\"768\" data-id=\"563\" src=\"https:\/\/site.ac-martinique.fr\/circonscription-stesprit\/wp-content\/uploads\/sites\/91\/2024\/03\/Fz4Kvh-aYAA7cfB-1024x768.jpg\" alt=\"\" class=\"wp-image-563\" srcset=\"https:\/\/site.ac-martinique.fr\/circonscription-stesprit\/wp-content\/uploads\/sites\/91\/2024\/03\/Fz4Kvh-aYAA7cfB-1024x768.jpg 1024w, https:\/\/site.ac-martinique.fr\/circonscription-stesprit\/wp-content\/uploads\/sites\/91\/2024\/03\/Fz4Kvh-aYAA7cfB-300x225.jpg 300w, https:\/\/site.ac-martinique.fr\/circonscription-stesprit\/wp-content\/uploads\/sites\/91\/2024\/03\/Fz4Kvh-aYAA7cfB-768x576.jpg 768w, https:\/\/site.ac-martinique.fr\/circonscription-stesprit\/wp-content\/uploads\/sites\/91\/2024\/03\/Fz4Kvh-aYAA7cfB-1536x1152.jpg 1536w, https:\/\/site.ac-martinique.fr\/circonscription-stesprit\/wp-content\/uploads\/sites\/91\/2024\/03\/Fz4Kvh-aYAA7cfB.jpg 2016w\" sizes=\"auto, (max-width: 767px) 89vw, (max-width: 1000px) 54vw, (max-width: 1071px) 543px, 580px\" \/><figcaption class=\"wp-element-caption\">Pr\u00e9paration aux \u00e9valuations 6e, utilisation de la souris<\/figcaption><\/figure>\n<\/figure>\n\n\n\n<figure class=\"wp-block-gallery has-nested-images columns-default is-cropped wp-block-gallery-2 is-layout-flex wp-block-gallery-is-layout-flex\">\n<figure class=\"wp-block-image size-large\"><img loading=\"lazy\" decoding=\"async\" width=\"768\" height=\"1024\" data-id=\"566\" src=\"https:\/\/site.ac-martinique.fr\/circonscription-stesprit\/wp-content\/uploads\/sites\/91\/2024\/03\/F8zd9OiXwAAhrpN-768x1024.jpg\" alt=\"\" class=\"wp-image-566\" srcset=\"https:\/\/site.ac-martinique.fr\/circonscription-stesprit\/wp-content\/uploads\/sites\/91\/2024\/03\/F8zd9OiXwAAhrpN-768x1024.jpg 768w, https:\/\/site.ac-martinique.fr\/circonscription-stesprit\/wp-content\/uploads\/sites\/91\/2024\/03\/F8zd9OiXwAAhrpN-225x300.jpg 225w, https:\/\/site.ac-martinique.fr\/circonscription-stesprit\/wp-content\/uploads\/sites\/91\/2024\/03\/F8zd9OiXwAAhrpN-1152x1536.jpg 1152w, https:\/\/site.ac-martinique.fr\/circonscription-stesprit\/wp-content\/uploads\/sites\/91\/2024\/03\/F8zd9OiXwAAhrpN.jpg 1512w\" sizes=\"auto, (max-width: 767px) 89vw, (max-width: 1000px) 54vw, (max-width: 1071px) 543px, 580px\" \/><figcaption class=\"wp-element-caption\">Dict\u00e9e \u00e0 deux voix de la Transat Jacques Vabre<\/figcaption><\/figure>\n\n\n\n<figure class=\"wp-block-image size-large\"><img loading=\"lazy\" decoding=\"async\" width=\"768\" height=\"1024\" data-id=\"564\" src=\"https:\/\/site.ac-martinique.fr\/circonscription-stesprit\/wp-content\/uploads\/sites\/91\/2024\/03\/GA1XIw1WcAAK58L-768x1024.jpg\" alt=\"\" class=\"wp-image-564\" srcset=\"https:\/\/site.ac-martinique.fr\/circonscription-stesprit\/wp-content\/uploads\/sites\/91\/2024\/03\/GA1XIw1WcAAK58L-768x1024.jpg 768w, https:\/\/site.ac-martinique.fr\/circonscription-stesprit\/wp-content\/uploads\/sites\/91\/2024\/03\/GA1XIw1WcAAK58L-225x300.jpg 225w, https:\/\/site.ac-martinique.fr\/circonscription-stesprit\/wp-content\/uploads\/sites\/91\/2024\/03\/GA1XIw1WcAAK58L-1152x1536.jpg 1152w, https:\/\/site.ac-martinique.fr\/circonscription-stesprit\/wp-content\/uploads\/sites\/91\/2024\/03\/GA1XIw1WcAAK58L.jpg 1512w\" sizes=\"auto, (max-width: 767px) 89vw, (max-width: 1000px) 54vw, (max-width: 1071px) 543px, 580px\" \/><figcaption class=\"wp-element-caption\">Atelier de prise en main du nouveau mat\u00e9riel num\u00e9rique<\/figcaption><\/figure>\n\n\n\n<figure class=\"wp-block-image size-large\"><img loading=\"lazy\" decoding=\"async\" width=\"1024\" height=\"768\" data-id=\"567\" src=\"https:\/\/site.ac-martinique.fr\/circonscription-stesprit\/wp-content\/uploads\/sites\/91\/2024\/03\/GEjD6aXXQAApvpQ-1024x768.jpg\" alt=\"\" class=\"wp-image-567\" srcset=\"https:\/\/site.ac-martinique.fr\/circonscription-stesprit\/wp-content\/uploads\/sites\/91\/2024\/03\/GEjD6aXXQAApvpQ-1024x768.jpg 1024w, https:\/\/site.ac-martinique.fr\/circonscription-stesprit\/wp-content\/uploads\/sites\/91\/2024\/03\/GEjD6aXXQAApvpQ-300x225.jpg 300w, https:\/\/site.ac-martinique.fr\/circonscription-stesprit\/wp-content\/uploads\/sites\/91\/2024\/03\/GEjD6aXXQAApvpQ-768x576.jpg 768w, https:\/\/site.ac-martinique.fr\/circonscription-stesprit\/wp-content\/uploads\/sites\/91\/2024\/03\/GEjD6aXXQAApvpQ-1536x1152.jpg 1536w, https:\/\/site.ac-martinique.fr\/circonscription-stesprit\/wp-content\/uploads\/sites\/91\/2024\/03\/GEjD6aXXQAApvpQ.jpg 2016w\" sizes=\"auto, (max-width: 767px) 89vw, (max-width: 1000px) 54vw, (max-width: 1071px) 543px, 580px\" \/><figcaption class=\"wp-element-caption\">Entrainement autonome au calcul mental sur tablette<\/figcaption><\/figure>\n\n\n\n<figure class=\"wp-block-image size-large\"><img loading=\"lazy\" decoding=\"async\" width=\"1024\" height=\"768\" data-id=\"565\" src=\"https:\/\/site.ac-martinique.fr\/circonscription-stesprit\/wp-content\/uploads\/sites\/91\/2024\/03\/GFBEpqhWgAEf_7A-1024x768.jpg\" alt=\"\" class=\"wp-image-565\" srcset=\"https:\/\/site.ac-martinique.fr\/circonscription-stesprit\/wp-content\/uploads\/sites\/91\/2024\/03\/GFBEpqhWgAEf_7A-1024x768.jpg 1024w, https:\/\/site.ac-martinique.fr\/circonscription-stesprit\/wp-content\/uploads\/sites\/91\/2024\/03\/GFBEpqhWgAEf_7A-300x225.jpg 300w, https:\/\/site.ac-martinique.fr\/circonscription-stesprit\/wp-content\/uploads\/sites\/91\/2024\/03\/GFBEpqhWgAEf_7A-768x576.jpg 768w, https:\/\/site.ac-martinique.fr\/circonscription-stesprit\/wp-content\/uploads\/sites\/91\/2024\/03\/GFBEpqhWgAEf_7A-1536x1152.jpg 1536w, https:\/\/site.ac-martinique.fr\/circonscription-stesprit\/wp-content\/uploads\/sites\/91\/2024\/03\/GFBEpqhWgAEf_7A.jpg 2016w\" sizes=\"auto, (max-width: 767px) 89vw, (max-width: 1000px) 54vw, (max-width: 1071px) 543px, 580px\" \/><figcaption class=\"wp-element-caption\">Formation des \u00e9quipes aux ressources <\/figcaption><\/figure>\n\n\n\n<figure class=\"wp-block-image size-large\"><img loading=\"lazy\" decoding=\"async\" width=\"1024\" height=\"768\" data-id=\"569\" src=\"https:\/\/site.ac-martinique.fr\/circonscription-stesprit\/wp-content\/uploads\/sites\/91\/2024\/03\/GFkyMxQWsAAsjN6-1024x768.jpg\" alt=\"\" class=\"wp-image-569\" srcset=\"https:\/\/site.ac-martinique.fr\/circonscription-stesprit\/wp-content\/uploads\/sites\/91\/2024\/03\/GFkyMxQWsAAsjN6-1024x768.jpg 1024w, https:\/\/site.ac-martinique.fr\/circonscription-stesprit\/wp-content\/uploads\/sites\/91\/2024\/03\/GFkyMxQWsAAsjN6-300x225.jpg 300w, https:\/\/site.ac-martinique.fr\/circonscription-stesprit\/wp-content\/uploads\/sites\/91\/2024\/03\/GFkyMxQWsAAsjN6-768x576.jpg 768w, https:\/\/site.ac-martinique.fr\/circonscription-stesprit\/wp-content\/uploads\/sites\/91\/2024\/03\/GFkyMxQWsAAsjN6-1536x1152.jpg 1536w, https:\/\/site.ac-martinique.fr\/circonscription-stesprit\/wp-content\/uploads\/sites\/91\/2024\/03\/GFkyMxQWsAAsjN6.jpg 2016w\" sizes=\"auto, (max-width: 767px) 89vw, (max-width: 1000px) 54vw, (max-width: 1071px) 543px, 580px\" \/><figcaption class=\"wp-element-caption\">Atelier num\u00e9rique en inter degr\u00e9<\/figcaption><\/figure>\n\n\n\n<figure class=\"wp-block-image size-large\"><img loading=\"lazy\" decoding=\"async\" width=\"1024\" height=\"768\" data-id=\"568\" src=\"https:\/\/site.ac-martinique.fr\/circonscription-stesprit\/wp-content\/uploads\/sites\/91\/2024\/03\/GF-fBE3WsAAoXkW-1024x768.jpg\" alt=\"\" class=\"wp-image-568\" srcset=\"https:\/\/site.ac-martinique.fr\/circonscription-stesprit\/wp-content\/uploads\/sites\/91\/2024\/03\/GF-fBE3WsAAoXkW-1024x768.jpg 1024w, https:\/\/site.ac-martinique.fr\/circonscription-stesprit\/wp-content\/uploads\/sites\/91\/2024\/03\/GF-fBE3WsAAoXkW-300x225.jpg 300w, https:\/\/site.ac-martinique.fr\/circonscription-stesprit\/wp-content\/uploads\/sites\/91\/2024\/03\/GF-fBE3WsAAoXkW-768x576.jpg 768w, https:\/\/site.ac-martinique.fr\/circonscription-stesprit\/wp-content\/uploads\/sites\/91\/2024\/03\/GF-fBE3WsAAoXkW-1536x1152.jpg 1536w, https:\/\/site.ac-martinique.fr\/circonscription-stesprit\/wp-content\/uploads\/sites\/91\/2024\/03\/GF-fBE3WsAAoXkW.jpg 2016w\" sizes=\"auto, (max-width: 767px) 89vw, (max-width: 1000px) 54vw, (max-width: 1071px) 543px, 580px\" \/><figcaption class=\"wp-element-caption\">Formation des \u00e9quipes (robotique)<\/figcaption><\/figure>\n<\/figure>\n\n\n\n<h2 class=\"wp-block-heading has-light-brown-background-color has-background\">Emprunt du mat\u00e9riel<\/h2>\n\n\n\n<figure class=\"wp-block-image size-large\"><img loading=\"lazy\" decoding=\"async\" width=\"1024\" height=\"292\" src=\"https:\/\/site.ac-martinique.fr\/circonscription-stesprit\/wp-content\/uploads\/sites\/91\/2024\/03\/materiel-1024x292.jpg\" alt=\"\" class=\"wp-image-557\" srcset=\"https:\/\/site.ac-martinique.fr\/circonscription-stesprit\/wp-content\/uploads\/sites\/91\/2024\/03\/materiel-1024x292.jpg 1024w, https:\/\/site.ac-martinique.fr\/circonscription-stesprit\/wp-content\/uploads\/sites\/91\/2024\/03\/materiel-300x85.jpg 300w, https:\/\/site.ac-martinique.fr\/circonscription-stesprit\/wp-content\/uploads\/sites\/91\/2024\/03\/materiel-768x219.jpg 768w, https:\/\/site.ac-martinique.fr\/circonscription-stesprit\/wp-content\/uploads\/sites\/91\/2024\/03\/materiel.jpg 1053w\" sizes=\"auto, (max-width: 767px) 89vw, (max-width: 1000px) 54vw, (max-width: 1071px) 543px, 580px\" \/><\/figure>\n\n\n\n<p>Du mat\u00e9riel est disponible en emprunt au bureau de la circonscription : robots bee bots, thymio, mouse and go, blue bot,  tablettes.<\/p>\n\n\n\n<p>Vous pouvez consulter en temps r\u00e9el la disponibilit\u00e9 du mat\u00e9riel : <a href=\"https:\/\/nuage03.apps.education.fr\/index.php\/s\/N9G8NxEP3W5ZBpf\">https:\/\/nuage03.apps.education.fr\/index.php\/s\/N9G8NxEP3W5ZBpf<\/a><\/p>\n\n\n\n<p>Comment faire pour l&#8217;emprunter? Contacter l&rsquo;ERUN par mail et compl\u00e9ter le document d&#8217;emprunt suivant: <\/p>\n\n\n\n<div class=\"wp-block-file\"><a id=\"wp-block-file--media-92a031e5-f935-42d7-adb9-be6f0be1a8ff\" href=\"https:\/\/site.ac-martinique.fr\/circonscription-stesprit\/wp-content\/uploads\/sites\/91\/2024\/03\/attestation-emprunt-circo-St-Esprit.pdf\">attestation-emprunt-circo-St-Esprit<\/a><a href=\"https:\/\/site.ac-martinique.fr\/circonscription-stesprit\/wp-content\/uploads\/sites\/91\/2024\/03\/attestation-emprunt-circo-St-Esprit.pdf\" class=\"wp-block-file__button wp-element-button\" download aria-describedby=\"wp-block-file--media-92a031e5-f935-42d7-adb9-be6f0be1a8ff\">T\u00e9l\u00e9charger<\/a><\/div>\n\n\n\n<p><\/p>\n\n\n\n<p class=\"has-light-orange-color has-text-color has-link-color has-medium-font-size wp-elements-3f13d5d6183f2bbea8658f2f3d0e814d\"><strong>NOUVEAU: <\/strong>le Kit Robotique est arriv\u00e9!<\/p>\n\n\n\n<figure class=\"wp-block-image size-large\"><img loading=\"lazy\" decoding=\"async\" width=\"1024\" height=\"768\" src=\"https:\/\/site.ac-martinique.fr\/circonscription-stesprit\/wp-content\/uploads\/sites\/91\/2025\/02\/IMG_7535-1024x768.jpg\" alt=\"\" class=\"wp-image-851\" srcset=\"https:\/\/site.ac-martinique.fr\/circonscription-stesprit\/wp-content\/uploads\/sites\/91\/2025\/02\/IMG_7535-1024x768.jpg 1024w, https:\/\/site.ac-martinique.fr\/circonscription-stesprit\/wp-content\/uploads\/sites\/91\/2025\/02\/IMG_7535-300x225.jpg 300w, https:\/\/site.ac-martinique.fr\/circonscription-stesprit\/wp-content\/uploads\/sites\/91\/2025\/02\/IMG_7535-768x576.jpg 768w, https:\/\/site.ac-martinique.fr\/circonscription-stesprit\/wp-content\/uploads\/sites\/91\/2025\/02\/IMG_7535-1536x1152.jpg 1536w, https:\/\/site.ac-martinique.fr\/circonscription-stesprit\/wp-content\/uploads\/sites\/91\/2025\/02\/IMG_7535.jpg 2016w\" sizes=\"auto, (max-width: 767px) 89vw, (max-width: 1000px) 54vw, (max-width: 1071px) 543px, 580px\" \/><\/figure>\n\n\n\n<p>Le <strong>kit robotique est arriv\u00e9 \u00e0 la circonscription du Saint-Esprit<\/strong>. Il est compos\u00e9 de\u00a0<strong>7 robots<\/strong>\u00a0pour amener les \u00e9l\u00e8ves \u00e0 d\u00e9coder, encoder, corriger, s\u00e9quencer, optimiser. <br>Un espace d&rsquo;accompagnement pour les enseignants est disponible en libre acc\u00e8s sur M@gist\u00e8re (proposition d&rsquo;activit\u00e9s cl\u00e9 en main)\u00a0<a href=\"https:\/\/magistere.education.fr\/dgesco\/course\/view.php?id=2969\" target=\"_blank\" rel=\"noreferrer noopener\">https:\/\/magistere.education.fr\/dgesco\/course\/view.php?id=2969<\/a><\/p>\n\n\n\n<p><\/p>\n\n\n\n<div data-wp-interactive=\"core\/file\" class=\"wp-block-file\"><object data-wp-bind--hidden=\"!state.hasPdfPreview\" hidden class=\"wp-block-file__embed\" data=\"https:\/\/site.ac-martinique.fr\/circonscription-stesprit\/wp-content\/uploads\/sites\/91\/2025\/02\/flyer_kit_robotique.pdf\" type=\"application\/pdf\" style=\"width:100%;height:600px\" aria-label=\"Contenu embarqu\u00e9 flyer_kit_robotique.\"><\/object><a id=\"wp-block-file--media-f832bffe-5596-4c46-b689-d41f6ba502a3\" href=\"https:\/\/site.ac-martinique.fr\/circonscription-stesprit\/wp-content\/uploads\/sites\/91\/2025\/02\/flyer_kit_robotique.pdf\">flyer_kit_robotique<\/a><a href=\"https:\/\/site.ac-martinique.fr\/circonscription-stesprit\/wp-content\/uploads\/sites\/91\/2025\/02\/flyer_kit_robotique.pdf\" class=\"wp-block-file__button wp-element-button\" download aria-describedby=\"wp-block-file--media-f832bffe-5596-4c46-b689-d41f6ba502a3\">T\u00e9l\u00e9charger<\/a><\/div>\n\n\n\n<h2 class=\"wp-block-heading has-light-brown-background-color has-background\">L&rsquo;\u00e9quipement num\u00e9rique des \u00e9coles<\/h2>\n\n\n\n<p>EN COURS DE cr\u00e9ation<\/p>\n\n\n\n<ul class=\"wp-block-list\">\n<li>La liste des applications disponibles sur les tablettes des valises CAESM<\/li>\n\n\n\n<li>fiche m\u00e9mo \u00ab\u00a0le num\u00e9rique en \u00e9cole\u00a0\u00bb<\/li>\n<\/ul>\n\n\n\n<figure class=\"wp-block-image size-full tw-block-animation tw-animation-fade-in\"><img loading=\"lazy\" decoding=\"async\" width=\"320\" height=\"265\" src=\"https:\/\/site.ac-martinique.fr\/circonscription-stesprit\/wp-content\/uploads\/sites\/91\/2024\/03\/aaa.jpg\" alt=\"\" class=\"wp-image-575\" srcset=\"https:\/\/site.ac-martinique.fr\/circonscription-stesprit\/wp-content\/uploads\/sites\/91\/2024\/03\/aaa.jpg 320w, https:\/\/site.ac-martinique.fr\/circonscription-stesprit\/wp-content\/uploads\/sites\/91\/2024\/03\/aaa-300x248.jpg 300w\" sizes=\"auto, (max-width: 320px) 100vw, 320px\" \/><\/figure>\n\n\n\n<p>Pour plus d&rsquo;informations, un r\u00e9f\u00e9rent num\u00e9rique est disponible dans chaque \u00e9cole pour vous accompagner en cas de besoin ou faire remonter des besoins.<\/p>\n\n\n\n<h2 class=\"wp-block-heading has-light-brown-background-color has-background\">Formation Pix + EDU<\/h2>\n\n\n\n<figure class=\"wp-block-image size-large\"><img loading=\"lazy\" decoding=\"async\" width=\"1024\" height=\"283\" src=\"https:\/\/site.ac-martinique.fr\/circonscription-stesprit\/wp-content\/uploads\/sites\/91\/2024\/03\/pix-1024x283.jpg\" alt=\"\" class=\"wp-image-554\" srcset=\"https:\/\/site.ac-martinique.fr\/circonscription-stesprit\/wp-content\/uploads\/sites\/91\/2024\/03\/pix-1024x283.jpg 1024w, https:\/\/site.ac-martinique.fr\/circonscription-stesprit\/wp-content\/uploads\/sites\/91\/2024\/03\/pix-300x83.jpg 300w, https:\/\/site.ac-martinique.fr\/circonscription-stesprit\/wp-content\/uploads\/sites\/91\/2024\/03\/pix-768x212.jpg 768w, https:\/\/site.ac-martinique.fr\/circonscription-stesprit\/wp-content\/uploads\/sites\/91\/2024\/03\/pix-1536x425.jpg 1536w, https:\/\/site.ac-martinique.fr\/circonscription-stesprit\/wp-content\/uploads\/sites\/91\/2024\/03\/pix.jpg 1580w\" sizes=\"auto, (max-width: 767px) 89vw, (max-width: 1000px) 54vw, (max-width: 1071px) 543px, 580px\" \/><\/figure>\n\n\n\n<p><strong>Le parcours d\u2019auto-positionnement Pix+ \u00c9du<\/strong> offre la possibilit\u00e9, en moins de deux heures, de d\u00e9couvrir le dispositif Pix+ \u00c9du, de se situer dans la ma\u00eetrise des comp\u00e9tences num\u00e9riques pour l\u2019\u00e9ducation, et d\u2019acc\u00e9der \u00e0 des ressources de formation en ligne.<\/p>\n\n\n\n<p>Connectez-vous sur le site de M@gistere: <a href=\"https:\/\/magistere.education.fr\/dgesco\/course\/view.php?id=2969\">https:\/\/magistere.education.fr\/dgesco\/course\/view.php?id=2969<\/a><\/p>\n\n\n\n<div data-wp-interactive=\"core\/file\" class=\"wp-block-file\"><object data-wp-bind--hidden=\"!state.hasPdfPreview\" hidden class=\"wp-block-file__embed\" data=\"https:\/\/site.ac-martinique.fr\/circonscription-stesprit\/wp-content\/uploads\/sites\/91\/2025\/02\/Affiche-PixEdu-Magistere-Martinique.pdf\" type=\"application\/pdf\" style=\"width:100%;height:600px\" aria-label=\"Contenu embarqu\u00e9 Affiche Pix+Edu Magiste\u0300re Martinique.\"><\/object><a id=\"wp-block-file--media-2ca1688d-450d-4d7f-922b-e73afa695a71\" href=\"https:\/\/site.ac-martinique.fr\/circonscription-stesprit\/wp-content\/uploads\/sites\/91\/2025\/02\/Affiche-PixEdu-Magistere-Martinique.pdf\">Affiche Pix+Edu Magiste\u0300re Martinique<\/a><a href=\"https:\/\/site.ac-martinique.fr\/circonscription-stesprit\/wp-content\/uploads\/sites\/91\/2025\/02\/Affiche-PixEdu-Magistere-Martinique.pdf\" class=\"wp-block-file__button wp-element-button\" download aria-describedby=\"wp-block-file--media-2ca1688d-450d-4d7f-922b-e73afa695a71\">T\u00e9l\u00e9charger<\/a><\/div>\n\n\n\n<p>Pour en savoir plus: <\/p>\n\n\n\n<p><a href=\"https:\/\/eduscol.education.fr\/3839\/developpez-vos-competences-numeriques-avec-pix-edu\">D\u00e9veloppez vos comp\u00e9tences num\u00e9riques avec Pix+ \u00c9du | \u00e9duscol | Minist\u00e8re de l&rsquo;Education Nationale et de la Jeunesse | Direction g\u00e9n\u00e9rale de l&rsquo;enseignement scolaire<\/a><\/p>\n\n\n\n<p><\/p>\n\n\n\n<h2 class=\"wp-block-heading has-light-brown-background-color has-background has-large-font-size\">Des ressources<\/h2>\n\n\n\n<figure class=\"wp-block-image size-full\"><img loading=\"lazy\" decoding=\"async\" width=\"779\" height=\"190\" src=\"https:\/\/site.ac-martinique.fr\/circonscription-stesprit\/wp-content\/uploads\/sites\/91\/2024\/03\/tribu.jpg\" alt=\"\" class=\"wp-image-582\" srcset=\"https:\/\/site.ac-martinique.fr\/circonscription-stesprit\/wp-content\/uploads\/sites\/91\/2024\/03\/tribu.jpg 779w, https:\/\/site.ac-martinique.fr\/circonscription-stesprit\/wp-content\/uploads\/sites\/91\/2024\/03\/tribu-300x73.jpg 300w, https:\/\/site.ac-martinique.fr\/circonscription-stesprit\/wp-content\/uploads\/sites\/91\/2024\/03\/tribu-768x187.jpg 768w\" sizes=\"auto, (max-width: 767px) 89vw, (max-width: 1000px) 54vw, (max-width: 1071px) 543px, 580px\" \/><\/figure>\n\n\n\n<ul class=\"wp-block-list\">\n<li>Site de la plateforme collaborative <a href=\"https:\/\/tribu.phm.education.gouv.fr\/portal_v2\/tribu-app\/document?id=moxIIm\" data-type=\"link\" data-id=\"https:\/\/tribu.phm.education.gouv.fr\/portal_v2\/tribu-app\/document?id=moxIIm\">TRIBU \u00ab\u00a0Num\u00e9rique circonscription de Saint-Esprit\u00a0\u00bb <\/a><\/li>\n\n\n\n<li><a href=\"https:\/\/site.ac-martinique.fr\/drane\/\" data-type=\"link\" data-id=\"https:\/\/site.ac-martinique.fr\/drane\/\">Le site de la DRANE<\/a> de Martinique<\/li>\n\n\n\n<li>Le site de la Mission num\u00e9rique 1D 972 (\u00e0 venir)<\/li>\n\n\n\n<li>Le site de <a href=\"https:\/\/primabord.eduscol.education.fr\/spip.php?page=selection&amp;#content\" data-type=\"link\" data-id=\"https:\/\/primabord.eduscol.education.fr\/spip.php?page=selection&amp;#content\">Prima bord<\/a> : portail du num\u00e9rique pour le premier degr\u00e9<\/li>\n\n\n\n<li>une liste d&rsquo;outils en fonction de vos projets<\/li>\n<\/ul>\n\n\n\n<div class=\"wp-block-file\"><a id=\"wp-block-file--media-7c7ae723-218f-436a-90fb-a841b09dba3e\" href=\"https:\/\/site.ac-martinique.fr\/circonscription-stesprit\/wp-content\/uploads\/sites\/91\/2024\/03\/Enseignement_hybride__ressources_et_outils.png\">Enseignement_hybride__ressources_et_outils<\/a><a href=\"https:\/\/site.ac-martinique.fr\/circonscription-stesprit\/wp-content\/uploads\/sites\/91\/2024\/03\/Enseignement_hybride__ressources_et_outils.png\" class=\"wp-block-file__button wp-element-button\" download aria-describedby=\"wp-block-file--media-7c7ae723-218f-436a-90fb-a841b09dba3e\">T\u00e9l\u00e9charger<\/a><\/div>\n","protected":false},"excerpt":{"rendered":"<p>Le num\u00e9rique en photos Emprunt du mat\u00e9riel Du mat\u00e9riel est disponible en emprunt au bureau de la circonscription : robots &hellip; <\/p>\n<p class=\"link-more\"><a href=\"https:\/\/site.ac-martinique.fr\/circonscription-stesprit\/?page_id=543\" class=\"more-link\">Lire la suite&#8230;<span class=\"screen-reader-text\"> \u00ab\u00a0Num\u00e9rique\u00a0\u00bb<\/span><\/a><\/p>\n","protected":false},"author":235,"featured_media":0,"parent":0,"menu_order":0,"comment_status":"closed","ping_status":"closed","template":"","meta":{"footnotes":""},"class_list":["post-543","page","type-page","status-publish","hentry"],"_links":{"self":[{"href":"https:\/\/site.ac-martinique.fr\/circonscription-stesprit\/index.php?rest_route=\/wp\/v2\/pages\/543","targetHints":{"allow":["GET"]}}],"collection":[{"href":"https:\/\/site.ac-martinique.fr\/circonscription-stesprit\/index.php?rest_route=\/wp\/v2\/pages"}],"about":[{"href":"https:\/\/site.ac-martinique.fr\/circonscription-stesprit\/index.php?rest_route=\/wp\/v2\/types\/page"}],"author":[{"embeddable":true,"href":"https:\/\/site.ac-martinique.fr\/circonscription-stesprit\/index.php?rest_route=\/wp\/v2\/users\/235"}],"replies":[{"embeddable":true,"href":"https:\/\/site.ac-martinique.fr\/circonscription-stesprit\/index.php?rest_route=%2Fwp%2Fv2%2Fcomments&post=543"}],"version-history":[{"count":28,"href":"https:\/\/site.ac-martinique.fr\/circonscription-stesprit\/index.php?rest_route=\/wp\/v2\/pages\/543\/revisions"}],"predecessor-version":[{"id":852,"href":"https:\/\/site.ac-martinique.fr\/circonscription-stesprit\/index.php?rest_route=\/wp\/v2\/pages\/543\/revisions\/852"}],"wp:attachment":[{"href":"https:\/\/site.ac-martinique.fr\/circonscription-stesprit\/index.php?rest_route=%2Fwp%2Fv2%2Fmedia&parent=543"}],"curies":[{"name":"wp","href":"https:\/\/api.w.org\/{rel}","templated":true}]}}