{"id":76,"date":"2021-06-01T15:01:02","date_gmt":"2021-06-01T13:01:02","guid":{"rendered":"https:\/\/site.ac-martinique.fr\/circonscription-stesprit\/?page_id=76"},"modified":"2025-02-18T19:54:30","modified_gmt":"2025-02-18T18:54:30","slug":"antenne-rased","status":"publish","type":"page","link":"https:\/\/site.ac-martinique.fr\/circonscription-stesprit\/?page_id=76","title":{"rendered":"Antenne RASED"},"content":{"rendered":"\n<figure class=\"wp-block-image is-resized\"><img decoding=\"async\" src=\"https:\/\/site.ac-martinique.fr\/circonscription-stesprit\/wp-content\/uploads\/sites\/91\/2021\/06\/depositphotos_76007427-stock-photo-mutual-aid.jpg\" alt=\"L\u2019attribut alt de cette image est vide, son nom de fichier est depositphotos_76007427-stock-photo-mutual-aid.jpg.\" style=\"width:198px;height:198px\"\/><\/figure>\n\n\n\n<h2 class=\"wp-block-heading alignwide has-off-white-background-color has-background\"><mark style=\"background-color:rgba(0, 0, 0, 0)\" class=\"has-inline-color has-red-color\">RASED: R\u00e9seau d&rsquo;Aides Sp\u00e9cialis\u00e9es aux El\u00e8ves en Difficult\u00e9<\/mark><\/h2>\n\n\n\n<p>Les&nbsp;RASED&nbsp;rassemblent des&nbsp;<strong>psychologues&nbsp;<\/strong>et des&nbsp;<strong>professeurs des \u00e9coles sp\u00e9cialis\u00e9s<\/strong> (\u00ab\u00a0le ma\u00eetre E\u00a0\u00bb apporte une aide sp\u00e9cialis\u00e9e \u00e0 dominante p\u00e9dagogique; \u00ab\u00a0le ma\u00eetre G\u00a0\u00bb apporte une aide sp\u00e9cialis\u00e9e \u00e0 dominante r\u00e9\u00e9ducative; le \u00ab\u00a0MSI\u00a0\u00bb est un Ma\u00eetre Sp\u00e9cialis\u00e9 Itin\u00e9rant).<br>Ils sont membres \u00e0 part enti\u00e8re de l&rsquo;\u00e9quipe enseignante des \u00e9coles o\u00f9 ils exercent. Ils interviennent aupr\u00e8s des \u00e9l\u00e8ves de la maternelle au&nbsp;CM2, en classe ou en petits groupes.<\/p>\n\n\n\n<p><a href=\"https:\/\/www.education.gouv.fr\/les-reseaux-d-aides-specialisees-aux-eleves-en-difficulte-rased-11312\">Les r\u00e9seaux d&rsquo;aides sp\u00e9cialis\u00e9es aux \u00e9l\u00e8ves en difficult\u00e9 (Rased) | Minist\u00e8re de l&rsquo;Education Nationale de la Jeunesse et des Sports<\/a><\/p>\n\n\n\n<p><\/p>\n\n\n\n<p>La circonscription du Saint-Esprit regroupe 4 antennes RASED: <\/p>\n\n\n\n<ul class=\"wp-block-list\">\n<li>antenne du Fran\u00e7ois \u00ab\u00a0Dumaine\u00a0\u00bb<\/li>\n\n\n\n<li>antenne du Fran\u00e7ois \u00ab\u00a0Morne Pitault\u00a0\u00bb<\/li>\n\n\n\n<li>antenne du Saint -Esprit<\/li>\n\n\n\n<li>antenne du Vauclin<\/li>\n<\/ul>\n\n\n\n<div class=\"wp-block-group alignwide is-vertical is-layout-flex wp-container-core-group-is-layout-8cf370e7 wp-block-group-is-layout-flex\">\n<h2 class=\"wp-block-heading alignwide has-off-white-background-color has-background\"><mark style=\"background-color:rgba(0, 0, 0, 0)\" class=\"has-inline-color has-red-color\">Documents ressources:<\/mark><\/h2>\n<\/div>\n\n\n\n<p><\/p>\n\n\n\n<div class=\"wp-block-group is-vertical is-layout-flex wp-container-core-group-is-layout-8cf370e7 wp-block-group-is-layout-flex\">\n<p><\/p>\n\n\n\n<figure class=\"wp-block-image size-large is-resized\"><img loading=\"lazy\" decoding=\"async\" width=\"491\" height=\"509\" src=\"https:\/\/site.ac-martinique.fr\/circonscription-stesprit\/wp-content\/uploads\/sites\/91\/2021\/06\/logo-RASED-detoure1.png\" alt=\"\" class=\"wp-image-128\" style=\"width:168px;height:174px\" srcset=\"https:\/\/site.ac-martinique.fr\/circonscription-stesprit\/wp-content\/uploads\/sites\/91\/2021\/06\/logo-RASED-detoure1.png 491w, https:\/\/site.ac-martinique.fr\/circonscription-stesprit\/wp-content\/uploads\/sites\/91\/2021\/06\/logo-RASED-detoure1-289x300.png 289w\" sizes=\"auto, (max-width: 491px) 100vw, 491px\" \/><\/figure>\n\n\n\n<p>Espace de ressources de l&rsquo;antenne du Fran\u00e7ois :&nbsp;<a rel=\"noreferrer noopener\" target=\"_blank\" href=\"https:\/\/padlet.com\/rasedmornepitault\/Bookmarks\">https:\/\/padlet.com\/rasedmornepitault\/Bookmarks<\/a><\/p>\n\n\n\n<p>Une boite \u00e0 outils pour les \u00e9l\u00e8ves en difficult\u00e9s de comportement est disponible ci-dessous:<\/p>\n\n\n\n<div class=\"wp-block-file\"><a id=\"wp-block-file--media-01fcc4a5-9255-4adf-9b1f-e13819f77534\" href=\"https:\/\/site.ac-martinique.fr\/circonscription-stesprit\/wp-content\/uploads\/sites\/91\/2021\/06\/Boite-a-outils-difficultes-de-comportement-TCC-RASED-1.pdf\">Boite-a-outils-difficultes-de-comportement-TCC-RASED-1<\/a><a href=\"https:\/\/site.ac-martinique.fr\/circonscription-stesprit\/wp-content\/uploads\/sites\/91\/2021\/06\/Boite-a-outils-difficultes-de-comportement-TCC-RASED-1.pdf\" class=\"wp-block-file__button wp-element-button\" download aria-describedby=\"wp-block-file--media-01fcc4a5-9255-4adf-9b1f-e13819f77534\">T\u00e9l\u00e9charger<\/a><\/div>\n\n\n\n<div class=\"wp-block-file\"><a id=\"wp-block-file--media-acca86a5-8ade-4744-a248-56292bd07d09\" href=\"https:\/\/site.ac-martinique.fr\/circonscription-stesprit\/wp-content\/uploads\/sites\/91\/2021\/06\/Annexes-boite-a-outils-difficultes-de-comportement-TCC-RASED.pdf\">Annexes-boite-a-outils-difficultes-de-comportement-TCC-RASED<\/a><a href=\"https:\/\/site.ac-martinique.fr\/circonscription-stesprit\/wp-content\/uploads\/sites\/91\/2021\/06\/Annexes-boite-a-outils-difficultes-de-comportement-TCC-RASED.pdf\" class=\"wp-block-file__button wp-element-button\" download aria-describedby=\"wp-block-file--media-acca86a5-8ade-4744-a248-56292bd07d09\">T\u00e9l\u00e9charger<\/a><\/div>\n\n\n\n<p><\/p>\n\n\n\n<p><\/p>\n\n\n\n<h2 class=\"wp-block-heading alignwide has-off-white-background-color has-background\"><mark style=\"background-color:rgba(0, 0, 0, 0)\" class=\"has-inline-color has-red-color\">Documents  RASED :<\/mark><\/h2>\n\n\n\n<div class=\"wp-block-file\"><a id=\"wp-block-file--media-c33abf65-e42a-42c0-8de6-9c03091dcec4\" href=\"https:\/\/site.ac-martinique.fr\/circonscription-stesprit\/wp-content\/uploads\/sites\/91\/2021\/11\/Demande-daide-vierge-e\u0301le\u0301m.2021-22_OK.docx\">Demande-daide-vierge-e\u0301le\u0301m.2021-22_OK<\/a><a href=\"https:\/\/site.ac-martinique.fr\/circonscription-stesprit\/wp-content\/uploads\/sites\/91\/2021\/11\/Demande-daide-vierge-e\u0301le\u0301m.2021-22_OK.docx\" class=\"wp-block-file__button wp-element-button\" download aria-describedby=\"wp-block-file--media-c33abf65-e42a-42c0-8de6-9c03091dcec4\">T\u00e9l\u00e9charger<\/a><\/div>\n\n\n\n<div class=\"wp-block-file\"><a id=\"wp-block-file--media-ea4ff54a-1572-4554-afbc-d34ec9cef5c2\" href=\"https:\/\/site.ac-martinique.fr\/circonscription-stesprit\/wp-content\/uploads\/sites\/91\/2021\/11\/Demande-Rased-maternelle-St-Esprit_OK.doc\">Demande-Rased-maternelle-St-Esprit_OK<\/a><a href=\"https:\/\/site.ac-martinique.fr\/circonscription-stesprit\/wp-content\/uploads\/sites\/91\/2021\/11\/Demande-Rased-maternelle-St-Esprit_OK.doc\" class=\"wp-block-file__button wp-element-button\" download aria-describedby=\"wp-block-file--media-ea4ff54a-1572-4554-afbc-d34ec9cef5c2\">T\u00e9l\u00e9charger<\/a><\/div>\n\n\n\n<div class=\"wp-block-file\"><a id=\"wp-block-file--media-aa48071d-5a5e-4e97-8e31-3b5127bf60a2\" href=\"https:\/\/site.ac-martinique.fr\/circonscription-stesprit\/wp-content\/uploads\/sites\/91\/2021\/11\/EQUIPE-EDUCATIVE-GENERALITES-ET-PROTOCOLE-projet-et-suivi_OK.docx\">EQUIPE-EDUCATIVE-GENERALITES-ET-PROTOCOLE-projet-et-suivi_OK<\/a><a href=\"https:\/\/site.ac-martinique.fr\/circonscription-stesprit\/wp-content\/uploads\/sites\/91\/2021\/11\/EQUIPE-EDUCATIVE-GENERALITES-ET-PROTOCOLE-projet-et-suivi_OK.docx\" class=\"wp-block-file__button wp-element-button\" download aria-describedby=\"wp-block-file--media-aa48071d-5a5e-4e97-8e31-3b5127bf60a2\">T\u00e9l\u00e9charger<\/a><\/div>\n\n\n\n<div class=\"wp-block-file\"><a id=\"wp-block-file--media-bafabc58-74a5-490f-b825-f3e459790642\" href=\"https:\/\/site.ac-martinique.fr\/circonscription-stesprit\/wp-content\/uploads\/sites\/91\/2021\/11\/PPRE-St-Esprit-2019-2020-C1-C2-C3_OK.docx\">PPRE-St-Esprit-2019-2020-C1-C2-C3_OK<\/a><a href=\"https:\/\/site.ac-martinique.fr\/circonscription-stesprit\/wp-content\/uploads\/sites\/91\/2021\/11\/PPRE-St-Esprit-2019-2020-C1-C2-C3_OK.docx\" class=\"wp-block-file__button wp-element-button\" download aria-describedby=\"wp-block-file--media-bafabc58-74a5-490f-b825-f3e459790642\">T\u00e9l\u00e9charger<\/a><\/div>\n\n\n\n<div class=\"wp-block-file\"><a id=\"wp-block-file--media-064e1048-3d98-46a9-96a9-ef7befe33edc\" href=\"https:\/\/site.ac-martinique.fr\/circonscription-stesprit\/wp-content\/uploads\/sites\/91\/2025\/02\/fiche-de-saisine-emas.docx\">fiche-de-saisine-emas<\/a><a href=\"https:\/\/site.ac-martinique.fr\/circonscription-stesprit\/wp-content\/uploads\/sites\/91\/2025\/02\/fiche-de-saisine-emas.docx\" class=\"wp-block-file__button wp-element-button\" download aria-describedby=\"wp-block-file--media-064e1048-3d98-46a9-96a9-ef7befe33edc\">T\u00e9l\u00e9charger<\/a><\/div>\n\n\n\n<div class=\"wp-block-columns is-layout-flex wp-container-core-columns-is-layout-abceabcf wp-block-columns-is-layout-flex\">\n<div class=\"wp-block-column is-layout-flow wp-block-column-is-layout-flow\" style=\"--col-width:100%;flex-basis:100%\">\n<div class=\"wp-block-columns is-layout-flex wp-container-core-columns-is-layout-abceabcf wp-block-columns-is-layout-flex\">\n<div class=\"wp-block-column is-layout-flow wp-block-column-is-layout-flow\" style=\"--col-width:100%;flex-basis:100%\">\n<div class=\"wp-block-group\"><div class=\"wp-block-group__inner-container is-layout-flow wp-block-group-is-layout-flow\">\n<div class=\"wp-block-group\"><div class=\"wp-block-group__inner-container is-layout-flow wp-block-group-is-layout-flow\"><div class=\"wp-block-image\">\n<figure class=\"alignright size-large is-resized\"><img loading=\"lazy\" decoding=\"async\" width=\"600\" height=\"600\" src=\"https:\/\/site.ac-martinique.fr\/circonscription-stesprit\/wp-content\/uploads\/sites\/91\/2021\/06\/depositphotos_76007427-stock-photo-mutual-aid.jpg\" alt=\"\" class=\"wp-image-120\" style=\"width:307px;height:307px\" srcset=\"https:\/\/site.ac-martinique.fr\/circonscription-stesprit\/wp-content\/uploads\/sites\/91\/2021\/06\/depositphotos_76007427-stock-photo-mutual-aid.jpg 600w, https:\/\/site.ac-martinique.fr\/circonscription-stesprit\/wp-content\/uploads\/sites\/91\/2021\/06\/depositphotos_76007427-stock-photo-mutual-aid-300x300.jpg 300w, https:\/\/site.ac-martinique.fr\/circonscription-stesprit\/wp-content\/uploads\/sites\/91\/2021\/06\/depositphotos_76007427-stock-photo-mutual-aid-150x150.jpg 150w\" sizes=\"auto, (max-width: 600px) 100vw, 600px\" \/><\/figure>\n<\/div><\/div><\/div>\n<\/div><\/div>\n<\/div>\n<\/div>\n<\/div>\n<\/div>\n\n\n\n<p><\/p>\n<\/div>\n","protected":false},"excerpt":{"rendered":"<p>RASED: R\u00e9seau d&rsquo;Aides Sp\u00e9cialis\u00e9es aux El\u00e8ves en Difficult\u00e9 Les&nbsp;RASED&nbsp;rassemblent des&nbsp;psychologues&nbsp;et des&nbsp;professeurs des \u00e9coles sp\u00e9cialis\u00e9s (\u00ab\u00a0le ma\u00eetre E\u00a0\u00bb apporte une aide &hellip; <\/p>\n<p class=\"link-more\"><a href=\"https:\/\/site.ac-martinique.fr\/circonscription-stesprit\/?page_id=76\" class=\"more-link\">Lire la suite&#8230;<span class=\"screen-reader-text\"> \u00ab\u00a0Antenne RASED\u00a0\u00bb<\/span><\/a><\/p>\n","protected":false},"author":235,"featured_media":0,"parent":0,"menu_order":0,"comment_status":"closed","ping_status":"closed","template":"","meta":{"footnotes":""},"class_list":["post-76","page","type-page","status-publish","hentry"],"_links":{"self":[{"href":"https:\/\/site.ac-martinique.fr\/circonscription-stesprit\/index.php?rest_route=\/wp\/v2\/pages\/76","targetHints":{"allow":["GET"]}}],"collection":[{"href":"https:\/\/site.ac-martinique.fr\/circonscription-stesprit\/index.php?rest_route=\/wp\/v2\/pages"}],"about":[{"href":"https:\/\/site.ac-martinique.fr\/circonscription-stesprit\/index.php?rest_route=\/wp\/v2\/types\/page"}],"author":[{"embeddable":true,"href":"https:\/\/site.ac-martinique.fr\/circonscription-stesprit\/index.php?rest_route=\/wp\/v2\/users\/235"}],"replies":[{"embeddable":true,"href":"https:\/\/site.ac-martinique.fr\/circonscription-stesprit\/index.php?rest_route=%2Fwp%2Fv2%2Fcomments&post=76"}],"version-history":[{"count":20,"href":"https:\/\/site.ac-martinique.fr\/circonscription-stesprit\/index.php?rest_route=\/wp\/v2\/pages\/76\/revisions"}],"predecessor-version":[{"id":864,"href":"https:\/\/site.ac-martinique.fr\/circonscription-stesprit\/index.php?rest_route=\/wp\/v2\/pages\/76\/revisions\/864"}],"wp:attachment":[{"href":"https:\/\/site.ac-martinique.fr\/circonscription-stesprit\/index.php?rest_route=%2Fwp%2Fv2%2Fmedia&parent=76"}],"curies":[{"name":"wp","href":"https:\/\/api.w.org\/{rel}","templated":true}]}}