{"id":799,"date":"2024-09-30T16:42:02","date_gmt":"2024-09-30T14:42:02","guid":{"rendered":"https:\/\/site.ac-martinique.fr\/circonscription-stesprit\/?page_id=799"},"modified":"2025-09-02T16:33:57","modified_gmt":"2025-09-02T14:33:57","slug":"formation","status":"publish","type":"page","link":"https:\/\/site.ac-martinique.fr\/circonscription-stesprit\/?page_id=799","title":{"rendered":"Formation"},"content":{"rendered":"\n<p class=\"has-vivid-red-color has-luminous-vivid-amber-background-color has-text-color has-background has-link-color wp-elements-82180758a79571337544b622a8ca3250\"><strong>\u00ab\u00a0Prochainement: ouverture des inscriptions au plan de formation 2025-2026\u00a0\u00bb<\/strong><\/p>\n\n\n<div class=\"wp-block-image\">\n<figure class=\"aligncenter size-large is-resized\"><img loading=\"lazy\" decoding=\"async\" width=\"1024\" height=\"768\" src=\"https:\/\/site.ac-martinique.fr\/circonscription-stesprit\/wp-content\/uploads\/sites\/91\/2024\/12\/IMG_6268_censored-1024x768.jpg\" alt=\"\" class=\"wp-image-827\" style=\"width:343px;height:auto\" srcset=\"https:\/\/site.ac-martinique.fr\/circonscription-stesprit\/wp-content\/uploads\/sites\/91\/2024\/12\/IMG_6268_censored-1024x768.jpg 1024w, https:\/\/site.ac-martinique.fr\/circonscription-stesprit\/wp-content\/uploads\/sites\/91\/2024\/12\/IMG_6268_censored-300x225.jpg 300w, https:\/\/site.ac-martinique.fr\/circonscription-stesprit\/wp-content\/uploads\/sites\/91\/2024\/12\/IMG_6268_censored-768x576.jpg 768w, https:\/\/site.ac-martinique.fr\/circonscription-stesprit\/wp-content\/uploads\/sites\/91\/2024\/12\/IMG_6268_censored-1536x1152.jpg 1536w, https:\/\/site.ac-martinique.fr\/circonscription-stesprit\/wp-content\/uploads\/sites\/91\/2024\/12\/IMG_6268_censored.jpg 2016w\" sizes=\"auto, (max-width: 767px) 89vw, (max-width: 1000px) 54vw, (max-width: 1071px) 543px, 580px\" \/><\/figure>\n<\/div>\n\n\n<p>Les inscriptions au plan de formation de circonscription sont ouvertes jusqu\u2019au <strong>vendredi 27 septembre 2024&nbsp; 18h (heure locale).<\/strong><\/p>\n\n\n\n<p>Le plan de formation de la circonscription de St Esprit a \u00e9t\u00e9 construit selon les priorit\u00e9s nationales et acad\u00e9miques. Il r\u00e9pond aux exigences de la circulaire de rentr\u00e9e 2024 dont les axes forts sont : la ma\u00eetrise des savoirs fondamentaux d\u00e8s la maternelle, le bien-\u00eatre des \u00e9l\u00e8ves et des personnels, l\u2019\u00e9galit\u00e9 et la mixit\u00e9.&nbsp;<\/p>\n\n\n\n<p>Vous trouverez ci-joints le diaporama \u201c2024-2025 Plan de formation Circ St-Esprit\u201det \u201cles \u00e9coles en plan\u201d.<\/p>\n\n\n\n<p>Le diaporama vous indiquera si votre \u00e9cole appartient \u00e0 un plan sp\u00e9cifique ainsi que la proc\u00e9dure d\u2019inscription.&nbsp;<\/p>\n\n\n\n<p><strong>&nbsp;Dispositif pour s\u2019inscrire:<\/strong><\/p>\n\n\n\n<ul class=\"wp-block-list\">\n<li><strong>Les enseignants inscrits dans les diff\u00e9rents plans (Maths, fran\u00e7ais, Anglais, Action JACP \u201cJ\u2019enseigne au CP\u201d) n\u2019ont aucune d\u00e9marche \u00e0 effectuer.<\/strong><\/li>\n<\/ul>\n\n\n\n<p><strong>Ils seront inscrits automatiquement <\/strong><strong>par les formateurs <\/strong>selon les plans qui concernent leur \u00e9cole.&nbsp;&nbsp;<\/p>\n\n\n\n<ul class=\"wp-block-list\">\n<li><strong><em>&#8211; Les enseignants inscrits dans un Plan (6h ou 12h) devront s\u2019inscrire \u00e0 des animations du plan du dispositif 24D9720015&nbsp; pour atteindre le volume horaire de 18 heures.<\/em><\/strong><\/li>\n<\/ul>\n\n\n\n<p><em>Les enseignants pourront s\u2019inscrire<\/em><strong><em> librement<\/em><\/strong><em> au plan de formation, dans la limite d\u2019un volume horaire de<\/em><em> 18 h.<\/em><\/p>\n\n\n\n<p><em>RAPPEL : Les enseignants doivent effectuer 18 heures de formation.&nbsp;<\/em><\/p>\n\n\n\n<p><em>L<\/em><em>a circonscription rappelle que <\/em><em>toute inscription doit \u00eatre honor\u00e9e<\/em><em>.&nbsp;<\/em><\/p>\n\n\n\n<p><em>Pour toute absence lors d&rsquo;une animation p\u00e9dagogique, il faudra fournir un justificatif (ex : rendez-vous m\u00e9dical\u2026) \u00e0 Monsieur l\u2019inspecteur, en mettant en copie le formateur.<\/em><\/p>\n\n\n\n<p>Les inscriptions se feront sur GAIA \u00e0 l\u2019adresse suivante: <a href=\"https:\/\/extranet.ac-martinique.fr\/arena\/pages\/accueill.jsf\">https:\/\/extranet.ac-martinique.fr\/arena\/pages\/accueill.jsf<\/a><\/p>\n\n\n\n<p>L&rsquo;\u00e9quipe de circonscription se tient \u00e0 votre disposition pour de plus amples informations.<\/p>\n\n\n\n<div data-wp-interactive=\"core\/file\" class=\"wp-block-file\"><object data-wp-bind--hidden=\"!state.hasPdfPreview\" hidden class=\"wp-block-file__embed\" data=\"https:\/\/site.ac-martinique.fr\/circonscription-stesprit\/wp-content\/uploads\/sites\/91\/2024\/10\/2024-2025-Plan-de-formation-circo.Saint-Esprit-V17.09.pptx.pdf\" type=\"application\/pdf\" style=\"width:100%;height:600px\" aria-label=\"Contenu embarqu\u00e9 2024-2025 -Plan-de-formation-circo.Saint-Esprit V17.09.pptx.\"><\/object><a id=\"wp-block-file--media-b5c57493-a6ed-44ee-b5be-c51b541e43b4\" href=\"https:\/\/site.ac-martinique.fr\/circonscription-stesprit\/wp-content\/uploads\/sites\/91\/2024\/10\/2024-2025-Plan-de-formation-circo.Saint-Esprit-V17.09.pptx.pdf\">2024-2025 -Plan-de-formation-circo.Saint-Esprit V17.09.pptx<\/a><a href=\"https:\/\/site.ac-martinique.fr\/circonscription-stesprit\/wp-content\/uploads\/sites\/91\/2024\/10\/2024-2025-Plan-de-formation-circo.Saint-Esprit-V17.09.pptx.pdf\" class=\"wp-block-file__button wp-element-button\" download aria-describedby=\"wp-block-file--media-b5c57493-a6ed-44ee-b5be-c51b541e43b4\">T\u00e9l\u00e9charger<\/a><\/div>\n\n\n\n<div data-wp-interactive=\"core\/file\" class=\"wp-block-file\"><object data-wp-bind--hidden=\"!state.hasPdfPreview\" hidden class=\"wp-block-file__embed\" data=\"https:\/\/site.ac-martinique.fr\/circonscription-stesprit\/wp-content\/uploads\/sites\/91\/2024\/10\/Destination-PE-2024_-2025-Calendrier-des-animations-V.17_SEPT.docx.pdf\" type=\"application\/pdf\" style=\"width:100%;height:600px\" aria-label=\"Contenu embarqu\u00e9 Destination PE 2024_ 2025 Calendrier des animations  V.17_SEPT.docx.\"><\/object><a id=\"wp-block-file--media-f8810018-1689-4648-9a84-e9dae771af3e\" href=\"https:\/\/site.ac-martinique.fr\/circonscription-stesprit\/wp-content\/uploads\/sites\/91\/2024\/10\/Destination-PE-2024_-2025-Calendrier-des-animations-V.17_SEPT.docx.pdf\">Destination PE 2024_ 2025 Calendrier des animations  V.17_SEPT.docx<\/a><a href=\"https:\/\/site.ac-martinique.fr\/circonscription-stesprit\/wp-content\/uploads\/sites\/91\/2024\/10\/Destination-PE-2024_-2025-Calendrier-des-animations-V.17_SEPT.docx.pdf\" class=\"wp-block-file__button wp-element-button\" download aria-describedby=\"wp-block-file--media-f8810018-1689-4648-9a84-e9dae771af3e\">T\u00e9l\u00e9charger<\/a><\/div>\n\n\n\n<div data-wp-interactive=\"core\/file\" class=\"wp-block-file\"><object data-wp-bind--hidden=\"!state.hasPdfPreview\" hidden class=\"wp-block-file__embed\" data=\"https:\/\/site.ac-martinique.fr\/circonscription-stesprit\/wp-content\/uploads\/sites\/91\/2024\/10\/ECOLES-PLANS-V17.09.pdf\" type=\"application\/pdf\" style=\"width:100%;height:600px\" aria-label=\"Contenu embarqu\u00e9 ECOLES PLANS V17.09.\"><\/object><a id=\"wp-block-file--media-828ea077-eb45-4298-a9db-5ef325f32c9c\" href=\"https:\/\/site.ac-martinique.fr\/circonscription-stesprit\/wp-content\/uploads\/sites\/91\/2024\/10\/ECOLES-PLANS-V17.09.pdf\">ECOLES PLANS V17.09<\/a><a href=\"https:\/\/site.ac-martinique.fr\/circonscription-stesprit\/wp-content\/uploads\/sites\/91\/2024\/10\/ECOLES-PLANS-V17.09.pdf\" class=\"wp-block-file__button wp-element-button\" download aria-describedby=\"wp-block-file--media-828ea077-eb45-4298-a9db-5ef325f32c9c\">T\u00e9l\u00e9charger<\/a><\/div>\n","protected":false},"excerpt":{"rendered":"<p>\u00ab\u00a0Prochainement: ouverture des inscriptions au plan de formation 2025-2026\u00a0\u00bb Les inscriptions au plan de formation de circonscription sont ouvertes jusqu\u2019au &hellip; <\/p>\n<p class=\"link-more\"><a href=\"https:\/\/site.ac-martinique.fr\/circonscription-stesprit\/?page_id=799\" class=\"more-link\">Lire la suite&#8230;<span class=\"screen-reader-text\"> \u00ab\u00a0Formation\u00a0\u00bb<\/span><\/a><\/p>\n","protected":false},"author":235,"featured_media":0,"parent":0,"menu_order":0,"comment_status":"closed","ping_status":"closed","template":"","meta":{"footnotes":""},"class_list":["post-799","page","type-page","status-publish","hentry"],"_links":{"self":[{"href":"https:\/\/site.ac-martinique.fr\/circonscription-stesprit\/index.php?rest_route=\/wp\/v2\/pages\/799","targetHints":{"allow":["GET"]}}],"collection":[{"href":"https:\/\/site.ac-martinique.fr\/circonscription-stesprit\/index.php?rest_route=\/wp\/v2\/pages"}],"about":[{"href":"https:\/\/site.ac-martinique.fr\/circonscription-stesprit\/index.php?rest_route=\/wp\/v2\/types\/page"}],"author":[{"embeddable":true,"href":"https:\/\/site.ac-martinique.fr\/circonscription-stesprit\/index.php?rest_route=\/wp\/v2\/users\/235"}],"replies":[{"embeddable":true,"href":"https:\/\/site.ac-martinique.fr\/circonscription-stesprit\/index.php?rest_route=%2Fwp%2Fv2%2Fcomments&post=799"}],"version-history":[{"count":7,"href":"https:\/\/site.ac-martinique.fr\/circonscription-stesprit\/index.php?rest_route=\/wp\/v2\/pages\/799\/revisions"}],"predecessor-version":[{"id":1105,"href":"https:\/\/site.ac-martinique.fr\/circonscription-stesprit\/index.php?rest_route=\/wp\/v2\/pages\/799\/revisions\/1105"}],"wp:attachment":[{"href":"https:\/\/site.ac-martinique.fr\/circonscription-stesprit\/index.php?rest_route=%2Fwp%2Fv2%2Fmedia&parent=799"}],"curies":[{"name":"wp","href":"https:\/\/api.w.org\/{rel}","templated":true}]}}