{"id":96,"date":"2021-06-03T17:28:23","date_gmt":"2021-06-03T15:28:23","guid":{"rendered":"https:\/\/site.ac-martinique.fr\/circonscription-stesprit\/?page_id=96"},"modified":"2024-09-16T16:16:56","modified_gmt":"2024-09-16T14:16:56","slug":"pole-langues","status":"publish","type":"page","link":"https:\/\/site.ac-martinique.fr\/circonscription-stesprit\/?page_id=96","title":{"rendered":"P\u00f4le langues"},"content":{"rendered":"\n<p><\/p>\n\n\n\n<h2 class=\"wp-block-heading alignwide has-off-white-background-color has-background\"><mark style=\"background-color:rgba(0, 0, 0, 0)\" class=\"has-inline-color has-red-color\">Langue vivante \u00e9trang\u00e8re : ANGLAIS<\/mark><\/h2>\n\n\n\n<figure class=\"wp-block-gallery has-nested-images columns-default is-cropped wp-block-gallery-1 is-layout-flex wp-block-gallery-is-layout-flex\">\n<figure class=\"wp-block-image size-large\"><img loading=\"lazy\" decoding=\"async\" width=\"577\" height=\"1024\" data-id=\"650\" src=\"https:\/\/site.ac-martinique.fr\/circonscription-stesprit\/wp-content\/uploads\/sites\/91\/2024\/05\/20240321_100959-1_censored-577x1024.jpg\" alt=\"\" class=\"wp-image-650\" srcset=\"https:\/\/site.ac-martinique.fr\/circonscription-stesprit\/wp-content\/uploads\/sites\/91\/2024\/05\/20240321_100959-1_censored-577x1024.jpg 577w, https:\/\/site.ac-martinique.fr\/circonscription-stesprit\/wp-content\/uploads\/sites\/91\/2024\/05\/20240321_100959-1_censored-169x300.jpg 169w, https:\/\/site.ac-martinique.fr\/circonscription-stesprit\/wp-content\/uploads\/sites\/91\/2024\/05\/20240321_100959-1_censored-768x1364.jpg 768w, https:\/\/site.ac-martinique.fr\/circonscription-stesprit\/wp-content\/uploads\/sites\/91\/2024\/05\/20240321_100959-1_censored-865x1536.jpg 865w, https:\/\/site.ac-martinique.fr\/circonscription-stesprit\/wp-content\/uploads\/sites\/91\/2024\/05\/20240321_100959-1_censored.jpg 1153w\" sizes=\"auto, (max-width: 577px) 100vw, 577px\" \/><figcaption class=\"wp-element-caption\">Finale spelling B<\/figcaption><\/figure>\n\n\n\n<figure class=\"wp-block-image size-large\"><img loading=\"lazy\" decoding=\"async\" width=\"1024\" height=\"768\" data-id=\"651\" src=\"https:\/\/site.ac-martinique.fr\/circonscription-stesprit\/wp-content\/uploads\/sites\/91\/2024\/05\/IMG-20240312-WA0041-1_censored-1024x768.jpg\" alt=\"\" class=\"wp-image-651\" srcset=\"https:\/\/site.ac-martinique.fr\/circonscription-stesprit\/wp-content\/uploads\/sites\/91\/2024\/05\/IMG-20240312-WA0041-1_censored-1024x768.jpg 1024w, https:\/\/site.ac-martinique.fr\/circonscription-stesprit\/wp-content\/uploads\/sites\/91\/2024\/05\/IMG-20240312-WA0041-1_censored-300x225.jpg 300w, https:\/\/site.ac-martinique.fr\/circonscription-stesprit\/wp-content\/uploads\/sites\/91\/2024\/05\/IMG-20240312-WA0041-1_censored-768x576.jpg 768w, https:\/\/site.ac-martinique.fr\/circonscription-stesprit\/wp-content\/uploads\/sites\/91\/2024\/05\/IMG-20240312-WA0041-1_censored-1536x1152.jpg 1536w, https:\/\/site.ac-martinique.fr\/circonscription-stesprit\/wp-content\/uploads\/sites\/91\/2024\/05\/IMG-20240312-WA0041-1_censored.jpg 1600w\" sizes=\"auto, (max-width: 767px) 89vw, (max-width: 1000px) 54vw, (max-width: 1071px) 543px, 580px\" \/><figcaption class=\"wp-element-caption\">Finale spelling B<\/figcaption><\/figure>\n\n\n\n<figure class=\"wp-block-image size-large\"><img loading=\"lazy\" decoding=\"async\" width=\"1024\" height=\"766\" data-id=\"654\" src=\"https:\/\/site.ac-martinique.fr\/circonscription-stesprit\/wp-content\/uploads\/sites\/91\/2024\/05\/IMG-20240304-WA0017-1_censored-1024x766.jpg\" alt=\"\" class=\"wp-image-654\" srcset=\"https:\/\/site.ac-martinique.fr\/circonscription-stesprit\/wp-content\/uploads\/sites\/91\/2024\/05\/IMG-20240304-WA0017-1_censored-1024x766.jpg 1024w, https:\/\/site.ac-martinique.fr\/circonscription-stesprit\/wp-content\/uploads\/sites\/91\/2024\/05\/IMG-20240304-WA0017-1_censored-300x224.jpg 300w, https:\/\/site.ac-martinique.fr\/circonscription-stesprit\/wp-content\/uploads\/sites\/91\/2024\/05\/IMG-20240304-WA0017-1_censored-768x575.jpg 768w, https:\/\/site.ac-martinique.fr\/circonscription-stesprit\/wp-content\/uploads\/sites\/91\/2024\/05\/IMG-20240304-WA0017-1_censored-1536x1149.jpg 1536w, https:\/\/site.ac-martinique.fr\/circonscription-stesprit\/wp-content\/uploads\/sites\/91\/2024\/05\/IMG-20240304-WA0017-1_censored.jpg 1600w\" sizes=\"auto, (max-width: 767px) 89vw, (max-width: 1000px) 54vw, (max-width: 1071px) 543px, 580px\" \/><figcaption class=\"wp-element-caption\">Finale spelling B<\/figcaption><\/figure>\n\n\n\n<figure class=\"wp-block-image size-large\"><img loading=\"lazy\" decoding=\"async\" width=\"1024\" height=\"980\" data-id=\"652\" src=\"https:\/\/site.ac-martinique.fr\/circonscription-stesprit\/wp-content\/uploads\/sites\/91\/2024\/05\/20230418_133557-Copie_censored-1024x980.jpg\" alt=\"\" class=\"wp-image-652\" srcset=\"https:\/\/site.ac-martinique.fr\/circonscription-stesprit\/wp-content\/uploads\/sites\/91\/2024\/05\/20230418_133557-Copie_censored-1024x980.jpg 1024w, https:\/\/site.ac-martinique.fr\/circonscription-stesprit\/wp-content\/uploads\/sites\/91\/2024\/05\/20230418_133557-Copie_censored-300x287.jpg 300w, https:\/\/site.ac-martinique.fr\/circonscription-stesprit\/wp-content\/uploads\/sites\/91\/2024\/05\/20230418_133557-Copie_censored-768x735.jpg 768w, https:\/\/site.ac-martinique.fr\/circonscription-stesprit\/wp-content\/uploads\/sites\/91\/2024\/05\/20230418_133557-Copie_censored-1536x1470.jpg 1536w, https:\/\/site.ac-martinique.fr\/circonscription-stesprit\/wp-content\/uploads\/sites\/91\/2024\/05\/20230418_133557-Copie_censored.jpg 2048w\" sizes=\"auto, (max-width: 767px) 89vw, (max-width: 1000px) 54vw, (max-width: 1071px) 543px, 580px\" \/><\/figure>\n\n\n\n<figure class=\"wp-block-image size-large\"><img loading=\"lazy\" decoding=\"async\" width=\"1024\" height=\"705\" data-id=\"649\" src=\"https:\/\/site.ac-martinique.fr\/circonscription-stesprit\/wp-content\/uploads\/sites\/91\/2024\/05\/IMG-20230418-WA0029-Copie_censored-1024x705.jpg\" alt=\"\" class=\"wp-image-649\" srcset=\"https:\/\/site.ac-martinique.fr\/circonscription-stesprit\/wp-content\/uploads\/sites\/91\/2024\/05\/IMG-20230418-WA0029-Copie_censored-1024x705.jpg 1024w, https:\/\/site.ac-martinique.fr\/circonscription-stesprit\/wp-content\/uploads\/sites\/91\/2024\/05\/IMG-20230418-WA0029-Copie_censored-300x207.jpg 300w, https:\/\/site.ac-martinique.fr\/circonscription-stesprit\/wp-content\/uploads\/sites\/91\/2024\/05\/IMG-20230418-WA0029-Copie_censored-768x529.jpg 768w, https:\/\/site.ac-martinique.fr\/circonscription-stesprit\/wp-content\/uploads\/sites\/91\/2024\/05\/IMG-20230418-WA0029-Copie_censored.jpg 1149w\" sizes=\"auto, (max-width: 767px) 89vw, (max-width: 1000px) 54vw, (max-width: 1071px) 543px, 580px\" \/><figcaption class=\"wp-element-caption\">demi-finale spelling B en vision conf\u00e9rence <\/figcaption><\/figure>\n\n\n\n<figure class=\"wp-block-image size-large\"><img loading=\"lazy\" decoding=\"async\" width=\"1014\" height=\"1024\" data-id=\"653\" src=\"https:\/\/site.ac-martinique.fr\/circonscription-stesprit\/wp-content\/uploads\/sites\/91\/2024\/05\/20230427_120800-Copie-1_censored-1014x1024.jpg\" alt=\"\" class=\"wp-image-653\" srcset=\"https:\/\/site.ac-martinique.fr\/circonscription-stesprit\/wp-content\/uploads\/sites\/91\/2024\/05\/20230427_120800-Copie-1_censored-1014x1024.jpg 1014w, https:\/\/site.ac-martinique.fr\/circonscription-stesprit\/wp-content\/uploads\/sites\/91\/2024\/05\/20230427_120800-Copie-1_censored-297x300.jpg 297w, https:\/\/site.ac-martinique.fr\/circonscription-stesprit\/wp-content\/uploads\/sites\/91\/2024\/05\/20230427_120800-Copie-1_censored-150x150.jpg 150w, https:\/\/site.ac-martinique.fr\/circonscription-stesprit\/wp-content\/uploads\/sites\/91\/2024\/05\/20230427_120800-Copie-1_censored-768x776.jpg 768w, https:\/\/site.ac-martinique.fr\/circonscription-stesprit\/wp-content\/uploads\/sites\/91\/2024\/05\/20230427_120800-Copie-1_censored-1521x1536.jpg 1521w, https:\/\/site.ac-martinique.fr\/circonscription-stesprit\/wp-content\/uploads\/sites\/91\/2024\/05\/20230427_120800-Copie-1_censored.jpg 2028w\" sizes=\"auto, (max-width: 767px) 89vw, (max-width: 1000px) 54vw, (max-width: 1071px) 543px, 580px\" \/><figcaption class=\"wp-element-caption\">Ateliers conversationnels en anglais<\/figcaption><\/figure>\n\n\n\n<figure class=\"wp-block-image size-large\"><img loading=\"lazy\" decoding=\"async\" width=\"658\" height=\"1024\" data-id=\"668\" src=\"https:\/\/site.ac-martinique.fr\/circonscription-stesprit\/wp-content\/uploads\/sites\/91\/2024\/05\/GBT39P-WwAAMrzF-658x1024.jpg\" alt=\"\" class=\"wp-image-668\" srcset=\"https:\/\/site.ac-martinique.fr\/circonscription-stesprit\/wp-content\/uploads\/sites\/91\/2024\/05\/GBT39P-WwAAMrzF-658x1024.jpg 658w, https:\/\/site.ac-martinique.fr\/circonscription-stesprit\/wp-content\/uploads\/sites\/91\/2024\/05\/GBT39P-WwAAMrzF-193x300.jpg 193w, https:\/\/site.ac-martinique.fr\/circonscription-stesprit\/wp-content\/uploads\/sites\/91\/2024\/05\/GBT39P-WwAAMrzF-768x1195.jpg 768w, https:\/\/site.ac-martinique.fr\/circonscription-stesprit\/wp-content\/uploads\/sites\/91\/2024\/05\/GBT39P-WwAAMrzF-987x1536.jpg 987w, https:\/\/site.ac-martinique.fr\/circonscription-stesprit\/wp-content\/uploads\/sites\/91\/2024\/05\/GBT39P-WwAAMrzF.jpg 1146w\" sizes=\"auto, (max-width: 658px) 100vw, 658px\" \/><\/figure>\n\n\n\n<figure class=\"wp-block-image size-large\"><img loading=\"lazy\" decoding=\"async\" width=\"1024\" height=\"768\" data-id=\"667\" src=\"https:\/\/site.ac-martinique.fr\/circonscription-stesprit\/wp-content\/uploads\/sites\/91\/2024\/05\/GBT39P4WcAA0jWh-1024x768.jpg\" alt=\"\" class=\"wp-image-667\" srcset=\"https:\/\/site.ac-martinique.fr\/circonscription-stesprit\/wp-content\/uploads\/sites\/91\/2024\/05\/GBT39P4WcAA0jWh-1024x768.jpg 1024w, https:\/\/site.ac-martinique.fr\/circonscription-stesprit\/wp-content\/uploads\/sites\/91\/2024\/05\/GBT39P4WcAA0jWh-300x225.jpg 300w, https:\/\/site.ac-martinique.fr\/circonscription-stesprit\/wp-content\/uploads\/sites\/91\/2024\/05\/GBT39P4WcAA0jWh-768x576.jpg 768w, https:\/\/site.ac-martinique.fr\/circonscription-stesprit\/wp-content\/uploads\/sites\/91\/2024\/05\/GBT39P4WcAA0jWh-1536x1152.jpg 1536w, https:\/\/site.ac-martinique.fr\/circonscription-stesprit\/wp-content\/uploads\/sites\/91\/2024\/05\/GBT39P4WcAA0jWh.jpg 1600w\" sizes=\"auto, (max-width: 767px) 89vw, (max-width: 1000px) 54vw, (max-width: 1071px) 543px, 580px\" \/><\/figure>\n\n\n\n<figure class=\"wp-block-image size-large\"><img loading=\"lazy\" decoding=\"async\" width=\"507\" height=\"900\" data-id=\"666\" src=\"https:\/\/site.ac-martinique.fr\/circonscription-stesprit\/wp-content\/uploads\/sites\/91\/2024\/05\/GB89z3rWsAAZcW6.jpg\" alt=\"\" class=\"wp-image-666\" srcset=\"https:\/\/site.ac-martinique.fr\/circonscription-stesprit\/wp-content\/uploads\/sites\/91\/2024\/05\/GB89z3rWsAAZcW6.jpg 507w, https:\/\/site.ac-martinique.fr\/circonscription-stesprit\/wp-content\/uploads\/sites\/91\/2024\/05\/GB89z3rWsAAZcW6-169x300.jpg 169w\" sizes=\"auto, (max-width: 507px) 100vw, 507px\" \/><figcaption class=\"wp-element-caption\">Action Cin\u00e9 VO<\/figcaption><\/figure>\n<\/figure>\n\n\n\n<ul class=\"wp-block-list\">\n<li class=\"has-large-font-size\"><strong>ESPACE DE RESSOURCES :<\/strong><\/li>\n<\/ul>\n\n\n\n<p>L&rsquo;espace de ressources de l&rsquo;animatrice LVE Anglais est accessible \u00e0 l&rsquo;adresse suivante :<\/p>\n\n\n\n<p><a href=\"https:\/\/padlet.com\/elisabethruffin728\/wgw458hm8yz5mru3\">https:\/\/padlet.com\/elisabethruffin728\/wgw458hm8yz5mru3<\/a><\/p>\n\n\n\n<p>Vous y trouverez des ressources p\u00e9dagogiques , des propositions de programmations, des pistes pour se former \u00e0 distance, un focus sur la semaine des langues et bien d&rsquo;autres encore.<\/p>\n\n\n\n<figure class=\"wp-block-image size-large\"><img loading=\"lazy\" decoding=\"async\" width=\"1024\" height=\"407\" src=\"https:\/\/site.ac-martinique.fr\/circonscription-stesprit\/wp-content\/uploads\/sites\/91\/2024\/09\/image-2-1024x407.png\" alt=\"\" class=\"wp-image-785\" srcset=\"https:\/\/site.ac-martinique.fr\/circonscription-stesprit\/wp-content\/uploads\/sites\/91\/2024\/09\/image-2-1024x407.png 1024w, https:\/\/site.ac-martinique.fr\/circonscription-stesprit\/wp-content\/uploads\/sites\/91\/2024\/09\/image-2-300x119.png 300w, https:\/\/site.ac-martinique.fr\/circonscription-stesprit\/wp-content\/uploads\/sites\/91\/2024\/09\/image-2-768x305.png 768w, https:\/\/site.ac-martinique.fr\/circonscription-stesprit\/wp-content\/uploads\/sites\/91\/2024\/09\/image-2-1536x610.png 1536w, https:\/\/site.ac-martinique.fr\/circonscription-stesprit\/wp-content\/uploads\/sites\/91\/2024\/09\/image-2.png 1802w\" sizes=\"auto, (max-width: 767px) 89vw, (max-width: 1000px) 54vw, (max-width: 1071px) 543px, 580px\" \/><\/figure>\n\n\n\n<ul class=\"wp-block-list\">\n<li class=\"has-large-font-size\"><strong>MAGAZINE DE LA MISSION LVE<\/strong><\/li>\n<\/ul>\n\n\n\n<p>Retrouver le magazine de la mission LVE en cliquant sur le lien suivant (ci-dessous le projet Arts et Formes\u00a0\u00bb men\u00e9 \u00e0 l&rsquo;\u00e9cole F.DUVAL) : &nbsp;&nbsp;<a href=\"https:\/\/madmagz.com\/fr\/magazine\/1940156\" target=\"_blank\" rel=\"noreferrer noopener\">https:\/\/madmagz.com\/fr\/magazine\/1940156<\/a><\/p>\n\n\n\n<figure class=\"wp-block-image size-full\"><img loading=\"lazy\" decoding=\"async\" width=\"449\" height=\"633\" src=\"https:\/\/site.ac-martinique.fr\/circonscription-stesprit\/wp-content\/uploads\/sites\/91\/2022\/05\/magazine-lve.jpg\" alt=\"\" class=\"wp-image-291\" srcset=\"https:\/\/site.ac-martinique.fr\/circonscription-stesprit\/wp-content\/uploads\/sites\/91\/2022\/05\/magazine-lve.jpg 449w, https:\/\/site.ac-martinique.fr\/circonscription-stesprit\/wp-content\/uploads\/sites\/91\/2022\/05\/magazine-lve-213x300.jpg 213w\" sizes=\"auto, (max-width: 449px) 100vw, 449px\" \/><\/figure>\n\n\n\n<p>Nouveaux magazines:<\/p>\n\n\n\n<p>&#8211; 3\u00e8me magazine de la Mission LVE (2023-24) accessible via le lien suivant:<\/p>\n\n\n\n<p><a href=\"https:\/\/madmagz.com\/fr\/magazine\/2113116#\">https:\/\/madmagz.com\/fr\/magazine\/2113116#<\/a><\/p>\n\n\n\n<p><\/p>\n\n\n\n<p>-\u00ab\u00a0Langage corner\u00a0\u00bb n\u00b010 : <a href=\"https:\/\/v1.madmagz.com\/fr\/magazine\/2136632#\/\">Language corner &#8211; Copie de n 10 bis &#8211; Magazine cr\u00e9\u00e9 avec Madmagz<\/a><\/p>\n\n\n\n<p>ZOOM sur Les \u00e9l\u00e8ves de CM2 de l&rsquo;\u00e9cole d&rsquo;Emmanuel Bruno qui ont pu se rendre \u00e0 Sainte-Lucie en mai 2024 pour une immersion totale permettant de vivre des situations de communications.<\/p>\n\n\n\n<figure class=\"wp-block-image size-large\"><img loading=\"lazy\" decoding=\"async\" width=\"1024\" height=\"704\" src=\"https:\/\/site.ac-martinique.fr\/circonscription-stesprit\/wp-content\/uploads\/sites\/91\/2024\/09\/e.bruno_-1024x704.png\" alt=\"\" class=\"wp-image-783\" srcset=\"https:\/\/site.ac-martinique.fr\/circonscription-stesprit\/wp-content\/uploads\/sites\/91\/2024\/09\/e.bruno_-1024x704.png 1024w, https:\/\/site.ac-martinique.fr\/circonscription-stesprit\/wp-content\/uploads\/sites\/91\/2024\/09\/e.bruno_-300x206.png 300w, https:\/\/site.ac-martinique.fr\/circonscription-stesprit\/wp-content\/uploads\/sites\/91\/2024\/09\/e.bruno_-768x528.png 768w, https:\/\/site.ac-martinique.fr\/circonscription-stesprit\/wp-content\/uploads\/sites\/91\/2024\/09\/e.bruno_.png 1163w\" sizes=\"auto, (max-width: 767px) 89vw, (max-width: 1000px) 54vw, (max-width: 1071px) 543px, 580px\" \/><\/figure>\n\n\n\n<p><\/p>\n\n\n\n<p><\/p>\n\n\n\n<p><\/p>\n\n\n\n<ul class=\"wp-block-list\">\n<li class=\"has-large-font-size\"><strong>ACTION  \u00ab\u00a0Aim\u00e9 C\u00e9saire\u00a0\u00bb<\/strong><\/li>\n<\/ul>\n\n\n\n<p>La visite de la Maison familiale d&rsquo;Aim\u00e9 C\u00e9saire (mai 2022) a \u00e9t\u00e9 l&rsquo;occasion pour les \u00e9l\u00e8ves de CM2 de l&rsquo;\u00e9cole de Chopotte d&rsquo;aller \u00e0 la rencontre d&rsquo;\u0153uvres po\u00e9tiques au cours d&rsquo;ateliers trilingues de mise en voix. Cette action sera r\u00e9it\u00e9r\u00e9e l&rsquo;an prochain. Les enseignants int\u00e9ress\u00e9s peuvent se rapprocher de l&rsquo;ALVE de la circonscription du Saint-Esprit. <\/p>\n\n\n\n<p><\/p>\n\n\n\n<figure class=\"wp-block-video\"><video height=\"480\" style=\"aspect-ratio: 848 \/ 480;\" width=\"848\" controls src=\"https:\/\/site.ac-martinique.fr\/circonscription-stesprit\/wp-content\/uploads\/sites\/91\/2022\/06\/VIDEO-2022-05-05-14-45-56.mp4\"><\/video><\/figure>\n\n\n\n<p><\/p>\n\n\n\n<p><\/p>\n\n\n\n<p><\/p>\n\n\n\n<h2 class=\"wp-block-heading alignwide has-off-white-background-color has-background\">Langue vivante r\u00e9gionale : CREOLE<\/h2>\n\n\n\n<figure class=\"wp-block-gallery has-nested-images columns-default is-cropped wp-block-gallery-2 is-layout-flex wp-block-gallery-is-layout-flex\">\n<figure class=\"wp-block-image size-large\"><img loading=\"lazy\" decoding=\"async\" width=\"1024\" height=\"461\" data-id=\"673\" src=\"https:\/\/site.ac-martinique.fr\/circonscription-stesprit\/wp-content\/uploads\/sites\/91\/2024\/05\/GBtp2tDXQAAqB7F-1024x461.jpg\" alt=\"\" class=\"wp-image-673\" srcset=\"https:\/\/site.ac-martinique.fr\/circonscription-stesprit\/wp-content\/uploads\/sites\/91\/2024\/05\/GBtp2tDXQAAqB7F-1024x461.jpg 1024w, https:\/\/site.ac-martinique.fr\/circonscription-stesprit\/wp-content\/uploads\/sites\/91\/2024\/05\/GBtp2tDXQAAqB7F-300x135.jpg 300w, https:\/\/site.ac-martinique.fr\/circonscription-stesprit\/wp-content\/uploads\/sites\/91\/2024\/05\/GBtp2tDXQAAqB7F-768x345.jpg 768w, https:\/\/site.ac-martinique.fr\/circonscription-stesprit\/wp-content\/uploads\/sites\/91\/2024\/05\/GBtp2tDXQAAqB7F-1536x691.jpg 1536w, https:\/\/site.ac-martinique.fr\/circonscription-stesprit\/wp-content\/uploads\/sites\/91\/2024\/05\/GBtp2tDXQAAqB7F.jpg 2048w\" sizes=\"auto, (max-width: 767px) 89vw, (max-width: 1000px) 54vw, (max-width: 1071px) 543px, 580px\" \/><\/figure>\n<\/figure>\n\n\n\n<p>Le journal \u00ab\u00a0D\u00e9 ti kamo\u00a0\u00bb de la circonscription du Saint-Esprit , Journal num\u00e9rique de la Mission LVR cr\u00e9ole du 1er degr\u00e9, est disponible en cliquant sur le lien suivant:<\/p>\n\n\n\n<p><a href=\"https:\/\/madmagz.com\/fr\/magazine\/1844954#\/\">D\u00e9 ti kamo &#8211; SENTESPRI-Esp\u00e9sial Simenn Kr\u00e9yol &#8211; Magazine cr\u00e9\u00e9 avec Madmagz<\/a><\/p>\n\n\n\n<figure class=\"wp-block-image size-full\"><img loading=\"lazy\" decoding=\"async\" width=\"886\" height=\"646\" src=\"https:\/\/site.ac-martinique.fr\/circonscription-stesprit\/wp-content\/uploads\/sites\/91\/2021\/09\/journal-de-ti-kamo.jpg\" alt=\"\" class=\"wp-image-186\" srcset=\"https:\/\/site.ac-martinique.fr\/circonscription-stesprit\/wp-content\/uploads\/sites\/91\/2021\/09\/journal-de-ti-kamo.jpg 886w, https:\/\/site.ac-martinique.fr\/circonscription-stesprit\/wp-content\/uploads\/sites\/91\/2021\/09\/journal-de-ti-kamo-300x219.jpg 300w, https:\/\/site.ac-martinique.fr\/circonscription-stesprit\/wp-content\/uploads\/sites\/91\/2021\/09\/journal-de-ti-kamo-768x560.jpg 768w\" sizes=\"auto, (max-width: 767px) 89vw, (max-width: 1000px) 54vw, (max-width: 1071px) 543px, 580px\" \/><\/figure>\n\n\n\n<p><\/p>\n\n\n\n<p><\/p>\n\n\n\n<h2 class=\"wp-block-heading alignwide has-off-white-background-color has-background\">Site de la mission acad\u00e9mique:<\/h2>\n\n\n\n<p><a href=\"https:\/\/site.ac-martinique.fr\/pole-langues\/\">Site du P\u00f4le Langues Martinique (Mission LVE-Mission LVR) | Outils pour enseigner les langues vivantes r\u00e9gionales et \u00e9trang\u00e8res au primaire (ac-martinique.fr)<\/a><\/p>\n\n\n\n<figure class=\"wp-block-image size-full\"><img loading=\"lazy\" decoding=\"async\" width=\"611\" height=\"230\" src=\"https:\/\/site.ac-martinique.fr\/circonscription-stesprit\/wp-content\/uploads\/sites\/91\/2023\/04\/image.png\" alt=\"\" class=\"wp-image-348\" srcset=\"https:\/\/site.ac-martinique.fr\/circonscription-stesprit\/wp-content\/uploads\/sites\/91\/2023\/04\/image.png 611w, https:\/\/site.ac-martinique.fr\/circonscription-stesprit\/wp-content\/uploads\/sites\/91\/2023\/04\/image-300x113.png 300w\" sizes=\"auto, (max-width: 611px) 100vw, 611px\" \/><\/figure>\n","protected":false},"excerpt":{"rendered":"<p>Langue vivante \u00e9trang\u00e8re : ANGLAIS L&rsquo;espace de ressources de l&rsquo;animatrice LVE Anglais est accessible \u00e0 l&rsquo;adresse suivante : https:\/\/padlet.com\/elisabethruffin728\/wgw458hm8yz5mru3 Vous &hellip; <\/p>\n<p class=\"link-more\"><a href=\"https:\/\/site.ac-martinique.fr\/circonscription-stesprit\/?page_id=96\" class=\"more-link\">Lire la suite&#8230;<span class=\"screen-reader-text\"> \u00ab\u00a0P\u00f4le langues\u00a0\u00bb<\/span><\/a><\/p>\n","protected":false},"author":235,"featured_media":0,"parent":0,"menu_order":0,"comment_status":"closed","ping_status":"closed","template":"","meta":{"footnotes":""},"class_list":["post-96","page","type-page","status-publish","hentry"],"_links":{"self":[{"href":"https:\/\/site.ac-martinique.fr\/circonscription-stesprit\/index.php?rest_route=\/wp\/v2\/pages\/96","targetHints":{"allow":["GET"]}}],"collection":[{"href":"https:\/\/site.ac-martinique.fr\/circonscription-stesprit\/index.php?rest_route=\/wp\/v2\/pages"}],"about":[{"href":"https:\/\/site.ac-martinique.fr\/circonscription-stesprit\/index.php?rest_route=\/wp\/v2\/types\/page"}],"author":[{"embeddable":true,"href":"https:\/\/site.ac-martinique.fr\/circonscription-stesprit\/index.php?rest_route=\/wp\/v2\/users\/235"}],"replies":[{"embeddable":true,"href":"https:\/\/site.ac-martinique.fr\/circonscription-stesprit\/index.php?rest_route=%2Fwp%2Fv2%2Fcomments&post=96"}],"version-history":[{"count":19,"href":"https:\/\/site.ac-martinique.fr\/circonscription-stesprit\/index.php?rest_route=\/wp\/v2\/pages\/96\/revisions"}],"predecessor-version":[{"id":787,"href":"https:\/\/site.ac-martinique.fr\/circonscription-stesprit\/index.php?rest_route=\/wp\/v2\/pages\/96\/revisions\/787"}],"wp:attachment":[{"href":"https:\/\/site.ac-martinique.fr\/circonscription-stesprit\/index.php?rest_route=%2Fwp%2Fv2%2Fmedia&parent=96"}],"curies":[{"name":"wp","href":"https:\/\/api.w.org\/{rel}","templated":true}]}}