{"id":98,"date":"2021-06-08T18:35:59","date_gmt":"2021-06-08T16:35:59","guid":{"rendered":"https:\/\/site.ac-martinique.fr\/circonscription-stesprit\/?page_id=98"},"modified":"2025-12-19T18:29:58","modified_gmt":"2025-12-19T17:29:58","slug":"ecole-et-famille","status":"publish","type":"page","link":"https:\/\/site.ac-martinique.fr\/circonscription-stesprit\/?page_id=98","title":{"rendered":"\u00c9cole et Familles"},"content":{"rendered":"\n<figure class=\"wp-block-image size-large\"><img loading=\"lazy\" decoding=\"async\" width=\"1024\" height=\"517\" src=\"https:\/\/site.ac-martinique.fr\/circonscription-stesprit\/wp-content\/uploads\/sites\/91\/2023\/10\/parents-1024x517.jpg\" alt=\"\" class=\"wp-image-408\" srcset=\"https:\/\/site.ac-martinique.fr\/circonscription-stesprit\/wp-content\/uploads\/sites\/91\/2023\/10\/parents-1024x517.jpg 1024w, https:\/\/site.ac-martinique.fr\/circonscription-stesprit\/wp-content\/uploads\/sites\/91\/2023\/10\/parents-300x152.jpg 300w, https:\/\/site.ac-martinique.fr\/circonscription-stesprit\/wp-content\/uploads\/sites\/91\/2023\/10\/parents-768x388.jpg 768w, https:\/\/site.ac-martinique.fr\/circonscription-stesprit\/wp-content\/uploads\/sites\/91\/2023\/10\/parents.jpg 1061w\" sizes=\"auto, (max-width: 767px) 89vw, (max-width: 1000px) 54vw, (max-width: 1071px) 543px, 580px\" \/><\/figure>\n\n\n\n<div data-wp-interactive=\"core\/file\" class=\"wp-block-file\"><object data-wp-bind--hidden=\"!state.hasPdfPreview\" hidden class=\"wp-block-file__embed\" data=\"https:\/\/site.ac-martinique.fr\/circonscription-stesprit\/wp-content\/uploads\/sites\/91\/2023\/10\/Parents-soyez-connectes-site-circo.pdf\" type=\"application\/pdf\" style=\"width:100%;height:600px\" aria-label=\"Contenu embarqu\u00e9 Parents-soyez-connectes-site-circo.\"><\/object><a id=\"wp-block-file--media-55c772f6-acb9-4cd9-8e22-e96d2dc63804\" href=\"https:\/\/site.ac-martinique.fr\/circonscription-stesprit\/wp-content\/uploads\/sites\/91\/2023\/10\/Parents-soyez-connectes-site-circo.pdf\">Parents-soyez-connectes-site-circo<\/a><a href=\"https:\/\/site.ac-martinique.fr\/circonscription-stesprit\/wp-content\/uploads\/sites\/91\/2023\/10\/Parents-soyez-connectes-site-circo.pdf\" class=\"wp-block-file__button wp-element-button\" download aria-describedby=\"wp-block-file--media-55c772f6-acb9-4cd9-8e22-e96d2dc63804\">T\u00e9l\u00e9charger<\/a><\/div>\n\n\n\n<h2 class=\"wp-block-heading alignwide has-text-align-left has-luminous-vivid-amber-background-color has-background has-large-font-size\"><mark style=\"background-color:rgba(0, 0, 0, 0)\" class=\"has-inline-color has-red-color\"><strong>Educonnect :<\/strong> <strong>&nbsp;un compte unique pour suivre et accompagner la scolarit\u00e9 de mon enfan<\/strong>t<\/mark><\/h2>\n\n\n\n<figure class=\"wp-block-image size-large\"><img loading=\"lazy\" decoding=\"async\" width=\"1024\" height=\"269\" src=\"https:\/\/site.ac-martinique.fr\/circonscription-stesprit\/wp-content\/uploads\/sites\/91\/2023\/09\/image-1024x269.png\" alt=\"\" class=\"wp-image-372\" srcset=\"https:\/\/site.ac-martinique.fr\/circonscription-stesprit\/wp-content\/uploads\/sites\/91\/2023\/09\/image-1024x269.png 1024w, https:\/\/site.ac-martinique.fr\/circonscription-stesprit\/wp-content\/uploads\/sites\/91\/2023\/09\/image-300x79.png 300w, https:\/\/site.ac-martinique.fr\/circonscription-stesprit\/wp-content\/uploads\/sites\/91\/2023\/09\/image-768x202.png 768w, https:\/\/site.ac-martinique.fr\/circonscription-stesprit\/wp-content\/uploads\/sites\/91\/2023\/09\/image.png 1028w\" sizes=\"auto, (max-width: 767px) 89vw, (max-width: 1000px) 54vw, (max-width: 1071px) 543px, 580px\" \/><\/figure>\n\n\n\n<p><strong>\u00c0 quoi sert EduConnect&nbsp;?<\/strong><\/p>\n\n\n\n<p>Le compte unique EduConnect remplace les identifiants et mot de passe qui \u00e9taient utilis\u00e9s jusqu\u2019\u00e0 pr\u00e9sent par les \u00e9l\u00e8ves et leurs parents.&nbsp;Il<strong>&nbsp;simplifie l&rsquo;acc\u00e8s des parents au suivi et \u00e0 l\u2019accompagnement de la scolarit\u00e9 des \u00e9l\u00e8ves. Il donne \u00e9galement&nbsp; aux \u00e9l\u00e8ves l&rsquo;acc\u00e8s \u00e0 l\u2019ensemble des services num\u00e9riques de l\u2019\u00e9cole au lyc\u00e9e.<\/strong><\/p>\n\n\n\n<p>Articul\u00e9 avec le syst\u00e8me FranceConnect, le compte EduConnect&nbsp;permet l&rsquo;acc\u00e8s&nbsp;:<\/p>\n\n\n\n<ul class=\"wp-block-list\">\n<li>au<strong>&nbsp;portail Scolarit\u00e9 Services&nbsp;<\/strong>du minist\u00e8re \u00e0 l\u2019adresse&nbsp;<a href=\"https:\/\/teleservices.education.gouv.fr\/\" target=\"_blank\" rel=\"noreferrer noopener\">teleservices.education.gouv.fr<\/a>&nbsp;pour effectuer des d\u00e9marches en ligne (par exemple demandes de bourses, orientation, inscription) ou consulter le livret scolaire&nbsp; (LSU);<\/li>\n\n\n\n<li>\u00e0 l\u2019<strong>espace num\u00e9rique de travail (ENT)<\/strong>&nbsp;del&rsquo;\u00e9cole : ENT Colibri<\/li>\n<\/ul>\n\n\n\n<p>Vous pouvez obtenir vos identifiants \u00ab\u00a0Educonnect\u00a0\u00bb en toute autonomie gr\u00e2ce \u00e0 votre num\u00e9ro de t\u00e9l\u00e9phone, en vous connectant sur&nbsp;<a rel=\"noreferrer noopener\" href=\"https:\/\/teleservices.education.gouv.fr\/\" target=\"_blank\">https:\/\/teleservices.education.gouv.fr<\/a><\/p>\n\n\n\n<p><a rel=\"noreferrer noopener\" href=\"https:\/\/www.education.gouv.fr\/educonnect-un-compte-unique-pour-suivre-et-accompagner-la-scolarite-de-mon-enfant-7361\" target=\"_blank\">Lien vers le site:&nbsp;EduConnect : un compte unique pour suivre et accompagner la scolarit\u00e9 de mon enfant | Minist\u00e8re de l&rsquo;Education Nationale et de la Jeunesse<\/a><\/p>\n\n\n\n<p><\/p>\n\n\n\n<p><\/p>\n\n\n\n<p><\/p>\n\n\n\n<p><\/p>\n\n\n\n<p><\/p>\n\n\n\n<h2 class=\"wp-block-heading alignwide has-luminous-vivid-amber-background-color has-background has-large-font-size\" style=\"text-transform:uppercase\"><mark style=\"background-color:rgba(0, 0, 0, 0)\" class=\"has-inline-color has-red-color\"><strong>L&rsquo;E.N.T \u00ab\u00a0Espace Num\u00e9rique de travail\u00a0\u00bb : Colibri<\/strong><\/mark><\/h2>\n\n\n\n<div class=\"wp-block-group\"><div class=\"wp-block-group__inner-container is-layout-flow wp-block-group-is-layout-flow\">\n<div class=\"wp-block-columns is-layout-flex wp-container-core-columns-is-layout-abceabcf wp-block-columns-is-layout-flex\">\n<div class=\"wp-block-column is-layout-flow wp-block-column-is-layout-flow\" style=\"--col-width:50%;flex-basis:50%\">\n<figure class=\"wp-block-image size-full is-resized\"><img loading=\"lazy\" decoding=\"async\" width=\"226\" height=\"218\" src=\"https:\/\/site.ac-martinique.fr\/circonscription-stesprit\/wp-content\/uploads\/sites\/91\/2025\/09\/226-218-max.png\" alt=\"\" class=\"wp-image-1100\" style=\"width:246px;height:173px\"\/><\/figure>\n<\/div>\n\n\n\n<div class=\"wp-block-column is-layout-flow wp-block-column-is-layout-flow\"><\/div>\n\n\n\n<div class=\"wp-block-column is-layout-flow wp-block-column-is-layout-flow\" style=\"--col-width:50%;flex-basis:50%\">\n<p>L&rsquo;ENT Colibri vous permet de <strong>maintenir le lien entre l&rsquo;\u00e9cole et la famille<\/strong>.<\/p>\n\n\n\n<p><\/p>\n\n\n\n<p> Pour vous connecter, veuillez cliquer sur le lien suivant: <a rel=\"noreferrer noopener\" href=\"https:\/\/colibri.ac-martinique.fr\/auth\/saml\/wayf?callBack=https%3A%2F%2Fcolibri.ac-martinique.fr%2Ftimeline%2Ftimeline#\/\" data-type=\"URL\" data-id=\"https:\/\/colibri.ac-martinique.fr\/auth\/saml\/wayf?callBack=https%3A%2F%2Fcolibri.ac-martinique.fr%2Ftimeline%2Ftimeline#\/\" target=\"_blank\">https:\/\/colibri.ac-martinique.fr\/auth\/saml\/wayf?callBack=https%3A%2F%2Fcolibri.ac-martinique.fr%2Ftimeline%2Ftimeline#\/<\/a> <\/p>\n<\/div>\n<\/div>\n<\/div><\/div>\n\n\n\n<p><\/p>\n\n\n\n<p>Le site \u00ab\u00a0colibri.ac-martinique.fr\u00a0\u00bb est une <strong>plateforme s\u00e9curis\u00e9e<\/strong>, un portail de travail, qui int\u00e8gre des services num\u00e9riques choisis et mis \u00e0 disposition de tous les acteurs de la communaut\u00e9 \u00e9ducative de l&rsquo;\u00e9cole primaire. <\/p>\n\n\n\n<p>Chaque utilisateur (enseignant, parent, \u00e9l\u00e8ve) peut acc\u00e9der avec ses<strong> identifiants<\/strong> aux services et contenus num\u00e9riques. L&rsquo;ENT Colibri offre un lieu d\u2019\u00e9changes et de collaboration entre ses usagers, et avec d\u2019autres communaut\u00e9s en relation avec l\u2019\u00e9cole.<\/p>\n\n\n\n<p>Vous y trouverez des applications telles que : \u00ab\u00a0<strong>la messagerie<\/strong>\u00a0\u00bb pour \u00e9changer avec l&rsquo;enseignant, le \u00ab\u00a0<strong>cahier de textes<\/strong>\u00a0\u00bb en ligne de votre enfant, ou encore le \u00ab\u00a0<strong>blog<\/strong>\u00a0\u00bb ou le \u00ab\u00a0<strong>cahier multim\u00e9dia<\/strong>\u00a0\u00bb pour d\u00e9couvrir la vie de la classe de votre enfant par exemple.  <\/p>\n\n\n\n<p><\/p>\n\n\n\n<p>Pour acc\u00e9der plus facilement \u00e0 l&rsquo;ENT Colibri, vous pouvez t\u00e9l\u00e9charger<strong> l&rsquo;application \u00ab\u00a0One pocket\u00a0\u00bb<\/strong> sur votre t\u00e9l\u00e9phone portable ou tablette.<\/p>\n\n\n\n<div class=\"wp-block-columns is-layout-flex wp-container-core-columns-is-layout-abceabcf wp-block-columns-is-layout-flex\">\n<div class=\"wp-block-column is-layout-flow wp-block-column-is-layout-flow\" style=\"--col-width:100%;flex-basis:100%\">\n<figure class=\"wp-block-image size-large\"><img loading=\"lazy\" decoding=\"async\" width=\"723\" height=\"1024\" src=\"https:\/\/site.ac-martinique.fr\/circonscription-stesprit\/wp-content\/uploads\/sites\/91\/2021\/09\/IMG-20210910-WA0000-723x1024.jpg\" alt=\"\" class=\"wp-image-226\" srcset=\"https:\/\/site.ac-martinique.fr\/circonscription-stesprit\/wp-content\/uploads\/sites\/91\/2021\/09\/IMG-20210910-WA0000-723x1024.jpg 723w, https:\/\/site.ac-martinique.fr\/circonscription-stesprit\/wp-content\/uploads\/sites\/91\/2021\/09\/IMG-20210910-WA0000-212x300.jpg 212w, https:\/\/site.ac-martinique.fr\/circonscription-stesprit\/wp-content\/uploads\/sites\/91\/2021\/09\/IMG-20210910-WA0000-768x1087.jpg 768w, https:\/\/site.ac-martinique.fr\/circonscription-stesprit\/wp-content\/uploads\/sites\/91\/2021\/09\/IMG-20210910-WA0000.jpg 904w\" sizes=\"auto, (max-width: 723px) 100vw, 723px\" \/><\/figure>\n<\/div>\n<\/div>\n\n\n\n<p class=\"has-luminous-vivid-amber-background-color has-background has-large-font-size\"><strong>BIEN GRANDIR AVEC LES \u00c9CRANS<\/strong><\/p>\n\n\n\n<p>Les \u00e9crans occupent une place grandissante dans le quotidien des \u00e9l\u00e8ves et des familles. \u00c0 la maison comme dans le cadre scolaire, leur usage doit \u00eatre progressif et accompagn\u00e9.<\/p>\n\n\n\n<p>Vous trouverez ci-dessous des liens vers des conseils pratiques pour accompagner vos enfants et tester vos connaissances.<\/p>\n\n\n\n<p>&#8211;\u00a0<a href=\"https:\/\/www.education.gouv.fr\/bien-grandir-avec-les-ecrans-des-reperes-pour-chaque-age-451121\" target=\"_blank\" rel=\"noreferrer noopener\">Bien grandir avec les \u00e9crans : des rep\u00e8res pour chaque \u00e2ge | Minist\u00e8re de l&rsquo;\u00c9ducation nationale<\/a><br>&#8211;\u00a0<a href=\"https:\/\/jeprotegemonenfant.gouv.fr\/\" target=\"_blank\" rel=\"noreferrer noopener\">Accueil &#8211; Je Prot\u00e8ge Mon Enfant<\/a><\/p>\n\n\n\n<p><a rel=\"noreferrer noopener\" href=\"https:\/\/pix.fr\/parents\" target=\"_blank\">&#8211; Parents | Pix<\/a><\/p>\n\n\n\n<div data-wp-interactive=\"core\/file\" class=\"wp-block-file\"><object data-wp-bind--hidden=\"!state.hasPdfPreview\" hidden class=\"wp-block-file__embed\" data=\"https:\/\/site.ac-martinique.fr\/circonscription-stesprit\/wp-content\/uploads\/sites\/91\/2025\/12\/flyer-bien-grandir-avec-les-crans-229269.pdf\" type=\"application\/pdf\" style=\"width:100%;height:600px\" aria-label=\"Contenu embarqu\u00e9 flyer---bien-grandir-avec-les-crans-229269.\"><\/object><a id=\"wp-block-file--media-d79a9fc6-4ee8-4b30-9fd5-d3f95d5e89c3\" href=\"https:\/\/site.ac-martinique.fr\/circonscription-stesprit\/wp-content\/uploads\/sites\/91\/2025\/12\/flyer-bien-grandir-avec-les-crans-229269.pdf\">flyer&#8212;bien-grandir-avec-les-crans-229269<\/a><a href=\"https:\/\/site.ac-martinique.fr\/circonscription-stesprit\/wp-content\/uploads\/sites\/91\/2025\/12\/flyer-bien-grandir-avec-les-crans-229269.pdf\" class=\"wp-block-file__button wp-element-button\" download aria-describedby=\"wp-block-file--media-d79a9fc6-4ee8-4b30-9fd5-d3f95d5e89c3\">T\u00e9l\u00e9charger<\/a><\/div>\n\n\n\n<h2 class=\"wp-block-heading alignwide has-text-align-left has-red-color has-luminous-vivid-amber-background-color has-text-color has-background has-link-color has-large-font-size wp-elements-006048616a0d4f28a496af59ebc0db56\"><strong>Dispositifs ouverts aux \u00e9l\u00e8ves pendant les vacances<\/strong><\/h2>\n\n\n\n<figure class=\"wp-block-gallery has-nested-images columns-default is-cropped wp-block-gallery-1 is-layout-flex wp-block-gallery-is-layout-flex\">\n<figure class=\"wp-block-image size-large\"><img loading=\"lazy\" decoding=\"async\" width=\"1024\" height=\"552\" data-id=\"660\" src=\"https:\/\/site.ac-martinique.fr\/circonscription-stesprit\/wp-content\/uploads\/sites\/91\/2024\/05\/F_EBFGDXkAArPf3-1024x552.jpg\" alt=\"\" class=\"wp-image-660\" srcset=\"https:\/\/site.ac-martinique.fr\/circonscription-stesprit\/wp-content\/uploads\/sites\/91\/2024\/05\/F_EBFGDXkAArPf3-1024x552.jpg 1024w, https:\/\/site.ac-martinique.fr\/circonscription-stesprit\/wp-content\/uploads\/sites\/91\/2024\/05\/F_EBFGDXkAArPf3-300x162.jpg 300w, https:\/\/site.ac-martinique.fr\/circonscription-stesprit\/wp-content\/uploads\/sites\/91\/2024\/05\/F_EBFGDXkAArPf3-768x414.jpg 768w, https:\/\/site.ac-martinique.fr\/circonscription-stesprit\/wp-content\/uploads\/sites\/91\/2024\/05\/F_EBFGDXkAArPf3-1536x828.jpg 1536w, https:\/\/site.ac-martinique.fr\/circonscription-stesprit\/wp-content\/uploads\/sites\/91\/2024\/05\/F_EBFGDXkAArPf3.jpg 1600w\" sizes=\"auto, (max-width: 767px) 89vw, (max-width: 1000px) 54vw, (max-width: 1071px) 543px, 580px\" \/><figcaption class=\"wp-element-caption\">Ecole ouverte<\/figcaption><\/figure>\n\n\n\n<figure class=\"wp-block-image size-large\"><img loading=\"lazy\" decoding=\"async\" width=\"768\" height=\"1024\" data-id=\"658\" src=\"https:\/\/site.ac-martinique.fr\/circonscription-stesprit\/wp-content\/uploads\/sites\/91\/2024\/05\/F_EBFF_WAAAqq_w-768x1024.jpg\" alt=\"\" class=\"wp-image-658\" srcset=\"https:\/\/site.ac-martinique.fr\/circonscription-stesprit\/wp-content\/uploads\/sites\/91\/2024\/05\/F_EBFF_WAAAqq_w-768x1024.jpg 768w, https:\/\/site.ac-martinique.fr\/circonscription-stesprit\/wp-content\/uploads\/sites\/91\/2024\/05\/F_EBFF_WAAAqq_w-225x300.jpg 225w, https:\/\/site.ac-martinique.fr\/circonscription-stesprit\/wp-content\/uploads\/sites\/91\/2024\/05\/F_EBFF_WAAAqq_w-1152x1536.jpg 1152w, https:\/\/site.ac-martinique.fr\/circonscription-stesprit\/wp-content\/uploads\/sites\/91\/2024\/05\/F_EBFF_WAAAqq_w.jpg 1200w\" sizes=\"auto, (max-width: 767px) 89vw, (max-width: 1000px) 54vw, (max-width: 1071px) 543px, 580px\" \/><figcaption class=\"wp-element-caption\">Ecole ouverte<\/figcaption><\/figure>\n\n\n\n<figure class=\"wp-block-image size-large\"><img loading=\"lazy\" decoding=\"async\" width=\"891\" height=\"1024\" data-id=\"662\" src=\"https:\/\/site.ac-martinique.fr\/circonscription-stesprit\/wp-content\/uploads\/sites\/91\/2024\/05\/GLNrSJIWIAA9S-t-891x1024.jpg\" alt=\"\" class=\"wp-image-662\" srcset=\"https:\/\/site.ac-martinique.fr\/circonscription-stesprit\/wp-content\/uploads\/sites\/91\/2024\/05\/GLNrSJIWIAA9S-t-891x1024.jpg 891w, https:\/\/site.ac-martinique.fr\/circonscription-stesprit\/wp-content\/uploads\/sites\/91\/2024\/05\/GLNrSJIWIAA9S-t-261x300.jpg 261w, https:\/\/site.ac-martinique.fr\/circonscription-stesprit\/wp-content\/uploads\/sites\/91\/2024\/05\/GLNrSJIWIAA9S-t-768x883.jpg 768w, https:\/\/site.ac-martinique.fr\/circonscription-stesprit\/wp-content\/uploads\/sites\/91\/2024\/05\/GLNrSJIWIAA9S-t-1336x1536.jpg 1336w, https:\/\/site.ac-martinique.fr\/circonscription-stesprit\/wp-content\/uploads\/sites\/91\/2024\/05\/GLNrSJIWIAA9S-t.jpg 1536w\" sizes=\"auto, (max-width: 767px) 89vw, (max-width: 1000px) 54vw, (max-width: 1071px) 543px, 580px\" \/><figcaption class=\"wp-element-caption\">Stage de r\u00e9ussite<\/figcaption><\/figure>\n\n\n\n<figure class=\"wp-block-image size-large\"><img loading=\"lazy\" decoding=\"async\" width=\"678\" height=\"1024\" data-id=\"661\" src=\"https:\/\/site.ac-martinique.fr\/circonscription-stesprit\/wp-content\/uploads\/sites\/91\/2024\/05\/GLNrSJKXAAAbyBN-678x1024.jpg\" alt=\"\" class=\"wp-image-661\" srcset=\"https:\/\/site.ac-martinique.fr\/circonscription-stesprit\/wp-content\/uploads\/sites\/91\/2024\/05\/GLNrSJKXAAAbyBN-678x1024.jpg 678w, https:\/\/site.ac-martinique.fr\/circonscription-stesprit\/wp-content\/uploads\/sites\/91\/2024\/05\/GLNrSJKXAAAbyBN-199x300.jpg 199w, https:\/\/site.ac-martinique.fr\/circonscription-stesprit\/wp-content\/uploads\/sites\/91\/2024\/05\/GLNrSJKXAAAbyBN-768x1161.jpg 768w, https:\/\/site.ac-martinique.fr\/circonscription-stesprit\/wp-content\/uploads\/sites\/91\/2024\/05\/GLNrSJKXAAAbyBN.jpg 900w\" sizes=\"auto, (max-width: 678px) 100vw, 678px\" \/><figcaption class=\"wp-element-caption\">Stage de r\u00e9ussite<\/figcaption><\/figure>\n\n\n\n<figure class=\"wp-block-image size-large\"><img loading=\"lazy\" decoding=\"async\" width=\"842\" height=\"1024\" data-id=\"659\" src=\"https:\/\/site.ac-martinique.fr\/circonscription-stesprit\/wp-content\/uploads\/sites\/91\/2024\/05\/GLNrSJIXIAA8NQO-842x1024.jpg\" alt=\"\" class=\"wp-image-659\" srcset=\"https:\/\/site.ac-martinique.fr\/circonscription-stesprit\/wp-content\/uploads\/sites\/91\/2024\/05\/GLNrSJIXIAA8NQO-842x1024.jpg 842w, https:\/\/site.ac-martinique.fr\/circonscription-stesprit\/wp-content\/uploads\/sites\/91\/2024\/05\/GLNrSJIXIAA8NQO-247x300.jpg 247w, https:\/\/site.ac-martinique.fr\/circonscription-stesprit\/wp-content\/uploads\/sites\/91\/2024\/05\/GLNrSJIXIAA8NQO-768x934.jpg 768w, https:\/\/site.ac-martinique.fr\/circonscription-stesprit\/wp-content\/uploads\/sites\/91\/2024\/05\/GLNrSJIXIAA8NQO.jpg 960w\" sizes=\"auto, (max-width: 767px) 89vw, (max-width: 1000px) 54vw, (max-width: 1071px) 543px, 580px\" \/><figcaption class=\"wp-element-caption\">Stage de r\u00e9ussite<\/figcaption><\/figure>\n<\/figure>\n\n\n\n<p><\/p>\n\n\n\n<p><\/p>\n\n\n\n<h2 class=\"wp-block-heading alignwide has-luminous-vivid-amber-background-color has-background has-large-font-size\" style=\"text-transform:uppercase\"><mark style=\"background-color:rgba(0, 0, 0, 0)\" class=\"has-inline-color has-red-color\"><strong>La mallette des parents <\/strong><\/mark><\/h2>\n\n\n\n<figure class=\"wp-block-image size-large\"><img loading=\"lazy\" decoding=\"async\" width=\"1024\" height=\"682\" src=\"https:\/\/site.ac-martinique.fr\/circonscription-stesprit\/wp-content\/uploads\/sites\/91\/2021\/09\/malette2-1024x682.jpg\" alt=\"\" class=\"wp-image-229\" srcset=\"https:\/\/site.ac-martinique.fr\/circonscription-stesprit\/wp-content\/uploads\/sites\/91\/2021\/09\/malette2-1024x682.jpg 1024w, https:\/\/site.ac-martinique.fr\/circonscription-stesprit\/wp-content\/uploads\/sites\/91\/2021\/09\/malette2-300x200.jpg 300w, https:\/\/site.ac-martinique.fr\/circonscription-stesprit\/wp-content\/uploads\/sites\/91\/2021\/09\/malette2-768x512.jpg 768w, https:\/\/site.ac-martinique.fr\/circonscription-stesprit\/wp-content\/uploads\/sites\/91\/2021\/09\/malette2.jpg 1258w\" sizes=\"auto, (max-width: 767px) 89vw, (max-width: 1000px) 54vw, (max-width: 1071px) 543px, 580px\" \/><\/figure>\n\n\n\n<p>Parents, le site la Malette des parents\u00a0\u00bb est un espace qui propose des conseils, des ressources, des outils pour mieux comprendre les enjeux de l&rsquo;\u00e9cole et pour renforcer le lien entre les diff\u00e9rents acteurs de la r\u00e9ussite scolaire de chaque enfant. Pour y acc\u00e9der, cliquez sur le lien suivant:<\/p>\n\n\n\n<p><a href=\"https:\/\/mallettedesparents.education.gouv.fr\/\">Accueil | Mallette des parents (education.gouv.fr)<\/a><\/p>\n\n\n\n<p>En ce contexte de crise sanitaire et d&rsquo;hybridation renforc\u00e9e des enseignements, vous retrouverez ici l\u2019ensemble des contenus afin d\u2019accompagner l\u2019utilisation du num\u00e9rique pour la r\u00e9ussite de vos enfants \u00e0 l\u2019\u00e9cole avec \u00ab\u00a0la mallette des parents au num\u00e9rique\u00a0\u00bb<\/p>\n\n\n\n<p> <a href=\"https:\/\/www.education.gouv.fr\/la-mallette-des-parents-au-numerique-323786\">https:\/\/www.education.gouv.fr\/la-mallette-des-parents-au-numerique-323786<\/a><\/p>\n\n\n\n<p>Des infographies et des vid\u00e9os explicatives  qui abordent:<\/p>\n\n\n\n<p>&#8211; Comment trouver ma place \u00e0 l\u2019\u00e9cole gr\u00e2ce au num\u00e9rique <\/p>\n\n\n\n<p>&#8211;  Comment aider ou me faire aider <\/p>\n\n\n\n<p>&#8211; Comment encadrer l\u2019utilisation du num\u00e9rique<\/p>\n\n\n\n<p> &#8211; Comment utiliser le num\u00e9rique \u00e0 la maison<\/p>\n\n\n\n<p><\/p>\n\n\n\n<p><\/p>\n\n\n\n<p><\/p>\n\n\n\n<h2 class=\"wp-block-heading alignwide has-off-white-background-color has-background\"><mark style=\"background-color:rgba(0, 0, 0, 0)\" class=\"has-inline-color has-red-color\">Pour bien accompagner son enfant..<\/mark>.<\/h2>\n\n\n\n<blockquote class=\"wp-block-quote is-layout-flow wp-block-quote-is-layout-flow\">\n<p><\/p>\n\n\n\n<p>Afin d&rsquo;aider au mieux votre enfant dans ses apprentissages, vous trouverez ci-dessous une vid\u00e9o concernant les fondamentaux \u00ab\u00a0Sommeil\/ Nutrition \/ Activit\u00e9 physique \/ Bienveillance\u00a0\u00bb&nbsp;recommand\u00e9s par le CSEN pr\u00e9sid\u00e9 par Stanislas Dehaene.<\/p>\n<\/blockquote>\n\n\n\n<p><a href=\"https:\/\/www.youtube.com\/watch?v=YReXxx6KD0k\">https:\/\/www.youtube.com\/watch?v=YReXxx6KD0k<\/a><\/p>\n\n\n\n<h2 class=\"wp-block-heading alignwide has-off-white-background-color has-background\"><mark style=\"background-color:rgba(0, 0, 0, 0)\" class=\"has-inline-color has-red-color\">Pendant les vacances&#8230;<\/mark><\/h2>\n\n\n\n<div data-wp-interactive=\"core\/file\" class=\"wp-block-file\"><object data-wp-bind--hidden=\"!state.hasPdfPreview\" hidden class=\"wp-block-file__embed\" data=\"https:\/\/site.ac-martinique.fr\/circonscription-stesprit\/wp-content\/uploads\/sites\/91\/2023\/09\/flyer-jaide-mon-enfant-a-reviser-Circ.-St-Esprit.pdf\" type=\"application\/pdf\" style=\"width:100%;height:600px\" aria-label=\"Contenu embarqu\u00e9 flyer-jaide-mon-enfant-a-reviser-Circ.-St-Esprit.\"><\/object><a id=\"wp-block-file--media-e6de14ad-2409-44b6-b291-67e362643cb3\" href=\"https:\/\/site.ac-martinique.fr\/circonscription-stesprit\/wp-content\/uploads\/sites\/91\/2023\/09\/flyer-jaide-mon-enfant-a-reviser-Circ.-St-Esprit.pdf\">flyer-jaide-mon-enfant-a-reviser-Circ.-St-Esprit<\/a><a href=\"https:\/\/site.ac-martinique.fr\/circonscription-stesprit\/wp-content\/uploads\/sites\/91\/2023\/09\/flyer-jaide-mon-enfant-a-reviser-Circ.-St-Esprit.pdf\" class=\"wp-block-file__button wp-element-button\" download aria-describedby=\"wp-block-file--media-e6de14ad-2409-44b6-b291-67e362643cb3\">T\u00e9l\u00e9charger<\/a><\/div>\n","protected":false},"excerpt":{"rendered":"<p>Educonnect : &nbsp;un compte unique pour suivre et accompagner la scolarit\u00e9 de mon enfant \u00c0 quoi sert EduConnect&nbsp;? Le compte &hellip; <\/p>\n<p class=\"link-more\"><a href=\"https:\/\/site.ac-martinique.fr\/circonscription-stesprit\/?page_id=98\" class=\"more-link\">Lire la suite&#8230;<span class=\"screen-reader-text\"> \u00ab\u00a0\u00c9cole et Familles\u00a0\u00bb<\/span><\/a><\/p>\n","protected":false},"author":235,"featured_media":0,"parent":0,"menu_order":0,"comment_status":"closed","ping_status":"closed","template":"","meta":{"footnotes":""},"class_list":["post-98","page","type-page","status-publish","hentry"],"_links":{"self":[{"href":"https:\/\/site.ac-martinique.fr\/circonscription-stesprit\/index.php?rest_route=\/wp\/v2\/pages\/98","targetHints":{"allow":["GET"]}}],"collection":[{"href":"https:\/\/site.ac-martinique.fr\/circonscription-stesprit\/index.php?rest_route=\/wp\/v2\/pages"}],"about":[{"href":"https:\/\/site.ac-martinique.fr\/circonscription-stesprit\/index.php?rest_route=\/wp\/v2\/types\/page"}],"author":[{"embeddable":true,"href":"https:\/\/site.ac-martinique.fr\/circonscription-stesprit\/index.php?rest_route=\/wp\/v2\/users\/235"}],"replies":[{"embeddable":true,"href":"https:\/\/site.ac-martinique.fr\/circonscription-stesprit\/index.php?rest_route=%2Fwp%2Fv2%2Fcomments&post=98"}],"version-history":[{"count":26,"href":"https:\/\/site.ac-martinique.fr\/circonscription-stesprit\/index.php?rest_route=\/wp\/v2\/pages\/98\/revisions"}],"predecessor-version":[{"id":1203,"href":"https:\/\/site.ac-martinique.fr\/circonscription-stesprit\/index.php?rest_route=\/wp\/v2\/pages\/98\/revisions\/1203"}],"wp:attachment":[{"href":"https:\/\/site.ac-martinique.fr\/circonscription-stesprit\/index.php?rest_route=%2Fwp%2Fv2%2Fmedia&parent=98"}],"curies":[{"name":"wp","href":"https:\/\/api.w.org\/{rel}","templated":true}]}}