{"id":39,"date":"2025-06-27T11:40:25","date_gmt":"2025-06-27T15:40:25","guid":{"rendered":"https:\/\/site.ac-martinique.fr\/circonscription-stjoseph\/?page_id=39"},"modified":"2025-06-27T11:40:37","modified_gmt":"2025-06-27T15:40:37","slug":"informations","status":"publish","type":"page","link":"https:\/\/site.ac-martinique.fr\/circonscription-stjoseph\/?page_id=39","title":{"rendered":"Informations"},"content":{"rendered":"\n<details class=\"wp-block-details is-layout-flow wp-block-details-is-layout-flow\"><summary>Commune: Fort-de-France<\/summary>\n<figure class=\"wp-block-table is-style-tw-border-h-inner\"><table class=\"has-fixed-layout\"><tbody><tr><td><strong>\u00c9cole<\/strong><\/td><td><strong>T\u00e9l\u00e9phone<\/strong><\/td><td><strong>Courriel<\/strong><\/td><td><strong>Adresse<\/strong><\/td><\/tr><tr><td>\u00c9cole \u00e9l\u00e9mentaire \u00ab\u00a0Marie-Th\u00e9r\u00e8se Gertrude\u00a0\u00bb &#8211; Coridon<\/td><td>05 96 71 66 32<\/td><td>ce.9720834Z@ac-martinique.fr<\/td><td>Avenue de Coridon &#8211; 97200 Fort-de-France<\/td><\/tr><tr><td>\u00c9cole maternelle \u00ab\u00a0Les poussins\u00a0\u00bb &#8211; Coridon<\/td><td>05 96 72 62 27<\/td><td>ce.9720371W@ac-martinique.fr<\/td><td>59-55 Avenue Coridon &#8211; 97200 Fort-de-France<\/td><\/tr><tr><td>\u00c9cole primaire de Moutte<\/td><td>05 96 71 94 89<\/td><td>ce.9720147C@ac-martinique.fr<\/td><td>Route de Moutte Voie N 9 &#8211; 97200 Fort-de-France<\/td><\/tr><tr><td>\u00c9cole \u00e9l\u00e9mentaire \u00ab\u00a0\u00c9mile Nab\u00e9ti\u00a0\u00bb &#8211; Ravine Bouill\u00e9<\/td><td>05 96 73 00 69<\/td><td>ce.9720156M@ac-martinique.fr<\/td><td>Route des Religieuses voie 31 &#8211; 97200 Fort-de-France<\/td><\/tr><tr><td>\u00c9cole maternelle \u00ab\u00a0\u00c9mile Nab\u00e9ti\u00a0\u00bb &#8211; Ravine Bouill\u00e9<\/td><td>05 96 71 52 51<\/td><td>ce.9720492C@ac-martinique.fr<\/td><td>29, Route des Religieuses &#8211; 97200 Fort-de-France<\/td><\/tr><tr><td>\u00c9cole \u00e9l\u00e9mentaire de Ravine-Vilaine<\/td><td>05 96 79 60 07<\/td><td>ce.9720158P@ac-martinique.fr<\/td><td>Ravine Vilaine&nbsp;&#8211; 97200 Fort-de-France<\/td><\/tr><tr><td>\u00c9cole maternelle \u00ab\u00a0Les pipiris chantant\u00a0\u00bb &#8211; Ravine-Vilaine<\/td><td>05 96 79 61 82<\/td><td>ce.9720374Z@ac-martinique.fr<\/td><td>Avenue de Coridon 97200 Fort-de-France<\/td><\/tr><tr><td>\u00c9cole \u00e9l\u00e9mentaire \u00ab\u00a0L\u00e9on Mamie\u00a0\u00bb &#8211; Redoute<\/td><td>05 96 79 84 70<\/td><td>ce.9720715V@ac-martinique.fr<\/td><td>Rue de la Jeunesse &#8211; Redoute &#8211; 97200 Fort-de-France<\/td><\/tr><tr><td>\u00c9cole maternelle \u00ab\u00a0Marie-Rose Cabasset\u00a0\u00bb &#8211; Redoute<\/td><td>05 96 79 88 31<\/td><td>ce.9720575T@ac-martinique.fr<\/td><td>13, Rue de la Jeunesse &#8211; Redoute &#8211; 97200 Fort-de-France<\/td><\/tr><tr><td>\u00c9cole primaire de Rivi\u00e8re l&rsquo;Or<\/td><td>05 96 79 66 17<\/td><td>ce.9720164W@ac-martinique.fr<\/td><td>Rivi\u00e8re l&rsquo;Or &#8211; 97200 Fort-France<\/td><\/tr><\/tbody><\/table><\/figure>\n<\/details>\n\n\n\n<details class=\"wp-block-details is-layout-flow wp-block-details-is-layout-flow\"><summary>Commune: Gros-Morne<\/summary>\n<figure class=\"wp-block-table is-style-tw-border-h-inner\"><table class=\"has-fixed-layout\"><tbody><tr><td><strong>\u00c9coles<\/strong><\/td><td><strong>T\u00e9l\u00e9phones<\/strong><\/td><td><strong>Courriels<\/strong><\/td><td><strong>Adresses<\/strong><\/td><\/tr><tr><td>\u00c9cole primaire \u00ab\u00a0Bois Joli\u00a0\u00bb &#8211; Bois L\u00e9zard<\/td><td>05 96 67 52 87<\/td><td>ce.9720191A@ac-martinique.fr<\/td><td>Quartier Bois L\u00e9zards &#8211; 97213 Gros-Morne<\/td><\/tr><tr><td>\u00c9cole primaire de Dumaine<\/td><td>05 96 67 52 98<\/td><td>9720192B@ac-martinique.fr<\/td><td>Quartier Dumaine &#8211; 97213 Gros-Morne<\/td><\/tr><tr><td>\u00c9cole primaire de Glotin<\/td><td>05 96 67 50 83<\/td><td>ce.9720193C@ac-martinique.fr<\/td><td>Quartier Glotin &#8211; 97213 Gros-Morne<\/td><\/tr><tr><td>\u00c9cole primaire de Rivi\u00e8re L\u00e9zarde<\/td><td>05 96 67 50 94<\/td><td>ce.9720194D@ac-martinique.fr<\/td><td>Quartier Rivi\u00e8re L\u00e9zarde &#8211; 97213 Gros-Morne<\/td><\/tr><tr><td>\u00c9cole maternelle \u00ab\u00a0La Fra\u00eecheur\u00a0\u00bb<\/td><td>05 96 67 53 75<\/td><td>ce.9720190Z@ac-martinique.fr<\/td><td>Impasse de la maternelle &#8211; 97213 Gros-Morne<\/td><\/tr><tr><td>\u00c9cole \u00e9l\u00e9mentaire \u00ab\u00a0Mixte A\u00a0\u00bb<\/td><td>05 96 67 51 40<\/td><td>ce.9720189Y@ac-martinique.fr<\/td><td>Rue de la Libert\u00e9 &#8211; 97213 Gros-Morne<\/td><\/tr><tr><td>\u00c9cole \u00e9l\u00e9mentaire \u00ab\u00a0Mixte C\u00a0\u00bb<\/td><td>05 96 67 73 70<\/td><td>ce.9720606B@ac-martinique.fr<\/td><td>Quartier La Fra\u00eecheur &#8211; Coll\u00e8ge Euzhan Palcy &#8211; 97213 Gros-Morne<\/td><\/tr><\/tbody><\/table><\/figure>\n<\/details>\n\n\n\n<details class=\"wp-block-details is-layout-flow wp-block-details-is-layout-flow\"><summary>Commune: Saint-Joseph<\/summary>\n<figure class=\"wp-block-table is-style-tw-border-h-inner\"><table class=\"has-fixed-layout\"><tbody><tr><td><strong>\u00c9cole<\/strong><\/td><td><strong>T\u00e9l\u00e9phone<\/strong><\/td><td><strong>Courriel<\/strong><\/td><td><strong>Adresse<\/strong><\/td><\/tr><tr><td>\u00c9cole \u00e9l\u00e9mentaire \u00ab\u00a0Marceau \u00c9douard\u00a0\u00bb<\/td><td>05 96 57 63 75<\/td><td>ce.9720287E@ac-martinique.fr<\/td><td>Quartier Belle \u00c9toile &#8211; 97212 Saint-Joseph<\/td><\/tr><tr><td>\u00c9cole maternelle \u00ab\u00a0Jeanne Merton\u00a0\u00bb<\/td><td>05 96 57 63 05<\/td><td>ce.9720289G@ac-martinique.fr<\/td><td>Quartier Belle Etoile &#8211; 97212 Saint-Joseph<\/td><\/tr><tr><td>\u00c9cole primaire \u00ab\u00a0Ambroise Palix\u00a0\u00bb Gondeau<\/td><td>05 96 50 62 22<\/td><td>ce.9720293L@ac-martinique.fr<\/td><td>Quartier Gondeau &#8211; 97212 Saint-Joseph<\/td><\/tr><tr><td>\u00c9cole primaire \u00ab\u00a0Henri Maurice\u00a0\u00bb<\/td><td>05 96 57 60 56<\/td><td>ce.9720794F@ac-martinique.fr<\/td><td>Rue Eug\u00e8ne Maillard  &#8211; 97212 Saint-Joseph<\/td><\/tr><tr><td>\u00c9cole primaire \u00ab\u00a0Firmin Luc-Cayol\u00a0\u00bb Durand<\/td><td>05 96 57 60 89<\/td><td>ce.9720292K@ac-martinique.fr<\/td><td>Quartier Gondeau &#8211; 97212 Saint-Joseph<\/td><\/tr><tr><td>\u00c9cole primaire \u00ab\u00a0Lise D\u00e9sir Cartesse\u00a0\u00bb Chapelle<\/td><td>05 96 57 60 72<\/td><td>ce.9720291J@ac-martinique.fr<\/td><td>Quartier Chapelle &#8211; 97212 Saint-Joseph<\/td><\/tr><tr><td>\u00c9cole primaire \u00ab\u00a0Victor Sch\u0153lcher\u00a0\u00bb Bois du Parc<\/td><td>05 96 57 61 34<\/td><td>ce.9720290H@ac-martinique.fr<\/td><td>Quartier Bois du Parc &#8211; 97212 Saint-Joseph<\/td><\/tr><tr><td>\u00c9cole primaire de Morne des Olives<\/td><td>05 96 70 18 53<\/td><td>ce.9720450G@ac-martinique.fr<\/td><td>Quartier Morne des Olives &#8211; 97212 Saint-Joseph<\/td><\/tr><tr><td>\u00c9cole primaire de Presqu&rsquo;\u00cele<\/td><td>05 96 57 62 90<\/td><td>ce.9720243G@ac-martinique.fr<\/td><td>Quartier Presqu&rsquo;\u00cele &#8211; 97212 Saint-Joseph<\/td><\/tr><\/tbody><\/table><\/figure>\n<\/details>\n\n\n\n<hr class=\"wp-block-separator has-alpha-channel-opacity\"\/>\n\n\n\n<h2 class=\"wp-block-heading\">Localisation<\/h2>\n\n\n\n<p>Retrouvez ci-dessous la localisation des \u00e9coles de la circonscription.<\/p>\n\n\n\n<iframe loading=\"lazy\" width=\"100%\" height=\"300px\" frameborder=\"0\" allowfullscreen allow=\"geolocation\" src=\"\/\/umap.openstreetmap.fr\/fr\/map\/ecoles-de-la-circonscription-de-saint-joseph_1243988?scaleControl=false&#038;miniMap=false&#038;scrollWheelZoom=false&#038;zoomControl=true&#038;editMode=disabled&#038;moreControl=true&#038;searchControl=true&#038;tilelayersControl=null&#038;embedControl=null&#038;datalayersControl=expanded&#038;onLoadPanel=none&#038;captionBar=false&#038;captionMenus=true&#038;locateControl=true\"><\/iframe><p><a href=\"\/\/umap.openstreetmap.fr\/fr\/map\/ecoles-de-la-circonscription-de-saint-joseph_1243988?scaleControl=false&#038;miniMap=false&#038;scrollWheelZoom=true&#038;zoomControl=true&#038;editMode=disabled&#038;moreControl=true&#038;searchControl=true&#038;tilelayersControl=null&#038;embedControl=null&#038;datalayersControl=expanded&#038;onLoadPanel=none&#038;captionBar=false&#038;captionMenus=true&#038;locateControl=true\">Voir en plein \u00e9cran<\/a><\/p>\n\n\n\n<p><\/p>\n","protected":false},"excerpt":{"rendered":"<p>Localisation Retrouvez ci-dessous la localisation des \u00e9coles de la circonscription. Voir en plein \u00e9cran<\/p>\n","protected":false},"author":473,"featured_media":0,"parent":0,"menu_order":0,"comment_status":"closed","ping_status":"closed","template":"","meta":{"footnotes":""},"class_list":["post-39","page","type-page","status-publish","hentry"],"_links":{"self":[{"href":"https:\/\/site.ac-martinique.fr\/circonscription-stjoseph\/index.php?rest_route=\/wp\/v2\/pages\/39","targetHints":{"allow":["GET"]}}],"collection":[{"href":"https:\/\/site.ac-martinique.fr\/circonscription-stjoseph\/index.php?rest_route=\/wp\/v2\/pages"}],"about":[{"href":"https:\/\/site.ac-martinique.fr\/circonscription-stjoseph\/index.php?rest_route=\/wp\/v2\/types\/page"}],"author":[{"embeddable":true,"href":"https:\/\/site.ac-martinique.fr\/circonscription-stjoseph\/index.php?rest_route=\/wp\/v2\/users\/473"}],"replies":[{"embeddable":true,"href":"https:\/\/site.ac-martinique.fr\/circonscription-stjoseph\/index.php?rest_route=%2Fwp%2Fv2%2Fcomments&post=39"}],"version-history":[{"count":4,"href":"https:\/\/site.ac-martinique.fr\/circonscription-stjoseph\/index.php?rest_route=\/wp\/v2\/pages\/39\/revisions"}],"predecessor-version":[{"id":81,"href":"https:\/\/site.ac-martinique.fr\/circonscription-stjoseph\/index.php?rest_route=\/wp\/v2\/pages\/39\/revisions\/81"}],"wp:attachment":[{"href":"https:\/\/site.ac-martinique.fr\/circonscription-stjoseph\/index.php?rest_route=%2Fwp%2Fv2%2Fmedia&parent=39"}],"curies":[{"name":"wp","href":"https:\/\/api.w.org\/{rel}","templated":true}]}}