{"id":108,"date":"2021-07-03T02:13:16","date_gmt":"2021-07-03T00:13:16","guid":{"rendered":"https:\/\/site.ac-martinique.fr\/circonscription-trinite\/?page_id=108"},"modified":"2025-12-18T19:16:26","modified_gmt":"2025-12-18T18:16:26","slug":"la-circonscription","status":"publish","type":"page","link":"https:\/\/site.ac-martinique.fr\/circonscription-trinite\/?page_id=108","title":{"rendered":"LA CIRCONSCRIPTION"},"content":{"rendered":"\n<div class=\"wp-block-buttons alignwide is-vertical is-content-justification-center is-layout-flex wp-container-core-buttons-is-layout-734eb2c2 wp-block-buttons-is-layout-flex\">\n<div class=\"wp-block-button has-custom-width wp-block-button__width-75\"><a class=\"wp-block-button__link has-white-background-color has-text-color has-background has-extra-large-font-size has-custom-font-size wp-element-button\" style=\"color:#c51d84\">Organigramme de la circonscription<\/a><\/div>\n<\/div>\n\n\n\n<p class=\"has-h-3-font-size\"><em>Cliquer sur le bouton t\u00e9l\u00e9charger afin de r\u00e9cup\u00e9rer l&#8217;organigramme de la circonscription.<\/em><\/p>\n\n\n\n<div data-wp-interactive=\"core\/file\" class=\"wp-block-file aligncenter\"><object data-wp-bind--hidden=\"!state.hasPdfPreview\" hidden class=\"wp-block-file__embed\" data=\"https:\/\/site.ac-martinique.fr\/circonscription-trinite\/wp-content\/uploads\/sites\/87\/2025\/12\/Organigramme-de-la-Circonscription-2.pdf\" type=\"application\/pdf\" style=\"width:100%;height:2000px\" aria-label=\"Contenu embarqu\u00e9 Organigramme de la Circonscription...\"><\/object><a id=\"wp-block-file--media-3fb5ed97-3e93-4a0c-bec6-1972b652722c\" href=\"https:\/\/site.ac-martinique.fr\/circonscription-trinite\/wp-content\/uploads\/sites\/87\/2025\/12\/Organigramme-de-la-Circonscription-2.pdf\">Organigramme de la Circonscription..<\/a><a href=\"https:\/\/site.ac-martinique.fr\/circonscription-trinite\/wp-content\/uploads\/sites\/87\/2025\/12\/Organigramme-de-la-Circonscription-2.pdf\" class=\"wp-block-file__button wp-element-button\" download aria-describedby=\"wp-block-file--media-3fb5ed97-3e93-4a0c-bec6-1972b652722c\">T\u00e9l\u00e9charger<\/a><\/div>\n\n\n\n<div class=\"wp-block-buttons alignwide is-vertical is-content-justification-center is-layout-flex wp-container-core-buttons-is-layout-734eb2c2 wp-block-buttons-is-layout-flex\">\n<div class=\"wp-block-button has-custom-width wp-block-button__width-75\"><a class=\"wp-block-button__link has-white-background-color has-text-color has-background has-extra-large-font-size has-custom-font-size wp-element-button\" href=\"https:\/\/site.ac-martinique.fr\/circonscription-trinite\/?p=148\" style=\"color:#c51d84\">Projet de circonscription<\/a><\/div>\n\n\n\n<div class=\"wp-block-button has-custom-width wp-block-button__width-75 is-style-fill\"><a class=\"wp-block-button__link has-white-background-color has-text-color has-background has-extra-large-font-size has-custom-font-size wp-element-button\" href=\"https:\/\/site.ac-martinique.fr\/circonscription-trinite\/?p=151\" style=\"color:#c51d84\"><strong>Projets partenariaux<\/strong><\/a><\/div>\n\n\n\n<div class=\"wp-block-button has-custom-width wp-block-button__width-75 is-style-fill\"><a class=\"wp-block-button__link has-white-background-color has-text-color has-background has-extra-large-font-size has-custom-font-size wp-element-button\" href=\"https:\/\/site.ac-martinique.fr\/circonscription-trinite\/?page_id=3250\" style=\"color:#c51d84\">Coordination des r\u00e9seaux<\/a><\/div>\n<\/div>\n\n\n\n<p><\/p>\n","protected":false},"excerpt":{"rendered":"<p>Cliquer sur le bouton t\u00e9l\u00e9charger afin de r\u00e9cup\u00e9rer l&#8217;organigramme de la circonscription.<\/p>\n","protected":false},"author":227,"featured_media":0,"parent":0,"menu_order":0,"comment_status":"closed","ping_status":"closed","template":"","meta":{"footnotes":"","_links_to":"","_links_to_target":""},"class_list":["post-108","page","type-page","status-publish","hentry","entry"],"amp_enabled":true,"_links":{"self":[{"href":"https:\/\/site.ac-martinique.fr\/circonscription-trinite\/index.php?rest_route=\/wp\/v2\/pages\/108","targetHints":{"allow":["GET"]}}],"collection":[{"href":"https:\/\/site.ac-martinique.fr\/circonscription-trinite\/index.php?rest_route=\/wp\/v2\/pages"}],"about":[{"href":"https:\/\/site.ac-martinique.fr\/circonscription-trinite\/index.php?rest_route=\/wp\/v2\/types\/page"}],"author":[{"embeddable":true,"href":"https:\/\/site.ac-martinique.fr\/circonscription-trinite\/index.php?rest_route=\/wp\/v2\/users\/227"}],"replies":[{"embeddable":true,"href":"https:\/\/site.ac-martinique.fr\/circonscription-trinite\/index.php?rest_route=%2Fwp%2Fv2%2Fcomments&post=108"}],"version-history":[{"count":23,"href":"https:\/\/site.ac-martinique.fr\/circonscription-trinite\/index.php?rest_route=\/wp\/v2\/pages\/108\/revisions"}],"predecessor-version":[{"id":7211,"href":"https:\/\/site.ac-martinique.fr\/circonscription-trinite\/index.php?rest_route=\/wp\/v2\/pages\/108\/revisions\/7211"}],"wp:attachment":[{"href":"https:\/\/site.ac-martinique.fr\/circonscription-trinite\/index.php?rest_route=%2Fwp%2Fv2%2Fmedia&parent=108"}],"curies":[{"name":"wp","href":"https:\/\/api.w.org\/{rel}","templated":true}]}}