{"id":1155,"date":"2021-12-03T15:45:52","date_gmt":"2021-12-03T14:45:52","guid":{"rendered":"https:\/\/site.ac-martinique.fr\/circonscription-trinite\/?page_id=1155"},"modified":"2023-03-13T20:43:16","modified_gmt":"2023-03-13T19:43:16","slug":"annou-pale-kreyol-latrinite","status":"publish","type":"page","link":"https:\/\/site.ac-martinique.fr\/circonscription-trinite\/?page_id=1155","title":{"rendered":"Annou pal\u00e9 kr\u00e9yol"},"content":{"rendered":"\n<p class=\"has-text-align-center has-h-2-font-size\"><strong>Nou kontan w\u00e8 zot anl\u00e8 paj esp\u00e9sial KREYOL ! <\/strong><\/p>\n\n\n\n<p class=\"has-text-align-center has-large-font-size\"><em>Zot bizwen envit\u00e9 kr\u00e9yol an klas-zot-la ? Pa ni probl\u00e8m. Zot k\u00e9 p\u00e9 trouv\u00e9 tou sa zot bizwen  isi-a<\/em>.<em>  Paj-tala ni 2 lanmen : <\/em><\/p>\n\n\n\n<div class=\"wp-block-columns tw-gutter-no tw-cols-stack-none is-layout-flex wp-container-core-columns-is-layout-d0b3c9c8 wp-block-columns-is-layout-flex\">\n<div class=\"wp-block-column is-layout-flow wp-block-column-is-layout-flow\" style=\"--col-width:250px;flex-basis:250px\">\n<h3 style=\"text-align: center;\"><strong>An l\u00e8 primi\u00e9<\/strong><\/h3>\n<h3 style=\"text-align: center;\"><strong>lanmen-an zot k\u00e9<\/strong><\/h3>\n<h3 style=\"text-align: center;\"><strong>jwenn <\/strong><strong>&#8221; p\u00e9dagogie et didactique &#8220;<\/strong><\/h3>\n<\/div>\n\n\n\n<div class=\"wp-block-column is-layout-flow wp-block-column-is-layout-flow\"><div class=\"wp-block-image is-style-twentytwentyone-image-frame\">\n<figure class=\"aligncenter size-full is-resized\"><img loading=\"lazy\" decoding=\"async\" src=\"https:\/\/site.ac-martinique.fr\/circonscription-trinite\/wp-content\/uploads\/sites\/87\/2021\/12\/Poign__e_de_main_4b167617b0a9c-edited.jpg\" alt=\"\" class=\"wp-image-1185\" width=\"489\" height=\"290\"\/><\/figure>\n<\/div><\/div>\n\n\n\n<div class=\"wp-block-column is-layout-flow wp-block-column-is-layout-flow\" style=\"--col-width:250px;flex-basis:250px\">\n<h3 style=\"text-align: center;\"><strong>An l\u00e8 lot lanmen-an zot k\u00e9\u00a0 sav tou sa ka pas\u00e9 adan s\u00e9 l\u00e9kol-la<\/strong><\/h3>\n<\/div>\n<\/div>\n\n\n\n<p class=\"has-text-align-center has-medium-font-size\"><em>Manmay pa f\u00e8 d\u00e8y\u00e8  ! F\u00e8 paj la d\u00e9sann pou zot p\u00e9 gad\u00e9 sa ! S\u00e9 d\u00e8y\u00e8 teks ki ni teks<\/em>. <\/p>\n\n\n\n<div class=\"wp-block-buttons is-layout-flex wp-block-buttons-is-layout-flex\">\n<div class=\"wp-block-button has-custom-width wp-block-button__width-100 has-custom-font-size is-style-fill has-h-3-font-size\"><a class=\"wp-block-button__link has-text-color wp-element-button\" style=\"color:#e43bac\"><span style=\"color:#dd2c6d\" class=\"tadv-color\">SA KA PASe ?<\/span><\/a><\/div>\n<\/div>\n\n\n\n<p class=\"has-text-align-center has-medium-font-size\"><em>An woulo bravo ba Man Audinay ka travay rach\u00e9 coup\u00e9 pou f\u00e8 kr\u00e9yol la vans\u00e9 !<\/em> <em>Si zot l\u00e9 w\u00e8 bel bagay klik\u00e9 anl\u00e8  sa i kit\u00e9 ba zot<\/em><\/p>\n\n\n<div class=\"padlet-embed\" style=\"border:1px solid rgba(0,0,0,0.1);border-radius:2px;box-sizing:border-box;overflow:hidden;position:relative;width:100%;background:#F4F4F4\">\n<p style=\"padding:0;margin:0\"><iframe src=\"https:\/\/padlet.com\/embed\/tw4i67qfcmld42hr\" frameborder=\"0\" allow=\"camera;microphone;geolocation\" style=\"width:100%;height:608px;display:block;padding:0;margin:0\"><\/iframe><\/p>\n<div style=\"display:flex;align-items:center;justify-content:end;margin:0;height:28px\"><a href=\"https:\/\/padlet.com?ref=embed\" style=\"display:block;flex-grow:0;margin:0;border:none;padding:0;text-decoration:none\" target=\"_blank\" rel=\"noopener\"><\/p>\n<div style=\"display:flex;align-items:center;\"><img loading=\"lazy\" decoding=\"async\" src=\"https:\/\/padlet.net\/embeds\/made_with_padlet_2022.png\" width=\"114\" height=\"28\" style=\"padding:0;margin:0;background:0 0;border:none;box-shadow:none\" alt=\"Fait avec Padlet\"><\/div>\n<p><\/a><\/div>\n<\/div>\n\n\n\n<h4 class=\"has-text-align-center wp-block-heading\">Simenn kr\u00e9yol l\u00e9kol matinik : une semaine pour promouvoir le cr\u00e9ole en classe<\/h4>\n\n\n\n<p>Une matin\u00e9e conte et rencontre autour du cr\u00e9ole a eu lieu ce matin \u00e0 l&#8217;\u00e9cole Jocelyne B\u00e9roard, \u00e0 Sch\u0153lcher. C&#8217;est l&#8217;une des 39 classes de primaire bilingues de la Martinique, dans lesquelles les \u00e9l\u00e8ves apprennent en cr\u00e9ole et en fran\u00e7ais. Uns forme d&#8217;apprentissage qui devrait se g\u00e9n\u00e9raliser dans l&#8217;avenir.<\/p>\n\n\n\n<p><\/p>\n\n\n<div style=\"position:relative;padding-bottom:57.25%;\"><iframe style=\"position:absolute;top:0;left:0;width:100%;height:100%;\" frameborder=\"0\" allowfullscreen=\"allowfullscreen\" allow=\"autoplay;fullscreen;geolocation\" src=\"https:\/\/player.myvideoplace.tv\/?v=ATV_SUJE_PAD_211022-3\"><\/iframe><\/div>\n\n\n\n<h4 class=\"has-text-align-center wp-block-heading\">Actualit\u00e9s des \u00e9coles <\/h4>\n\n\n<ul class=\"wp-block-latest-posts__list is-grid columns-3 is-style-twentytwentyone-latest-posts-dividers wp-block-latest-posts\"><li><div class=\"wp-block-latest-posts__featured-image aligncenter\"><img loading=\"lazy\" decoding=\"async\" width=\"150\" height=\"150\" src=\"https:\/\/site.ac-martinique.fr\/circonscription-trinite\/wp-content\/uploads\/sites\/87\/2026\/05\/image-17-150x150.png\" class=\"attachment-thumbnail size-thumbnail wp-post-image\" alt=\"\" style=\"width:100%;height:56.22%;max-width:1599px;\" \/><\/div><a class=\"wp-block-latest-posts__post-title\" href=\"https:\/\/site.ac-martinique.fr\/circonscription-trinite\/?p=7677\">M. CESAIRE : D\u00e9couverte de la yole du Robert<\/a><div class=\"wp-block-latest-posts__post-excerpt\">Dans le cadre de leur projet de classe, les \u00e9l\u00e8ves de la SP de Mme Beuze, de l\u2019\u00e9cole&hellip; <a class=\"more-link\" href=\"https:\/\/site.ac-martinique.fr\/circonscription-trinite\/?p=7677\">Poursuivre la lecture <span class=\"screen-reader-text\">M. CESAIRE : D\u00e9couverte de la yole du Robert<\/span><\/a><\/div><\/li>\n<li><div class=\"wp-block-latest-posts__featured-image aligncenter\"><img loading=\"lazy\" decoding=\"async\" width=\"150\" height=\"150\" src=\"https:\/\/site.ac-martinique.fr\/circonscription-trinite\/wp-content\/uploads\/sites\/87\/2025\/06\/IMG-20250623-WA0001-150x150.jpg\" class=\"attachment-thumbnail size-thumbnail wp-post-image\" alt=\"\" style=\"width:100%;height:133.33%;max-width:1200px;\" \/><\/div><a class=\"wp-block-latest-posts__post-title\" href=\"https:\/\/site.ac-martinique.fr\/circonscription-trinite\/?p=6799\">Une f\u00eate de fin d\u2019ann\u00e9e haute en couleurs \u00e0 l\u2019\u00e9cole Mano C\u00e9saire<\/a><div class=\"wp-block-latest-posts__post-excerpt\">Ce vendredi, la cour de l\u2019\u00e9cole maternelle Mano CESAIRE s\u2019est transform\u00e9e en un v\u00e9ritable lieu de f\u00eate, de&hellip; <a class=\"more-link\" href=\"https:\/\/site.ac-martinique.fr\/circonscription-trinite\/?p=6799\">Poursuivre la lecture <span class=\"screen-reader-text\">Une f\u00eate de fin d\u2019ann\u00e9e haute en couleurs \u00e0 l\u2019\u00e9cole Mano C\u00e9saire<\/span><\/a><\/div><\/li>\n<li><div class=\"wp-block-latest-posts__featured-image aligncenter\"><img loading=\"lazy\" decoding=\"async\" width=\"150\" height=\"150\" src=\"https:\/\/site.ac-martinique.fr\/circonscription-trinite\/wp-content\/uploads\/sites\/87\/2025\/06\/WhatsApp-Image-2025-06-17-a-08.24.54_7d9f7acd-150x150.jpg\" class=\"attachment-thumbnail size-thumbnail wp-post-image\" alt=\"\" style=\"width:100%;height:75%;max-width:1280px;\" \/><\/div><a class=\"wp-block-latest-posts__post-title\" href=\"https:\/\/site.ac-martinique.fr\/circonscription-trinite\/?p=6779\">Mizikekol\u00e8j en action sur le REP Paul Symphor<\/a><div class=\"wp-block-latest-posts__post-excerpt\">Au tout d\u00e9but du mois, un joli moment de partage a r\u00e9uni plusieurs \u00e9tablissements scolaires autour de la&hellip; <a class=\"more-link\" href=\"https:\/\/site.ac-martinique.fr\/circonscription-trinite\/?p=6779\">Poursuivre la lecture <span class=\"screen-reader-text\">Mizikekol\u00e8j en action sur le REP Paul Symphor<\/span><\/a><\/div><\/li>\n<li><div class=\"wp-block-latest-posts__featured-image aligncenter\"><img loading=\"lazy\" decoding=\"async\" width=\"150\" height=\"150\" src=\"https:\/\/site.ac-martinique.fr\/circonscription-trinite\/wp-content\/uploads\/sites\/87\/2025\/05\/20250509_092435-150x150.jpg\" class=\"attachment-thumbnail size-thumbnail wp-post-image\" alt=\"\" style=\"width:100%;height:32.13%;max-width:1080px;\" \/><\/div><a class=\"wp-block-latest-posts__post-title\" href=\"https:\/\/site.ac-martinique.fr\/circonscription-trinite\/?p=6678\">Show culinaire \u00e0 Emile Capgras<\/a><div class=\"wp-block-latest-posts__post-excerpt\">Les \u00e9l\u00e8ves de CP B,CE1 A et de CE2 A ont assist\u00e9 \u00e0 la r\u00e9alisation de cassaves \u00e0&hellip; <a class=\"more-link\" href=\"https:\/\/site.ac-martinique.fr\/circonscription-trinite\/?p=6678\">Poursuivre la lecture <span class=\"screen-reader-text\">Show culinaire \u00e0 Emile Capgras<\/span><\/a><\/div><\/li>\n<li><div class=\"wp-block-latest-posts__featured-image aligncenter\"><img loading=\"lazy\" decoding=\"async\" width=\"150\" height=\"150\" src=\"https:\/\/site.ac-martinique.fr\/circonscription-trinite\/wp-content\/uploads\/sites\/87\/2025\/05\/IMG-20250502-WA0003-150x150.jpg\" class=\"attachment-thumbnail size-thumbnail wp-post-image\" alt=\"\" style=\"width:100%;height:133.33%;max-width:960px;\" \/><\/div><a class=\"wp-block-latest-posts__post-title\" href=\"https:\/\/site.ac-martinique.fr\/circonscription-trinite\/?p=6665\">De la cabosse au chocolat \u00e0 Emile Capgras<\/a><div class=\"wp-block-latest-posts__post-excerpt\">Les \u00e9l\u00e8ves de CP b, CE1a et de CE2 a de l&#8217;\u00e9cole Emile Capgras ont visit\u00e9 la plantation&hellip; <a class=\"more-link\" href=\"https:\/\/site.ac-martinique.fr\/circonscription-trinite\/?p=6665\">Poursuivre la lecture <span class=\"screen-reader-text\">De la cabosse au chocolat \u00e0 Emile Capgras<\/span><\/a><\/div><\/li>\n<li><div class=\"wp-block-latest-posts__featured-image aligncenter\"><img loading=\"lazy\" decoding=\"async\" width=\"150\" height=\"150\" src=\"https:\/\/site.ac-martinique.fr\/circonscription-trinite\/wp-content\/uploads\/sites\/87\/2025\/03\/WhatsApp-Image-2025-03-30-a-19.48.40_07297097-150x150.jpg\" class=\"attachment-thumbnail size-thumbnail wp-post-image\" alt=\"\" style=\"width:100%;height:132.92%;max-width:963px;\" \/><\/div><a class=\"wp-block-latest-posts__post-title\" href=\"https:\/\/site.ac-martinique.fr\/circonscription-trinite\/?p=6597\">Simenn Kreyol Tatann<\/a><div class=\"wp-block-latest-posts__post-excerpt\">Le vendredi 28 mars, les \u00e9l\u00e8ves du Cycle 1 de l&#8217;\u00e9cole Christiane LANGE ont eu la chance de&hellip; <a class=\"more-link\" href=\"https:\/\/site.ac-martinique.fr\/circonscription-trinite\/?p=6597\">Poursuivre la lecture <span class=\"screen-reader-text\">Simenn Kreyol Tatann<\/span><\/a><\/div><\/li>\n<li><div class=\"wp-block-latest-posts__featured-image aligncenter\"><img loading=\"lazy\" decoding=\"async\" width=\"150\" height=\"150\" src=\"https:\/\/site.ac-martinique.fr\/circonscription-trinite\/wp-content\/uploads\/sites\/87\/2024\/09\/IMG-20240921-WA0005-150x150.jpg\" class=\"attachment-thumbnail size-thumbnail wp-post-image\" alt=\"\" style=\"width:100%;height:56.25%;max-width:1280px;\" \/><\/div><a class=\"wp-block-latest-posts__post-title\" href=\"https:\/\/site.ac-martinique.fr\/circonscription-trinite\/?p=6122\">C\u00e9r\u00e9monie des habilit\u00e9s LVRC<\/a><div class=\"wp-block-latest-posts__post-excerpt\">89 nouveaux professeurs des \u00e9coles certifi\u00e9s pour l\u2019enseignement du cr\u00e9ole dont certains de la Circonscription de Trinit\u00e9 !&hellip; <a class=\"more-link\" href=\"https:\/\/site.ac-martinique.fr\/circonscription-trinite\/?p=6122\">Poursuivre la lecture <span class=\"screen-reader-text\">C\u00e9r\u00e9monie des habilit\u00e9s LVRC<\/span><\/a><\/div><\/li>\n<li><div class=\"wp-block-latest-posts__featured-image aligncenter\"><img loading=\"lazy\" decoding=\"async\" width=\"150\" height=\"150\" src=\"https:\/\/site.ac-martinique.fr\/circonscription-trinite\/wp-content\/uploads\/sites\/87\/2024\/06\/image-24-150x150.png\" class=\"attachment-thumbnail size-thumbnail wp-post-image\" alt=\"\" style=\"width:100%;height:92.67%;max-width:300px;\" \/><\/div><a class=\"wp-block-latest-posts__post-title\" href=\"https:\/\/site.ac-martinique.fr\/circonscription-trinite\/?p=6028\">Habilitation Cr\u00e9ole dans les \u00e9coles !<\/a><div class=\"wp-block-latest-posts__post-excerpt\">\u00c9cole maternelle Mano C\u00c9SAIRE Projet d&#8217;habilitation de Mme Glondu: Cr\u00e9ation d1 dobble des arbres (et caract\u00e9ristiques) du jardin&hellip; <a class=\"more-link\" href=\"https:\/\/site.ac-martinique.fr\/circonscription-trinite\/?p=6028\">Poursuivre la lecture <span class=\"screen-reader-text\">Habilitation Cr\u00e9ole dans les \u00e9coles !<\/span><\/a><\/div><\/li>\n<li><div class=\"wp-block-latest-posts__featured-image aligncenter\"><img loading=\"lazy\" decoding=\"async\" width=\"150\" height=\"150\" src=\"https:\/\/site.ac-martinique.fr\/circonscription-trinite\/wp-content\/uploads\/sites\/87\/2024\/05\/WhatsApp-Image-2024-05-29-a-22.36.31_02080993-150x150.jpg\" class=\"attachment-thumbnail size-thumbnail wp-post-image\" alt=\"\" style=\"width:100%;height:133.33%;max-width:1200px;\" \/><\/div><a class=\"wp-block-latest-posts__post-title\" href=\"https:\/\/site.ac-martinique.fr\/circonscription-trinite\/?p=5561\">Jeux Antan Lontan \u00e0 l&#8217; \u00e9cole primaire Christiane Lange<\/a><div class=\"wp-block-latest-posts__post-excerpt\">Le\u00a028\u00a0mai\u00a02024, les \u00e9l\u00e8ves de l&#8217;\u00e9cole Christiane Lange ont pu profiter d&#8217;un temps d\u00e9di\u00e9 au Jeu Antan Lontan !<\/div><\/li>\n<li><div class=\"wp-block-latest-posts__featured-image aligncenter\"><img loading=\"lazy\" decoding=\"async\" width=\"150\" height=\"150\" src=\"https:\/\/site.ac-martinique.fr\/circonscription-trinite\/wp-content\/uploads\/sites\/87\/2024\/04\/semaine-des-langues-2024-159084-150x150.png\" class=\"attachment-thumbnail size-thumbnail wp-post-image\" alt=\"\" style=\"width:100%;height:42.07%;max-width:1236px;\" \/><\/div><a class=\"wp-block-latest-posts__post-title\" href=\"https:\/\/site.ac-martinique.fr\/circonscription-trinite\/?p=5278\">Semaine des Langues \u00e0 Ultima Vestris et Occuline Amazan<\/a><div class=\"wp-block-latest-posts__post-excerpt\">Occuline AMAZAN Ultima VESTRIS<\/div><\/li>\n<li><div class=\"wp-block-latest-posts__featured-image aligncenter\"><img loading=\"lazy\" decoding=\"async\" width=\"150\" height=\"150\" src=\"https:\/\/site.ac-martinique.fr\/circonscription-trinite\/wp-content\/uploads\/sites\/87\/2024\/03\/Photo-de-Noemiie-C_2-150x150.jpg\" class=\"attachment-thumbnail size-thumbnail wp-post-image\" alt=\"\" style=\"width:100%;height:75%;max-width:1600px;\" \/><\/div><a class=\"wp-block-latest-posts__post-title\" href=\"https:\/\/site.ac-martinique.fr\/circonscription-trinite\/?p=5074\">Klas PSMS Auguste Rejon travay asou jounen fanm<\/a><div class=\"wp-block-latest-posts__post-excerpt\">La classe PS\/MS de la maternelle Auguste Rejon\/LA TRINIT\u00c9 a honor\u00e9 les femmes. Pawol-la di : &nbsp;*FOUT FANM&hellip; <a class=\"more-link\" href=\"https:\/\/site.ac-martinique.fr\/circonscription-trinite\/?p=5074\">Poursuivre la lecture <span class=\"screen-reader-text\">Klas PSMS Auguste Rejon travay asou jounen fanm<\/span><\/a><\/div><\/li>\n<\/ul>\n\n\n<div class=\"wp-block-buttons is-layout-flex wp-block-buttons-is-layout-flex\">\n<div class=\"wp-block-button has-custom-width wp-block-button__width-100 has-custom-font-size is-style-fill has-h-3-font-size\"><a class=\"wp-block-button__link has-text-color wp-element-button\" style=\"color:#249365\"><span style=\"color:#dd2c6d\" class=\"tadv-color\">P\u00e9dagogie et Didactiques<\/span><\/a><\/div>\n<\/div>\n\n\n\n<h2 class=\"has-text-align-center wp-block-heading\"><em>Teks ofisiel<\/em><\/h2>\n\n\n\n<p class=\"has-text-align-center has-medium-font-size\"><em>Pa ni kr\u00e9yol san r\u00e8glementasion<\/em>. <em>Klik\u00e9 anl\u00e8 sa ka ent\u00e9r\u00e9s\u00e9&#8217;w.<\/em><\/p>\n\n\n\n<div class=\"wp-block-columns is-layout-flex wp-container-core-columns-is-layout-d0b3c9c8 wp-block-columns-is-layout-flex\">\n<div class=\"wp-block-column is-layout-flow wp-block-column-is-layout-flow\">\n<div class=\"wp-block-file\"><a id=\"wp-block-file--media-a894b4e6-3d53-4ab1-8f54-1b519a053b4f\" href=\"https:\/\/site.ac-martinique.fr\/circonscription-trinite\/wp-content\/uploads\/sites\/87\/2021\/12\/BO-n\u00b032-du-8-sep-2011-programme_creole_primaire.pdf\">BO-n\u00b032-du-8-sep-2011-programme_creole_primaire<\/a><\/div>\n\n\n\n<div class=\"wp-block-file\"><a id=\"wp-block-file--media-30440df6-1585-4251-828d-60798fd25694\" href=\"https:\/\/site.ac-martinique.fr\/circonscription-trinite\/wp-content\/uploads\/sites\/87\/2021\/12\/programmes-LVR-2016-CYCLE-3.doc\">programmes-LVR-2016-CYCLE-3<\/a><\/div>\n\n\n\n<div class=\"wp-block-file\"><a id=\"wp-block-file--media-ac9b9847-c5ed-4782-be59-74852e04bbe7\" href=\"https:\/\/site.ac-martinique.fr\/circonscription-trinite\/wp-content\/uploads\/sites\/87\/2021\/12\/Programmes-creole-2016-Cycle-2.docx\">Programmes-creole-2016-Cycle-2<\/a><\/div>\n<\/div>\n\n\n\n<div class=\"wp-block-column is-layout-flow wp-block-column-is-layout-flow\">\n<div class=\"wp-block-file\"><a id=\"wp-block-file--media-5c5f101d-c34c-4521-ae51-06848157e4c1\" href=\"https:\/\/site.ac-martinique.fr\/circonscription-trinite\/wp-content\/uploads\/sites\/87\/2021\/12\/Langues-et-cultures-regionales-circulaire-2017.docx\">Langues-et-cultures-regionales-circulaire-2017<\/a><\/div>\n\n\n\n<div class=\"wp-block-file\"><a id=\"wp-block-file--media-1f86f181-419f-4753-947b-0199daec8b89\" href=\"https:\/\/site.ac-martinique.fr\/circonscription-trinite\/wp-content\/uploads\/sites\/87\/2021\/12\/igesr-rapport-2020-102-evaluation-dispositifs-favorisant-situations-plurilinguisme-academies-outre-mer-wallis-et-futuna-pdf-73911-1-1.pdf\">igesr-rapport-2020-102-evaluation-dispositifs-favorisant-situations-plurilinguisme-academies-outre-mer-wallis-et-futuna-pdf-73911-1-1<\/a><\/div>\n<\/div>\n<\/div>\n\n\n\n<h2 class=\"has-text-align-center wp-block-heading\"><em>Abilitasion<\/em><\/h2>\n\n\n\n<p class=\"has-text-align-center has-medium-font-size\"><em>Ou l\u00e9 sav ki maniy\u00e8 abilisasion-an ka pas\u00e9 ?   Klik\u00e9 anl\u00e8 sa ka ent\u00e9r\u00e9s\u00e9&#8217;w. <\/em><\/p>\n\n\n\n<div class=\"wp-block-buttons is-layout-flex wp-block-buttons-is-layout-flex\"><\/div>\n\n\n\n<div class=\"wp-block-file\"><a id=\"wp-block-file--media-cd25109d-f9cc-4ed5-ba6d-6dc7fa5a7243\" href=\"https:\/\/site.ac-martinique.fr\/circonscription-trinite\/wp-content\/uploads\/sites\/87\/2021\/12\/LVR-Comment-mener-une-analyse-de-seance-LVR-creole.docx\">LVR-Comment-mener-une-analyse-de-seance-LVR-creole<\/a><a href=\"https:\/\/site.ac-martinique.fr\/circonscription-trinite\/wp-content\/uploads\/sites\/87\/2021\/12\/LVR-Comment-mener-une-analyse-de-seance-LVR-creole.docx\" class=\"wp-block-file__button wp-element-button\" download aria-describedby=\"wp-block-file--media-cd25109d-f9cc-4ed5-ba6d-6dc7fa5a7243\">T\u00e9l\u00e9charger<\/a><\/div>\n\n\n\n<div class=\"wp-block-file\"><a id=\"wp-block-file--media-9d932167-9cba-42ef-8579-141d1de50f6d\" href=\"https:\/\/site.ac-martinique.fr\/circonscription-trinite\/wp-content\/uploads\/sites\/87\/2021\/12\/LVR-grille-de-relecture-seance-Lvr.docx\">LVR-grille-de-relecture-seance-Lvr<\/a><a href=\"https:\/\/site.ac-martinique.fr\/circonscription-trinite\/wp-content\/uploads\/sites\/87\/2021\/12\/LVR-grille-de-relecture-seance-Lvr.docx\" class=\"wp-block-file__button wp-element-button\" download aria-describedby=\"wp-block-file--media-9d932167-9cba-42ef-8579-141d1de50f6d\">T\u00e9l\u00e9charger<\/a><\/div>\n\n\n\n<h2 class=\"has-text-align-center wp-block-heading\"><em>Fich aksion<\/em><\/h2>\n\n\n\n<p class=\"has-text-align-center has-medium-font-size\"><em>J\u00e9t\u00e9 an ti zi\u00e9 anl\u00e8 l\u00e9 fich aksion-an . Klik\u00e9 anl\u00e8 sa ka ent\u00e9r\u00e9s\u00e9&#8217;w. <\/em><\/p>\n\n\n\n<div class=\"wp-block-buttons is-layout-flex wp-block-buttons-is-layout-flex\"><\/div>\n\n\n\n<div class=\"wp-block-file\"><a id=\"wp-block-file--media-6b57b4cc-ad79-41fc-b7cf-753e3ea3dc30\" href=\"https:\/\/site.ac-martinique.fr\/circonscription-trinite\/wp-content\/uploads\/sites\/87\/2021\/12\/PROJET-ACTION-SA-SE-DANSE-EPI-CHANTE-PEYI-A-2021-2022-1.docx\">PROJET-ACTION-SA-SE-DANSE-EPI-CHANTE-PEYI-A-2021-2022-1<\/a><a href=\"https:\/\/site.ac-martinique.fr\/circonscription-trinite\/wp-content\/uploads\/sites\/87\/2021\/12\/PROJET-ACTION-SA-SE-DANSE-EPI-CHANTE-PEYI-A-2021-2022-1.docx\" class=\"wp-block-file__button wp-element-button\" download aria-describedby=\"wp-block-file--media-6b57b4cc-ad79-41fc-b7cf-753e3ea3dc30\">T\u00e9l\u00e9charger<\/a><\/div>\n\n\n\n<div class=\"wp-block-file\"><a id=\"wp-block-file--media-b344e51f-3509-4bfa-aed0-f521cab2ef3b\" href=\"https:\/\/site.ac-martinique.fr\/circonscription-trinite\/wp-content\/uploads\/sites\/87\/2021\/12\/PROJET-ANNOU-MANJE-MANJE-PEYI-A-2021-2022-1.docx\">PROJET-ANNOU-MANJE-MANJE-PEYI-A-2021-2022-1<\/a><a href=\"https:\/\/site.ac-martinique.fr\/circonscription-trinite\/wp-content\/uploads\/sites\/87\/2021\/12\/PROJET-ANNOU-MANJE-MANJE-PEYI-A-2021-2022-1.docx\" class=\"wp-block-file__button wp-element-button\" download aria-describedby=\"wp-block-file--media-b344e51f-3509-4bfa-aed0-f521cab2ef3b\">T\u00e9l\u00e9charger<\/a><\/div>\n\n\n\n<div class=\"wp-block-file\"><a id=\"wp-block-file--media-41cfbb35-f684-43aa-97fa-6327656d125b\" href=\"https:\/\/site.ac-martinique.fr\/circonscription-trinite\/wp-content\/uploads\/sites\/87\/2021\/12\/PROJET-ACTION-SA-SE-LAKARAYIB-2021-2022-1.docx\">PROJET-ACTION-SA-SE-LAKARAYIB-2021-2022-1<\/a><a href=\"https:\/\/site.ac-martinique.fr\/circonscription-trinite\/wp-content\/uploads\/sites\/87\/2021\/12\/PROJET-ACTION-SA-SE-LAKARAYIB-2021-2022-1.docx\" class=\"wp-block-file__button wp-element-button\" download aria-describedby=\"wp-block-file--media-41cfbb35-f684-43aa-97fa-6327656d125b\">T\u00e9l\u00e9charger<\/a><\/div>\n\n\n\n<div class=\"wp-block-file\"><a id=\"wp-block-file--media-d29833b4-fc2e-45cf-86eb-da9fcb9d9b7b\" href=\"https:\/\/site.ac-martinique.fr\/circonscription-trinite\/wp-content\/uploads\/sites\/87\/2021\/12\/LVR-FICHE-ACTION-De-ti-kamo-jounal-kreyol-2021-ek-2022-1.docx\">LVR-FICHE-ACTION-De-ti-kamo-jounal-kreyol-2021-ek-2022-1<\/a><a href=\"https:\/\/site.ac-martinique.fr\/circonscription-trinite\/wp-content\/uploads\/sites\/87\/2021\/12\/LVR-FICHE-ACTION-De-ti-kamo-jounal-kreyol-2021-ek-2022-1.docx\" class=\"wp-block-file__button wp-element-button\" download aria-describedby=\"wp-block-file--media-d29833b4-fc2e-45cf-86eb-da9fcb9d9b7b\">T\u00e9l\u00e9charger<\/a><\/div>\n\n\n\n<h2 class=\"has-text-align-center wp-block-heading\"><em>Dot proj\u00e8 kay vini<\/em><\/h2>\n\n\n\n<p class=\"has-text-align-center has-medium-font-size\"><em>Pran titak pasiens , yo ka vini<\/em><\/p>\n\n\n\n<p><\/p>\n","protected":false},"excerpt":{"rendered":"<p>Nou kontan w\u00e8 zot anl\u00e8 paj esp\u00e9sial KREYOL ! Zot bizwen envit\u00e9 kr\u00e9yol an klas-zot-la ? Pa ni probl\u00e8m. Zot k\u00e9 p\u00e9 trouv\u00e9 tou sa zot bizwen isi-a. Paj-tala ni&hellip; <a class=\"more-link\" href=\"https:\/\/site.ac-martinique.fr\/circonscription-trinite\/?page_id=1155\">Poursuivre la lecture <span class=\"screen-reader-text\">Annou pal\u00e9 kr\u00e9yol<\/span><\/a><\/p>\n","protected":false},"author":272,"featured_media":0,"parent":121,"menu_order":0,"comment_status":"closed","ping_status":"closed","template":"","meta":{"footnotes":"","_links_to":"","_links_to_target":""},"class_list":["post-1155","page","type-page","status-publish","hentry","entry"],"amp_enabled":true,"_links":{"self":[{"href":"https:\/\/site.ac-martinique.fr\/circonscription-trinite\/index.php?rest_route=\/wp\/v2\/pages\/1155","targetHints":{"allow":["GET"]}}],"collection":[{"href":"https:\/\/site.ac-martinique.fr\/circonscription-trinite\/index.php?rest_route=\/wp\/v2\/pages"}],"about":[{"href":"https:\/\/site.ac-martinique.fr\/circonscription-trinite\/index.php?rest_route=\/wp\/v2\/types\/page"}],"author":[{"embeddable":true,"href":"https:\/\/site.ac-martinique.fr\/circonscription-trinite\/index.php?rest_route=\/wp\/v2\/users\/272"}],"replies":[{"embeddable":true,"href":"https:\/\/site.ac-martinique.fr\/circonscription-trinite\/index.php?rest_route=%2Fwp%2Fv2%2Fcomments&post=1155"}],"version-history":[{"count":19,"href":"https:\/\/site.ac-martinique.fr\/circonscription-trinite\/index.php?rest_route=\/wp\/v2\/pages\/1155\/revisions"}],"predecessor-version":[{"id":3373,"href":"https:\/\/site.ac-martinique.fr\/circonscription-trinite\/index.php?rest_route=\/wp\/v2\/pages\/1155\/revisions\/3373"}],"up":[{"embeddable":true,"href":"https:\/\/site.ac-martinique.fr\/circonscription-trinite\/index.php?rest_route=\/wp\/v2\/pages\/121"}],"wp:attachment":[{"href":"https:\/\/site.ac-martinique.fr\/circonscription-trinite\/index.php?rest_route=%2Fwp%2Fv2%2Fmedia&parent=1155"}],"curies":[{"name":"wp","href":"https:\/\/api.w.org\/{rel}","templated":true}]}}