{"id":3064,"date":"2023-01-09T16:52:36","date_gmt":"2023-01-09T15:52:36","guid":{"rendered":"https:\/\/site.ac-martinique.fr\/circonscription-trinite\/?page_id=3064"},"modified":"2023-02-09T17:14:04","modified_gmt":"2023-02-09T16:14:04","slug":"phare","status":"publish","type":"page","link":"https:\/\/site.ac-martinique.fr\/circonscription-trinite\/?page_id=3064","title":{"rendered":"Programme pHARe"},"content":{"rendered":"\n<figure class=\"wp-block-pullquote is-style-default\"><blockquote><p>Le programme pHARe est un plan de pr\u00e9vention du harc\u00e8lement, \u00e0 destination des \u00e9coles et des coll\u00e8ges, fond\u00e9 autour de 8 piliers,  traduit par des actions tout au long de l&#8217;ann\u00e9e scolaire.<\/p><\/blockquote><\/figure>\n\n\n\n<figure class=\"wp-block-image size-large is-style-tw-rounded-corners\"><img loading=\"lazy\" decoding=\"async\" width=\"1024\" height=\"486\" src=\"https:\/\/site.ac-martinique.fr\/circonscription-trinite\/wp-content\/uploads\/sites\/87\/2023\/01\/image-4-1024x486.png\" alt=\"\" class=\"wp-image-3185\" srcset=\"https:\/\/site.ac-martinique.fr\/circonscription-trinite\/wp-content\/uploads\/sites\/87\/2023\/01\/image-4-1024x486.png 1024w, https:\/\/site.ac-martinique.fr\/circonscription-trinite\/wp-content\/uploads\/sites\/87\/2023\/01\/image-4-300x142.png 300w, https:\/\/site.ac-martinique.fr\/circonscription-trinite\/wp-content\/uploads\/sites\/87\/2023\/01\/image-4-768x365.png 768w, https:\/\/site.ac-martinique.fr\/circonscription-trinite\/wp-content\/uploads\/sites\/87\/2023\/01\/image-4-1536x730.png 1536w, https:\/\/site.ac-martinique.fr\/circonscription-trinite\/wp-content\/uploads\/sites\/87\/2023\/01\/image-4-1568x745.png 1568w, https:\/\/site.ac-martinique.fr\/circonscription-trinite\/wp-content\/uploads\/sites\/87\/2023\/01\/image-4.png 1819w\" sizes=\"auto, (max-width: 1024px) 100vw, 1024px\" \/><\/figure>\n\n\n\n<h2 class=\"has-text-align-center has-white-background-color has-background wp-block-heading\">ACTUALITES<\/h2>\n\n\n<ul class=\"wp-block-latest-posts__list is-grid columns-3 is-style-tw-posts-card wp-block-latest-posts\"><li><div class=\"wp-block-latest-posts__featured-image\"><img loading=\"lazy\" decoding=\"async\" width=\"150\" height=\"116\" src=\"https:\/\/site.ac-martinique.fr\/circonscription-trinite\/wp-content\/uploads\/sites\/87\/2026\/04\/image-1-150x116.png\" class=\"attachment-thumbnail size-thumbnail wp-post-image\" alt=\"\" style=\"width:100%;height:43.61%;max-width:266px;\" \/><\/div><a class=\"wp-block-latest-posts__post-title\" href=\"https:\/\/site.ac-martinique.fr\/circonscription-trinite\/?p=7538\">E. CAPGRAS : Semaine de l&#8217;empathie<\/a><\/li>\n<li><div class=\"wp-block-latest-posts__featured-image\"><img loading=\"lazy\" decoding=\"async\" width=\"150\" height=\"150\" src=\"https:\/\/site.ac-martinique.fr\/circonscription-trinite\/wp-content\/uploads\/sites\/87\/2026\/04\/IMG20260330152227-150x150.jpg\" class=\"attachment-thumbnail size-thumbnail wp-post-image\" alt=\"\" style=\"width:100%;height:100%;max-width:3120px;\" srcset=\"https:\/\/site.ac-martinique.fr\/circonscription-trinite\/wp-content\/uploads\/sites\/87\/2026\/04\/IMG20260330152227-150x150.jpg 150w, https:\/\/site.ac-martinique.fr\/circonscription-trinite\/wp-content\/uploads\/sites\/87\/2026\/04\/IMG20260330152227-300x300.jpg 300w, https:\/\/site.ac-martinique.fr\/circonscription-trinite\/wp-content\/uploads\/sites\/87\/2026\/04\/IMG20260330152227-1024x1024.jpg 1024w, https:\/\/site.ac-martinique.fr\/circonscription-trinite\/wp-content\/uploads\/sites\/87\/2026\/04\/IMG20260330152227-768x768.jpg 768w, https:\/\/site.ac-martinique.fr\/circonscription-trinite\/wp-content\/uploads\/sites\/87\/2026\/04\/IMG20260330152227-1536x1536.jpg 1536w, https:\/\/site.ac-martinique.fr\/circonscription-trinite\/wp-content\/uploads\/sites\/87\/2026\/04\/IMG20260330152227-2048x2048.jpg 2048w, https:\/\/site.ac-martinique.fr\/circonscription-trinite\/wp-content\/uploads\/sites\/87\/2026\/04\/IMG20260330152227-1568x1568.jpg 1568w\" sizes=\"auto, (max-width: 150px) 100vw, 150px\" \/><\/div><a class=\"wp-block-latest-posts__post-title\" href=\"https:\/\/site.ac-martinique.fr\/circonscription-trinite\/?p=7531\">E. CAPGRAS : Sensibilisation au cyberharc\u00e8lement : voir, comprendre et en parler<\/a><\/li>\n<li><div class=\"wp-block-latest-posts__featured-image\"><img loading=\"lazy\" decoding=\"async\" width=\"150\" height=\"150\" src=\"https:\/\/site.ac-martinique.fr\/circonscription-trinite\/wp-content\/uploads\/sites\/87\/2025\/03\/JPEG_20250331_141755_1209009339802893228-150x150.jpg\" class=\"attachment-thumbnail size-thumbnail wp-post-image\" alt=\"\" style=\"width:100%;height:75%;max-width:1600px;\" \/><\/div><a class=\"wp-block-latest-posts__post-title\" href=\"https:\/\/site.ac-martinique.fr\/circonscription-trinite\/?p=6601\">Sensibilisation au Cyber harc\u00e8lement \u00e0 Couronn\u00e9 LOUREL<\/a><\/li>\n<\/ul>\n\n\n<h2 class=\"has-text-align-center has-white-background-color has-background wp-block-heading\">Protocole de prise en charge<\/h2>\n\n\n\n<p class=\"has-text-align-center has-large-font-size\"><em>Tous les adultes de l&#8217;\u00e9tablissement sont  des acteurs concern\u00e9s par la pr\u00e9vention, le rep\u00e9rage et la prise en charge des situations pr\u00e9occupantes d&#8217;\u00e9l\u00e8ves. Ainsi, le protocole de prise en charge des situations de harc\u00e8lement concerne tous les \u00e9tablissements scolaires et permet de formaliser la d\u00e9marche \u00e0 suivre en cas de situations pr\u00e9occupantes. Ce document est t\u00e9l\u00e9chargeable ci-dessous.<\/em><\/p>\n\n\n\n<div class=\"wp-block-file aligncenter\"><a id=\"wp-block-file--media-9736f62d-cd91-4bd1-945d-0ebd108bbf42\" href=\"https:\/\/site.ac-martinique.fr\/circonscription-trinite\/wp-content\/uploads\/sites\/87\/2023\/01\/DOC-2-Protocole-de-prise-en-charge-des-situations-de-harcelement.docx\">DOC-2-Protocole-de-prise-en-charge-des-situations-de-harcelement<\/a><a href=\"https:\/\/site.ac-martinique.fr\/circonscription-trinite\/wp-content\/uploads\/sites\/87\/2023\/01\/DOC-2-Protocole-de-prise-en-charge-des-situations-de-harcelement.docx\" class=\"wp-block-file__button wp-element-button\" download aria-describedby=\"wp-block-file--media-9736f62d-cd91-4bd1-945d-0ebd108bbf42\">T\u00e9l\u00e9charger<\/a><\/div>\n\n\n\n<figure class=\"wp-block-image size-large is-style-tw-rounded-corners\"><img loading=\"lazy\" decoding=\"async\" width=\"1024\" height=\"104\" src=\"https:\/\/site.ac-martinique.fr\/circonscription-trinite\/wp-content\/uploads\/sites\/87\/2023\/01\/image-2-1024x104.png\" alt=\"\" class=\"wp-image-3179\" srcset=\"https:\/\/site.ac-martinique.fr\/circonscription-trinite\/wp-content\/uploads\/sites\/87\/2023\/01\/image-2-1024x104.png 1024w, https:\/\/site.ac-martinique.fr\/circonscription-trinite\/wp-content\/uploads\/sites\/87\/2023\/01\/image-2-300x30.png 300w, https:\/\/site.ac-martinique.fr\/circonscription-trinite\/wp-content\/uploads\/sites\/87\/2023\/01\/image-2-768x78.png 768w, https:\/\/site.ac-martinique.fr\/circonscription-trinite\/wp-content\/uploads\/sites\/87\/2023\/01\/image-2-1536x156.png 1536w, https:\/\/site.ac-martinique.fr\/circonscription-trinite\/wp-content\/uploads\/sites\/87\/2023\/01\/image-2-2048x208.png 2048w, https:\/\/site.ac-martinique.fr\/circonscription-trinite\/wp-content\/uploads\/sites\/87\/2023\/01\/image-2-1568x159.png 1568w\" sizes=\"auto, (max-width: 1024px) 100vw, 1024px\" \/><figcaption class=\"wp-element-caption\"><strong>Les 5 \u00e9tapes de la prise en charge<\/strong><\/figcaption><\/figure>\n\n\n\n<p class=\"has-large-font-size\"><em>Afin de recueillir les informations lors des diff\u00e9rents entretiens men\u00e9s lors de la mise en place du protocole de prise en charge, vous trouverez ci-apr\u00e8s des fiches type t\u00e9l\u00e9chargeable :<\/em><\/p>\n\n\n\n<div class=\"wp-block-columns is-layout-flex wp-container-core-columns-is-layout-d0b3c9c8 wp-block-columns-is-layout-flex\">\n<div class=\"wp-block-column is-vertically-aligned-center is-layout-flow wp-block-column-is-layout-flow\">\n<div class=\"wp-block-file\"><a id=\"wp-block-file--media-0936c10c-d041-4be4-879d-7310f6bdda5a\" href=\"https:\/\/site.ac-martinique.fr\/circonscription-trinite\/wp-content\/uploads\/sites\/87\/2023\/01\/fiche-entretien-cible.docx\">fiche-entretien-cible<\/a><a href=\"https:\/\/site.ac-martinique.fr\/circonscription-trinite\/wp-content\/uploads\/sites\/87\/2023\/01\/fiche-entretien-cible.docx\" class=\"wp-block-file__button wp-element-button\" download aria-describedby=\"wp-block-file--media-0936c10c-d041-4be4-879d-7310f6bdda5a\">T\u00e9l\u00e9charger<\/a><\/div>\n\n\n\n<div class=\"wp-block-file\"><a id=\"wp-block-file--media-437af12b-e794-45fe-afcd-234745573c3b\" href=\"https:\/\/site.ac-martinique.fr\/circonscription-trinite\/wp-content\/uploads\/sites\/87\/2023\/01\/fiche-entretien-intimidateur.docx\">fiche-entretien-intimidateur<\/a><a href=\"https:\/\/site.ac-martinique.fr\/circonscription-trinite\/wp-content\/uploads\/sites\/87\/2023\/01\/fiche-entretien-intimidateur.docx\" class=\"wp-block-file__button wp-element-button\" download aria-describedby=\"wp-block-file--media-437af12b-e794-45fe-afcd-234745573c3b\">T\u00e9l\u00e9charger<\/a><\/div>\n<\/div>\n\n\n\n<div class=\"wp-block-column is-layout-flow wp-block-column-is-layout-flow\">\n<div class=\"wp-block-file\"><a id=\"wp-block-file--media-56f7dbca-bcfc-4cc5-bd10-1ad776455ee5\" href=\"https:\/\/site.ac-martinique.fr\/circonscription-trinite\/wp-content\/uploads\/sites\/87\/2023\/01\/fiche-entretien-cible-parents.docx\">fiche-entretien-cible-parents<\/a><a href=\"https:\/\/site.ac-martinique.fr\/circonscription-trinite\/wp-content\/uploads\/sites\/87\/2023\/01\/fiche-entretien-cible-parents.docx\" class=\"wp-block-file__button wp-element-button\" download aria-describedby=\"wp-block-file--media-56f7dbca-bcfc-4cc5-bd10-1ad776455ee5\">T\u00e9l\u00e9charger<\/a><\/div>\n\n\n\n<div class=\"wp-block-file\"><a id=\"wp-block-file--media-19dcceb7-de09-4ddf-8414-61a2646e1f76\" href=\"https:\/\/site.ac-martinique.fr\/circonscription-trinite\/wp-content\/uploads\/sites\/87\/2023\/01\/fiche-entretien-cible-bilan.docx\">fiche-entretien-cible-bilan<\/a><a href=\"https:\/\/site.ac-martinique.fr\/circonscription-trinite\/wp-content\/uploads\/sites\/87\/2023\/01\/fiche-entretien-cible-bilan.docx\" class=\"wp-block-file__button wp-element-button\" download aria-describedby=\"wp-block-file--media-19dcceb7-de09-4ddf-8414-61a2646e1f76\">T\u00e9l\u00e9charger<\/a><\/div>\n<\/div>\n<\/div>\n","protected":false},"excerpt":{"rendered":"<p>Le programme pHARe est un plan de pr\u00e9vention du harc\u00e8lement, \u00e0 destination des \u00e9coles et des coll\u00e8ges, fond\u00e9 autour de 8 piliers, traduit par des actions tout au long de&hellip; <a class=\"more-link\" href=\"https:\/\/site.ac-martinique.fr\/circonscription-trinite\/?page_id=3064\">Poursuivre la lecture <span class=\"screen-reader-text\">Programme pHARe<\/span><\/a><\/p>\n","protected":false},"author":272,"featured_media":3070,"parent":0,"menu_order":0,"comment_status":"closed","ping_status":"closed","template":"","meta":{"footnotes":"","_links_to":"","_links_to_target":""},"class_list":["post-3064","page","type-page","status-publish","has-post-thumbnail","hentry","entry"],"amp_enabled":true,"_links":{"self":[{"href":"https:\/\/site.ac-martinique.fr\/circonscription-trinite\/index.php?rest_route=\/wp\/v2\/pages\/3064","targetHints":{"allow":["GET"]}}],"collection":[{"href":"https:\/\/site.ac-martinique.fr\/circonscription-trinite\/index.php?rest_route=\/wp\/v2\/pages"}],"about":[{"href":"https:\/\/site.ac-martinique.fr\/circonscription-trinite\/index.php?rest_route=\/wp\/v2\/types\/page"}],"author":[{"embeddable":true,"href":"https:\/\/site.ac-martinique.fr\/circonscription-trinite\/index.php?rest_route=\/wp\/v2\/users\/272"}],"replies":[{"embeddable":true,"href":"https:\/\/site.ac-martinique.fr\/circonscription-trinite\/index.php?rest_route=%2Fwp%2Fv2%2Fcomments&post=3064"}],"version-history":[{"count":13,"href":"https:\/\/site.ac-martinique.fr\/circonscription-trinite\/index.php?rest_route=\/wp\/v2\/pages\/3064\/revisions"}],"predecessor-version":[{"id":3237,"href":"https:\/\/site.ac-martinique.fr\/circonscription-trinite\/index.php?rest_route=\/wp\/v2\/pages\/3064\/revisions\/3237"}],"wp:featuredmedia":[{"embeddable":true,"href":"https:\/\/site.ac-martinique.fr\/circonscription-trinite\/index.php?rest_route=\/wp\/v2\/media\/3070"}],"wp:attachment":[{"href":"https:\/\/site.ac-martinique.fr\/circonscription-trinite\/index.php?rest_route=%2Fwp%2Fv2%2Fmedia&parent=3064"}],"curies":[{"name":"wp","href":"https:\/\/api.w.org\/{rel}","templated":true}]}}