{"id":3139,"date":"2023-01-24T17:00:21","date_gmt":"2023-01-24T16:00:21","guid":{"rendered":"https:\/\/site.ac-martinique.fr\/circonscription-trinite\/?page_id=3139"},"modified":"2023-06-16T22:00:26","modified_gmt":"2023-06-16T20:00:26","slug":"pole-maternelle","status":"publish","type":"page","link":"https:\/\/site.ac-martinique.fr\/circonscription-trinite\/?page_id=3139","title":{"rendered":"P\u00f4le Maternelle"},"content":{"rendered":"\n<div class=\"wp-block-columns is-layout-flex wp-container-core-columns-is-layout-d0b3c9c8 wp-block-columns-is-layout-flex\">\n<div class=\"wp-block-column is-vertically-aligned-center is-layout-flow wp-block-column-is-layout-flow\" style=\"--col-width:50%;flex-basis:50%\">\n<p class=\"has-text-align-center has-drop-cap has-subtle-background-color has-background has-extra-large-font-size\" style=\"font-style:italic;font-weight:200\"><em>Le P\u00f4le Maternelle de la Circonscription de Trinit\u00e9 est ravi de vous accueillir sur sa page internet  !<\/em><\/p>\n<\/div>\n\n\n\n<div class=\"wp-block-column is-layout-flow wp-block-column-is-layout-flow\" style=\"--col-width:60%;flex-basis:60%\">\n<figure class=\"wp-block-image size-large is-resized is-style-tw-rounded-corners\"><img loading=\"lazy\" decoding=\"async\" src=\"https:\/\/site.ac-martinique.fr\/circonscription-trinite\/wp-content\/uploads\/sites\/87\/2023\/01\/image-1024x1020.png\" alt=\"\" class=\"wp-image-3145\" width=\"453\" height=\"451\" srcset=\"https:\/\/site.ac-martinique.fr\/circonscription-trinite\/wp-content\/uploads\/sites\/87\/2023\/01\/image-1024x1020.png 1024w, https:\/\/site.ac-martinique.fr\/circonscription-trinite\/wp-content\/uploads\/sites\/87\/2023\/01\/image-300x300.png 300w, https:\/\/site.ac-martinique.fr\/circonscription-trinite\/wp-content\/uploads\/sites\/87\/2023\/01\/image-150x150.png 150w, https:\/\/site.ac-martinique.fr\/circonscription-trinite\/wp-content\/uploads\/sites\/87\/2023\/01\/image-768x765.png 768w, https:\/\/site.ac-martinique.fr\/circonscription-trinite\/wp-content\/uploads\/sites\/87\/2023\/01\/image-1536x1529.png 1536w, https:\/\/site.ac-martinique.fr\/circonscription-trinite\/wp-content\/uploads\/sites\/87\/2023\/01\/image-1568x1561.png 1568w, https:\/\/site.ac-martinique.fr\/circonscription-trinite\/wp-content\/uploads\/sites\/87\/2023\/01\/image.png 1625w\" sizes=\"auto, (max-width: 453px) 100vw, 453px\" \/><\/figure>\n<\/div>\n<\/div>\n\n\n\n<p class=\"has-text-align-center has-white-background-color has-text-color has-background has-extra-large-font-size\" style=\"color:#ff25c8\"><strong>QUI SOMMES-NOUS ?<\/strong><\/p>\n\n\n<div style=\"position: relative; width: 100%; height: 0; padding-top: 56.2500%;\n padding-bottom: 0; box-shadow: 0 2px 8px 0 rgba(63,69,81,0.16); margin-top: 1.6em; margin-bottom: 0.9em; overflow: hidden;\n border-radius: 8px; will-change: transform;\"><br \/>\n  <iframe loading=\"lazy\" style=\"position: absolute; width: 100%; height: 100%; top: 0; left: 0; border: none; padding: 0;margin: 0;\" src=\"https:\/\/www.canva.com\/design\/DAFXlWKOvYc\/watch?embed\" allowfullscreen=\"allowfullscreen\" allow=\"fullscreen\"><br \/>\n  <\/iframe>\n<\/div>\n<p><a href=\"https:\/\/www.canva.com\/design\/DAFXlWKOvYc\/watch?utm_content=DAFXlWKOvYc&amp;utm_campaign=designshare&amp;utm_medium=embeds&amp;utm_source=link\" target=\"_blank\" rel=\"noopener\">CommissionMaternelle-QuiSommesNous ?<\/a><\/p>\n\n\n\n<p class=\"has-text-align-center has-white-background-color has-text-color has-background has-extra-large-font-size\" style=\"color:#ff25c8\"><strong>LES P&#8217;TITS D\u00c9FIS<\/strong><\/p>\n\n\n\n<p>Les P&#8217;tits D\u00e9fis sont des probl\u00e8mes de recherches qui feront de vos \u00e9l\u00e8ves de v\u00e9ritables explorateurs en qu\u00eate de strat\u00e9gies. Il s&#8217;agit pour eux de d\u00e9terminer diff\u00e9rentes proc\u00e9dures permettant de r\u00e9soudre le challenge pos\u00e9, sous le regard, bien s\u00fbr, de leur enseignant bienveillant !<\/p>\n\n\n<div style=\"position: relative; width: 100%; height: 0; padding-top: 56.2500%;  padding-bottom: 0; box-shadow: 0 2px 8px 0 rgba(63,69,81,0.16); margin-top: 1.6em; margin-bottom: 0.9em; overflow: hidden;  border-radius: 8px; will-change: transform;\">   <iframe loading=\"lazy\" style=\"position: absolute; width: 100%; height: 100%; top: 0; left: 0; border: none; padding: 0;margin: 0;\" src=\"https:\/\/www.canva.com\/design\/DAFXjcP5YHQ\/watch?embed\" allowfullscreen=\"allowfullscreen\" allow=\"fullscreen\">   <\/iframe> <\/div>\n<p> <a href=\"https:\/\/www.canva.com\/design\/DAFXjcP5YHQ\/watch?utm_content=DAFXjcP5YHQ&amp;utm_campaign=designshare&amp;utm_medium=embeds&amp;utm_source=link\" target=\"_blank\" rel=\"noopener\">CommissionMaternelle_LesPtitsD\u00e9fis-1<\/a><\/p>\n\n\n\n<p class=\"has-text-align-center has-white-background-color has-text-color has-background has-extra-large-font-size\" style=\"color:#ff25c8\"><strong>Les P&#8217;tites Actus<\/strong><\/p>\n\n\n<ul class=\"wp-block-latest-posts__list is-style-tw-posts-card wp-block-latest-posts\"><li><div class=\"wp-block-latest-posts__featured-image alignleft\"><img loading=\"lazy\" decoding=\"async\" width=\"208\" height=\"300\" src=\"https:\/\/site.ac-martinique.fr\/circonscription-trinite\/wp-content\/uploads\/sites\/87\/2024\/03\/Capture-208x300.jpg\" class=\"attachment-medium size-medium wp-post-image\" alt=\"\" style=\"width:100%;height:144.09%;max-width:372px;\" srcset=\"https:\/\/site.ac-martinique.fr\/circonscription-trinite\/wp-content\/uploads\/sites\/87\/2024\/03\/Capture-208x300.jpg 208w, https:\/\/site.ac-martinique.fr\/circonscription-trinite\/wp-content\/uploads\/sites\/87\/2024\/03\/Capture.jpg 372w\" sizes=\"auto, (max-width: 208px) 100vw, 208px\" \/><\/div><a class=\"wp-block-latest-posts__post-title\" href=\"https:\/\/site.ac-martinique.fr\/circonscription-trinite\/?p=5089\">Deux nouveaux P&#8217;tits d\u00e9fis fait \u00e0 relever !!<\/a><div class=\"wp-block-latest-posts__post-excerpt\">La commission maternelle de la Circonscription de Trinit\u00e9 est fi\u00e8re de vous pr\u00e9senter non pas un mais DEUX nouveaux P&#8217;tits D\u00e9fis,&hellip; <a class=\"more-link\" href=\"https:\/\/site.ac-martinique.fr\/circonscription-trinite\/?p=5089\">Poursuivre la lecture <span class=\"screen-reader-text\">Deux nouveaux P&#8217;tits d\u00e9fis fait \u00e0 relever !!<\/span><\/a><\/div><\/li>\n<li><div class=\"wp-block-latest-posts__featured-image alignleft\"><img loading=\"lazy\" decoding=\"async\" width=\"300\" height=\"219\" src=\"https:\/\/site.ac-martinique.fr\/circonscription-trinite\/wp-content\/uploads\/sites\/87\/2024\/03\/Les-Ptits-Defis-300x219.jpg\" class=\"attachment-medium size-medium wp-post-image\" alt=\"\" style=\"width:100%;height:73.01%;max-width:652px;\" srcset=\"https:\/\/site.ac-martinique.fr\/circonscription-trinite\/wp-content\/uploads\/sites\/87\/2024\/03\/Les-Ptits-Defis-300x219.jpg 300w, https:\/\/site.ac-martinique.fr\/circonscription-trinite\/wp-content\/uploads\/sites\/87\/2024\/03\/Les-Ptits-Defis.jpg 652w\" sizes=\"auto, (max-width: 300px) 100vw, 300px\" \/><\/div><a class=\"wp-block-latest-posts__post-title\" href=\"https:\/\/site.ac-martinique.fr\/circonscription-trinite\/?p=5084\">Les productions du P&#8217;tit d\u00e9fi<\/a><div class=\"wp-block-latest-posts__post-excerpt\">Retour en images de la participation massive des maternelles de la circonscription de Trinit\u00e9 aux P&#8217;tits d\u00e9fis !<\/div><\/li>\n<li><div class=\"wp-block-latest-posts__featured-image alignleft\"><img loading=\"lazy\" decoding=\"async\" width=\"300\" height=\"209\" src=\"https:\/\/site.ac-martinique.fr\/circonscription-trinite\/wp-content\/uploads\/sites\/87\/2023\/06\/IMG-20230112-WA0003-Copie-300x209.jpg\" class=\"attachment-medium size-medium wp-post-image\" alt=\"\" style=\"width:100%;height:69.57%;max-width:506px;\" srcset=\"https:\/\/site.ac-martinique.fr\/circonscription-trinite\/wp-content\/uploads\/sites\/87\/2023\/06\/IMG-20230112-WA0003-Copie-300x209.jpg 300w, https:\/\/site.ac-martinique.fr\/circonscription-trinite\/wp-content\/uploads\/sites\/87\/2023\/06\/IMG-20230112-WA0003-Copie.jpg 506w\" sizes=\"auto, (max-width: 300px) 100vw, 300px\" \/><\/div><a class=\"wp-block-latest-posts__post-title\" href=\"https:\/\/site.ac-martinique.fr\/circonscription-trinite\/?p=4073\">Les P&#8217;tits d\u00e9fis &#8211; Edition Grande Section<\/a><div class=\"wp-block-latest-posts__post-excerpt\">Ici, vous trouverez les traces de recherche des \u00e9l\u00e8ves de Grande Section de la circonscription de Trinit\u00e9 sur le P&#8217;tit D\u00e9fis&hellip; <a class=\"more-link\" href=\"https:\/\/site.ac-martinique.fr\/circonscription-trinite\/?p=4073\">Poursuivre la lecture <span class=\"screen-reader-text\">Les P&#8217;tits d\u00e9fis &#8211; Edition Grande Section<\/span><\/a><\/div><\/li>\n<li><div class=\"wp-block-latest-posts__featured-image alignleft\"><img loading=\"lazy\" decoding=\"async\" width=\"300\" height=\"212\" src=\"https:\/\/site.ac-martinique.fr\/circonscription-trinite\/wp-content\/uploads\/sites\/87\/2023\/06\/IMG-20230112-WA0003-Copie-2-300x212.jpg\" class=\"attachment-medium size-medium wp-post-image\" alt=\"\" style=\"width:100%;height:70.75%;max-width:506px;\" srcset=\"https:\/\/site.ac-martinique.fr\/circonscription-trinite\/wp-content\/uploads\/sites\/87\/2023\/06\/IMG-20230112-WA0003-Copie-2-300x212.jpg 300w, https:\/\/site.ac-martinique.fr\/circonscription-trinite\/wp-content\/uploads\/sites\/87\/2023\/06\/IMG-20230112-WA0003-Copie-2.jpg 506w\" sizes=\"auto, (max-width: 300px) 100vw, 300px\" \/><\/div><a class=\"wp-block-latest-posts__post-title\" href=\"https:\/\/site.ac-martinique.fr\/circonscription-trinite\/?p=4053\">Les P&#8217;tits d\u00e9fis &#8211; Edition Moyenne Section<\/a><div class=\"wp-block-latest-posts__post-excerpt\">Ici, vous trouverez les traces de recherche des \u00e9l\u00e8ves de Moyenne Section de la circonscription de Trinit\u00e9 sur le P&#8217;tit D\u00e9fis&hellip; <a class=\"more-link\" href=\"https:\/\/site.ac-martinique.fr\/circonscription-trinite\/?p=4053\">Poursuivre la lecture <span class=\"screen-reader-text\">Les P&#8217;tits d\u00e9fis &#8211; Edition Moyenne Section<\/span><\/a><\/div><\/li>\n<li><div class=\"wp-block-latest-posts__featured-image alignleft\"><img loading=\"lazy\" decoding=\"async\" width=\"300\" height=\"221\" src=\"https:\/\/site.ac-martinique.fr\/circonscription-trinite\/wp-content\/uploads\/sites\/87\/2023\/06\/IMG-20230112-WA0003-300x221.jpg\" class=\"attachment-medium size-medium wp-post-image\" alt=\"\" style=\"width:100%;height:73.75%;max-width:518px;\" srcset=\"https:\/\/site.ac-martinique.fr\/circonscription-trinite\/wp-content\/uploads\/sites\/87\/2023\/06\/IMG-20230112-WA0003-300x221.jpg 300w, https:\/\/site.ac-martinique.fr\/circonscription-trinite\/wp-content\/uploads\/sites\/87\/2023\/06\/IMG-20230112-WA0003.jpg 518w\" sizes=\"auto, (max-width: 300px) 100vw, 300px\" \/><\/div><a class=\"wp-block-latest-posts__post-title\" href=\"https:\/\/site.ac-martinique.fr\/circonscription-trinite\/?p=4043\">Les P&#8217;tits d\u00e9fis &#8211; Edition Petite Section<\/a><div class=\"wp-block-latest-posts__post-excerpt\">Ici, vous trouverez les traces de recherche des \u00e9l\u00e8ves de Petite Section de la circonscription de Trinit\u00e9 sur le P&#8217;tit D\u00e9fis&hellip; <a class=\"more-link\" href=\"https:\/\/site.ac-martinique.fr\/circonscription-trinite\/?p=4043\">Poursuivre la lecture <span class=\"screen-reader-text\">Les P&#8217;tits d\u00e9fis &#8211; Edition Petite Section<\/span><\/a><\/div><\/li>\n<li><div class=\"wp-block-latest-posts__featured-image alignleft\"><img loading=\"lazy\" decoding=\"async\" width=\"260\" height=\"300\" src=\"https:\/\/site.ac-martinique.fr\/circonscription-trinite\/wp-content\/uploads\/sites\/87\/2023\/06\/13EC3-64776A80-333-23B301C0-260x300.png\" class=\"attachment-medium size-medium wp-post-image\" alt=\"\" style=\"width:100%;height:115.56%;max-width:450px;\" srcset=\"https:\/\/site.ac-martinique.fr\/circonscription-trinite\/wp-content\/uploads\/sites\/87\/2023\/06\/13EC3-64776A80-333-23B301C0-260x300.png 260w, https:\/\/site.ac-martinique.fr\/circonscription-trinite\/wp-content\/uploads\/sites\/87\/2023\/06\/13EC3-64776A80-333-23B301C0.png 450w\" sizes=\"auto, (max-width: 260px) 100vw, 260px\" \/><\/div><a class=\"wp-block-latest-posts__post-title\" href=\"https:\/\/site.ac-martinique.fr\/circonscription-trinite\/?p=3941\">Avanc\u00e9es du D\u00e9fi maternelle<\/a><div class=\"wp-block-latest-posts__post-excerpt\">Les exp\u00e9rimentations autour du d\u00e9fi maternelle avancent doucement, mais s\u00fbrement ! Retour d&#8217;exp\u00e9rience et ressenti d\u2019une enseignante de GS : Mes&hellip; <a class=\"more-link\" href=\"https:\/\/site.ac-martinique.fr\/circonscription-trinite\/?p=3941\">Poursuivre la lecture <span class=\"screen-reader-text\">Avanc\u00e9es du D\u00e9fi maternelle<\/span><\/a><\/div><\/li>\n<\/ul>","protected":false},"excerpt":{"rendered":"<p>Le P\u00f4le Maternelle de la Circonscription de Trinit\u00e9 est ravi de vous accueillir sur sa page internet ! QUI SOMMES-NOUS ? LES P&#8217;TITS D\u00c9FIS Les P&#8217;tits D\u00e9fis sont des probl\u00e8mes&hellip; <a class=\"more-link\" href=\"https:\/\/site.ac-martinique.fr\/circonscription-trinite\/?page_id=3139\">Poursuivre la lecture <span class=\"screen-reader-text\">P\u00f4le Maternelle<\/span><\/a><\/p>\n","protected":false},"author":272,"featured_media":0,"parent":0,"menu_order":0,"comment_status":"closed","ping_status":"closed","template":"","meta":{"footnotes":"","_links_to":"","_links_to_target":""},"class_list":["post-3139","page","type-page","status-publish","hentry","entry"],"amp_enabled":true,"_links":{"self":[{"href":"https:\/\/site.ac-martinique.fr\/circonscription-trinite\/index.php?rest_route=\/wp\/v2\/pages\/3139","targetHints":{"allow":["GET"]}}],"collection":[{"href":"https:\/\/site.ac-martinique.fr\/circonscription-trinite\/index.php?rest_route=\/wp\/v2\/pages"}],"about":[{"href":"https:\/\/site.ac-martinique.fr\/circonscription-trinite\/index.php?rest_route=\/wp\/v2\/types\/page"}],"author":[{"embeddable":true,"href":"https:\/\/site.ac-martinique.fr\/circonscription-trinite\/index.php?rest_route=\/wp\/v2\/users\/272"}],"replies":[{"embeddable":true,"href":"https:\/\/site.ac-martinique.fr\/circonscription-trinite\/index.php?rest_route=%2Fwp%2Fv2%2Fcomments&post=3139"}],"version-history":[{"count":8,"href":"https:\/\/site.ac-martinique.fr\/circonscription-trinite\/index.php?rest_route=\/wp\/v2\/pages\/3139\/revisions"}],"predecessor-version":[{"id":4099,"href":"https:\/\/site.ac-martinique.fr\/circonscription-trinite\/index.php?rest_route=\/wp\/v2\/pages\/3139\/revisions\/4099"}],"wp:attachment":[{"href":"https:\/\/site.ac-martinique.fr\/circonscription-trinite\/index.php?rest_route=%2Fwp%2Fv2%2Fmedia&parent=3139"}],"curies":[{"name":"wp","href":"https:\/\/api.w.org\/{rel}","templated":true}]}}