{"id":3385,"date":"2023-03-17T18:47:22","date_gmt":"2023-03-17T17:47:22","guid":{"rendered":"https:\/\/site.ac-martinique.fr\/circonscription-trinite\/?page_id=3385"},"modified":"2023-03-20T16:54:36","modified_gmt":"2023-03-20T15:54:36","slug":"aesh","status":"publish","type":"page","link":"https:\/\/site.ac-martinique.fr\/circonscription-trinite\/?page_id=3385","title":{"rendered":"AESH"},"content":{"rendered":"\n<h3 class=\"has-text-align-center has-white-background-color has-background wp-block-heading\">ACTUALITES<\/h3>\n\n\n\n<div class=\"wp-block-columns is-not-stacked-on-mobile is-layout-flex wp-container-core-columns-is-layout-d0b3c9c8 wp-block-columns-is-layout-flex\">\n<div class=\"wp-block-column is-layout-flow wp-block-column-is-layout-flow\" style=\"--col-width:700px;flex-basis:700px\">\n<p><\/p>\n<\/div>\n\n\n\n<div class=\"wp-block-column is-vertically-aligned-center is-layout-flow wp-block-column-is-layout-flow\" style=\"--col-width:300px;flex-basis:300px\">\n<figure class=\"wp-block-image size-full is-style-tw-rounded-corners\"><img loading=\"lazy\" decoding=\"async\" width=\"591\" height=\"591\" src=\"https:\/\/site.ac-martinique.fr\/circonscription-trinite\/wp-content\/uploads\/sites\/87\/2023\/03\/image-2.png\" alt=\"\" class=\"wp-image-3392\" srcset=\"https:\/\/site.ac-martinique.fr\/circonscription-trinite\/wp-content\/uploads\/sites\/87\/2023\/03\/image-2.png 591w, https:\/\/site.ac-martinique.fr\/circonscription-trinite\/wp-content\/uploads\/sites\/87\/2023\/03\/image-2-300x300.png 300w, https:\/\/site.ac-martinique.fr\/circonscription-trinite\/wp-content\/uploads\/sites\/87\/2023\/03\/image-2-150x150.png 150w\" sizes=\"auto, (max-width: 591px) 100vw, 591px\" \/><\/figure>\n<\/div>\n<\/div>\n\n\n\n<p><\/p>\n\n\n\n<h3 class=\"has-text-align-center has-white-background-color has-background wp-block-heading\">DOCUMENTS IMPORTANTS<\/h3>\n\n\n\n<div class=\"wp-block-columns is-layout-flex wp-container-core-columns-is-layout-d0b3c9c8 wp-block-columns-is-layout-flex\">\n<div class=\"wp-block-column is-layout-flow wp-block-column-is-layout-flow\" style=\"--col-width:33.33%;flex-basis:33.33%\">\n<figure class=\"wp-block-image size-full is-style-tw-rounded-corners\"><img loading=\"lazy\" decoding=\"async\" width=\"1010\" height=\"785\" src=\"https:\/\/site.ac-martinique.fr\/circonscription-trinite\/wp-content\/uploads\/sites\/87\/2023\/03\/image-3.png\" alt=\"\" class=\"wp-image-3393\" srcset=\"https:\/\/site.ac-martinique.fr\/circonscription-trinite\/wp-content\/uploads\/sites\/87\/2023\/03\/image-3.png 1010w, https:\/\/site.ac-martinique.fr\/circonscription-trinite\/wp-content\/uploads\/sites\/87\/2023\/03\/image-3-300x233.png 300w, https:\/\/site.ac-martinique.fr\/circonscription-trinite\/wp-content\/uploads\/sites\/87\/2023\/03\/image-3-768x597.png 768w\" sizes=\"auto, (max-width: 1010px) 100vw, 1010px\" \/><\/figure>\n<\/div>\n\n\n\n<div class=\"wp-block-column is-layout-flow wp-block-column-is-layout-flow\" style=\"--col-width:66.66%;flex-basis:66.66%\">\n<h3 class=\"has-text-align-center wp-block-heading\">R\u00e9union AESH &#8211; 17 mars 2023<\/h3>\n\n\n\n<div class=\"wp-block-file\"><a id=\"wp-block-file--media-038e69ad-45d3-4fb1-aa71-1ef3cde4634a\" href=\"https:\/\/site.ac-martinique.fr\/circonscription-trinite\/wp-content\/uploads\/sites\/87\/2023\/03\/REUNION-AESH-17-mars-2023.pdf\">Diaporama REUNION AESH du 17 mars 2023<\/a><a href=\"https:\/\/site.ac-martinique.fr\/circonscription-trinite\/wp-content\/uploads\/sites\/87\/2023\/03\/REUNION-AESH-17-mars-2023.pdf\" class=\"wp-block-file__button wp-element-button\" download aria-describedby=\"wp-block-file--media-038e69ad-45d3-4fb1-aa71-1ef3cde4634a\">T\u00e9l\u00e9charger<\/a><\/div>\n\n\n\n<p><\/p>\n<\/div>\n<\/div>\n\n\n\n<h3 class=\"has-text-align-center has-white-background-color has-background wp-block-heading\">CONTACTS IMPORTANTS<\/h3>\n\n\n\n<div class=\"wp-block-columns alignwide is-layout-flex wp-container-core-columns-is-layout-d0b3c9c8 wp-block-columns-is-layout-flex\">\n<div class=\"wp-block-column is-vertically-aligned-center is-layout-flow wp-block-column-is-layout-flow\" style=\"--col-width:55%;flex-basis:55%\"><div class=\"wp-block-image is-style-tw-rounded-corners\">\n<figure class=\"alignright size-large is-resized\"><img loading=\"lazy\" decoding=\"async\" src=\"https:\/\/site.ac-martinique.fr\/circonscription-trinite\/wp-content\/uploads\/sites\/87\/2023\/03\/image-4-1024x674.png\" alt=\"\" class=\"wp-image-3396\" width=\"363\" height=\"238\" srcset=\"https:\/\/site.ac-martinique.fr\/circonscription-trinite\/wp-content\/uploads\/sites\/87\/2023\/03\/image-4-1024x674.png 1024w, https:\/\/site.ac-martinique.fr\/circonscription-trinite\/wp-content\/uploads\/sites\/87\/2023\/03\/image-4-300x198.png 300w, https:\/\/site.ac-martinique.fr\/circonscription-trinite\/wp-content\/uploads\/sites\/87\/2023\/03\/image-4-768x506.png 768w, https:\/\/site.ac-martinique.fr\/circonscription-trinite\/wp-content\/uploads\/sites\/87\/2023\/03\/image-4-1536x1011.png 1536w, https:\/\/site.ac-martinique.fr\/circonscription-trinite\/wp-content\/uploads\/sites\/87\/2023\/03\/image-4-1568x1032.png 1568w, https:\/\/site.ac-martinique.fr\/circonscription-trinite\/wp-content\/uploads\/sites\/87\/2023\/03\/image-4.png 1680w\" sizes=\"auto, (max-width: 363px) 100vw, 363px\" \/><\/figure>\n<\/div><\/div>\n\n\n\n<div class=\"wp-block-column is-layout-flow wp-block-column-is-layout-flow\" style=\"--col-width:80%;flex-basis:80%\">\n<p class=\"has-text-align-left has-medium-font-size\"><strong>Les coordonnatrices  <\/strong>: pial.trinite@ac-martinique.fr<\/p>\n\n\n\n<p class=\"has-text-align-left\"><strong>Mme OZIER-LAFONTAINE Miguel-Ange<\/strong>, coordonnatrice 1D<br>\u00c9cole Maternelle Mano C\u00c9SAIRE &#8211; Tel :&nbsp; 0596.65.10.93<\/p>\n\n\n\n<p class=\"has-text-align-left\"><strong>Mme RAVENET Josette<\/strong>, coordonnatrice 1D<br>Ecole \u00c9l\u00e9mentaire Ultima VESTRIS &#8211; Tel : 0596.58.22.51<\/p>\n\n\n\n<p class=\"has-text-align-left\"><strong>Mme MONDESIR Marie-Jos\u00e9e<\/strong>, coordonnatrice 2D<br>\u00c9cole \u00c9l\u00e9mentaire Auguste REJON &#8211; Tel : 0596.58.60.51<\/p>\n\n\n\n<p class=\"has-text-align-left has-normal-font-size\"><strong>Le secr\u00e9tariat de l&#8217;Inspectrice de Circonscription  <\/strong>: <br><strong>Tel<\/strong>&nbsp;: 0596522604<br><strong>Mail<\/strong>&nbsp;: ce.9720059g@ac-martinique.fr<\/p>\n\n\n\n<p><strong>Mme VALMY Ketty<\/strong>, r\u00e9f\u00e9rente AESH :<br>0696840729 <br>Ketty-Ingrid.Annette@ac-martinique.fr<\/p>\n<\/div>\n<\/div>\n\n\n\n<p><\/p>\n","protected":false},"excerpt":{"rendered":"<p>ACTUALITES DOCUMENTS IMPORTANTS R\u00e9union AESH &#8211; 17 mars 2023 CONTACTS IMPORTANTS Les coordonnatrices : pial.trinite@ac-martinique.fr Mme OZIER-LAFONTAINE Miguel-Ange, coordonnatrice 1D\u00c9cole Maternelle Mano C\u00c9SAIRE &#8211; Tel :&nbsp; 0596.65.10.93 Mme RAVENET Josette,&hellip; <a class=\"more-link\" href=\"https:\/\/site.ac-martinique.fr\/circonscription-trinite\/?page_id=3385\">Poursuivre la lecture <span class=\"screen-reader-text\">AESH<\/span><\/a><\/p>\n","protected":false},"author":272,"featured_media":0,"parent":0,"menu_order":0,"comment_status":"closed","ping_status":"closed","template":"","meta":{"footnotes":"","_links_to":"","_links_to_target":""},"class_list":["post-3385","page","type-page","status-publish","hentry","entry"],"amp_enabled":true,"_links":{"self":[{"href":"https:\/\/site.ac-martinique.fr\/circonscription-trinite\/index.php?rest_route=\/wp\/v2\/pages\/3385","targetHints":{"allow":["GET"]}}],"collection":[{"href":"https:\/\/site.ac-martinique.fr\/circonscription-trinite\/index.php?rest_route=\/wp\/v2\/pages"}],"about":[{"href":"https:\/\/site.ac-martinique.fr\/circonscription-trinite\/index.php?rest_route=\/wp\/v2\/types\/page"}],"author":[{"embeddable":true,"href":"https:\/\/site.ac-martinique.fr\/circonscription-trinite\/index.php?rest_route=\/wp\/v2\/users\/272"}],"replies":[{"embeddable":true,"href":"https:\/\/site.ac-martinique.fr\/circonscription-trinite\/index.php?rest_route=%2Fwp%2Fv2%2Fcomments&post=3385"}],"version-history":[{"count":14,"href":"https:\/\/site.ac-martinique.fr\/circonscription-trinite\/index.php?rest_route=\/wp\/v2\/pages\/3385\/revisions"}],"predecessor-version":[{"id":3469,"href":"https:\/\/site.ac-martinique.fr\/circonscription-trinite\/index.php?rest_route=\/wp\/v2\/pages\/3385\/revisions\/3469"}],"wp:attachment":[{"href":"https:\/\/site.ac-martinique.fr\/circonscription-trinite\/index.php?rest_route=%2Fwp%2Fv2%2Fmedia&parent=3385"}],"curies":[{"name":"wp","href":"https:\/\/api.w.org\/{rel}","templated":true}]}}