{"id":659,"date":"2021-10-05T21:31:18","date_gmt":"2021-10-05T19:31:18","guid":{"rendered":"https:\/\/site.ac-martinique.fr\/circonscription-trinite\/?page_id=659"},"modified":"2024-02-02T16:59:09","modified_gmt":"2024-02-02T15:59:09","slug":"guide-parcours-hors-plan","status":"publish","type":"page","link":"https:\/\/site.ac-martinique.fr\/circonscription-trinite\/?page_id=659","title":{"rendered":"PARCOURS HORS PLAN"},"content":{"rendered":"\n<p class=\"has-large-font-size\">C\u2019est avec plaisir que le Parcours Acad\u00e9mique de Formation Hors Plan de la Circonscription de Trinit\u00e9 vous accueille sur sa page.<\/p>\n\n\n\n<p class=\"has-large-font-size\">Ici, vous trouverez plusieurs informations concernant le d\u00e9roul\u00e9 du parcours de formation qui vous correspond. Supports utilis\u00e9s lors des formations, dates cl\u00e9s \u00e0 retenir, rendez-vous pos\u00e9s, d\u00e9p\u00f4t ou retrait de documents, tant d\u2019\u00e9l\u00e9ments qui vous attendent sur cette page.<\/p>\n\n\n\n<p class=\"has-large-font-size\">Ainsi, l\u2019\u00e9quipe de formateurs vous souhaite la bienvenue en esp\u00e9rant que votre parcours de formation se d\u00e9roule au mieux !<\/p>\n\n\n\n<div class=\"wp-block-buttons is-layout-flex wp-block-buttons-is-layout-flex\">\n<div class=\"wp-block-button has-custom-width wp-block-button__width-100 has-custom-font-size is-style-fill has-extra-large-font-size\"><a class=\"wp-block-button__link wp-element-button\">FORMATION DU HORS PLAN 2023-2024<\/a><\/div>\n<\/div>\n\n\n\n<p class=\"has-text-align-center has-large-font-size\">Cette ann\u00e9e 2023-2024 a \u00e9t\u00e9 mise sous le signe de la Formation &#8220;\u00e0 La Carte&#8221;. Vous pourrez tout de m\u00eame retrouver les informations post animations ci-apr\u00e8s.<\/p>\n\n\n\n<figure class=\"wp-block-gallery has-nested-images columns-3 is-style-tw-img-rounded tw-valign-center wp-block-gallery-1 is-layout-flex wp-block-gallery-is-layout-flex\">\n<figure class=\"wp-block-image size-large is-style-tw-rounded-corners\"><a href=\"https:\/\/padlet.com\/cetrinite972\/ap-22-nov-2023-apprendre-en-jouant-c1-les-coins-au-service-d-l9bmwao86vnwuu4a\" target=\"_blank\" rel=\"noreferrer noopener\"><img loading=\"lazy\" decoding=\"async\" width=\"1024\" height=\"574\" data-id=\"4943\" src=\"https:\/\/site.ac-martinique.fr\/circonscription-trinite\/wp-content\/uploads\/sites\/87\/2024\/02\/MATHS-2324-1024x574.jpg\" alt=\"\" class=\"wp-image-4943\" srcset=\"https:\/\/site.ac-martinique.fr\/circonscription-trinite\/wp-content\/uploads\/sites\/87\/2024\/02\/MATHS-2324-1024x574.jpg 1024w, https:\/\/site.ac-martinique.fr\/circonscription-trinite\/wp-content\/uploads\/sites\/87\/2024\/02\/MATHS-2324-300x168.jpg 300w, https:\/\/site.ac-martinique.fr\/circonscription-trinite\/wp-content\/uploads\/sites\/87\/2024\/02\/MATHS-2324-768x431.jpg 768w, https:\/\/site.ac-martinique.fr\/circonscription-trinite\/wp-content\/uploads\/sites\/87\/2024\/02\/MATHS-2324.jpg 1337w\" sizes=\"auto, (max-width: 1024px) 100vw, 1024px\" \/><\/a><\/figure>\n\n\n\n<figure class=\"wp-block-image size-large is-style-tw-rounded-corners\"><a href=\"https:\/\/padlet.com\/cetrinite972\/ap-6-d-c-produire-des-crits-du-c1-au-c2-pjnodoaooy0d349x\" target=\"_blank\" rel=\"noreferrer noopener\"><img loading=\"lazy\" decoding=\"async\" width=\"1024\" height=\"717\" data-id=\"4945\" src=\"https:\/\/site.ac-martinique.fr\/circonscription-trinite\/wp-content\/uploads\/sites\/87\/2024\/02\/FR-2324-1024x717.jpg\" alt=\"\" class=\"wp-image-4945\" srcset=\"https:\/\/site.ac-martinique.fr\/circonscription-trinite\/wp-content\/uploads\/sites\/87\/2024\/02\/FR-2324-1024x717.jpg 1024w, https:\/\/site.ac-martinique.fr\/circonscription-trinite\/wp-content\/uploads\/sites\/87\/2024\/02\/FR-2324-300x210.jpg 300w, https:\/\/site.ac-martinique.fr\/circonscription-trinite\/wp-content\/uploads\/sites\/87\/2024\/02\/FR-2324-768x538.jpg 768w, https:\/\/site.ac-martinique.fr\/circonscription-trinite\/wp-content\/uploads\/sites\/87\/2024\/02\/FR-2324.jpg 1192w\" sizes=\"auto, (max-width: 1024px) 100vw, 1024px\" \/><\/a><\/figure>\n\n\n\n<figure class=\"wp-block-image size-large is-style-tw-rounded-corners\"><a href=\"https:\/\/padlet.com\/cetrinite972\/ap-4-octobre-valider-pix-edu-pix-snee-hj7axqcsq530ygsn\" target=\"_blank\" rel=\"noreferrer noopener\"><img loading=\"lazy\" decoding=\"async\" width=\"1024\" height=\"580\" data-id=\"4944\" src=\"https:\/\/site.ac-martinique.fr\/circonscription-trinite\/wp-content\/uploads\/sites\/87\/2024\/02\/NUM-2324-1024x580.jpg\" alt=\"\" class=\"wp-image-4944\" srcset=\"https:\/\/site.ac-martinique.fr\/circonscription-trinite\/wp-content\/uploads\/sites\/87\/2024\/02\/NUM-2324-1024x580.jpg 1024w, https:\/\/site.ac-martinique.fr\/circonscription-trinite\/wp-content\/uploads\/sites\/87\/2024\/02\/NUM-2324-300x170.jpg 300w, https:\/\/site.ac-martinique.fr\/circonscription-trinite\/wp-content\/uploads\/sites\/87\/2024\/02\/NUM-2324-768x435.jpg 768w, https:\/\/site.ac-martinique.fr\/circonscription-trinite\/wp-content\/uploads\/sites\/87\/2024\/02\/NUM-2324.jpg 1080w\" sizes=\"auto, (max-width: 1024px) 100vw, 1024px\" \/><\/a><\/figure>\n<\/figure>\n\n\n\n<p class=\"has-large-font-size\">Vous retrouverez ci-apr\u00e8s la s\u00e9rie TUTO permettant de suivre votre parcours de formation en toute s\u00e9r\u00e9nit\u00e9 !<\/p>\n\n\n<ul class=\"wp-block-latest-posts__list is-grid columns-3 is-style-tw-posts-card wp-block-latest-posts\"><li><div class=\"wp-block-latest-posts__featured-image\"><img loading=\"lazy\" decoding=\"async\" width=\"150\" height=\"150\" src=\"https:\/\/site.ac-martinique.fr\/circonscription-trinite\/wp-content\/uploads\/sites\/87\/2025\/09\/image-150x150.png\" class=\"attachment-thumbnail size-thumbnail wp-post-image\" alt=\"\" style=\"width:100%;height:56.27%;max-width:686px;\" \/><\/div><a class=\"wp-block-latest-posts__post-title\" href=\"https:\/\/site.ac-martinique.fr\/circonscription-trinite\/?p=6839\">EVALUATION REPERES 2025<\/a><\/li>\n<li><div class=\"wp-block-latest-posts__featured-image\"><img loading=\"lazy\" decoding=\"async\" width=\"150\" height=\"150\" src=\"https:\/\/site.ac-martinique.fr\/circonscription-trinite\/wp-content\/uploads\/sites\/87\/2022\/10\/Logo18hFormation-150x150.jpg\" class=\"attachment-thumbnail size-thumbnail wp-post-image\" alt=\"\" style=\"width:100%;height:92.09%;max-width:847px;\" \/><\/div><a class=\"wp-block-latest-posts__post-title\" href=\"https:\/\/site.ac-martinique.fr\/circonscription-trinite\/?p=2763\">TUTO &#8211; Comment consulter les animations p\u00e9dagogiques qui me concernent ?<\/a><\/li>\n<li><div class=\"wp-block-latest-posts__featured-image\"><img loading=\"lazy\" decoding=\"async\" width=\"150\" height=\"150\" src=\"https:\/\/site.ac-martinique.fr\/circonscription-trinite\/wp-content\/uploads\/sites\/87\/2022\/10\/Logo18hFormation-150x150.jpg\" class=\"attachment-thumbnail size-thumbnail wp-post-image\" alt=\"\" style=\"width:100%;height:92.09%;max-width:847px;\" \/><\/div><a class=\"wp-block-latest-posts__post-title\" href=\"https:\/\/site.ac-martinique.fr\/circonscription-trinite\/?p=2597\">TUTO &#8211; Comment s&#8217;inscrire aux animations p\u00e9dagogiques sur GAIA ?<\/a><\/li>\n<\/ul>\n\n\n<div class=\"wp-block-buttons is-layout-flex wp-block-buttons-is-layout-flex\">\n<div class=\"wp-block-button has-custom-width wp-block-button__width-100 has-custom-font-size is-style-fill has-extra-large-font-size\"><a class=\"wp-block-button__link wp-element-button\">Animations P\u00c9DAGOGIQUES<\/a><\/div>\n<\/div>\n\n\n<ul class=\"wp-block-latest-posts__list is-grid columns-3 is-style-tw-posts-card wp-block-latest-posts\"><li><div class=\"wp-block-latest-posts__featured-image\"><img loading=\"lazy\" decoding=\"async\" width=\"150\" height=\"150\" src=\"https:\/\/site.ac-martinique.fr\/circonscription-trinite\/wp-content\/uploads\/sites\/87\/2025\/09\/image-150x150.png\" class=\"attachment-thumbnail size-thumbnail wp-post-image\" alt=\"\" style=\"width:100%;height:56.27%;max-width:686px;\" \/><\/div><a class=\"wp-block-latest-posts__post-title\" href=\"https:\/\/site.ac-martinique.fr\/circonscription-trinite\/?p=6839\">EVALUATION REPERES 2025<\/a><\/li>\n<li><div class=\"wp-block-latest-posts__featured-image\"><img loading=\"lazy\" decoding=\"async\" width=\"150\" height=\"150\" src=\"https:\/\/site.ac-martinique.fr\/circonscription-trinite\/wp-content\/uploads\/sites\/87\/2024\/03\/KWP30KZd1M69chYD81ZVd7I5CBk-150x150.png\" class=\"attachment-thumbnail size-thumbnail wp-post-image\" alt=\"\" style=\"width:100%;height:66.12%;max-width:605px;\" \/><\/div><a class=\"wp-block-latest-posts__post-title\" href=\"https:\/\/site.ac-martinique.fr\/circonscription-trinite\/?p=5064\">Programme Saut\u00e9, Sant\u00e9 avec Coco andlo<\/a><\/li>\n<li><div class=\"wp-block-latest-posts__featured-image\"><img loading=\"lazy\" decoding=\"async\" width=\"150\" height=\"150\" src=\"https:\/\/site.ac-martinique.fr\/circonscription-trinite\/wp-content\/uploads\/sites\/87\/2023\/11\/guide-cartem-150x150.jpg\" class=\"attachment-thumbnail size-thumbnail wp-post-image\" alt=\"\" style=\"width:100%;height:58.6%;max-width:1447px;\" \/><\/div><a class=\"wp-block-latest-posts__post-title\" href=\"https:\/\/site.ac-martinique.fr\/circonscription-trinite\/?p=4650\">Guide eduscol : NOUVEAU format !<\/a><\/li>\n<li><a class=\"wp-block-latest-posts__post-title\" href=\"https:\/\/site.ac-martinique.fr\/circonscription-trinite\/?p=4399\">RENTREE 2023 2024 POUR TOUS<\/a><\/li>\n<li><div class=\"wp-block-latest-posts__featured-image\"><img loading=\"lazy\" decoding=\"async\" width=\"150\" height=\"150\" src=\"https:\/\/site.ac-martinique.fr\/circonscription-trinite\/wp-content\/uploads\/sites\/87\/2023\/04\/arton2573-4a342-150x150.jpg\" class=\"attachment-thumbnail size-thumbnail wp-post-image\" alt=\"\" style=\"width:100%;height:100%;max-width:250px;\" srcset=\"https:\/\/site.ac-martinique.fr\/circonscription-trinite\/wp-content\/uploads\/sites\/87\/2023\/04\/arton2573-4a342-150x150.jpg 150w, https:\/\/site.ac-martinique.fr\/circonscription-trinite\/wp-content\/uploads\/sites\/87\/2023\/04\/arton2573-4a342.jpg 250w\" sizes=\"auto, (max-width: 150px) 100vw, 150px\" \/><\/div><a class=\"wp-block-latest-posts__post-title\" href=\"https:\/\/site.ac-martinique.fr\/circonscription-trinite\/?p=3612\">D\u00e9couvrez DOMINO !<\/a><\/li>\n<li><div class=\"wp-block-latest-posts__featured-image\"><img loading=\"lazy\" decoding=\"async\" width=\"150\" height=\"150\" src=\"https:\/\/site.ac-martinique.fr\/circonscription-trinite\/wp-content\/uploads\/sites\/87\/2022\/11\/Adaptivmaths-150x150.jpg\" class=\"attachment-thumbnail size-thumbnail wp-post-image\" alt=\"\" style=\"width:100%;height:102.38%;max-width:336px;\" \/><\/div><a class=\"wp-block-latest-posts__post-title\" href=\"https:\/\/site.ac-martinique.fr\/circonscription-trinite\/?p=2816\">Vous connaissez Adaptiv&#8217;Math ?<\/a><\/li>\n<li><div class=\"wp-block-latest-posts__featured-image\"><img loading=\"lazy\" decoding=\"async\" width=\"150\" height=\"150\" src=\"https:\/\/site.ac-martinique.fr\/circonscription-trinite\/wp-content\/uploads\/sites\/87\/2022\/03\/GuideViolet-150x150.png\" class=\"attachment-thumbnail size-thumbnail wp-post-image\" alt=\"\" style=\"width:100%;height:107.96%;max-width:314px;\" \/><\/div><a class=\"wp-block-latest-posts__post-title\" href=\"https:\/\/site.ac-martinique.fr\/circonscription-trinite\/?p=1340\">Du nouveau au CM !<\/a><\/li>\n<\/ul>","protected":false},"excerpt":{"rendered":"<p>C\u2019est avec plaisir que le Parcours Acad\u00e9mique de Formation Hors Plan de la Circonscription de Trinit\u00e9 vous accueille sur sa page. Ici, vous trouverez plusieurs informations concernant le d\u00e9roul\u00e9 du&hellip; <a class=\"more-link\" href=\"https:\/\/site.ac-martinique.fr\/circonscription-trinite\/?page_id=659\">Poursuivre la lecture <span class=\"screen-reader-text\">PARCOURS HORS PLAN<\/span><\/a><\/p>\n","protected":false},"author":272,"featured_media":0,"parent":0,"menu_order":0,"comment_status":"closed","ping_status":"closed","template":"","meta":{"footnotes":"","_links_to":"","_links_to_target":""},"class_list":["post-659","page","type-page","status-publish","hentry","entry"],"amp_enabled":true,"_links":{"self":[{"href":"https:\/\/site.ac-martinique.fr\/circonscription-trinite\/index.php?rest_route=\/wp\/v2\/pages\/659","targetHints":{"allow":["GET"]}}],"collection":[{"href":"https:\/\/site.ac-martinique.fr\/circonscription-trinite\/index.php?rest_route=\/wp\/v2\/pages"}],"about":[{"href":"https:\/\/site.ac-martinique.fr\/circonscription-trinite\/index.php?rest_route=\/wp\/v2\/types\/page"}],"author":[{"embeddable":true,"href":"https:\/\/site.ac-martinique.fr\/circonscription-trinite\/index.php?rest_route=\/wp\/v2\/users\/272"}],"replies":[{"embeddable":true,"href":"https:\/\/site.ac-martinique.fr\/circonscription-trinite\/index.php?rest_route=%2Fwp%2Fv2%2Fcomments&post=659"}],"version-history":[{"count":19,"href":"https:\/\/site.ac-martinique.fr\/circonscription-trinite\/index.php?rest_route=\/wp\/v2\/pages\/659\/revisions"}],"predecessor-version":[{"id":4946,"href":"https:\/\/site.ac-martinique.fr\/circonscription-trinite\/index.php?rest_route=\/wp\/v2\/pages\/659\/revisions\/4946"}],"wp:attachment":[{"href":"https:\/\/site.ac-martinique.fr\/circonscription-trinite\/index.php?rest_route=%2Fwp%2Fv2%2Fmedia&parent=659"}],"curies":[{"name":"wp","href":"https:\/\/api.w.org\/{rel}","templated":true}]}}