{"id":1338,"date":"2020-11-26T19:03:43","date_gmt":"2020-11-26T18:03:43","guid":{"rendered":"https:\/\/site.ac-martinique.fr\/clg-adenet\/?page_id=1338"},"modified":"2021-02-23T17:38:54","modified_gmt":"2021-02-23T16:38:54","slug":"orientation-post-3eme","status":"publish","type":"page","link":"https:\/\/site.ac-martinique.fr\/clg-adenet\/?page_id=1338","title":{"rendered":"Orientation post-3\u00e8me"},"content":{"rendered":"\n<figure class=\"wp-block-image\"><img decoding=\"async\" src=\"https:\/\/site.ac-martinique.fr\/clg-adenet\/wp-content\/uploads\/sites\/84\/2021\/02\/Capture-d\u2019\u00e9cran-2021-02-23-\u00e0-12.26.46.png\" alt=\"\" class=\"wp-image-1537\"\/><figcaption><a href=\"https:\/\/site.ac-martinique.fr\/clg-adenet\/wp-content\/uploads\/sites\/84\/2021\/02\/GUIDE_3E_RENTREE_2021-compress\u00e9-1.pdf\">T\u00e9l\u00e9charger ici le guide de rentr\u00e9e 2021<\/a><\/figcaption><\/figure>\n\n\n<p><a href=\"https:\/\/site.ac-martinique.fr\/clg-adenet\/wp-content\/uploads\/sites\/84\/2020\/11\/IMG_2037.jpg\"><img loading=\"lazy\" decoding=\"async\" class=\"wp-image-1351 aligncenter\" src=\"https:\/\/site.ac-martinique.fr\/clg-adenet\/wp-content\/uploads\/sites\/84\/2020\/11\/IMG_2037-217x300.jpg\" alt=\"\" width=\"297\" height=\"410\" srcset=\"https:\/\/site.ac-martinique.fr\/clg-adenet\/wp-content\/uploads\/sites\/84\/2020\/11\/IMG_2037-217x300.jpg 217w, https:\/\/site.ac-martinique.fr\/clg-adenet\/wp-content\/uploads\/sites\/84\/2020\/11\/IMG_2037-768x1062.jpg 768w, https:\/\/site.ac-martinique.fr\/clg-adenet\/wp-content\/uploads\/sites\/84\/2020\/11\/IMG_2037-741x1024.jpg 741w, https:\/\/site.ac-martinique.fr\/clg-adenet\/wp-content\/uploads\/sites\/84\/2020\/11\/IMG_2037.jpg 1125w\" sizes=\"auto, (max-width: 297px) 100vw, 297px\" \/><\/a>\n<\/p>\n<p style=\"text-align: center;\"><a href=\"https:\/\/site.ac-martinique.fr\/clg-adenet\/wp-content\/uploads\/sites\/84\/2020\/11\/GUIDE_3E_RENTREE_2020_0119_web.pdf\">T\u00e9l\u00e9chargez ICI le GUIDE 3E RENTREE 2020<\/a><\/p>\n<hr \/>\n<p>&nbsp;<\/p>\n<p><a href=\"https:\/\/site.ac-martinique.fr\/clg-adenet\/wp-content\/uploads\/sites\/84\/2020\/11\/IMG_2036.jpg\"><img loading=\"lazy\" decoding=\"async\" class=\"wp-image-1350 aligncenter\" src=\"https:\/\/site.ac-martinique.fr\/clg-adenet\/wp-content\/uploads\/sites\/84\/2020\/11\/IMG_2036-212x300.jpg\" alt=\"\" width=\"296\" height=\"419\" srcset=\"https:\/\/site.ac-martinique.fr\/clg-adenet\/wp-content\/uploads\/sites\/84\/2020\/11\/IMG_2036-212x300.jpg 212w, https:\/\/site.ac-martinique.fr\/clg-adenet\/wp-content\/uploads\/sites\/84\/2020\/11\/IMG_2036-768x1086.jpg 768w, https:\/\/site.ac-martinique.fr\/clg-adenet\/wp-content\/uploads\/sites\/84\/2020\/11\/IMG_2036-724x1024.jpg 724w, https:\/\/site.ac-martinique.fr\/clg-adenet\/wp-content\/uploads\/sites\/84\/2020\/11\/IMG_2036.jpg 1125w\" sizes=\"auto, (max-width: 296px) 100vw, 296px\" \/><\/a>\n<\/p>\n<p style=\"text-align: center;\"><a href=\"https:\/\/site.ac-martinique.fr\/clg-adenet\/wp-content\/uploads\/sites\/84\/2020\/11\/CAP-Metier_2020MAJ-compress\u00e9-1.pdf\">T\u00e9l\u00e9chargez ICI la brochure CAP-M\u00e9tier 2020<\/a><\/p>\n<p>&nbsp;<\/p>\n<hr \/>\n<p>&nbsp;<\/p>\n<p><a href=\"https:\/\/site.ac-martinique.fr\/clg-adenet\/wp-content\/uploads\/sites\/84\/2020\/11\/IMG_2035.jpg\"><img loading=\"lazy\" decoding=\"async\" class=\"wp-image-1349 aligncenter\" src=\"https:\/\/site.ac-martinique.fr\/clg-adenet\/wp-content\/uploads\/sites\/84\/2020\/11\/IMG_2035-189x300.jpg\" alt=\"\" width=\"283\" height=\"449\" srcset=\"https:\/\/site.ac-martinique.fr\/clg-adenet\/wp-content\/uploads\/sites\/84\/2020\/11\/IMG_2035-189x300.jpg 189w, https:\/\/site.ac-martinique.fr\/clg-adenet\/wp-content\/uploads\/sites\/84\/2020\/11\/IMG_2035-768x1217.jpg 768w, https:\/\/site.ac-martinique.fr\/clg-adenet\/wp-content\/uploads\/sites\/84\/2020\/11\/IMG_2035-646x1024.jpg 646w, https:\/\/site.ac-martinique.fr\/clg-adenet\/wp-content\/uploads\/sites\/84\/2020\/11\/IMG_2035.jpg 1103w\" sizes=\"auto, (max-width: 283px) 100vw, 283px\" \/><\/a>\n<\/p>\n<p style=\"text-align: center;\"><a href=\"https:\/\/site.ac-martinique.fr\/clg-adenet\/wp-content\/uploads\/sites\/84\/2020\/11\/2019_depliant_3e_Bien_se_preparer_pour_reussir_au_lycee_1217218-min.pdf\">T\u00e9l\u00e9chargez ICI le d\u00e9pliant \u00ab\u00a03e Bien se pr\u00e9parer pour r\u00e9ussir au lyc\u00e9e\u00a0\u00bb<\/a><\/p>\n<p>&nbsp;<\/p>\n<hr \/>\n<p style=\"text-align: center;\"><a href=\"https:\/\/site.ac-martinique.fr\/clg-adenet\/wp-content\/uploads\/sites\/84\/2020\/11\/logo-powerpoint.jpg\"><img loading=\"lazy\" decoding=\"async\" class=\"alignnone  wp-image-1353\" src=\"https:\/\/site.ac-martinique.fr\/clg-adenet\/wp-content\/uploads\/sites\/84\/2020\/11\/logo-powerpoint.jpg\" alt=\"\" width=\"59\" height=\"44\"\/><\/a><\/p>\n<p style=\"text-align: center;\"><a href=\"https:\/\/site.ac-martinique.fr\/clg-adenet\/wp-content\/uploads\/sites\/84\/2020\/11\/Information_sur_le_lycee_a_destination_des_collegiens_1067061.pptx\">T\u00e9l\u00e9chargez ICI un diaporama PowerPoint explicatif intitul\u00e9 \u00ab\u00a0Information sur le lyc\u00e9e \u00e0 destination des coll\u00e9giens\u00a0\u00bb<\/a><\/p>","protected":false},"excerpt":{"rendered":"<p>T\u00e9l\u00e9chargez ICI le GUIDE 3E RENTREE 2020 &nbsp; T\u00e9l\u00e9chargez ICI la brochure CAP-M\u00e9tier 2020 &nbsp; &nbsp; T\u00e9l\u00e9chargez ICI le d\u00e9pliant \u00ab\u00a03e Bien se pr\u00e9parer pour r\u00e9ussir au lyc\u00e9e\u00a0\u00bb &nbsp; T\u00e9l\u00e9chargez ICI un diaporama PowerPoint explicatif intitul\u00e9 \u00ab\u00a0Information sur le lyc\u00e9e \u00e0 destination des coll\u00e9giens\u00a0\u00bb<\/p>\n","protected":false},"author":1,"featured_media":0,"parent":0,"menu_order":0,"comment_status":"closed","ping_status":"closed","template":"","meta":{"site-sidebar-layout":"default","site-content-layout":"","ast-site-content-layout":"default","site-content-style":"default","site-sidebar-style":"default","ast-global-header-display":"","ast-banner-title-visibility":"","ast-main-header-display":"","ast-hfb-above-header-display":"","ast-hfb-below-header-display":"","ast-hfb-mobile-header-display":"","site-post-title":"","ast-breadcrumbs-content":"","ast-featured-img":"","footer-sml-layout":"","ast-disable-related-posts":"","theme-transparent-header-meta":"","adv-header-id-meta":"","stick-header-meta":"","header-above-stick-meta":"","header-main-stick-meta":"","header-below-stick-meta":"","astra-migrate-meta-layouts":"default","ast-page-background-enabled":"default","ast-page-background-meta":{"desktop":{"background-color":"var(--ast-global-color-4)","background-image":"","background-repeat":"repeat","background-position":"center center","background-size":"auto","background-attachment":"scroll","background-type":"","background-media":"","overlay-type":"","overlay-color":"","overlay-opacity":"","overlay-gradient":""},"tablet":{"background-color":"","background-image":"","background-repeat":"repeat","background-position":"center center","background-size":"auto","background-attachment":"scroll","background-type":"","background-media":"","overlay-type":"","overlay-color":"","overlay-opacity":"","overlay-gradient":""},"mobile":{"background-color":"","background-image":"","background-repeat":"repeat","background-position":"center center","background-size":"auto","background-attachment":"scroll","background-type":"","background-media":"","overlay-type":"","overlay-color":"","overlay-opacity":"","overlay-gradient":""}},"ast-content-background-meta":{"desktop":{"background-color":"var(--ast-global-color-5)","background-image":"","background-repeat":"repeat","background-position":"center center","background-size":"auto","background-attachment":"scroll","background-type":"","background-media":"","overlay-type":"","overlay-color":"","overlay-opacity":"","overlay-gradient":""},"tablet":{"background-color":"var(--ast-global-color-5)","background-image":"","background-repeat":"repeat","background-position":"center center","background-size":"auto","background-attachment":"scroll","background-type":"","background-media":"","overlay-type":"","overlay-color":"","overlay-opacity":"","overlay-gradient":""},"mobile":{"background-color":"var(--ast-global-color-5)","background-image":"","background-repeat":"repeat","background-position":"center center","background-size":"auto","background-attachment":"scroll","background-type":"","background-media":"","overlay-type":"","overlay-color":"","overlay-opacity":"","overlay-gradient":""}},"footnotes":""},"class_list":["post-1338","page","type-page","status-publish","hentry"],"_links":{"self":[{"href":"https:\/\/site.ac-martinique.fr\/clg-adenet\/index.php?rest_route=\/wp\/v2\/pages\/1338","targetHints":{"allow":["GET"]}}],"collection":[{"href":"https:\/\/site.ac-martinique.fr\/clg-adenet\/index.php?rest_route=\/wp\/v2\/pages"}],"about":[{"href":"https:\/\/site.ac-martinique.fr\/clg-adenet\/index.php?rest_route=\/wp\/v2\/types\/page"}],"author":[{"embeddable":true,"href":"https:\/\/site.ac-martinique.fr\/clg-adenet\/index.php?rest_route=\/wp\/v2\/users\/1"}],"replies":[{"embeddable":true,"href":"https:\/\/site.ac-martinique.fr\/clg-adenet\/index.php?rest_route=%2Fwp%2Fv2%2Fcomments&post=1338"}],"version-history":[{"count":3,"href":"https:\/\/site.ac-martinique.fr\/clg-adenet\/index.php?rest_route=\/wp\/v2\/pages\/1338\/revisions"}],"predecessor-version":[{"id":1354,"href":"https:\/\/site.ac-martinique.fr\/clg-adenet\/index.php?rest_route=\/wp\/v2\/pages\/1338\/revisions\/1354"}],"wp:attachment":[{"href":"https:\/\/site.ac-martinique.fr\/clg-adenet\/index.php?rest_route=%2Fwp%2Fv2%2Fmedia&parent=1338"}],"curies":[{"name":"wp","href":"https:\/\/api.w.org\/{rel}","templated":true}]}}