{"id":1363,"date":"2020-12-04T11:06:22","date_gmt":"2020-12-04T10:06:22","guid":{"rendered":"https:\/\/site.ac-martinique.fr\/clg-adenet\/?page_id=1363"},"modified":"2021-01-26T14:07:22","modified_gmt":"2021-01-26T13:07:22","slug":"club-jeux-de-societe","status":"publish","type":"page","link":"https:\/\/site.ac-martinique.fr\/clg-adenet\/?page_id=1363","title":{"rendered":"Club Jeux de soci\u00e9t\u00e9"},"content":{"rendered":"<p style=\"text-align: center;\"><a href=\"https:\/\/site.ac-martinique.fr\/clg-adenet\/wp-content\/uploads\/sites\/84\/2020\/12\/logo-\u00e9checs.jpg\"><img loading=\"lazy\" decoding=\"async\" class=\"alignnone size-medium wp-image-1364\" src=\"https:\/\/site.ac-martinique.fr\/clg-adenet\/wp-content\/uploads\/sites\/84\/2020\/12\/logo-\u00e9checs-300x300.jpg\" alt=\"\" width=\"300\" height=\"300\" srcset=\"https:\/\/site.ac-martinique.fr\/clg-adenet\/wp-content\/uploads\/sites\/84\/2020\/12\/logo-\u00e9checs-300x300.jpg 300w, https:\/\/site.ac-martinique.fr\/clg-adenet\/wp-content\/uploads\/sites\/84\/2020\/12\/logo-\u00e9checs-150x150.jpg 150w, https:\/\/site.ac-martinique.fr\/clg-adenet\/wp-content\/uploads\/sites\/84\/2020\/12\/logo-\u00e9checs.jpg 640w\" sizes=\"auto, (max-width: 300px) 100vw, 300px\" \/><\/a><\/p>\n<p>Le club jeux de soci\u00e9t\u00e9 a lieu en<strong> P2<\/strong> et est anim\u00e9 par <strong>M. DOMERGUE<\/strong> le lundi \u00e0 13h.<\/p>\n","protected":false},"excerpt":{"rendered":"<p>Le club jeux de soci\u00e9t\u00e9 a lieu en P2 et est anim\u00e9 par M. DOMERGUE le lundi \u00e0 13h.<\/p>\n","protected":false},"author":1,"featured_media":0,"parent":0,"menu_order":0,"comment_status":"closed","ping_status":"closed","template":"","meta":{"site-sidebar-layout":"default","site-content-layout":"","ast-site-content-layout":"default","site-content-style":"default","site-sidebar-style":"default","ast-global-header-display":"","ast-banner-title-visibility":"","ast-main-header-display":"","ast-hfb-above-header-display":"","ast-hfb-below-header-display":"","ast-hfb-mobile-header-display":"","site-post-title":"","ast-breadcrumbs-content":"","ast-featured-img":"","footer-sml-layout":"","ast-disable-related-posts":"","theme-transparent-header-meta":"","adv-header-id-meta":"","stick-header-meta":"","header-above-stick-meta":"","header-main-stick-meta":"","header-below-stick-meta":"","astra-migrate-meta-layouts":"default","ast-page-background-enabled":"default","ast-page-background-meta":{"desktop":{"background-color":"var(--ast-global-color-4)","background-image":"","background-repeat":"repeat","background-position":"center center","background-size":"auto","background-attachment":"scroll","background-type":"","background-media":"","overlay-type":"","overlay-color":"","overlay-opacity":"","overlay-gradient":""},"tablet":{"background-color":"","background-image":"","background-repeat":"repeat","background-position":"center center","background-size":"auto","background-attachment":"scroll","background-type":"","background-media":"","overlay-type":"","overlay-color":"","overlay-opacity":"","overlay-gradient":""},"mobile":{"background-color":"","background-image":"","background-repeat":"repeat","background-position":"center center","background-size":"auto","background-attachment":"scroll","background-type":"","background-media":"","overlay-type":"","overlay-color":"","overlay-opacity":"","overlay-gradient":""}},"ast-content-background-meta":{"desktop":{"background-color":"var(--ast-global-color-5)","background-image":"","background-repeat":"repeat","background-position":"center center","background-size":"auto","background-attachment":"scroll","background-type":"","background-media":"","overlay-type":"","overlay-color":"","overlay-opacity":"","overlay-gradient":""},"tablet":{"background-color":"var(--ast-global-color-5)","background-image":"","background-repeat":"repeat","background-position":"center center","background-size":"auto","background-attachment":"scroll","background-type":"","background-media":"","overlay-type":"","overlay-color":"","overlay-opacity":"","overlay-gradient":""},"mobile":{"background-color":"var(--ast-global-color-5)","background-image":"","background-repeat":"repeat","background-position":"center center","background-size":"auto","background-attachment":"scroll","background-type":"","background-media":"","overlay-type":"","overlay-color":"","overlay-opacity":"","overlay-gradient":""}},"footnotes":""},"class_list":["post-1363","page","type-page","status-publish","hentry"],"_links":{"self":[{"href":"https:\/\/site.ac-martinique.fr\/clg-adenet\/index.php?rest_route=\/wp\/v2\/pages\/1363","targetHints":{"allow":["GET"]}}],"collection":[{"href":"https:\/\/site.ac-martinique.fr\/clg-adenet\/index.php?rest_route=\/wp\/v2\/pages"}],"about":[{"href":"https:\/\/site.ac-martinique.fr\/clg-adenet\/index.php?rest_route=\/wp\/v2\/types\/page"}],"author":[{"embeddable":true,"href":"https:\/\/site.ac-martinique.fr\/clg-adenet\/index.php?rest_route=\/wp\/v2\/users\/1"}],"replies":[{"embeddable":true,"href":"https:\/\/site.ac-martinique.fr\/clg-adenet\/index.php?rest_route=%2Fwp%2Fv2%2Fcomments&post=1363"}],"version-history":[{"count":1,"href":"https:\/\/site.ac-martinique.fr\/clg-adenet\/index.php?rest_route=\/wp\/v2\/pages\/1363\/revisions"}],"predecessor-version":[{"id":1366,"href":"https:\/\/site.ac-martinique.fr\/clg-adenet\/index.php?rest_route=\/wp\/v2\/pages\/1363\/revisions\/1366"}],"wp:attachment":[{"href":"https:\/\/site.ac-martinique.fr\/clg-adenet\/index.php?rest_route=%2Fwp%2Fv2%2Fmedia&parent=1363"}],"curies":[{"name":"wp","href":"https:\/\/api.w.org\/{rel}","templated":true}]}}