{"id":1418,"date":"2021-01-26T14:33:11","date_gmt":"2021-01-26T13:33:11","guid":{"rendered":"https:\/\/site.ac-martinique.fr\/clg-adenet\/?page_id=1418"},"modified":"2025-02-07T13:30:23","modified_gmt":"2025-02-07T17:30:23","slug":"club-jardinage","status":"publish","type":"page","link":"https:\/\/site.ac-martinique.fr\/clg-adenet\/?page_id=1418","title":{"rendered":"\u00ab\u00a0Et si on s&rsquo;mettait au vert!!!\u00a0\u00bb"},"content":{"rendered":"\n<p>Ce projet vise \u00e0 cr\u00e9er un espace convivial pouvant accueillir \u00e9l\u00e8ves et personnels pour des activit\u00e9s en ext\u00e9rieur (cours, visites d&rsquo;auteurs, ateliers divers&#8230;)<\/p>\n\n\n\n<p>Pour notre toute premi\u00e8re action , la classe de 5\u00e8me bilangue (concern\u00e9e par le projet) accompagn\u00e9e du professeur-documentaliste ainsi que de leur professeur d&rsquo;espagnol, ont visit\u00e9 la p&rsquo;tite ferme \u00e9co afin d&rsquo;y d\u00e9couvrir les rudiments de la permaculture, faire la connaissance des animaux de la ferme et r\u00e9aliser une planche de permaculture.<\/p>\n\n\n\n<figure class=\"wp-block-video\"><video height=\"720\" style=\"aspect-ratio: 1280 \/ 720;\" width=\"1280\" autoplay controls poster=\"https:\/\/site.ac-martinique.fr\/clg-adenet\/wp-content\/uploads\/sites\/84\/2024\/06\/PHOTO-2024-06-14-08-59-28.jpg\" src=\"https:\/\/site.ac-martinique.fr\/clg-adenet\/wp-content\/uploads\/sites\/84\/2023\/12\/sortie-a-la-ferme-de-la-5eme-bilangue-realisee-avec-clipchamp-1_JsBRDsEz.mp4\"><\/video><\/figure>\n\n\n\n<p><\/p>\n\n\n\n<p>De retour au coll\u00e8ge, mise en pratique des notions apprises \u00e0 la ferme!<\/p>\n\n\n\n<figure class=\"wp-block-image aligncenter size-large is-resized\"><a href=\"https:\/\/site.ac-martinique.fr\/clg-adenet\/wp-content\/uploads\/sites\/84\/2023\/12\/20230926_121209-scaled.jpg\" target=\"_blank\" rel=\"noreferrer noopener\"><img loading=\"lazy\" decoding=\"async\" width=\"768\" height=\"1024\" src=\"https:\/\/site.ac-martinique.fr\/clg-adenet\/wp-content\/uploads\/sites\/84\/2023\/12\/20230926_121209-768x1024.jpg\" alt=\"\" class=\"wp-image-2793\" style=\"width:367px;height:auto\" srcset=\"https:\/\/site.ac-martinique.fr\/clg-adenet\/wp-content\/uploads\/sites\/84\/2023\/12\/20230926_121209-768x1024.jpg 768w, https:\/\/site.ac-martinique.fr\/clg-adenet\/wp-content\/uploads\/sites\/84\/2023\/12\/20230926_121209-225x300.jpg 225w, https:\/\/site.ac-martinique.fr\/clg-adenet\/wp-content\/uploads\/sites\/84\/2023\/12\/20230926_121209-1152x1536.jpg 1152w, https:\/\/site.ac-martinique.fr\/clg-adenet\/wp-content\/uploads\/sites\/84\/2023\/12\/20230926_121209-1536x2048.jpg 1536w, https:\/\/site.ac-martinique.fr\/clg-adenet\/wp-content\/uploads\/sites\/84\/2023\/12\/20230926_121209-scaled.jpg 1920w\" sizes=\"auto, (max-width: 768px) 100vw, 768px\" \/><\/a><figcaption class=\"wp-element-caption\">Pr\u00e9paration d&rsquo;une haie<\/figcaption><\/figure>\n\n\n\n<figure class=\"wp-block-image aligncenter size-full is-resized\"><a href=\"https:\/\/site.ac-martinique.fr\/clg-adenet\/wp-content\/uploads\/sites\/84\/2023\/12\/IMG-20231123-WA0007.jpg\" target=\"_blank\" rel=\"noreferrer noopener\"><img loading=\"lazy\" decoding=\"async\" width=\"1024\" height=\"768\" src=\"https:\/\/site.ac-martinique.fr\/clg-adenet\/wp-content\/uploads\/sites\/84\/2023\/12\/IMG-20231123-WA0007.jpg\" alt=\"\" class=\"wp-image-2794\" style=\"width:442px;height:auto\" srcset=\"https:\/\/site.ac-martinique.fr\/clg-adenet\/wp-content\/uploads\/sites\/84\/2023\/12\/IMG-20231123-WA0007.jpg 1024w, https:\/\/site.ac-martinique.fr\/clg-adenet\/wp-content\/uploads\/sites\/84\/2023\/12\/IMG-20231123-WA0007-300x225.jpg 300w, https:\/\/site.ac-martinique.fr\/clg-adenet\/wp-content\/uploads\/sites\/84\/2023\/12\/IMG-20231123-WA0007-768x576.jpg 768w\" sizes=\"auto, (max-width: 1024px) 100vw, 1024px\" \/><\/a><figcaption class=\"wp-element-caption\">Mise en place de carton<\/figcaption><\/figure>\n\n\n\n<p><\/p>\n\n\n\n<figure class=\"wp-block-image aligncenter size-large is-resized\"><a href=\"https:\/\/site.ac-martinique.fr\/clg-adenet\/wp-content\/uploads\/sites\/84\/2024\/02\/IMG_3104-scaled.jpg\"><img loading=\"lazy\" decoding=\"async\" width=\"768\" height=\"1024\" src=\"https:\/\/site.ac-martinique.fr\/clg-adenet\/wp-content\/uploads\/sites\/84\/2024\/02\/IMG_3104-768x1024.jpg\" alt=\"\" class=\"wp-image-2858\" style=\"width:380px;height:auto\" srcset=\"https:\/\/site.ac-martinique.fr\/clg-adenet\/wp-content\/uploads\/sites\/84\/2024\/02\/IMG_3104-768x1024.jpg 768w, https:\/\/site.ac-martinique.fr\/clg-adenet\/wp-content\/uploads\/sites\/84\/2024\/02\/IMG_3104-225x300.jpg 225w, https:\/\/site.ac-martinique.fr\/clg-adenet\/wp-content\/uploads\/sites\/84\/2024\/02\/IMG_3104-1152x1536.jpg 1152w, https:\/\/site.ac-martinique.fr\/clg-adenet\/wp-content\/uploads\/sites\/84\/2024\/02\/IMG_3104-1536x2048.jpg 1536w, https:\/\/site.ac-martinique.fr\/clg-adenet\/wp-content\/uploads\/sites\/84\/2024\/02\/IMG_3104-scaled.jpg 1920w\" sizes=\"auto, (max-width: 768px) 100vw, 768px\" \/><\/a><figcaption class=\"wp-element-caption\">premier parterre<\/figcaption><\/figure>\n\n\n\n<figure class=\"wp-block-image aligncenter size-large is-resized\"><a href=\"https:\/\/site.ac-martinique.fr\/clg-adenet\/wp-content\/uploads\/sites\/84\/2024\/02\/IMG_3138-rotated.jpg\"><img loading=\"lazy\" decoding=\"async\" width=\"768\" height=\"1024\" src=\"https:\/\/site.ac-martinique.fr\/clg-adenet\/wp-content\/uploads\/sites\/84\/2024\/02\/IMG_3138-768x1024.jpg\" alt=\"\" class=\"wp-image-2860\" style=\"width:332px;height:auto\" srcset=\"https:\/\/site.ac-martinique.fr\/clg-adenet\/wp-content\/uploads\/sites\/84\/2024\/02\/IMG_3138-768x1024.jpg 768w, https:\/\/site.ac-martinique.fr\/clg-adenet\/wp-content\/uploads\/sites\/84\/2024\/02\/IMG_3138-225x300.jpg 225w, https:\/\/site.ac-martinique.fr\/clg-adenet\/wp-content\/uploads\/sites\/84\/2024\/02\/IMG_3138-1152x1536.jpg 1152w, https:\/\/site.ac-martinique.fr\/clg-adenet\/wp-content\/uploads\/sites\/84\/2024\/02\/IMG_3138-rotated.jpg 1512w\" sizes=\"auto, (max-width: 768px) 100vw, 768px\" \/><\/a><\/figure>\n\n\n\n<p><\/p>\n\n\n\n<p>Nous vous livrons nos derni\u00e8res photos prises le 30\/05\/24. Le jardin s&rsquo;\u00e9panouit doucement&#8230; Il reste encore beaucoup de zones \u00e0 exploiter. Cependant, nous sommes contents  car la faune trouve peu \u00e0 peu sa place dans cet \u00e9cosyst\u00e8me. Ainsi, papillons, abeilles et colibris r\u00e9galent nos yeux de leurs ballets incessants.<\/p>\n\n\n\n\n\n<figure class=\"wp-block-gallery has-nested-images columns-default is-cropped wp-block-gallery-1 is-layout-flex wp-block-gallery-is-layout-flex tw-animation-fade-in\">\n<figure class=\"wp-block-image size-full is-style-tw-rounded-corners tw-block-animation tw-animation-fade-in\"><a href=\"https:\/\/site.ac-martinique.fr\/clg-adenet\/wp-content\/uploads\/sites\/84\/2024\/05\/IMG_0630-scaled.jpg\"><img loading=\"lazy\" decoding=\"async\" width=\"1920\" height=\"2560\" data-id=\"2898\" src=\"https:\/\/site.ac-martinique.fr\/clg-adenet\/wp-content\/uploads\/sites\/84\/2024\/05\/IMG_0630-scaled.jpg\" alt=\"\" class=\"wp-image-2898\" srcset=\"https:\/\/site.ac-martinique.fr\/clg-adenet\/wp-content\/uploads\/sites\/84\/2024\/05\/IMG_0630-scaled.jpg 1920w, https:\/\/site.ac-martinique.fr\/clg-adenet\/wp-content\/uploads\/sites\/84\/2024\/05\/IMG_0630-225x300.jpg 225w, https:\/\/site.ac-martinique.fr\/clg-adenet\/wp-content\/uploads\/sites\/84\/2024\/05\/IMG_0630-768x1024.jpg 768w, https:\/\/site.ac-martinique.fr\/clg-adenet\/wp-content\/uploads\/sites\/84\/2024\/05\/IMG_0630-1152x1536.jpg 1152w, https:\/\/site.ac-martinique.fr\/clg-adenet\/wp-content\/uploads\/sites\/84\/2024\/05\/IMG_0630-1536x2048.jpg 1536w\" sizes=\"auto, (max-width: 1920px) 100vw, 1920px\" \/><\/a><figcaption class=\"wp-element-caption\">un petit coeur en guise de bienvenue<\/figcaption><\/figure>\n\n\n\n<figure class=\"wp-block-image size-full is-style-tw-rounded-corners tw-block-animation tw-animation-fade-in\"><a href=\"https:\/\/site.ac-martinique.fr\/clg-adenet\/wp-content\/uploads\/sites\/84\/2024\/05\/IMG_0615-scaled.jpg\"><img loading=\"lazy\" decoding=\"async\" width=\"1920\" height=\"2560\" data-id=\"2897\" src=\"https:\/\/site.ac-martinique.fr\/clg-adenet\/wp-content\/uploads\/sites\/84\/2024\/05\/IMG_0615-scaled.jpg\" alt=\"\" class=\"wp-image-2897\" srcset=\"https:\/\/site.ac-martinique.fr\/clg-adenet\/wp-content\/uploads\/sites\/84\/2024\/05\/IMG_0615-scaled.jpg 1920w, https:\/\/site.ac-martinique.fr\/clg-adenet\/wp-content\/uploads\/sites\/84\/2024\/05\/IMG_0615-225x300.jpg 225w, https:\/\/site.ac-martinique.fr\/clg-adenet\/wp-content\/uploads\/sites\/84\/2024\/05\/IMG_0615-768x1024.jpg 768w, https:\/\/site.ac-martinique.fr\/clg-adenet\/wp-content\/uploads\/sites\/84\/2024\/05\/IMG_0615-1152x1536.jpg 1152w, https:\/\/site.ac-martinique.fr\/clg-adenet\/wp-content\/uploads\/sites\/84\/2024\/05\/IMG_0615-1536x2048.jpg 1536w\" sizes=\"auto, (max-width: 1920px) 100vw, 1920px\" \/><\/a><figcaption class=\"wp-element-caption\">des turneras pour attirer les pollinisateurs<\/figcaption><\/figure>\n\n\n\n<figure style=\"--tw-animation-delay:0.5s;\" class=\"wp-block-image size-full is-style-tw-rounded-corners tw-block-animation tw-animation-fade-in tw-duration-2\"><a href=\"https:\/\/site.ac-martinique.fr\/clg-adenet\/wp-content\/uploads\/sites\/84\/2024\/05\/IMG_0619-1-scaled.jpg\"><img loading=\"lazy\" decoding=\"async\" width=\"1920\" height=\"2560\" data-id=\"2901\" src=\"https:\/\/site.ac-martinique.fr\/clg-adenet\/wp-content\/uploads\/sites\/84\/2024\/05\/IMG_0619-1-scaled.jpg\" alt=\"\" class=\"wp-image-2901\" srcset=\"https:\/\/site.ac-martinique.fr\/clg-adenet\/wp-content\/uploads\/sites\/84\/2024\/05\/IMG_0619-1-scaled.jpg 1920w, https:\/\/site.ac-martinique.fr\/clg-adenet\/wp-content\/uploads\/sites\/84\/2024\/05\/IMG_0619-1-225x300.jpg 225w, https:\/\/site.ac-martinique.fr\/clg-adenet\/wp-content\/uploads\/sites\/84\/2024\/05\/IMG_0619-1-768x1024.jpg 768w, https:\/\/site.ac-martinique.fr\/clg-adenet\/wp-content\/uploads\/sites\/84\/2024\/05\/IMG_0619-1-1152x1536.jpg 1152w, https:\/\/site.ac-martinique.fr\/clg-adenet\/wp-content\/uploads\/sites\/84\/2024\/05\/IMG_0619-1-1536x2048.jpg 1536w\" sizes=\"auto, (max-width: 1920px) 100vw, 1920px\" \/><\/a><\/figure>\n\n\n\n<figure class=\"wp-block-image size-full is-style-tw-rounded-corners tw-block-animation tw-animation-fade-in\"><a href=\"https:\/\/site.ac-martinique.fr\/clg-adenet\/wp-content\/uploads\/sites\/84\/2024\/05\/IMG_0635-scaled.jpg\"><img loading=\"lazy\" decoding=\"async\" width=\"1920\" height=\"2560\" data-id=\"2904\" src=\"https:\/\/site.ac-martinique.fr\/clg-adenet\/wp-content\/uploads\/sites\/84\/2024\/05\/IMG_0635-scaled.jpg\" alt=\"\" class=\"wp-image-2904\" srcset=\"https:\/\/site.ac-martinique.fr\/clg-adenet\/wp-content\/uploads\/sites\/84\/2024\/05\/IMG_0635-scaled.jpg 1920w, https:\/\/site.ac-martinique.fr\/clg-adenet\/wp-content\/uploads\/sites\/84\/2024\/05\/IMG_0635-225x300.jpg 225w, https:\/\/site.ac-martinique.fr\/clg-adenet\/wp-content\/uploads\/sites\/84\/2024\/05\/IMG_0635-768x1024.jpg 768w, https:\/\/site.ac-martinique.fr\/clg-adenet\/wp-content\/uploads\/sites\/84\/2024\/05\/IMG_0635-1152x1536.jpg 1152w, https:\/\/site.ac-martinique.fr\/clg-adenet\/wp-content\/uploads\/sites\/84\/2024\/05\/IMG_0635-1536x2048.jpg 1536w\" sizes=\"auto, (max-width: 1920px) 100vw, 1920px\" \/><\/a><figcaption class=\"wp-element-caption\">Une explosion de couleurs<\/figcaption><\/figure>\n\n\n\n<figure class=\"wp-block-image size-full is-style-tw-rounded-corners tw-block-animation tw-animation-fade-in\"><a href=\"https:\/\/site.ac-martinique.fr\/clg-adenet\/wp-content\/uploads\/sites\/84\/2024\/05\/IMG_0616-scaled.jpg\"><img loading=\"lazy\" decoding=\"async\" width=\"1920\" height=\"2560\" data-id=\"2903\" src=\"https:\/\/site.ac-martinique.fr\/clg-adenet\/wp-content\/uploads\/sites\/84\/2024\/05\/IMG_0616-scaled.jpg\" alt=\"\" class=\"wp-image-2903\" srcset=\"https:\/\/site.ac-martinique.fr\/clg-adenet\/wp-content\/uploads\/sites\/84\/2024\/05\/IMG_0616-scaled.jpg 1920w, https:\/\/site.ac-martinique.fr\/clg-adenet\/wp-content\/uploads\/sites\/84\/2024\/05\/IMG_0616-225x300.jpg 225w, https:\/\/site.ac-martinique.fr\/clg-adenet\/wp-content\/uploads\/sites\/84\/2024\/05\/IMG_0616-768x1024.jpg 768w, https:\/\/site.ac-martinique.fr\/clg-adenet\/wp-content\/uploads\/sites\/84\/2024\/05\/IMG_0616-1152x1536.jpg 1152w, https:\/\/site.ac-martinique.fr\/clg-adenet\/wp-content\/uploads\/sites\/84\/2024\/05\/IMG_0616-1536x2048.jpg 1536w\" sizes=\"auto, (max-width: 1920px) 100vw, 1920px\" \/><\/a><\/figure>\n\n\n\n<figure class=\"wp-block-image size-full is-style-tw-rounded-corners tw-block-animation tw-animation-fade-in\"><a href=\"https:\/\/site.ac-martinique.fr\/clg-adenet\/wp-content\/uploads\/sites\/84\/2024\/05\/20240531_094339-scaled.jpg\"><img loading=\"lazy\" decoding=\"async\" width=\"2041\" height=\"2560\" data-id=\"2906\" src=\"https:\/\/site.ac-martinique.fr\/clg-adenet\/wp-content\/uploads\/sites\/84\/2024\/05\/20240531_094339-scaled.jpg\" alt=\"\" class=\"wp-image-2906\" srcset=\"https:\/\/site.ac-martinique.fr\/clg-adenet\/wp-content\/uploads\/sites\/84\/2024\/05\/20240531_094339-scaled.jpg 2041w, https:\/\/site.ac-martinique.fr\/clg-adenet\/wp-content\/uploads\/sites\/84\/2024\/05\/20240531_094339-239x300.jpg 239w, https:\/\/site.ac-martinique.fr\/clg-adenet\/wp-content\/uploads\/sites\/84\/2024\/05\/20240531_094339-816x1024.jpg 816w, https:\/\/site.ac-martinique.fr\/clg-adenet\/wp-content\/uploads\/sites\/84\/2024\/05\/20240531_094339-768x963.jpg 768w, https:\/\/site.ac-martinique.fr\/clg-adenet\/wp-content\/uploads\/sites\/84\/2024\/05\/20240531_094339-1225x1536.jpg 1225w, https:\/\/site.ac-martinique.fr\/clg-adenet\/wp-content\/uploads\/sites\/84\/2024\/05\/20240531_094339-1633x2048.jpg 1633w\" sizes=\"auto, (max-width: 2041px) 100vw, 2041px\" \/><\/a><\/figure>\n\n\n\n<figure class=\"wp-block-image size-large tw-block-animation tw-animation-fade-in\"><a href=\"https:\/\/site.ac-martinique.fr\/clg-adenet\/wp-content\/uploads\/sites\/84\/2024\/06\/PHOTO-2024-06-07-09-53-38.jpg\"><img loading=\"lazy\" decoding=\"async\" width=\"768\" height=\"1024\" data-id=\"2918\" src=\"https:\/\/site.ac-martinique.fr\/clg-adenet\/wp-content\/uploads\/sites\/84\/2024\/06\/PHOTO-2024-06-07-09-53-38-768x1024.jpg\" alt=\"\" class=\"wp-image-2918\" srcset=\"https:\/\/site.ac-martinique.fr\/clg-adenet\/wp-content\/uploads\/sites\/84\/2024\/06\/PHOTO-2024-06-07-09-53-38-768x1024.jpg 768w, https:\/\/site.ac-martinique.fr\/clg-adenet\/wp-content\/uploads\/sites\/84\/2024\/06\/PHOTO-2024-06-07-09-53-38-225x300.jpg 225w, https:\/\/site.ac-martinique.fr\/clg-adenet\/wp-content\/uploads\/sites\/84\/2024\/06\/PHOTO-2024-06-07-09-53-38-1152x1536.jpg 1152w, https:\/\/site.ac-martinique.fr\/clg-adenet\/wp-content\/uploads\/sites\/84\/2024\/06\/PHOTO-2024-06-07-09-53-38.jpg 1200w\" sizes=\"auto, (max-width: 768px) 100vw, 768px\" \/><\/a><figcaption class=\"wp-element-caption\">notre b\u00e9b\u00e9 pitaya &#x1f60a;<\/figcaption><\/figure>\n\n\n\n<figure class=\"wp-block-image size-full tw-block-animation tw-animation-fade-in\"><a href=\"https:\/\/site.ac-martinique.fr\/clg-adenet\/wp-content\/uploads\/sites\/84\/2024\/05\/20240531_094430-scaled.jpg\"><img loading=\"lazy\" decoding=\"async\" width=\"1920\" height=\"2560\" data-id=\"2910\" src=\"https:\/\/site.ac-martinique.fr\/clg-adenet\/wp-content\/uploads\/sites\/84\/2024\/05\/20240531_094430-scaled.jpg\" alt=\"\" class=\"wp-image-2910\" srcset=\"https:\/\/site.ac-martinique.fr\/clg-adenet\/wp-content\/uploads\/sites\/84\/2024\/05\/20240531_094430-scaled.jpg 1920w, https:\/\/site.ac-martinique.fr\/clg-adenet\/wp-content\/uploads\/sites\/84\/2024\/05\/20240531_094430-225x300.jpg 225w, https:\/\/site.ac-martinique.fr\/clg-adenet\/wp-content\/uploads\/sites\/84\/2024\/05\/20240531_094430-768x1024.jpg 768w, https:\/\/site.ac-martinique.fr\/clg-adenet\/wp-content\/uploads\/sites\/84\/2024\/05\/20240531_094430-1152x1536.jpg 1152w, https:\/\/site.ac-martinique.fr\/clg-adenet\/wp-content\/uploads\/sites\/84\/2024\/05\/20240531_094430-1536x2048.jpg 1536w\" sizes=\"auto, (max-width: 1920px) 100vw, 1920px\" \/><\/a><figcaption class=\"wp-element-caption\">notre premi\u00e8re grenade&#x1f60d;&#x1f60d;&#x1f60d;<\/figcaption><\/figure>\n<\/figure>\n\n\n\n<p><\/p>\n\n\n\n\n\n<p>                                                                                                     Ci-dessous quelques actions men\u00e9es au jardin<\/p>\n\n\n\n<figure class=\"wp-block-gallery has-nested-images columns-default is-cropped wp-block-gallery-2 is-layout-flex wp-block-gallery-is-layout-flex\">\n<figure class=\"wp-block-image size-large\"><a href=\"https:\/\/site.ac-martinique.fr\/clg-adenet\/wp-content\/uploads\/sites\/84\/2024\/05\/PHOTO-2024-05-31-09-25-01.jpg\"><img loading=\"lazy\" decoding=\"async\" width=\"1024\" height=\"768\" data-id=\"2907\" src=\"https:\/\/site.ac-martinique.fr\/clg-adenet\/wp-content\/uploads\/sites\/84\/2024\/05\/PHOTO-2024-05-31-09-25-01-1024x768.jpg\" alt=\"\" class=\"wp-image-2907\" srcset=\"https:\/\/site.ac-martinique.fr\/clg-adenet\/wp-content\/uploads\/sites\/84\/2024\/05\/PHOTO-2024-05-31-09-25-01-1024x768.jpg 1024w, https:\/\/site.ac-martinique.fr\/clg-adenet\/wp-content\/uploads\/sites\/84\/2024\/05\/PHOTO-2024-05-31-09-25-01-300x225.jpg 300w, https:\/\/site.ac-martinique.fr\/clg-adenet\/wp-content\/uploads\/sites\/84\/2024\/05\/PHOTO-2024-05-31-09-25-01-768x576.jpg 768w, https:\/\/site.ac-martinique.fr\/clg-adenet\/wp-content\/uploads\/sites\/84\/2024\/05\/PHOTO-2024-05-31-09-25-01-1536x1152.jpg 1536w, https:\/\/site.ac-martinique.fr\/clg-adenet\/wp-content\/uploads\/sites\/84\/2024\/05\/PHOTO-2024-05-31-09-25-01.jpg 1600w\" sizes=\"auto, (max-width: 1024px) 100vw, 1024px\" \/><\/a><figcaption class=\"wp-element-caption\">Classe de 4\u00e8me E: Atelier en espagnol<\/figcaption><\/figure>\n\n\n\n<figure class=\"wp-block-image size-large\"><a href=\"https:\/\/site.ac-martinique.fr\/clg-adenet\/wp-content\/uploads\/sites\/84\/2024\/05\/PHOTO-2024-05-31-09-25-28.jpg\"><img loading=\"lazy\" decoding=\"async\" width=\"240\" height=\"320\" data-id=\"2908\" src=\"https:\/\/site.ac-martinique.fr\/clg-adenet\/wp-content\/uploads\/sites\/84\/2024\/05\/PHOTO-2024-05-31-09-25-28.jpg\" alt=\"\" class=\"wp-image-2908\" srcset=\"https:\/\/site.ac-martinique.fr\/clg-adenet\/wp-content\/uploads\/sites\/84\/2024\/05\/PHOTO-2024-05-31-09-25-28.jpg 240w, https:\/\/site.ac-martinique.fr\/clg-adenet\/wp-content\/uploads\/sites\/84\/2024\/05\/PHOTO-2024-05-31-09-25-28-225x300.jpg 225w\" sizes=\"auto, (max-width: 240px) 100vw, 240px\" \/><\/a><figcaption class=\"wp-element-caption\">jeu en grandeur nature sur les \u00e9cosyst\u00e8mes marins <br \/>(projet: \u00ab\u00a0je suis, tu es, \u00eelets\u00a0\u00bb)<\/figcaption><\/figure>\n\n\n\n<figure class=\"wp-block-image size-large\"><a href=\"https:\/\/site.ac-martinique.fr\/clg-adenet\/wp-content\/uploads\/sites\/84\/2024\/05\/PHOTO-2024-05-31-09-25-29.jpg\"><img loading=\"lazy\" decoding=\"async\" width=\"1024\" height=\"768\" data-id=\"2909\" src=\"https:\/\/site.ac-martinique.fr\/clg-adenet\/wp-content\/uploads\/sites\/84\/2024\/05\/PHOTO-2024-05-31-09-25-29-1024x768.jpg\" alt=\"\" class=\"wp-image-2909\" srcset=\"https:\/\/site.ac-martinique.fr\/clg-adenet\/wp-content\/uploads\/sites\/84\/2024\/05\/PHOTO-2024-05-31-09-25-29-1024x768.jpg 1024w, https:\/\/site.ac-martinique.fr\/clg-adenet\/wp-content\/uploads\/sites\/84\/2024\/05\/PHOTO-2024-05-31-09-25-29-300x225.jpg 300w, https:\/\/site.ac-martinique.fr\/clg-adenet\/wp-content\/uploads\/sites\/84\/2024\/05\/PHOTO-2024-05-31-09-25-29-768x576.jpg 768w, https:\/\/site.ac-martinique.fr\/clg-adenet\/wp-content\/uploads\/sites\/84\/2024\/05\/PHOTO-2024-05-31-09-25-29-1536x1152.jpg 1536w, https:\/\/site.ac-martinique.fr\/clg-adenet\/wp-content\/uploads\/sites\/84\/2024\/05\/PHOTO-2024-05-31-09-25-29.jpg 1600w\" sizes=\"auto, (max-width: 1024px) 100vw, 1024px\" \/><\/a><figcaption class=\"wp-element-caption\">Accueil de l&rsquo;\u00e9crivain Steven Cl\u00e9rima et pr\u00e9sentation de son roman \u00ab\u00a0Tr\u00e9nelle\u00a0\u00bb (niveau: 4\u00e8me)<\/figcaption><\/figure>\n<\/figure>\n\n\n\n<p><\/p>\n\n\n\n<p><\/p>\n\n\n\n<p><\/p>\n\n\n\n<h2 class=\"wp-block-heading\">                                             \u00ab\u00a0Je suis, Tu es, \u00eelets\u00a0\u00bb<\/h2>\n\n\n\n<p>Ce deuxi\u00e8me projet est essentiellement ax\u00e9 sur la d\u00e9couverte du patrimoine naturel du Fran\u00e7ois et en particulier, ses \u00eelets.<br \/>Il comporte un gros axe scientifique (d\u00e9couverte des herbiers, des coraux, du littoral jusqu&rsquo;\u00e0 la mangrove de Trou cochon), la d\u00e9couverte des diff\u00e9rents \u00eelets du Fran\u00e7ois (territoires prot\u00e9g\u00e9s en raison de leur fragilit\u00e9) et un volet li\u00e9 \u00e0 la d\u00e9couverte des m\u00e9tiers de la mer.<\/p>\n\n\n\n<p>La classe de 4\u00e8me inscrite dans le projet fait partie d&rsquo; un dispositif intitul\u00e9 \u00ab\u00a0engag\u00e9s pour la mer\u00a0\u00bb qui pr\u00e9voit 3 interventions en classe d&rsquo;une association qui milite pour la sauvegarde des \u00e9cosyst\u00e8mes marins et une ballade subaquatique du sentier sous-marin de l&rsquo;\u00eelet Thierry.<\/p>\n\n\n\n<p>Nous vous livrons quelques images de notre journ\u00e9e \u00e0 l&rsquo;\u00eelet Thierry suivie d une escale \u00e0 la station des sauveteurs en mer (SNSM) situ\u00e9e \u00e0 la Marina.<\/p>\n\n","protected":false},"excerpt":{"rendered":"<p>Ce projet vise \u00e0 cr\u00e9er un espace convivial pouvant accueillir \u00e9l\u00e8ves et personnels pour des activit\u00e9s en ext\u00e9rieur (cours, visites d&rsquo;auteurs, ateliers divers&#8230;) Pour notre toute premi\u00e8re action , la classe de 5\u00e8me bilangue (concern\u00e9e par le projet) accompagn\u00e9e du professeur-documentaliste ainsi que de leur professeur d&rsquo;espagnol, ont visit\u00e9 la p&rsquo;tite ferme \u00e9co afin d&rsquo;y [&hellip;]<\/p>\n","protected":false},"author":279,"featured_media":2803,"parent":1138,"menu_order":1,"comment_status":"closed","ping_status":"closed","template":"","meta":{"site-sidebar-layout":"default","site-content-layout":"","ast-site-content-layout":"default","site-content-style":"default","site-sidebar-style":"default","ast-global-header-display":"","ast-banner-title-visibility":"","ast-main-header-display":"","ast-hfb-above-header-display":"","ast-hfb-below-header-display":"","ast-hfb-mobile-header-display":"","site-post-title":"","ast-breadcrumbs-content":"","ast-featured-img":"disabled","footer-sml-layout":"","ast-disable-related-posts":"","theme-transparent-header-meta":"","adv-header-id-meta":"","stick-header-meta":"","header-above-stick-meta":"","header-main-stick-meta":"","header-below-stick-meta":"","astra-migrate-meta-layouts":"set","ast-page-background-enabled":"default","ast-page-background-meta":{"desktop":{"background-color":"var(--ast-global-color-4)","background-image":"","background-repeat":"repeat","background-position":"center center","background-size":"auto","background-attachment":"scroll","background-type":"","background-media":"","overlay-type":"","overlay-color":"","overlay-opacity":"","overlay-gradient":""},"tablet":{"background-color":"","background-image":"","background-repeat":"repeat","background-position":"center center","background-size":"auto","background-attachment":"scroll","background-type":"","background-media":"","overlay-type":"","overlay-color":"","overlay-opacity":"","overlay-gradient":""},"mobile":{"background-color":"","background-image":"","background-repeat":"repeat","background-position":"center center","background-size":"auto","background-attachment":"scroll","background-type":"","background-media":"","overlay-type":"","overlay-color":"","overlay-opacity":"","overlay-gradient":""}},"ast-content-background-meta":{"desktop":{"background-color":"var(--ast-global-color-5)","background-image":"","background-repeat":"repeat","background-position":"center center","background-size":"auto","background-attachment":"scroll","background-type":"","background-media":"","overlay-type":"","overlay-color":"","overlay-opacity":"","overlay-gradient":""},"tablet":{"background-color":"var(--ast-global-color-5)","background-image":"","background-repeat":"repeat","background-position":"center center","background-size":"auto","background-attachment":"scroll","background-type":"","background-media":"","overlay-type":"","overlay-color":"","overlay-opacity":"","overlay-gradient":""},"mobile":{"background-color":"var(--ast-global-color-5)","background-image":"","background-repeat":"repeat","background-position":"center center","background-size":"auto","background-attachment":"scroll","background-type":"","background-media":"","overlay-type":"","overlay-color":"","overlay-opacity":"","overlay-gradient":""}},"footnotes":""},"class_list":["post-1418","page","type-page","status-publish","has-post-thumbnail","hentry"],"_links":{"self":[{"href":"https:\/\/site.ac-martinique.fr\/clg-adenet\/index.php?rest_route=\/wp\/v2\/pages\/1418","targetHints":{"allow":["GET"]}}],"collection":[{"href":"https:\/\/site.ac-martinique.fr\/clg-adenet\/index.php?rest_route=\/wp\/v2\/pages"}],"about":[{"href":"https:\/\/site.ac-martinique.fr\/clg-adenet\/index.php?rest_route=\/wp\/v2\/types\/page"}],"author":[{"embeddable":true,"href":"https:\/\/site.ac-martinique.fr\/clg-adenet\/index.php?rest_route=\/wp\/v2\/users\/279"}],"replies":[{"embeddable":true,"href":"https:\/\/site.ac-martinique.fr\/clg-adenet\/index.php?rest_route=%2Fwp%2Fv2%2Fcomments&post=1418"}],"version-history":[{"count":23,"href":"https:\/\/site.ac-martinique.fr\/clg-adenet\/index.php?rest_route=\/wp\/v2\/pages\/1418\/revisions"}],"predecessor-version":[{"id":3101,"href":"https:\/\/site.ac-martinique.fr\/clg-adenet\/index.php?rest_route=\/wp\/v2\/pages\/1418\/revisions\/3101"}],"up":[{"embeddable":true,"href":"https:\/\/site.ac-martinique.fr\/clg-adenet\/index.php?rest_route=\/wp\/v2\/pages\/1138"}],"wp:featuredmedia":[{"embeddable":true,"href":"https:\/\/site.ac-martinique.fr\/clg-adenet\/index.php?rest_route=\/wp\/v2\/media\/2803"}],"wp:attachment":[{"href":"https:\/\/site.ac-martinique.fr\/clg-adenet\/index.php?rest_route=%2Fwp%2Fv2%2Fmedia&parent=1418"}],"curies":[{"name":"wp","href":"https:\/\/api.w.org\/{rel}","templated":true}]}}