{"id":1495,"date":"2021-02-23T13:13:37","date_gmt":"2021-02-23T12:13:37","guid":{"rendered":"https:\/\/site.ac-martinique.fr\/clg-adenet\/?page_id=1495"},"modified":"2021-11-16T19:00:20","modified_gmt":"2021-11-16T23:00:20","slug":"le-cdi-virtuel","status":"publish","type":"page","link":"https:\/\/site.ac-martinique.fr\/clg-adenet\/?page_id=1495","title":{"rendered":"le cdi virtuel"},"content":{"rendered":"\r\n<p><strong>Notre CDI virtuel vous permettra de consulter \u00e0 partir de n&rsquo;importe quel poste informatique (du coll\u00e8ge, de votre domicile) toutes les ressources papier et num\u00e9riques disponibles dans notre centre de ressources documentaires.<\/strong><\/p>\r\n<p>Vous serez \u00e9galement inform\u00e9s des actualit\u00e9s du CDI.<\/p>\r\n\r\n\r\n\r\n<figure class=\"wp-block-image\"><img decoding=\"async\" class=\"wp-image-1510\" src=\"https:\/\/site.ac-martinique.fr\/clg-adenet\/wp-content\/uploads\/sites\/84\/2021\/02\/cdi-virtuel_900x900-1.jpg\" alt=\"\" \/><\/figure>\r\n\r\n\r\n\r\n<p>Pour y acc\u00e9der, cliquez sur le lien ci-dessous.<\/p>\r\n\r\n\r\n\r\n<p><a href=\"https:\/\/9720428h.esidoc.fr\/\" target=\"_blank\" rel=\"noreferrer noopener\" aria-label=\" (s\u2019ouvre dans un nouvel onglet)\">https:\/\/9720428h.esidoc.fr\/<\/a><\/p>\r\n\r\n\r\n\r\n<p>&nbsp;<\/p>\r\n","protected":false},"excerpt":{"rendered":"<p>Notre CDI virtuel vous permettra de consulter \u00e0 partir de n&rsquo;importe quel poste informatique (du coll\u00e8ge, de votre domicile) toutes les ressources papier et num\u00e9riques disponibles dans notre centre de ressources documentaires. Vous serez \u00e9galement inform\u00e9s des actualit\u00e9s du CDI. Pour y acc\u00e9der, cliquez sur le lien ci-dessous. https:\/\/9720428h.esidoc.fr\/ &nbsp;<\/p>\n","protected":false},"author":1,"featured_media":0,"parent":1088,"menu_order":1,"comment_status":"closed","ping_status":"closed","template":"","meta":{"site-sidebar-layout":"default","site-content-layout":"","ast-site-content-layout":"default","site-content-style":"default","site-sidebar-style":"default","ast-global-header-display":"","ast-banner-title-visibility":"","ast-main-header-display":"","ast-hfb-above-header-display":"","ast-hfb-below-header-display":"","ast-hfb-mobile-header-display":"","site-post-title":"","ast-breadcrumbs-content":"","ast-featured-img":"","footer-sml-layout":"","ast-disable-related-posts":"","theme-transparent-header-meta":"","adv-header-id-meta":"","stick-header-meta":"","header-above-stick-meta":"","header-main-stick-meta":"","header-below-stick-meta":"","astra-migrate-meta-layouts":"default","ast-page-background-enabled":"default","ast-page-background-meta":{"desktop":{"background-color":"var(--ast-global-color-4)","background-image":"","background-repeat":"repeat","background-position":"center center","background-size":"auto","background-attachment":"scroll","background-type":"","background-media":"","overlay-type":"","overlay-color":"","overlay-opacity":"","overlay-gradient":""},"tablet":{"background-color":"","background-image":"","background-repeat":"repeat","background-position":"center center","background-size":"auto","background-attachment":"scroll","background-type":"","background-media":"","overlay-type":"","overlay-color":"","overlay-opacity":"","overlay-gradient":""},"mobile":{"background-color":"","background-image":"","background-repeat":"repeat","background-position":"center center","background-size":"auto","background-attachment":"scroll","background-type":"","background-media":"","overlay-type":"","overlay-color":"","overlay-opacity":"","overlay-gradient":""}},"ast-content-background-meta":{"desktop":{"background-color":"var(--ast-global-color-5)","background-image":"","background-repeat":"repeat","background-position":"center center","background-size":"auto","background-attachment":"scroll","background-type":"","background-media":"","overlay-type":"","overlay-color":"","overlay-opacity":"","overlay-gradient":""},"tablet":{"background-color":"var(--ast-global-color-5)","background-image":"","background-repeat":"repeat","background-position":"center center","background-size":"auto","background-attachment":"scroll","background-type":"","background-media":"","overlay-type":"","overlay-color":"","overlay-opacity":"","overlay-gradient":""},"mobile":{"background-color":"var(--ast-global-color-5)","background-image":"","background-repeat":"repeat","background-position":"center center","background-size":"auto","background-attachment":"scroll","background-type":"","background-media":"","overlay-type":"","overlay-color":"","overlay-opacity":"","overlay-gradient":""}},"footnotes":""},"class_list":["post-1495","page","type-page","status-publish","hentry"],"_links":{"self":[{"href":"https:\/\/site.ac-martinique.fr\/clg-adenet\/index.php?rest_route=\/wp\/v2\/pages\/1495","targetHints":{"allow":["GET"]}}],"collection":[{"href":"https:\/\/site.ac-martinique.fr\/clg-adenet\/index.php?rest_route=\/wp\/v2\/pages"}],"about":[{"href":"https:\/\/site.ac-martinique.fr\/clg-adenet\/index.php?rest_route=\/wp\/v2\/types\/page"}],"author":[{"embeddable":true,"href":"https:\/\/site.ac-martinique.fr\/clg-adenet\/index.php?rest_route=\/wp\/v2\/users\/1"}],"replies":[{"embeddable":true,"href":"https:\/\/site.ac-martinique.fr\/clg-adenet\/index.php?rest_route=%2Fwp%2Fv2%2Fcomments&post=1495"}],"version-history":[{"count":1,"href":"https:\/\/site.ac-martinique.fr\/clg-adenet\/index.php?rest_route=\/wp\/v2\/pages\/1495\/revisions"}],"predecessor-version":[{"id":1980,"href":"https:\/\/site.ac-martinique.fr\/clg-adenet\/index.php?rest_route=\/wp\/v2\/pages\/1495\/revisions\/1980"}],"up":[{"embeddable":true,"href":"https:\/\/site.ac-martinique.fr\/clg-adenet\/index.php?rest_route=\/wp\/v2\/pages\/1088"}],"wp:attachment":[{"href":"https:\/\/site.ac-martinique.fr\/clg-adenet\/index.php?rest_route=%2Fwp%2Fv2%2Fmedia&parent=1495"}],"curies":[{"name":"wp","href":"https:\/\/api.w.org\/{rel}","templated":true}]}}