{"id":1683,"date":"2021-05-27T17:09:56","date_gmt":"2021-05-27T15:09:56","guid":{"rendered":"https:\/\/site.ac-martinique.fr\/clg-adenet\/?page_id=1683"},"modified":"2023-12-14T11:40:34","modified_gmt":"2023-12-14T15:40:34","slug":"a-la-maison-du-manioc","status":"publish","type":"page","link":"https:\/\/site.ac-martinique.fr\/clg-adenet\/?page_id=1683","title":{"rendered":"Ca vit au CDI!!!"},"content":{"rendered":"\n<h2 class=\"wp-block-heading\">  Dans cette rubrique, vous pourrez trouver les projets initi\u00e9s par le CDI.<\/h2>\n\n\n\n<p>Au CDI, tout est possible en mati\u00e8re de projets!!!! Pas de limites li\u00e9es aux programmes officiels, peu de contraintes d&#8217;emploi du temps. Par contre une bonne dose d&rsquo;imagination, des coll\u00e8gues d\u00e9sireux de vous suivre dans votre folie et des sous pour donner corps \u00e0 vos id\u00e9es, voil\u00e0 les ingr\u00e9dients incontournables&#8230;   et c&rsquo;est parti pour une ann\u00e9e dynamique!<br \/> <\/p>\n\n\n\n<h2 class=\"wp-block-heading\"><br \/>                    <\/h2>\n\n\n\n<p><br \/><\/p>\n","protected":false},"excerpt":{"rendered":"<p>Dans cette rubrique, vous pourrez trouver les projets initi\u00e9s par le CDI. Au CDI, tout est possible en mati\u00e8re de projets!!!! Pas de limites li\u00e9es aux programmes officiels, peu de contraintes d&#8217;emploi du temps. Par contre une bonne dose d&rsquo;imagination, des coll\u00e8gues d\u00e9sireux de vous suivre dans votre folie et des sous pour donner corps [&hellip;]<\/p>\n","protected":false},"author":279,"featured_media":2777,"parent":1071,"menu_order":0,"comment_status":"closed","ping_status":"closed","template":"","meta":{"site-sidebar-layout":"default","site-content-layout":"","ast-site-content-layout":"default","site-content-style":"default","site-sidebar-style":"default","ast-global-header-display":"","ast-banner-title-visibility":"","ast-main-header-display":"","ast-hfb-above-header-display":"","ast-hfb-below-header-display":"","ast-hfb-mobile-header-display":"","site-post-title":"","ast-breadcrumbs-content":"","ast-featured-img":"","footer-sml-layout":"","ast-disable-related-posts":"","theme-transparent-header-meta":"","adv-header-id-meta":"","stick-header-meta":"","header-above-stick-meta":"","header-main-stick-meta":"","header-below-stick-meta":"","astra-migrate-meta-layouts":"default","ast-page-background-enabled":"default","ast-page-background-meta":{"desktop":{"background-color":"var(--ast-global-color-4)","background-image":"","background-repeat":"repeat","background-position":"center center","background-size":"auto","background-attachment":"scroll","background-type":"","background-media":"","overlay-type":"","overlay-color":"","overlay-opacity":"","overlay-gradient":""},"tablet":{"background-color":"","background-image":"","background-repeat":"repeat","background-position":"center center","background-size":"auto","background-attachment":"scroll","background-type":"","background-media":"","overlay-type":"","overlay-color":"","overlay-opacity":"","overlay-gradient":""},"mobile":{"background-color":"","background-image":"","background-repeat":"repeat","background-position":"center center","background-size":"auto","background-attachment":"scroll","background-type":"","background-media":"","overlay-type":"","overlay-color":"","overlay-opacity":"","overlay-gradient":""}},"ast-content-background-meta":{"desktop":{"background-color":"var(--ast-global-color-5)","background-image":"","background-repeat":"repeat","background-position":"center center","background-size":"auto","background-attachment":"scroll","background-type":"","background-media":"","overlay-type":"","overlay-color":"","overlay-opacity":"","overlay-gradient":""},"tablet":{"background-color":"var(--ast-global-color-5)","background-image":"","background-repeat":"repeat","background-position":"center center","background-size":"auto","background-attachment":"scroll","background-type":"","background-media":"","overlay-type":"","overlay-color":"","overlay-opacity":"","overlay-gradient":""},"mobile":{"background-color":"var(--ast-global-color-5)","background-image":"","background-repeat":"repeat","background-position":"center center","background-size":"auto","background-attachment":"scroll","background-type":"","background-media":"","overlay-type":"","overlay-color":"","overlay-opacity":"","overlay-gradient":""}},"footnotes":""},"class_list":["post-1683","page","type-page","status-publish","has-post-thumbnail","hentry"],"_links":{"self":[{"href":"https:\/\/site.ac-martinique.fr\/clg-adenet\/index.php?rest_route=\/wp\/v2\/pages\/1683","targetHints":{"allow":["GET"]}}],"collection":[{"href":"https:\/\/site.ac-martinique.fr\/clg-adenet\/index.php?rest_route=\/wp\/v2\/pages"}],"about":[{"href":"https:\/\/site.ac-martinique.fr\/clg-adenet\/index.php?rest_route=\/wp\/v2\/types\/page"}],"author":[{"embeddable":true,"href":"https:\/\/site.ac-martinique.fr\/clg-adenet\/index.php?rest_route=\/wp\/v2\/users\/279"}],"replies":[{"embeddable":true,"href":"https:\/\/site.ac-martinique.fr\/clg-adenet\/index.php?rest_route=%2Fwp%2Fv2%2Fcomments&post=1683"}],"version-history":[{"count":5,"href":"https:\/\/site.ac-martinique.fr\/clg-adenet\/index.php?rest_route=\/wp\/v2\/pages\/1683\/revisions"}],"predecessor-version":[{"id":2785,"href":"https:\/\/site.ac-martinique.fr\/clg-adenet\/index.php?rest_route=\/wp\/v2\/pages\/1683\/revisions\/2785"}],"up":[{"embeddable":true,"href":"https:\/\/site.ac-martinique.fr\/clg-adenet\/index.php?rest_route=\/wp\/v2\/pages\/1071"}],"wp:featuredmedia":[{"embeddable":true,"href":"https:\/\/site.ac-martinique.fr\/clg-adenet\/index.php?rest_route=\/wp\/v2\/media\/2777"}],"wp:attachment":[{"href":"https:\/\/site.ac-martinique.fr\/clg-adenet\/index.php?rest_route=%2Fwp%2Fv2%2Fmedia&parent=1683"}],"curies":[{"name":"wp","href":"https:\/\/api.w.org\/{rel}","templated":true}]}}