{"id":2320,"date":"2022-11-10T20:00:14","date_gmt":"2022-11-11T00:00:14","guid":{"rendered":"https:\/\/site.ac-martinique.fr\/clg-adenet\/?page_id=2320"},"modified":"2022-11-14T19:21:51","modified_gmt":"2022-11-14T23:21:51","slug":"guide-service-en-ligne-orientation","status":"publish","type":"page","link":"https:\/\/site.ac-martinique.fr\/clg-adenet\/?page_id=2320","title":{"rendered":"GUIDES : Service en ligne Orientation"},"content":{"rendered":"\n<div class=\"wp-block-media-text alignwide is-stacked-on-mobile\"><figure class=\"wp-block-media-text__media\"><img loading=\"lazy\" decoding=\"async\" width=\"1024\" height=\"912\" src=\"https:\/\/site.ac-martinique.fr\/clg-adenet\/wp-content\/uploads\/sites\/84\/2022\/11\/Capture-decran-2022-11-10-a-19.27.55-1024x912.png\" alt=\"\" class=\"wp-image-2321 size-full\" srcset=\"https:\/\/site.ac-martinique.fr\/clg-adenet\/wp-content\/uploads\/sites\/84\/2022\/11\/Capture-decran-2022-11-10-a-19.27.55-1024x912.png 1024w, https:\/\/site.ac-martinique.fr\/clg-adenet\/wp-content\/uploads\/sites\/84\/2022\/11\/Capture-decran-2022-11-10-a-19.27.55-300x267.png 300w, https:\/\/site.ac-martinique.fr\/clg-adenet\/wp-content\/uploads\/sites\/84\/2022\/11\/Capture-decran-2022-11-10-a-19.27.55-768x684.png 768w, https:\/\/site.ac-martinique.fr\/clg-adenet\/wp-content\/uploads\/sites\/84\/2022\/11\/Capture-decran-2022-11-10-a-19.27.55.png 1320w\" sizes=\"auto, (max-width: 1024px) 100vw, 1024px\" \/><\/figure><div class=\"wp-block-media-text__content\">\n<p><a href=\"https:\/\/eduscol.education.fr\/document\/44075\/download\" data-type=\"URL\" data-id=\"https:\/\/eduscol.education.fr\/document\/44075\/download\" target=\"_blank\" rel=\"noreferrer noopener\">Service en ligne Orientation en 3\u00e8me<\/a><\/p>\n<\/div><\/div>\n\n\n\n<p><\/p>\n\n\n\n<div class=\"wp-block-media-text alignwide is-stacked-on-mobile\"><figure class=\"wp-block-media-text__media\"><img loading=\"lazy\" decoding=\"async\" width=\"1024\" height=\"555\" src=\"https:\/\/site.ac-martinique.fr\/clg-adenet\/wp-content\/uploads\/sites\/84\/2022\/11\/Capture-decran-2022-11-10-a-19.54.53-1024x555.png\" alt=\"\" class=\"wp-image-2328 size-full\" srcset=\"https:\/\/site.ac-martinique.fr\/clg-adenet\/wp-content\/uploads\/sites\/84\/2022\/11\/Capture-decran-2022-11-10-a-19.54.53-1024x555.png 1024w, https:\/\/site.ac-martinique.fr\/clg-adenet\/wp-content\/uploads\/sites\/84\/2022\/11\/Capture-decran-2022-11-10-a-19.54.53-300x163.png 300w, https:\/\/site.ac-martinique.fr\/clg-adenet\/wp-content\/uploads\/sites\/84\/2022\/11\/Capture-decran-2022-11-10-a-19.54.53-768x416.png 768w, https:\/\/site.ac-martinique.fr\/clg-adenet\/wp-content\/uploads\/sites\/84\/2022\/11\/Capture-decran-2022-11-10-a-19.54.53-1536x832.png 1536w, https:\/\/site.ac-martinique.fr\/clg-adenet\/wp-content\/uploads\/sites\/84\/2022\/11\/Capture-decran-2022-11-10-a-19.54.53.png 1650w\" sizes=\"auto, (max-width: 1024px) 100vw, 1024px\" \/><\/figure><div class=\"wp-block-media-text__content\">\n<p><a href=\"https:\/\/site.ac-martinique.fr\/clg-adenet\/wp-content\/uploads\/sites\/84\/2022\/11\/presentation_orientation_en-ligne_3e_phase-provisoire2022_0.pdf\" data-type=\"URL\" data-id=\"https:\/\/site.ac-martinique.fr\/clg-adenet\/wp-content\/uploads\/sites\/84\/2022\/11\/presentation_orientation_en-ligne_3e_phase-provisoire2022_0.pdf\" target=\"_blank\" rel=\"noreferrer noopener\">Powerpoint : les 4 \u00e9tapes \u00e0 suivre en ligne pour demander une voie d&rsquo;orientation apr\u00e8s la 3\u00e8me<\/a><\/p>\n<\/div><\/div>\n\n\n\n<div class=\"wp-block-media-text alignwide is-stacked-on-mobile\"><figure class=\"wp-block-media-text__media\"><img loading=\"lazy\" decoding=\"async\" width=\"1024\" height=\"388\" src=\"https:\/\/site.ac-martinique.fr\/clg-adenet\/wp-content\/uploads\/sites\/84\/2022\/11\/Capture-decran-2022-11-10-a-19.50.16-1024x388.png\" alt=\"\" class=\"wp-image-2324 size-full\" srcset=\"https:\/\/site.ac-martinique.fr\/clg-adenet\/wp-content\/uploads\/sites\/84\/2022\/11\/Capture-decran-2022-11-10-a-19.50.16-1024x388.png 1024w, https:\/\/site.ac-martinique.fr\/clg-adenet\/wp-content\/uploads\/sites\/84\/2022\/11\/Capture-decran-2022-11-10-a-19.50.16-300x114.png 300w, https:\/\/site.ac-martinique.fr\/clg-adenet\/wp-content\/uploads\/sites\/84\/2022\/11\/Capture-decran-2022-11-10-a-19.50.16-768x291.png 768w, https:\/\/site.ac-martinique.fr\/clg-adenet\/wp-content\/uploads\/sites\/84\/2022\/11\/Capture-decran-2022-11-10-a-19.50.16.png 1050w\" sizes=\"auto, (max-width: 1024px) 100vw, 1024px\" \/><\/figure><div class=\"wp-block-media-text__content\">\n<p><a href=\"https:\/\/site.ac-martinique.fr\/clg-adenet\/wp-content\/uploads\/sites\/84\/2022\/11\/flyer_tso_3e_2022.pdf\" data-type=\"URL\" data-id=\"https:\/\/site.ac-martinique.fr\/clg-adenet\/wp-content\/uploads\/sites\/84\/2022\/11\/flyer_tso_3e_2022.pdf\" target=\"_blank\" rel=\"noreferrer noopener\">Vous trouverez ici les \u00e9l\u00e9ments indispensables pour la connexion au portail Scolarit\u00e9 services et les principales \u00e9tapes pour effectuer une demande d\u2019orientation en ligne<\/a><\/p>\n<\/div><\/div>\n","protected":false},"excerpt":{"rendered":"<p>Service en ligne Orientation en 3\u00e8me Powerpoint : les 4 \u00e9tapes \u00e0 suivre en ligne pour demander une voie d&rsquo;orientation apr\u00e8s la 3\u00e8me Vous trouverez ici les \u00e9l\u00e9ments indispensables pour la connexion au portail Scolarit\u00e9 services et les principales \u00e9tapes pour effectuer une demande d\u2019orientation en ligne<\/p>\n","protected":false},"author":280,"featured_media":0,"parent":0,"menu_order":0,"comment_status":"closed","ping_status":"closed","template":"","meta":{"site-sidebar-layout":"default","site-content-layout":"","ast-site-content-layout":"default","site-content-style":"default","site-sidebar-style":"default","ast-global-header-display":"","ast-banner-title-visibility":"","ast-main-header-display":"","ast-hfb-above-header-display":"","ast-hfb-below-header-display":"","ast-hfb-mobile-header-display":"","site-post-title":"","ast-breadcrumbs-content":"","ast-featured-img":"","footer-sml-layout":"","ast-disable-related-posts":"","theme-transparent-header-meta":"","adv-header-id-meta":"","stick-header-meta":"","header-above-stick-meta":"","header-main-stick-meta":"","header-below-stick-meta":"","astra-migrate-meta-layouts":"default","ast-page-background-enabled":"default","ast-page-background-meta":{"desktop":{"background-color":"var(--ast-global-color-4)","background-image":"","background-repeat":"repeat","background-position":"center center","background-size":"auto","background-attachment":"scroll","background-type":"","background-media":"","overlay-type":"","overlay-color":"","overlay-opacity":"","overlay-gradient":""},"tablet":{"background-color":"","background-image":"","background-repeat":"repeat","background-position":"center center","background-size":"auto","background-attachment":"scroll","background-type":"","background-media":"","overlay-type":"","overlay-color":"","overlay-opacity":"","overlay-gradient":""},"mobile":{"background-color":"","background-image":"","background-repeat":"repeat","background-position":"center center","background-size":"auto","background-attachment":"scroll","background-type":"","background-media":"","overlay-type":"","overlay-color":"","overlay-opacity":"","overlay-gradient":""}},"ast-content-background-meta":{"desktop":{"background-color":"var(--ast-global-color-5)","background-image":"","background-repeat":"repeat","background-position":"center center","background-size":"auto","background-attachment":"scroll","background-type":"","background-media":"","overlay-type":"","overlay-color":"","overlay-opacity":"","overlay-gradient":""},"tablet":{"background-color":"var(--ast-global-color-5)","background-image":"","background-repeat":"repeat","background-position":"center center","background-size":"auto","background-attachment":"scroll","background-type":"","background-media":"","overlay-type":"","overlay-color":"","overlay-opacity":"","overlay-gradient":""},"mobile":{"background-color":"var(--ast-global-color-5)","background-image":"","background-repeat":"repeat","background-position":"center center","background-size":"auto","background-attachment":"scroll","background-type":"","background-media":"","overlay-type":"","overlay-color":"","overlay-opacity":"","overlay-gradient":""}},"footnotes":""},"class_list":["post-2320","page","type-page","status-publish","hentry"],"_links":{"self":[{"href":"https:\/\/site.ac-martinique.fr\/clg-adenet\/index.php?rest_route=\/wp\/v2\/pages\/2320","targetHints":{"allow":["GET"]}}],"collection":[{"href":"https:\/\/site.ac-martinique.fr\/clg-adenet\/index.php?rest_route=\/wp\/v2\/pages"}],"about":[{"href":"https:\/\/site.ac-martinique.fr\/clg-adenet\/index.php?rest_route=\/wp\/v2\/types\/page"}],"author":[{"embeddable":true,"href":"https:\/\/site.ac-martinique.fr\/clg-adenet\/index.php?rest_route=\/wp\/v2\/users\/280"}],"replies":[{"embeddable":true,"href":"https:\/\/site.ac-martinique.fr\/clg-adenet\/index.php?rest_route=%2Fwp%2Fv2%2Fcomments&post=2320"}],"version-history":[{"count":7,"href":"https:\/\/site.ac-martinique.fr\/clg-adenet\/index.php?rest_route=\/wp\/v2\/pages\/2320\/revisions"}],"predecessor-version":[{"id":2335,"href":"https:\/\/site.ac-martinique.fr\/clg-adenet\/index.php?rest_route=\/wp\/v2\/pages\/2320\/revisions\/2335"}],"wp:attachment":[{"href":"https:\/\/site.ac-martinique.fr\/clg-adenet\/index.php?rest_route=%2Fwp%2Fv2%2Fmedia&parent=2320"}],"curies":[{"name":"wp","href":"https:\/\/api.w.org\/{rel}","templated":true}]}}