{"id":3089,"date":"2025-02-03T15:25:10","date_gmt":"2025-02-03T19:25:10","guid":{"rendered":"https:\/\/site.ac-martinique.fr\/clg-adenet\/?page_id=3089"},"modified":"2025-02-05T07:39:28","modified_gmt":"2025-02-05T11:39:28","slug":"fete-de-la-sciences-2024","status":"publish","type":"page","link":"https:\/\/site.ac-martinique.fr\/clg-adenet\/?page_id=3089","title":{"rendered":"F\u00eate de la science au coll\u00e8ge ADENET 2024"},"content":{"rendered":"\n<p class=\"has-text-align-center has-medium-font-size\" style=\"font-style:normal;font-weight:400\">Le 21 novembre 2024, pour la f\u00eate de la science, le coll\u00e8ge a accueilli les CM2 du Fran\u00e7ois. Un moment passionnant pour les petits comme les grands. Plusieurs ateliers proposaient aux \u00e9l\u00e8ves d&rsquo;exp\u00e9rimenter, de d\u00e9couvrir et de manipuler pour leur plus grand plaisir et pour le n\u00f4tre.<\/p>\n\n\n\n<figure class=\"wp-block-video\"><video height=\"480\" style=\"aspect-ratio: 848 \/ 480;\" width=\"848\" controls src=\"https:\/\/site.ac-martinique.fr\/clg-adenet\/wp-content\/uploads\/sites\/84\/2025\/02\/Fete-de-la-science-ADENET.mp4\"><\/video><\/figure>\n\n\n\n<p><\/p>\n\n\n\n<p class=\"has-medium-font-size\">Si la vid\u00e9o ne se lit pas voici un lien de partage : <a href=\"https:\/\/tube-sciences-technologies.apps.education.fr\/w\/7qEY1NkaZg35ygKCNrnVfJ\" data-type=\"link\" data-id=\"https:\/\/tube-sciences-technologies.apps.education.fr\/w\/7qEY1NkaZg35ygKCNrnVfJ\">F\u00eate de la science ADENET<\/a><\/p>\n\n\n\n<p><\/p>\n","protected":false},"excerpt":{"rendered":"<p>Le 21 novembre 2024, pour la f\u00eate de la science, le coll\u00e8ge a accueilli les CM2 du Fran\u00e7ois. Un moment passionnant pour les petits comme les grands. Plusieurs ateliers proposaient aux \u00e9l\u00e8ves d&rsquo;exp\u00e9rimenter, de d\u00e9couvrir et de manipuler pour leur plus grand plaisir et pour le n\u00f4tre. Si la vid\u00e9o ne se lit pas voici [&hellip;]<\/p>\n","protected":false},"author":451,"featured_media":0,"parent":3076,"menu_order":0,"comment_status":"closed","ping_status":"closed","template":"","meta":{"site-sidebar-layout":"default","site-content-layout":"","ast-site-content-layout":"default","site-content-style":"default","site-sidebar-style":"default","ast-global-header-display":"","ast-banner-title-visibility":"","ast-main-header-display":"","ast-hfb-above-header-display":"","ast-hfb-below-header-display":"","ast-hfb-mobile-header-display":"","site-post-title":"","ast-breadcrumbs-content":"","ast-featured-img":"","footer-sml-layout":"","ast-disable-related-posts":"","theme-transparent-header-meta":"","adv-header-id-meta":"","stick-header-meta":"","header-above-stick-meta":"","header-main-stick-meta":"","header-below-stick-meta":"","astra-migrate-meta-layouts":"set","ast-page-background-enabled":"default","ast-page-background-meta":{"desktop":{"background-color":"var(--ast-global-color-4)","background-image":"","background-repeat":"repeat","background-position":"center center","background-size":"auto","background-attachment":"scroll","background-type":"","background-media":"","overlay-type":"","overlay-color":"","overlay-opacity":"","overlay-gradient":""},"tablet":{"background-color":"","background-image":"","background-repeat":"repeat","background-position":"center center","background-size":"auto","background-attachment":"scroll","background-type":"","background-media":"","overlay-type":"","overlay-color":"","overlay-opacity":"","overlay-gradient":""},"mobile":{"background-color":"","background-image":"","background-repeat":"repeat","background-position":"center center","background-size":"auto","background-attachment":"scroll","background-type":"","background-media":"","overlay-type":"","overlay-color":"","overlay-opacity":"","overlay-gradient":""}},"ast-content-background-meta":{"desktop":{"background-color":"var(--ast-global-color-5)","background-image":"","background-repeat":"repeat","background-position":"center center","background-size":"auto","background-attachment":"scroll","background-type":"","background-media":"","overlay-type":"","overlay-color":"","overlay-opacity":"","overlay-gradient":""},"tablet":{"background-color":"var(--ast-global-color-5)","background-image":"","background-repeat":"repeat","background-position":"center center","background-size":"auto","background-attachment":"scroll","background-type":"","background-media":"","overlay-type":"","overlay-color":"","overlay-opacity":"","overlay-gradient":""},"mobile":{"background-color":"var(--ast-global-color-5)","background-image":"","background-repeat":"repeat","background-position":"center center","background-size":"auto","background-attachment":"scroll","background-type":"","background-media":"","overlay-type":"","overlay-color":"","overlay-opacity":"","overlay-gradient":""}},"footnotes":""},"class_list":["post-3089","page","type-page","status-publish","hentry"],"_links":{"self":[{"href":"https:\/\/site.ac-martinique.fr\/clg-adenet\/index.php?rest_route=\/wp\/v2\/pages\/3089","targetHints":{"allow":["GET"]}}],"collection":[{"href":"https:\/\/site.ac-martinique.fr\/clg-adenet\/index.php?rest_route=\/wp\/v2\/pages"}],"about":[{"href":"https:\/\/site.ac-martinique.fr\/clg-adenet\/index.php?rest_route=\/wp\/v2\/types\/page"}],"author":[{"embeddable":true,"href":"https:\/\/site.ac-martinique.fr\/clg-adenet\/index.php?rest_route=\/wp\/v2\/users\/451"}],"replies":[{"embeddable":true,"href":"https:\/\/site.ac-martinique.fr\/clg-adenet\/index.php?rest_route=%2Fwp%2Fv2%2Fcomments&post=3089"}],"version-history":[{"count":4,"href":"https:\/\/site.ac-martinique.fr\/clg-adenet\/index.php?rest_route=\/wp\/v2\/pages\/3089\/revisions"}],"predecessor-version":[{"id":3099,"href":"https:\/\/site.ac-martinique.fr\/clg-adenet\/index.php?rest_route=\/wp\/v2\/pages\/3089\/revisions\/3099"}],"up":[{"embeddable":true,"href":"https:\/\/site.ac-martinique.fr\/clg-adenet\/index.php?rest_route=\/wp\/v2\/pages\/3076"}],"wp:attachment":[{"href":"https:\/\/site.ac-martinique.fr\/clg-adenet\/index.php?rest_route=%2Fwp%2Fv2%2Fmedia&parent=3089"}],"curies":[{"name":"wp","href":"https:\/\/api.w.org\/{rel}","templated":true}]}}