{"id":3237,"date":"2025-06-17T16:56:40","date_gmt":"2025-06-17T20:56:40","guid":{"rendered":"https:\/\/site.ac-martinique.fr\/clg-adenet\/?page_id=3237"},"modified":"2025-06-19T10:53:38","modified_gmt":"2025-06-19T14:53:38","slug":"annee-2024-2025","status":"publish","type":"page","link":"https:\/\/site.ac-martinique.fr\/clg-adenet\/?page_id=3237","title":{"rendered":"Ann\u00e9e 2024\/2025"},"content":{"rendered":"\n<figure class=\"wp-block-image size-full is-resized\"><a href=\"https:\/\/site.ac-martinique.fr\/clg-adenet\/wp-content\/uploads\/sites\/84\/2025\/06\/Design-sans-titre.png\"><img loading=\"lazy\" decoding=\"async\" width=\"1728\" height=\"2304\" src=\"https:\/\/site.ac-martinique.fr\/clg-adenet\/wp-content\/uploads\/sites\/84\/2025\/06\/Design-sans-titre.png\" alt=\"\" class=\"wp-image-3269\" style=\"width:535px;height:auto\" srcset=\"https:\/\/site.ac-martinique.fr\/clg-adenet\/wp-content\/uploads\/sites\/84\/2025\/06\/Design-sans-titre.png 1728w, https:\/\/site.ac-martinique.fr\/clg-adenet\/wp-content\/uploads\/sites\/84\/2025\/06\/Design-sans-titre-225x300.png 225w, https:\/\/site.ac-martinique.fr\/clg-adenet\/wp-content\/uploads\/sites\/84\/2025\/06\/Design-sans-titre-768x1024.png 768w, https:\/\/site.ac-martinique.fr\/clg-adenet\/wp-content\/uploads\/sites\/84\/2025\/06\/Design-sans-titre-1152x1536.png 1152w, https:\/\/site.ac-martinique.fr\/clg-adenet\/wp-content\/uploads\/sites\/84\/2025\/06\/Design-sans-titre-1536x2048.png 1536w\" sizes=\"auto, (max-width: 1728px) 100vw, 1728px\" \/><\/a><\/figure>\n\n\n\n<p>Cette ann\u00e9e, notre projet s&rsquo;est poursuivi avec pour objectif la participation au dispositif <strong>\u00ab\u00a0rendez-vous au jardin\u00a0\u00bb<\/strong>mis en place par le minist\u00e8re de la Culture.<br \/>Le th\u00e8me \u00e9tant <strong><em>\u00ab\u00a0Pierres de jardin, Jardin de pierres\u00a0\u00bb<\/em><\/strong>, il nous a fallu int\u00e9grer \u00e0 notre design des pierres de toutes sortes.<br \/>Des pierres plates pour faire le contour de notre bassin, des petits graviers pour combler nos all\u00e9es et des roches provenant du nord pour embellir nos parterres.<\/p>\n\n\n\n<p>Notre jardinet a donc ouvert ses portes aux visiteurs la matin\u00e9e du 6 Juin, pour le plus grand plaisir de nos permaculteurs.<br \/><br \/>Le r\u00e9sultat en images<\/p>\n\n\n\n<figure class=\"wp-block-gallery has-nested-images columns-default is-cropped wp-block-gallery-1 is-layout-flex wp-block-gallery-is-layout-flex\">\n<figure class=\"wp-block-image size-large\"><a href=\"https:\/\/site.ac-martinique.fr\/clg-adenet\/wp-content\/uploads\/sites\/84\/2025\/06\/20250423_113234-scaled.jpg\"><img loading=\"lazy\" decoding=\"async\" width=\"768\" height=\"1024\" data-id=\"3251\" src=\"https:\/\/site.ac-martinique.fr\/clg-adenet\/wp-content\/uploads\/sites\/84\/2025\/06\/20250423_113234-768x1024.jpg\" alt=\"\" class=\"wp-image-3251\" srcset=\"https:\/\/site.ac-martinique.fr\/clg-adenet\/wp-content\/uploads\/sites\/84\/2025\/06\/20250423_113234-768x1024.jpg 768w, https:\/\/site.ac-martinique.fr\/clg-adenet\/wp-content\/uploads\/sites\/84\/2025\/06\/20250423_113234-225x300.jpg 225w, https:\/\/site.ac-martinique.fr\/clg-adenet\/wp-content\/uploads\/sites\/84\/2025\/06\/20250423_113234-1152x1536.jpg 1152w, https:\/\/site.ac-martinique.fr\/clg-adenet\/wp-content\/uploads\/sites\/84\/2025\/06\/20250423_113234-1536x2048.jpg 1536w, https:\/\/site.ac-martinique.fr\/clg-adenet\/wp-content\/uploads\/sites\/84\/2025\/06\/20250423_113234-scaled.jpg 1920w\" sizes=\"auto, (max-width: 768px) 100vw, 768px\" \/><\/a><\/figure>\n\n\n\n<figure class=\"wp-block-image size-large\"><a href=\"https:\/\/site.ac-martinique.fr\/clg-adenet\/wp-content\/uploads\/sites\/84\/2025\/06\/20250423_113259-scaled.jpg\"><img loading=\"lazy\" decoding=\"async\" width=\"768\" height=\"1024\" data-id=\"3255\" src=\"https:\/\/site.ac-martinique.fr\/clg-adenet\/wp-content\/uploads\/sites\/84\/2025\/06\/20250423_113259-768x1024.jpg\" alt=\"\" class=\"wp-image-3255\" srcset=\"https:\/\/site.ac-martinique.fr\/clg-adenet\/wp-content\/uploads\/sites\/84\/2025\/06\/20250423_113259-768x1024.jpg 768w, https:\/\/site.ac-martinique.fr\/clg-adenet\/wp-content\/uploads\/sites\/84\/2025\/06\/20250423_113259-225x300.jpg 225w, https:\/\/site.ac-martinique.fr\/clg-adenet\/wp-content\/uploads\/sites\/84\/2025\/06\/20250423_113259-1152x1536.jpg 1152w, https:\/\/site.ac-martinique.fr\/clg-adenet\/wp-content\/uploads\/sites\/84\/2025\/06\/20250423_113259-1536x2048.jpg 1536w, https:\/\/site.ac-martinique.fr\/clg-adenet\/wp-content\/uploads\/sites\/84\/2025\/06\/20250423_113259-scaled.jpg 1920w\" sizes=\"auto, (max-width: 768px) 100vw, 768px\" \/><\/a><\/figure>\n\n\n\n<figure class=\"wp-block-image size-large\"><a href=\"https:\/\/site.ac-martinique.fr\/clg-adenet\/wp-content\/uploads\/sites\/84\/2025\/06\/20250527_150427-scaled.jpg\"><img loading=\"lazy\" decoding=\"async\" width=\"1024\" height=\"768\" data-id=\"3250\" src=\"https:\/\/site.ac-martinique.fr\/clg-adenet\/wp-content\/uploads\/sites\/84\/2025\/06\/20250527_150427-1024x768.jpg\" alt=\"\" class=\"wp-image-3250\" srcset=\"https:\/\/site.ac-martinique.fr\/clg-adenet\/wp-content\/uploads\/sites\/84\/2025\/06\/20250527_150427-1024x768.jpg 1024w, https:\/\/site.ac-martinique.fr\/clg-adenet\/wp-content\/uploads\/sites\/84\/2025\/06\/20250527_150427-300x225.jpg 300w, https:\/\/site.ac-martinique.fr\/clg-adenet\/wp-content\/uploads\/sites\/84\/2025\/06\/20250527_150427-768x576.jpg 768w, https:\/\/site.ac-martinique.fr\/clg-adenet\/wp-content\/uploads\/sites\/84\/2025\/06\/20250527_150427-1536x1152.jpg 1536w, https:\/\/site.ac-martinique.fr\/clg-adenet\/wp-content\/uploads\/sites\/84\/2025\/06\/20250527_150427-2048x1536.jpg 2048w\" sizes=\"auto, (max-width: 1024px) 100vw, 1024px\" \/><\/a><\/figure>\n\n\n\n<figure class=\"wp-block-image size-large\"><a href=\"https:\/\/site.ac-martinique.fr\/clg-adenet\/wp-content\/uploads\/sites\/84\/2025\/06\/20250527_150432-scaled.jpg\"><img loading=\"lazy\" decoding=\"async\" width=\"1024\" height=\"768\" data-id=\"3252\" src=\"https:\/\/site.ac-martinique.fr\/clg-adenet\/wp-content\/uploads\/sites\/84\/2025\/06\/20250527_150432-1024x768.jpg\" alt=\"\" class=\"wp-image-3252\" srcset=\"https:\/\/site.ac-martinique.fr\/clg-adenet\/wp-content\/uploads\/sites\/84\/2025\/06\/20250527_150432-1024x768.jpg 1024w, https:\/\/site.ac-martinique.fr\/clg-adenet\/wp-content\/uploads\/sites\/84\/2025\/06\/20250527_150432-300x225.jpg 300w, https:\/\/site.ac-martinique.fr\/clg-adenet\/wp-content\/uploads\/sites\/84\/2025\/06\/20250527_150432-768x576.jpg 768w, https:\/\/site.ac-martinique.fr\/clg-adenet\/wp-content\/uploads\/sites\/84\/2025\/06\/20250527_150432-1536x1152.jpg 1536w, https:\/\/site.ac-martinique.fr\/clg-adenet\/wp-content\/uploads\/sites\/84\/2025\/06\/20250527_150432-2048x1536.jpg 2048w\" sizes=\"auto, (max-width: 1024px) 100vw, 1024px\" \/><\/a><\/figure>\n\n\n\n<figure class=\"wp-block-image size-large\"><a href=\"https:\/\/site.ac-martinique.fr\/clg-adenet\/wp-content\/uploads\/sites\/84\/2025\/06\/20250527_150611-scaled.jpg\"><img loading=\"lazy\" decoding=\"async\" width=\"1024\" height=\"768\" data-id=\"3253\" src=\"https:\/\/site.ac-martinique.fr\/clg-adenet\/wp-content\/uploads\/sites\/84\/2025\/06\/20250527_150611-1024x768.jpg\" alt=\"\" class=\"wp-image-3253\" srcset=\"https:\/\/site.ac-martinique.fr\/clg-adenet\/wp-content\/uploads\/sites\/84\/2025\/06\/20250527_150611-1024x768.jpg 1024w, https:\/\/site.ac-martinique.fr\/clg-adenet\/wp-content\/uploads\/sites\/84\/2025\/06\/20250527_150611-300x225.jpg 300w, https:\/\/site.ac-martinique.fr\/clg-adenet\/wp-content\/uploads\/sites\/84\/2025\/06\/20250527_150611-768x576.jpg 768w, https:\/\/site.ac-martinique.fr\/clg-adenet\/wp-content\/uploads\/sites\/84\/2025\/06\/20250527_150611-1536x1152.jpg 1536w, https:\/\/site.ac-martinique.fr\/clg-adenet\/wp-content\/uploads\/sites\/84\/2025\/06\/20250527_150611-2048x1536.jpg 2048w\" sizes=\"auto, (max-width: 1024px) 100vw, 1024px\" \/><\/a><\/figure>\n\n\n\n<figure class=\"wp-block-image size-large\"><a href=\"https:\/\/site.ac-martinique.fr\/clg-adenet\/wp-content\/uploads\/sites\/84\/2025\/06\/20250527_150620-scaled.jpg\"><img loading=\"lazy\" decoding=\"async\" width=\"1024\" height=\"768\" data-id=\"3254\" src=\"https:\/\/site.ac-martinique.fr\/clg-adenet\/wp-content\/uploads\/sites\/84\/2025\/06\/20250527_150620-1024x768.jpg\" alt=\"\" class=\"wp-image-3254\" srcset=\"https:\/\/site.ac-martinique.fr\/clg-adenet\/wp-content\/uploads\/sites\/84\/2025\/06\/20250527_150620-1024x768.jpg 1024w, https:\/\/site.ac-martinique.fr\/clg-adenet\/wp-content\/uploads\/sites\/84\/2025\/06\/20250527_150620-300x225.jpg 300w, https:\/\/site.ac-martinique.fr\/clg-adenet\/wp-content\/uploads\/sites\/84\/2025\/06\/20250527_150620-768x576.jpg 768w, https:\/\/site.ac-martinique.fr\/clg-adenet\/wp-content\/uploads\/sites\/84\/2025\/06\/20250527_150620-1536x1152.jpg 1536w, https:\/\/site.ac-martinique.fr\/clg-adenet\/wp-content\/uploads\/sites\/84\/2025\/06\/20250527_150620-2048x1536.jpg 2048w\" sizes=\"auto, (max-width: 1024px) 100vw, 1024px\" \/><\/a><\/figure>\n\n\n\n<figure class=\"wp-block-image size-large\"><a href=\"https:\/\/site.ac-martinique.fr\/clg-adenet\/wp-content\/uploads\/sites\/84\/2025\/06\/20250527_150644-scaled.jpg\"><img loading=\"lazy\" decoding=\"async\" width=\"768\" height=\"1024\" data-id=\"3256\" src=\"https:\/\/site.ac-martinique.fr\/clg-adenet\/wp-content\/uploads\/sites\/84\/2025\/06\/20250527_150644-768x1024.jpg\" alt=\"\" class=\"wp-image-3256\" srcset=\"https:\/\/site.ac-martinique.fr\/clg-adenet\/wp-content\/uploads\/sites\/84\/2025\/06\/20250527_150644-768x1024.jpg 768w, https:\/\/site.ac-martinique.fr\/clg-adenet\/wp-content\/uploads\/sites\/84\/2025\/06\/20250527_150644-225x300.jpg 225w, https:\/\/site.ac-martinique.fr\/clg-adenet\/wp-content\/uploads\/sites\/84\/2025\/06\/20250527_150644-1152x1536.jpg 1152w, https:\/\/site.ac-martinique.fr\/clg-adenet\/wp-content\/uploads\/sites\/84\/2025\/06\/20250527_150644-1536x2048.jpg 1536w, https:\/\/site.ac-martinique.fr\/clg-adenet\/wp-content\/uploads\/sites\/84\/2025\/06\/20250527_150644-scaled.jpg 1920w\" sizes=\"auto, (max-width: 768px) 100vw, 768px\" \/><\/a><\/figure>\n<\/figure>\n","protected":false},"excerpt":{"rendered":"<p>Cette ann\u00e9e, notre projet s&rsquo;est poursuivi avec pour objectif la participation au dispositif \u00ab\u00a0rendez-vous au jardin\u00a0\u00bbmis en place par le minist\u00e8re de la Culture.Le th\u00e8me \u00e9tant \u00ab\u00a0Pierres de jardin, Jardin de pierres\u00a0\u00bb, il nous a fallu int\u00e9grer \u00e0 notre design des pierres de toutes sortes.Des pierres plates pour faire le contour de notre bassin, des [&hellip;]<\/p>\n","protected":false},"author":279,"featured_media":0,"parent":1703,"menu_order":0,"comment_status":"closed","ping_status":"closed","template":"","meta":{"site-sidebar-layout":"default","site-content-layout":"","ast-site-content-layout":"default","site-content-style":"default","site-sidebar-style":"default","ast-global-header-display":"","ast-banner-title-visibility":"","ast-main-header-display":"","ast-hfb-above-header-display":"","ast-hfb-below-header-display":"","ast-hfb-mobile-header-display":"","site-post-title":"","ast-breadcrumbs-content":"","ast-featured-img":"","footer-sml-layout":"","ast-disable-related-posts":"","theme-transparent-header-meta":"","adv-header-id-meta":"","stick-header-meta":"","header-above-stick-meta":"","header-main-stick-meta":"","header-below-stick-meta":"","astra-migrate-meta-layouts":"set","ast-page-background-enabled":"default","ast-page-background-meta":{"desktop":{"background-color":"var(--ast-global-color-4)","background-image":"","background-repeat":"repeat","background-position":"center center","background-size":"auto","background-attachment":"scroll","background-type":"","background-media":"","overlay-type":"","overlay-color":"","overlay-opacity":"","overlay-gradient":""},"tablet":{"background-color":"","background-image":"","background-repeat":"repeat","background-position":"center center","background-size":"auto","background-attachment":"scroll","background-type":"","background-media":"","overlay-type":"","overlay-color":"","overlay-opacity":"","overlay-gradient":""},"mobile":{"background-color":"","background-image":"","background-repeat":"repeat","background-position":"center center","background-size":"auto","background-attachment":"scroll","background-type":"","background-media":"","overlay-type":"","overlay-color":"","overlay-opacity":"","overlay-gradient":""}},"ast-content-background-meta":{"desktop":{"background-color":"var(--ast-global-color-5)","background-image":"","background-repeat":"repeat","background-position":"center center","background-size":"auto","background-attachment":"scroll","background-type":"","background-media":"","overlay-type":"","overlay-color":"","overlay-opacity":"","overlay-gradient":""},"tablet":{"background-color":"var(--ast-global-color-5)","background-image":"","background-repeat":"repeat","background-position":"center center","background-size":"auto","background-attachment":"scroll","background-type":"","background-media":"","overlay-type":"","overlay-color":"","overlay-opacity":"","overlay-gradient":""},"mobile":{"background-color":"var(--ast-global-color-5)","background-image":"","background-repeat":"repeat","background-position":"center center","background-size":"auto","background-attachment":"scroll","background-type":"","background-media":"","overlay-type":"","overlay-color":"","overlay-opacity":"","overlay-gradient":""}},"footnotes":""},"class_list":["post-3237","page","type-page","status-publish","hentry"],"_links":{"self":[{"href":"https:\/\/site.ac-martinique.fr\/clg-adenet\/index.php?rest_route=\/wp\/v2\/pages\/3237","targetHints":{"allow":["GET"]}}],"collection":[{"href":"https:\/\/site.ac-martinique.fr\/clg-adenet\/index.php?rest_route=\/wp\/v2\/pages"}],"about":[{"href":"https:\/\/site.ac-martinique.fr\/clg-adenet\/index.php?rest_route=\/wp\/v2\/types\/page"}],"author":[{"embeddable":true,"href":"https:\/\/site.ac-martinique.fr\/clg-adenet\/index.php?rest_route=\/wp\/v2\/users\/279"}],"replies":[{"embeddable":true,"href":"https:\/\/site.ac-martinique.fr\/clg-adenet\/index.php?rest_route=%2Fwp%2Fv2%2Fcomments&post=3237"}],"version-history":[{"count":4,"href":"https:\/\/site.ac-martinique.fr\/clg-adenet\/index.php?rest_route=\/wp\/v2\/pages\/3237\/revisions"}],"predecessor-version":[{"id":3271,"href":"https:\/\/site.ac-martinique.fr\/clg-adenet\/index.php?rest_route=\/wp\/v2\/pages\/3237\/revisions\/3271"}],"up":[{"embeddable":true,"href":"https:\/\/site.ac-martinique.fr\/clg-adenet\/index.php?rest_route=\/wp\/v2\/pages\/1703"}],"wp:attachment":[{"href":"https:\/\/site.ac-martinique.fr\/clg-adenet\/index.php?rest_route=%2Fwp%2Fv2%2Fmedia&parent=3237"}],"curies":[{"name":"wp","href":"https:\/\/api.w.org\/{rel}","templated":true}]}}