{"id":52,"date":"2012-02-26T17:10:49","date_gmt":"2012-02-26T21:10:49","guid":{"rendered":"https:\/\/site.ac-martinique.fr\/clg-adenet\/?page_id=52"},"modified":"2022-05-18T13:43:24","modified_gmt":"2022-05-18T17:43:24","slug":"eps","status":"publish","type":"page","link":"https:\/\/site.ac-martinique.fr\/clg-adenet\/?page_id=52","title":{"rendered":"EPS"},"content":{"rendered":"<p style=\"text-align: center;\"><a href=\"https:\/\/site.ac-martinique.fr\/clg-adenet\/wp-content\/uploads\/sites\/84\/2020\/11\/logo-eps.png\"><img loading=\"lazy\" decoding=\"async\" class=\"alignnone size-medium wp-image-1178\" src=\"https:\/\/site.ac-martinique.fr\/clg-adenet\/wp-content\/uploads\/sites\/84\/2020\/11\/logo-eps-300x188.png\" alt=\"\" width=\"300\" height=\"188\" srcset=\"https:\/\/site.ac-martinique.fr\/clg-adenet\/wp-content\/uploads\/sites\/84\/2020\/11\/logo-eps-300x188.png 300w, https:\/\/site.ac-martinique.fr\/clg-adenet\/wp-content\/uploads\/sites\/84\/2020\/11\/logo-eps.png 480w\" sizes=\"auto, (max-width: 300px) 100vw, 300px\" \/><\/a><\/p>\n<p><a href=\"https:\/\/www.facebook.com\/EPS-Adenet-104558267982952\/\"><img loading=\"lazy\" decoding=\"async\" class=\"alignnone wp-image-1231\" src=\"https:\/\/site.ac-martinique.fr\/clg-adenet\/wp-content\/uploads\/sites\/84\/2020\/11\/Le-logo-Facebook.jpg\" alt=\"\" width=\"43\" height=\"45\" \/>Retrouvez-nous sur le FaceBook EPS Adenet<\/a><\/p>\n<p><a href=\"https:\/\/padlet.com\/adeneteps\/80f36rxkkccexxco\"><img loading=\"lazy\" decoding=\"async\" class=\"alignnone wp-image-1236\" src=\"https:\/\/site.ac-martinique.fr\/clg-adenet\/wp-content\/uploads\/sites\/84\/2020\/11\/logo-padlet-300x300.png\" alt=\"\" width=\"45\" height=\"45\" srcset=\"https:\/\/site.ac-martinique.fr\/clg-adenet\/wp-content\/uploads\/sites\/84\/2020\/11\/logo-padlet-300x300.png 300w, https:\/\/site.ac-martinique.fr\/clg-adenet\/wp-content\/uploads\/sites\/84\/2020\/11\/logo-padlet-150x150.png 150w, https:\/\/site.ac-martinique.fr\/clg-adenet\/wp-content\/uploads\/sites\/84\/2020\/11\/logo-padlet-768x769.png 768w, https:\/\/site.ac-martinique.fr\/clg-adenet\/wp-content\/uploads\/sites\/84\/2020\/11\/logo-padlet-1024x1024.png 1024w, https:\/\/site.ac-martinique.fr\/clg-adenet\/wp-content\/uploads\/sites\/84\/2020\/11\/logo-padlet.png 1500w\" sizes=\"auto, (max-width: 45px) 100vw, 45px\" \/>Acc\u00e9dez aux programmes EPS, contenus, \u00e9valuations&#8230;<\/a><\/p>\n<p><strong>Stage APPN 5\u00e8me &#8211; 5 et 6 mai 2022<\/strong><\/p>\n<div class=\"su-youtube su-u-responsive-media-yes\"><iframe loading=\"lazy\" width=\"600\" height=\"400\" src=\"https:\/\/www.youtube.com\/embed\/WeWf6MxGIZQ?autohide=2&amp;autoplay=0&amp;mute=0&amp;controls=1&amp;fs=1&amp;loop=0&amp;modestbranding=0&amp;rel=1&amp;showinfo=1&amp;theme=dark&amp;wmode=&amp;playsinline=0\" frameborder=\"0\" allowfullscreen allow=\"autoplay; encrypted-media; picture-in-picture\" title=\"\"><\/iframe><\/div>\n<p><strong>\u00ab\u00a0Tous aux valeurs de l&rsquo;Olympisme et du Paralympisme\u00a0\u00bb<\/strong><\/p>\n<p>Mercredi 11 mai, la \u00ab\u00a0classe Coubertin-Milliat\u00a0\u00bb du coll\u00e8ge Adenet a particip\u00e9 \u00e0 un rassemblement aux valeurs de l&rsquo;Olympisme, organis\u00e9 par les \u00e9l\u00e8ves de 1\u00e8re sp\u00e9cialit\u00e9 EPS (EPPCS) du lyc\u00e9e Victor Anicet (Saint-Pierre). Ce moment de convivialit\u00e9 et d&rsquo;\u00e9changes avec d&rsquo;autres \u00ab\u00a0classes Coubertin-Milliat\u00a0\u00bb (Coll\u00e8ge du Carbet, Coll\u00e8ge Lagrosilli\u00e8re de Sainte-Marie) a permis \u00e0 nos \u00e9l\u00e8ves d&rsquo;\u00eatre initi\u00e9s \u00e0 4 nouvelles disciplines olympiques et paralympiques : break-dance, rugby-fauteuil, basket 3v3 et escalade de vitesse.<\/p>\n<div class=\"su-youtube su-u-responsive-media-yes\"><iframe loading=\"lazy\" width=\"600\" height=\"400\" src=\"https:\/\/www.youtube.com\/embed\/piwRmzzUZNo?\" frameborder=\"0\" allowfullscreen allow=\"autoplay; encrypted-media; picture-in-picture\" title=\"\"><\/iframe><\/div>\n","protected":false},"excerpt":{"rendered":"<p>Retrouvez-nous sur le FaceBook EPS Adenet Acc\u00e9dez aux programmes EPS, contenus, \u00e9valuations&#8230; Stage APPN 5\u00e8me &#8211; 5 et 6 mai 2022 \u00ab\u00a0Tous aux valeurs de l&rsquo;Olympisme et du Paralympisme\u00a0\u00bb Mercredi 11 mai, la \u00ab\u00a0classe Coubertin-Milliat\u00a0\u00bb du coll\u00e8ge Adenet a particip\u00e9 \u00e0 un rassemblement aux valeurs de l&rsquo;Olympisme, organis\u00e9 par les \u00e9l\u00e8ves de 1\u00e8re sp\u00e9cialit\u00e9 EPS [&hellip;]<\/p>\n","protected":false},"author":193,"featured_media":0,"parent":261,"menu_order":0,"comment_status":"open","ping_status":"closed","template":"","meta":{"site-sidebar-layout":"default","site-content-layout":"","ast-site-content-layout":"default","site-content-style":"default","site-sidebar-style":"default","ast-global-header-display":"","ast-banner-title-visibility":"","ast-main-header-display":"","ast-hfb-above-header-display":"","ast-hfb-below-header-display":"","ast-hfb-mobile-header-display":"","site-post-title":"","ast-breadcrumbs-content":"","ast-featured-img":"","footer-sml-layout":"","ast-disable-related-posts":"","theme-transparent-header-meta":"","adv-header-id-meta":"","stick-header-meta":"","header-above-stick-meta":"","header-main-stick-meta":"","header-below-stick-meta":"","astra-migrate-meta-layouts":"default","ast-page-background-enabled":"default","ast-page-background-meta":{"desktop":{"background-color":"var(--ast-global-color-4)","background-image":"","background-repeat":"repeat","background-position":"center center","background-size":"auto","background-attachment":"scroll","background-type":"","background-media":"","overlay-type":"","overlay-color":"","overlay-opacity":"","overlay-gradient":""},"tablet":{"background-color":"","background-image":"","background-repeat":"repeat","background-position":"center center","background-size":"auto","background-attachment":"scroll","background-type":"","background-media":"","overlay-type":"","overlay-color":"","overlay-opacity":"","overlay-gradient":""},"mobile":{"background-color":"","background-image":"","background-repeat":"repeat","background-position":"center center","background-size":"auto","background-attachment":"scroll","background-type":"","background-media":"","overlay-type":"","overlay-color":"","overlay-opacity":"","overlay-gradient":""}},"ast-content-background-meta":{"desktop":{"background-color":"var(--ast-global-color-5)","background-image":"","background-repeat":"repeat","background-position":"center center","background-size":"auto","background-attachment":"scroll","background-type":"","background-media":"","overlay-type":"","overlay-color":"","overlay-opacity":"","overlay-gradient":""},"tablet":{"background-color":"var(--ast-global-color-5)","background-image":"","background-repeat":"repeat","background-position":"center center","background-size":"auto","background-attachment":"scroll","background-type":"","background-media":"","overlay-type":"","overlay-color":"","overlay-opacity":"","overlay-gradient":""},"mobile":{"background-color":"var(--ast-global-color-5)","background-image":"","background-repeat":"repeat","background-position":"center center","background-size":"auto","background-attachment":"scroll","background-type":"","background-media":"","overlay-type":"","overlay-color":"","overlay-opacity":"","overlay-gradient":""}},"footnotes":""},"class_list":["post-52","page","type-page","status-publish","hentry"],"_links":{"self":[{"href":"https:\/\/site.ac-martinique.fr\/clg-adenet\/index.php?rest_route=\/wp\/v2\/pages\/52","targetHints":{"allow":["GET"]}}],"collection":[{"href":"https:\/\/site.ac-martinique.fr\/clg-adenet\/index.php?rest_route=\/wp\/v2\/pages"}],"about":[{"href":"https:\/\/site.ac-martinique.fr\/clg-adenet\/index.php?rest_route=\/wp\/v2\/types\/page"}],"author":[{"embeddable":true,"href":"https:\/\/site.ac-martinique.fr\/clg-adenet\/index.php?rest_route=\/wp\/v2\/users\/193"}],"replies":[{"embeddable":true,"href":"https:\/\/site.ac-martinique.fr\/clg-adenet\/index.php?rest_route=%2Fwp%2Fv2%2Fcomments&post=52"}],"version-history":[{"count":11,"href":"https:\/\/site.ac-martinique.fr\/clg-adenet\/index.php?rest_route=\/wp\/v2\/pages\/52\/revisions"}],"predecessor-version":[{"id":2084,"href":"https:\/\/site.ac-martinique.fr\/clg-adenet\/index.php?rest_route=\/wp\/v2\/pages\/52\/revisions\/2084"}],"up":[{"embeddable":true,"href":"https:\/\/site.ac-martinique.fr\/clg-adenet\/index.php?rest_route=\/wp\/v2\/pages\/261"}],"wp:attachment":[{"href":"https:\/\/site.ac-martinique.fr\/clg-adenet\/index.php?rest_route=%2Fwp%2Fv2%2Fmedia&parent=52"}],"curies":[{"name":"wp","href":"https:\/\/api.w.org\/{rel}","templated":true}]}}