{"id":9070,"date":"2022-03-18T13:45:58","date_gmt":"2022-03-18T12:45:58","guid":{"rendered":"https:\/\/site.ac-martinique.fr\/clg-aimecesaire\/?page_id=9070"},"modified":"2022-03-21T14:06:08","modified_gmt":"2022-03-21T13:06:08","slug":"les-cites-educatives","status":"publish","type":"page","link":"https:\/\/site.ac-martinique.fr\/clg-aimecesaire\/?page_id=9070","title":{"rendered":"Les cit\u00e9s \u00e9ducatives"},"content":{"rendered":"\n<p><strong>Les Cit\u00e9s \u00e9ducatives sont des territoires qui s\u2019organisent pour r\u00e9pondre collectivement \u00e0 un d\u00e9fi \u00e9ducatif d\u2019ampleur.<\/strong><\/p>\n\n\n\n<p>Au-del\u00e0 des dispositifs et moyens mis en \u0153uvre, seule une strat\u00e9gie locale ambitieuse, un engagement<br>continu ainsi qu\u2019une coordination \u00e9troite des acteurs \u00e9ducatifs, peuvent contrer les logiques de s\u00e9gr\u00e9gation<br>et de d\u00e9crochage \u00e0 l\u2019\u0153uvre dans les grands quartiers \u00e0 mixit\u00e9 sociale limit\u00e9e.<\/p>\n\n\n\n<p>\u00c0 cet effet, l\u2019attribution du label \u00ab Cit\u00e9 \u00e9ducative \u00bb \u00e0 un territoire dont les acteurs d\u00e9cident de faire de<br>l\u2019\u00e9ducation une grande priorit\u00e9 partag\u00e9e s\u2019effectue sur la base d\u2019un r\u00e9f\u00e9rentiel, initi\u00e9 dans le cadre d\u2019un<br>groupe de travail interminist\u00e9riel auquel participaient des acteurs de terrain. Ce r\u00e9f\u00e9rentiel indicatif vise<br>\u00e0 faciliter le diagnostic et la formulation d\u2019une ambition globale par les acteurs locaux. En prenant en<br>compte les dynamiques et actions ant\u00e9rieures, la cit\u00e9 \u00e9ducative constitue avant tout un cadre local<br>sp\u00e9cifique pour agir.<\/p>\n\n\n\n<p>Ainsi, trois grands objectifs guident l\u2019ambition des cit\u00e9s \u00e9ducatives sur le terrain, qui se traduisent par<br>de tr\u00e8s nombreuses actions pour les 0-25 ans des quartiers concern\u00e9s.<br>Il s\u2019agit de :<\/p>\n\n\n\n<ol class=\"wp-block-list\"><li>CONFORTER LE R\u00d4LE DE L&rsquo;\u00c9COLE<\/li><li>PROMOUVOIR LA CONTINUIT\u00c9 \u00c9DUCATIVE<\/li><li>OUVRIR LE CHAMP DES POSSIBLES<\/li><\/ol>\n\n\n\n<p>SOURCES<br><a href=\"https:\/\/www.citeseducatives.fr\/le-projet\/les-grands-objectifs\" target=\"_blank\" rel=\"noreferrer noopener\">https:\/\/www.citeseducatives.fr\/le-projet\/les-grands-objectifs<\/a><\/p>\n","protected":false},"excerpt":{"rendered":"<p>Les Cit\u00e9s \u00e9ducatives sont des territoires qui s\u2019organisent pour r\u00e9pondre collectivement \u00e0 un d\u00e9fi \u00e9ducatif d\u2019ampleur. Au-del\u00e0 des dispositifs et moyens mis en \u0153uvre, seule une strat\u00e9gie locale ambitieuse, un engagementcontinu ainsi qu\u2019une coordination \u00e9troite des acteurs \u00e9ducatifs, peuvent contrer les logiques de s\u00e9gr\u00e9gationet de d\u00e9crochage \u00e0 l\u2019\u0153uvre dans les grands quartiers \u00e0 mixit\u00e9 sociale &#8230;<\/p>\n<p><a href=\"https:\/\/site.ac-martinique.fr\/clg-aimecesaire\/?page_id=9070\" class=\"more-link\">Continue reading &lsquo;Les cit\u00e9s \u00e9ducatives&rsquo; &raquo;<\/a><\/p>\n","protected":false},"author":347,"featured_media":9071,"parent":0,"menu_order":0,"comment_status":"closed","ping_status":"closed","template":"","meta":{"footnotes":""},"class_list":["post-9070","page","type-page","status-publish","has-post-thumbnail","hentry"],"_links":{"self":[{"href":"https:\/\/site.ac-martinique.fr\/clg-aimecesaire\/index.php?rest_route=\/wp\/v2\/pages\/9070","targetHints":{"allow":["GET"]}}],"collection":[{"href":"https:\/\/site.ac-martinique.fr\/clg-aimecesaire\/index.php?rest_route=\/wp\/v2\/pages"}],"about":[{"href":"https:\/\/site.ac-martinique.fr\/clg-aimecesaire\/index.php?rest_route=\/wp\/v2\/types\/page"}],"author":[{"embeddable":true,"href":"https:\/\/site.ac-martinique.fr\/clg-aimecesaire\/index.php?rest_route=\/wp\/v2\/users\/347"}],"replies":[{"embeddable":true,"href":"https:\/\/site.ac-martinique.fr\/clg-aimecesaire\/index.php?rest_route=%2Fwp%2Fv2%2Fcomments&post=9070"}],"version-history":[{"count":4,"href":"https:\/\/site.ac-martinique.fr\/clg-aimecesaire\/index.php?rest_route=\/wp\/v2\/pages\/9070\/revisions"}],"predecessor-version":[{"id":9078,"href":"https:\/\/site.ac-martinique.fr\/clg-aimecesaire\/index.php?rest_route=\/wp\/v2\/pages\/9070\/revisions\/9078"}],"wp:featuredmedia":[{"embeddable":true,"href":"https:\/\/site.ac-martinique.fr\/clg-aimecesaire\/index.php?rest_route=\/wp\/v2\/media\/9071"}],"wp:attachment":[{"href":"https:\/\/site.ac-martinique.fr\/clg-aimecesaire\/index.php?rest_route=%2Fwp%2Fv2%2Fmedia&parent=9070"}],"curies":[{"name":"wp","href":"https:\/\/api.w.org\/{rel}","templated":true}]}}