{"id":9213,"date":"2022-03-28T13:55:30","date_gmt":"2022-03-28T12:55:30","guid":{"rendered":"https:\/\/site.ac-martinique.fr\/clg-aimecesaire\/?page_id=9213"},"modified":"2025-12-16T15:48:12","modified_gmt":"2025-12-16T19:48:12","slug":"mot-de-la-principale","status":"publish","type":"page","link":"https:\/\/site.ac-martinique.fr\/clg-aimecesaire\/?page_id=9213","title":{"rendered":"Mot du Principal"},"content":{"rendered":"\n<figure class=\"wp-block-gallery has-nested-images columns-default is-cropped wp-block-gallery-1 is-layout-flex wp-block-gallery-is-layout-flex\">\n<figure class=\"wp-block-image size-large\"><img loading=\"lazy\" decoding=\"async\" width=\"627\" height=\"836\" data-id=\"8991\" src=\"https:\/\/site.ac-martinique.fr\/clg-aimecesaire\/wp-content\/uploads\/sites\/47\/2021\/12\/IMG_4364-rotated.jpg\" alt=\"\" class=\"wp-image-8991\" srcset=\"https:\/\/site.ac-martinique.fr\/clg-aimecesaire\/wp-content\/uploads\/sites\/47\/2021\/12\/IMG_4364-rotated.jpg 627w, https:\/\/site.ac-martinique.fr\/clg-aimecesaire\/wp-content\/uploads\/sites\/47\/2021\/12\/IMG_4364-225x300.jpg 225w\" sizes=\"auto, (max-width: 627px) 100vw, 627px\" \/><\/figure>\n\n\n\n<figure class=\"wp-block-image size-large\"><img loading=\"lazy\" decoding=\"async\" width=\"836\" height=\"627\" data-id=\"9007\" src=\"https:\/\/site.ac-martinique.fr\/clg-aimecesaire\/wp-content\/uploads\/sites\/47\/2021\/12\/IMG_4375-1.jpg\" alt=\"\" class=\"wp-image-9007\" srcset=\"https:\/\/site.ac-martinique.fr\/clg-aimecesaire\/wp-content\/uploads\/sites\/47\/2021\/12\/IMG_4375-1.jpg 836w, https:\/\/site.ac-martinique.fr\/clg-aimecesaire\/wp-content\/uploads\/sites\/47\/2021\/12\/IMG_4375-1-300x225.jpg 300w, https:\/\/site.ac-martinique.fr\/clg-aimecesaire\/wp-content\/uploads\/sites\/47\/2021\/12\/IMG_4375-1-768x576.jpg 768w, https:\/\/site.ac-martinique.fr\/clg-aimecesaire\/wp-content\/uploads\/sites\/47\/2021\/12\/IMG_4375-1-730x548.jpg 730w\" sizes=\"auto, (max-width: 836px) 100vw, 836px\" \/><\/figure>\n<\/figure>\n\n\n\n<p class=\"has-black-color has-very-light-gray-to-cyan-bluish-gray-gradient-background has-text-color has-background has-medium-font-size\">Bienvenue au coll\u00e8ge Aim\u00e9 C\u00e9saire de Fort-de-France.<\/p>\n\n\n\n<p class=\"has-black-color has-very-light-gray-to-cyan-bluish-gray-gradient-background has-text-color has-background has-medium-font-size\">Notre \u00e9tablissement se situe en plein coeur de Fort-de-France, aux Terres Sainville, face \u00e0 la place Abb\u00e9 Gr\u00e9goire. C&rsquo;est un \u00e9tablissement \u00e0 taille humaine, un lieu d&rsquo;\u00e9panouissement pour tous les membres de la communaut\u00e9 \u00e9ducative.<\/p>\n\n\n\n<p class=\"has-black-color has-very-light-gray-to-cyan-bluish-gray-gradient-background has-text-color has-background has-medium-font-size\"><br>Nous accueillons 211 \u00e9l\u00e8ves d&rsquo;origines diverses, ce qui en fait un coll\u00e8ge tourn\u00e9 vers l&rsquo;international de part la richesse des cultures et des langues qui s&rsquo;y croisent quotidiennement.<\/p>\n\n\n\n<p class=\"has-black-color has-very-light-gray-to-cyan-bluish-gray-gradient-background has-text-color has-background has-medium-font-size\"><br>Nous veillons \u00e0 assurer un enseignement de qualit\u00e9 en conformit\u00e9 avec les programmes et les textes officiels en permettant \u00e0 chaque jeune d&rsquo;atteindre le meilleur de lui-m\u00eame.<\/p>\n\n\n\n<p class=\"has-black-color has-very-light-gray-to-cyan-bluish-gray-gradient-background has-text-color has-background has-medium-font-size\"><br>Nous sommes au service des \u00e9l\u00e8ves, en partenariat avec les parents, afin d&rsquo;\u00e9laborer ensemble le parcours de r\u00e9ussite le mieux adapt\u00e9 \u00e0 l\u2019\u00e9panouissement de chacun de nos \u00e9l\u00e8ves.<\/p>\n\n\n\n<p class=\"has-black-color has-very-light-gray-to-cyan-bluish-gray-gradient-background has-text-color has-background has-medium-font-size\"><br>Notre \u00e9tablissement forme des citoyens engag\u00e9s, respectueux des valeurs de la R\u00e9publique. Porter le nom d&rsquo;Aim\u00e9 C\u00e9saire pousse toute la communaut\u00e9 \u00e9ducative \u00e0 viser l&rsquo;excellence dans tous les domaines.<\/p>\n\n\n\n<p class=\"has-black-color has-very-light-gray-to-cyan-bluish-gray-gradient-background has-text-color has-background has-medium-font-size\"><br>Bonne ann\u00e9e scolaire \u00e0 tous.<\/p>\n\n\n\n<p class=\"has-black-color has-very-light-gray-to-cyan-bluish-gray-gradient-background has-text-color has-background has-medium-font-size\"><br>K\u00e9vin N&rsquo;TONE<br>Principal du coll\u00e8ge<br><\/p>\n","protected":false},"excerpt":{"rendered":"<p>Bienvenue au coll\u00e8ge Aim\u00e9 C\u00e9saire de Fort-de-France. Notre \u00e9tablissement se situe en plein coeur de Fort-de-France, aux Terres Sainville, face \u00e0 la place Abb\u00e9 Gr\u00e9goire. C&rsquo;est un \u00e9tablissement \u00e0 taille humaine, un lieu d&rsquo;\u00e9panouissement pour tous les membres de la communaut\u00e9 \u00e9ducative. Nous accueillons 211 \u00e9l\u00e8ves d&rsquo;origines diverses, ce qui en fait un coll\u00e8ge tourn\u00e9 &#8230;<\/p>\n<p><a href=\"https:\/\/site.ac-martinique.fr\/clg-aimecesaire\/?page_id=9213\" class=\"more-link\">Continue reading &lsquo;Mot du Principal&rsquo; &raquo;<\/a><\/p>\n","protected":false},"author":108,"featured_media":0,"parent":0,"menu_order":0,"comment_status":"closed","ping_status":"closed","template":"","meta":{"footnotes":""},"class_list":["post-9213","page","type-page","status-publish","hentry"],"_links":{"self":[{"href":"https:\/\/site.ac-martinique.fr\/clg-aimecesaire\/index.php?rest_route=\/wp\/v2\/pages\/9213","targetHints":{"allow":["GET"]}}],"collection":[{"href":"https:\/\/site.ac-martinique.fr\/clg-aimecesaire\/index.php?rest_route=\/wp\/v2\/pages"}],"about":[{"href":"https:\/\/site.ac-martinique.fr\/clg-aimecesaire\/index.php?rest_route=\/wp\/v2\/types\/page"}],"author":[{"embeddable":true,"href":"https:\/\/site.ac-martinique.fr\/clg-aimecesaire\/index.php?rest_route=\/wp\/v2\/users\/108"}],"replies":[{"embeddable":true,"href":"https:\/\/site.ac-martinique.fr\/clg-aimecesaire\/index.php?rest_route=%2Fwp%2Fv2%2Fcomments&post=9213"}],"version-history":[{"count":6,"href":"https:\/\/site.ac-martinique.fr\/clg-aimecesaire\/index.php?rest_route=\/wp\/v2\/pages\/9213\/revisions"}],"predecessor-version":[{"id":11040,"href":"https:\/\/site.ac-martinique.fr\/clg-aimecesaire\/index.php?rest_route=\/wp\/v2\/pages\/9213\/revisions\/11040"}],"wp:attachment":[{"href":"https:\/\/site.ac-martinique.fr\/clg-aimecesaire\/index.php?rest_route=%2Fwp%2Fv2%2Fmedia&parent=9213"}],"curies":[{"name":"wp","href":"https:\/\/api.w.org\/{rel}","templated":true}]}}