{"id":9217,"date":"2022-03-28T13:57:41","date_gmt":"2022-03-28T12:57:41","guid":{"rendered":"https:\/\/site.ac-martinique.fr\/clg-aimecesaire\/?page_id=9217"},"modified":"2026-01-05T14:12:26","modified_gmt":"2026-01-05T18:12:26","slug":"selection-thematique","status":"publish","type":"page","link":"https:\/\/site.ac-martinique.fr\/clg-aimecesaire\/?page_id=9217","title":{"rendered":"S\u00e9lection th\u00e9matique"},"content":{"rendered":"<p>Jusqu&rsquo;au 23 janvier 2026, nous vous proposons une s\u00e9lection th\u00e9matique sur le theme des contes.<\/p>\n<p>Pour cela cliquez sur l&rsquo;image :<\/p>\n\n\n<div class=\"wp-block-image\">\n<figure class=\"aligncenter size-full\"><a href=\"https:\/\/9720007a.esidoc.fr\/site\/les-selections-du-cdi\" target=\"_blank\" rel=\"noreferrer noopener\"><img loading=\"lazy\" decoding=\"async\" width=\"440\" height=\"188\" src=\"https:\/\/site.ac-martinique.fr\/clg-aimecesaire\/wp-content\/uploads\/sites\/47\/2022\/11\/selection.png\" alt=\"\" class=\"wp-image-9451\" srcset=\"https:\/\/site.ac-martinique.fr\/clg-aimecesaire\/wp-content\/uploads\/sites\/47\/2022\/11\/selection.png 440w, https:\/\/site.ac-martinique.fr\/clg-aimecesaire\/wp-content\/uploads\/sites\/47\/2022\/11\/selection-300x128.png 300w\" sizes=\"auto, (max-width: 440px) 100vw, 440px\" \/><\/a><\/figure>\n<\/div>","protected":false},"excerpt":{"rendered":"","protected":false},"author":347,"featured_media":0,"parent":0,"menu_order":0,"comment_status":"closed","ping_status":"closed","template":"","meta":{"footnotes":""},"class_list":["post-9217","page","type-page","status-publish","hentry"],"_links":{"self":[{"href":"https:\/\/site.ac-martinique.fr\/clg-aimecesaire\/index.php?rest_route=\/wp\/v2\/pages\/9217","targetHints":{"allow":["GET"]}}],"collection":[{"href":"https:\/\/site.ac-martinique.fr\/clg-aimecesaire\/index.php?rest_route=\/wp\/v2\/pages"}],"about":[{"href":"https:\/\/site.ac-martinique.fr\/clg-aimecesaire\/index.php?rest_route=\/wp\/v2\/types\/page"}],"author":[{"embeddable":true,"href":"https:\/\/site.ac-martinique.fr\/clg-aimecesaire\/index.php?rest_route=\/wp\/v2\/users\/347"}],"replies":[{"embeddable":true,"href":"https:\/\/site.ac-martinique.fr\/clg-aimecesaire\/index.php?rest_route=%2Fwp%2Fv2%2Fcomments&post=9217"}],"version-history":[{"count":6,"href":"https:\/\/site.ac-martinique.fr\/clg-aimecesaire\/index.php?rest_route=\/wp\/v2\/pages\/9217\/revisions"}],"predecessor-version":[{"id":11051,"href":"https:\/\/site.ac-martinique.fr\/clg-aimecesaire\/index.php?rest_route=\/wp\/v2\/pages\/9217\/revisions\/11051"}],"wp:attachment":[{"href":"https:\/\/site.ac-martinique.fr\/clg-aimecesaire\/index.php?rest_route=%2Fwp%2Fv2%2Fmedia&parent=9217"}],"curies":[{"name":"wp","href":"https:\/\/api.w.org\/{rel}","templated":true}]}}