{"id":9223,"date":"2022-03-28T13:59:00","date_gmt":"2022-03-28T12:59:00","guid":{"rendered":"https:\/\/site.ac-martinique.fr\/clg-aimecesaire\/?page_id=9223"},"modified":"2022-11-22T10:18:14","modified_gmt":"2022-11-22T14:18:14","slug":"bourse","status":"publish","type":"page","link":"https:\/\/site.ac-martinique.fr\/clg-aimecesaire\/?page_id=9223","title":{"rendered":"Bourse"},"content":{"rendered":"<p>P\u00e9riode de remise des dossiers de bourse cl\u00f4tur\u00e9e. <\/p>\n","protected":false},"excerpt":{"rendered":"","protected":false},"author":347,"featured_media":0,"parent":0,"menu_order":0,"comment_status":"closed","ping_status":"closed","template":"","meta":{"footnotes":""},"class_list":["post-9223","page","type-page","status-publish","hentry"],"_links":{"self":[{"href":"https:\/\/site.ac-martinique.fr\/clg-aimecesaire\/index.php?rest_route=\/wp\/v2\/pages\/9223","targetHints":{"allow":["GET"]}}],"collection":[{"href":"https:\/\/site.ac-martinique.fr\/clg-aimecesaire\/index.php?rest_route=\/wp\/v2\/pages"}],"about":[{"href":"https:\/\/site.ac-martinique.fr\/clg-aimecesaire\/index.php?rest_route=\/wp\/v2\/types\/page"}],"author":[{"embeddable":true,"href":"https:\/\/site.ac-martinique.fr\/clg-aimecesaire\/index.php?rest_route=\/wp\/v2\/users\/347"}],"replies":[{"embeddable":true,"href":"https:\/\/site.ac-martinique.fr\/clg-aimecesaire\/index.php?rest_route=%2Fwp%2Fv2%2Fcomments&post=9223"}],"version-history":[{"count":2,"href":"https:\/\/site.ac-martinique.fr\/clg-aimecesaire\/index.php?rest_route=\/wp\/v2\/pages\/9223\/revisions"}],"predecessor-version":[{"id":9446,"href":"https:\/\/site.ac-martinique.fr\/clg-aimecesaire\/index.php?rest_route=\/wp\/v2\/pages\/9223\/revisions\/9446"}],"wp:attachment":[{"href":"https:\/\/site.ac-martinique.fr\/clg-aimecesaire\/index.php?rest_route=%2Fwp%2Fv2%2Fmedia&parent=9223"}],"curies":[{"name":"wp","href":"https:\/\/api.w.org\/{rel}","templated":true}]}}