{"id":100,"date":"2022-01-04T17:59:37","date_gmt":"2022-01-04T21:59:37","guid":{"rendered":"https:\/\/site.ac-martinique.fr\/clg-alexandrestellio\/?page_id=100"},"modified":"2023-02-19T14:37:43","modified_gmt":"2023-02-19T18:37:43","slug":"etablissement","status":"publish","type":"page","link":"https:\/\/site.ac-martinique.fr\/clg-alexandrestellio\/?page_id=100","title":{"rendered":"\u00c9TABLISSEMENT"},"content":{"rendered":"\n<p>Le coll\u00e8ge a \u00e9t\u00e9 con\u00e7u en 1982.<\/p>\n\n\n\n<p>L&rsquo;espagnol est enseign\u00e9 d\u00e8s la 6\u00e8me et le latin \u00e0 partir de la 5\u00e8me.<\/p>\n\n\n\n<p class=\"has-text-align-center\">Deux types d&rsquo;enseignement sont dispens\u00e9s<\/p>\n\n\n<h1><span style=\"font-family: georgia, palatino, serif; color: #3366ff;\">1 &#8211; Enseignement g\u00e9n\u00e9ral<\/span><\/h1>\n<div class=\"su-list\" style=\"margin-left:0px\">\n<ul>\n<li><i class=\"sui sui-star\" style=\"color:#ffad33\"><\/i> Classe de 6\u00e8me : 1<\/li>\n<li><i class=\"sui sui-star\" style=\"color:#ffad33\"><\/i> Classe de 5\u00e8me : 1<\/li>\n<li><i class=\"sui sui-star\" style=\"color:#ffad33\"><\/i> Classe de 4\u00e8me : 2<\/li>\n<li><i class=\"sui sui-star\" style=\"color:#ffad33\"><\/i> Classes de 3\u00e8me : 2<\/li>\n<\/ul>\n<\/div>\n<h1><span style=\"font-family: georgia, palatino, serif; color: #3366ff;\">2 &#8211; Enseignement adapt\u00e9<\/span><\/h1>\n<div class=\"su-list\" style=\"margin-left:0px\">\n<ul>\n<li><i class=\"sui sui-star\" style=\"color:#ffad33\"><\/i> Classe de 6\u00e8me-5\u00e8me : 1<\/li>\n<li><i class=\"sui sui-star\" style=\"color:#ffad33\"><\/i> Classe de 4\u00e8me : 2<\/li>\n<li><i class=\"sui sui-star\" style=\"color:#ffad33\"><\/i> Classes de 3\u00e8me : 1<\/li>\n<\/ul>\n<\/div>","protected":false},"excerpt":{"rendered":"<p>Le coll\u00e8ge a \u00e9t\u00e9 con\u00e7u en 1982. L&rsquo;espagnol est enseign\u00e9 d\u00e8s la 6\u00e8me et le latin \u00e0 partir de la 5\u00e8me. Deux types d&rsquo;enseignement sont dispens\u00e9s 1 &#8211; Enseignement g\u00e9n\u00e9ral 2 &#8211; Enseignement adapt\u00e9<\/p>\n","protected":false},"author":304,"featured_media":0,"parent":0,"menu_order":0,"comment_status":"closed","ping_status":"closed","template":"","meta":{"footnotes":""},"class_list":["post-100","page","type-page","status-publish","hentry"],"_links":{"self":[{"href":"https:\/\/site.ac-martinique.fr\/clg-alexandrestellio\/index.php?rest_route=\/wp\/v2\/pages\/100","targetHints":{"allow":["GET"]}}],"collection":[{"href":"https:\/\/site.ac-martinique.fr\/clg-alexandrestellio\/index.php?rest_route=\/wp\/v2\/pages"}],"about":[{"href":"https:\/\/site.ac-martinique.fr\/clg-alexandrestellio\/index.php?rest_route=\/wp\/v2\/types\/page"}],"author":[{"embeddable":true,"href":"https:\/\/site.ac-martinique.fr\/clg-alexandrestellio\/index.php?rest_route=\/wp\/v2\/users\/304"}],"replies":[{"embeddable":true,"href":"https:\/\/site.ac-martinique.fr\/clg-alexandrestellio\/index.php?rest_route=%2Fwp%2Fv2%2Fcomments&post=100"}],"version-history":[{"count":38,"href":"https:\/\/site.ac-martinique.fr\/clg-alexandrestellio\/index.php?rest_route=\/wp\/v2\/pages\/100\/revisions"}],"predecessor-version":[{"id":1708,"href":"https:\/\/site.ac-martinique.fr\/clg-alexandrestellio\/index.php?rest_route=\/wp\/v2\/pages\/100\/revisions\/1708"}],"wp:attachment":[{"href":"https:\/\/site.ac-martinique.fr\/clg-alexandrestellio\/index.php?rest_route=%2Fwp%2Fv2%2Fmedia&parent=100"}],"curies":[{"name":"wp","href":"https:\/\/api.w.org\/{rel}","templated":true}]}}