{"id":104,"date":"2022-01-04T18:04:34","date_gmt":"2022-01-04T22:04:34","guid":{"rendered":"https:\/\/site.ac-martinique.fr\/clg-alexandrestellio\/?page_id=104"},"modified":"2023-02-19T14:20:27","modified_gmt":"2023-02-19T18:20:27","slug":"alexandre-stellio","status":"publish","type":"page","link":"https:\/\/site.ac-martinique.fr\/clg-alexandrestellio\/?page_id=104","title":{"rendered":"ALEXANDRE STELLIO"},"content":{"rendered":"\n<p>1885 &#8211; 1930<\/p>\n\n\n<div class=\"wp-block-image is-style-tw-rounded-corners\">\n<figure class=\"aligncenter size-full\"><img loading=\"lazy\" decoding=\"async\" width=\"249\" height=\"400\" src=\"https:\/\/site.ac-martinique.fr\/clg-alexandrestellio\/wp-content\/uploads\/sites\/106\/2022\/01\/stelliobbb1.jpg\" alt=\"\" class=\"wp-image-105\" srcset=\"https:\/\/site.ac-martinique.fr\/clg-alexandrestellio\/wp-content\/uploads\/sites\/106\/2022\/01\/stelliobbb1.jpg 249w, https:\/\/site.ac-martinique.fr\/clg-alexandrestellio\/wp-content\/uploads\/sites\/106\/2022\/01\/stelliobbb1-187x300.jpg 187w\" sizes=\"auto, (max-width: 249px) 100vw, 249px\" \/><\/figure>\n<\/div>\n\n\n<p class=\"has-text-align-center\"><\/p>\n\n\n<p style=\"text-align: justify;\"><span class=\"su-dropcap su-dropcap-style-flat\" style=\"font-size:1em\">D<\/span>e son vrai nom Alexandre Fructueux, il na\u00eet le 16 Avril 1885 \u00e0 l&rsquo;Anse Dufour, quartier de la commune des Anses d&rsquo;Arlet. Vivant modestement de la p\u00eache, sa famille d\u00e9cide de s&rsquo;installer \u00e0 Saint-Pierre, capitale \u00e9conomique et culturelle de l&rsquo;\u00eele.<br \/>En 1898, \u00e0 l&rsquo;\u00e2ge de 13 ans , il s&#8217;embarque avec sa famille pour la Guyane. Le jeune Alexandre s&rsquo;adapte tr\u00e8s rapidement, d\u00e9veloppe ses talents de virtuose de la fl\u00fbte et apprend rapidement \u00e0 jouer de la clarinette. Il devient tr\u00e8s vite une vedette dans les dancings les plus c\u00f4t\u00e9s de l&rsquo;\u00e9poque. C&rsquo;est ainsi qu&rsquo;il joue de la clarinette au \u00ab\u00a0Petit Balcon\u00a0\u00bb de Cayenne et contribue \u00e0 l&rsquo;expansion de ce dancing. Il est aussi sollicit\u00e9 par le propri\u00e9taire d&rsquo;une salle de cin\u00e9ma de Cayenne, Monsieur Didier dont Eug\u00e8ne Z\u00e9phir \u00e9tait l&rsquo;associ\u00e9, pour y interpr\u00e9ter des morceaux lors de la projection des films muets.<br \/>En 1919, \u00e0 son retour \u00e0 la Martinique il est engag\u00e9 comme clarinettiste pour accompagner les films de cin\u00e9ma Gaumont tout en exer\u00e7ant son m\u00e9tier de clarinettiste. En 1922, il compose sa premi\u00e8re biguine \u00ab\u00a0Quand m\u00eame\u00a0\u00bb et rejoint l&rsquo;orchestre de L\u00e9on Apanon au fameux dancing \u00ab\u00a0Le S\u00e9lect Tango\u00a0\u00bb.<br \/>Le 27 avril 1929, il s&#8217;embarque pour la France en compagnie de ses musiciens parmi lesquels Ernest L\u00e9ard\u00e9e et Archange Saint-Hilaire pour l&rsquo;ouverture du c\u00e9l\u00e8bre cabaret \u00ab\u00a0La Boule Blanche\u00a0\u00bb. En 1931, avec une nouvelle formation, lors de l&rsquo;Exposition Coloniale et Internationale de Paris, il fait d\u00e9couvrir la biguine qui conna\u00eetra un succ\u00e8s durable. 1935 : Stellio se produit avec son orchestre \u00e0 l&rsquo;Op\u00e9ra de Paris \u00e0 l&rsquo;occasion des f\u00eates du tricentenaire du rattachement des Antilles et de la Guyane \u00e0 la France.<br \/>De 1929 \u00e0 1939, il enregistre plus d&rsquo;une centaine de compositions (biguines, valses, mazurkas, etc.\u2026) sur des disques de 78 tours qui conna\u00eetront un tr\u00e8s grand succ\u00e8s. Parmi ces compositions les plus c\u00e9l\u00e8bres on peut citer \u00ab\u00a0Serpent maigre\u00a0\u00bb, \u00ab\u00a0Pleurez, pleurez, Chabin\u00a0\u00bb, \u00ab\u00a0Paris biguine\u00a0\u00bb , \u00ab\u00a0A l&rsquo;ombre des palmiers\u00a0\u00bb, etc \u2026<br \/>Le 27 juillet 1939, terrass\u00e9 par une crise cardiaque alors qu&rsquo;il jouait dans un cabaret parisien, il meurt \u00e0 l&rsquo;h\u00f4pital de l&rsquo;H\u00f4tel Dieu . Influenc\u00e9 par le jazz et les rythmes latino-am\u00e9ricains de son \u00e9poque, il est consid\u00e9r\u00e9 comme un des ma\u00eetres incontest\u00e9s de la biguine et comme celui qui a fait ressurgir des airs oubli\u00e9s de Saint-Pierre. Auteur de nombreuses mazurkas c\u00e9l\u00e8bres qui sont toujours reprises et jou\u00e9es de nos jours.<\/p>","protected":false},"excerpt":{"rendered":"<p>1885 &#8211; 1930 e son vrai nom Alexandre Fructueux, il na\u00eet le 16 Avril 1885 \u00e0 l&rsquo;Anse Dufour, quartier de la commune des Anses d&rsquo;Arlet. Vivant modestement de la p\u00eache, sa famille d\u00e9cide de s&rsquo;installer \u00e0 Saint-Pierre, capitale \u00e9conomique et culturelle de l&rsquo;\u00eele.En 1898, \u00e0 l&rsquo;\u00e2ge de 13 ans , il s&#8217;embarque avec sa famille &hellip; <\/p>\n<p class=\"link-more\"><a href=\"https:\/\/site.ac-martinique.fr\/clg-alexandrestellio\/?page_id=104\" class=\"more-link\">Continuer la lecture<span class=\"screen-reader-text\"> de &laquo;&nbsp;ALEXANDRE STELLIO&nbsp;&raquo;<\/span><\/a><\/p>\n","protected":false},"author":304,"featured_media":0,"parent":0,"menu_order":0,"comment_status":"closed","ping_status":"closed","template":"","meta":{"footnotes":""},"class_list":["post-104","page","type-page","status-publish","hentry"],"_links":{"self":[{"href":"https:\/\/site.ac-martinique.fr\/clg-alexandrestellio\/index.php?rest_route=\/wp\/v2\/pages\/104","targetHints":{"allow":["GET"]}}],"collection":[{"href":"https:\/\/site.ac-martinique.fr\/clg-alexandrestellio\/index.php?rest_route=\/wp\/v2\/pages"}],"about":[{"href":"https:\/\/site.ac-martinique.fr\/clg-alexandrestellio\/index.php?rest_route=\/wp\/v2\/types\/page"}],"author":[{"embeddable":true,"href":"https:\/\/site.ac-martinique.fr\/clg-alexandrestellio\/index.php?rest_route=\/wp\/v2\/users\/304"}],"replies":[{"embeddable":true,"href":"https:\/\/site.ac-martinique.fr\/clg-alexandrestellio\/index.php?rest_route=%2Fwp%2Fv2%2Fcomments&post=104"}],"version-history":[{"count":21,"href":"https:\/\/site.ac-martinique.fr\/clg-alexandrestellio\/index.php?rest_route=\/wp\/v2\/pages\/104\/revisions"}],"predecessor-version":[{"id":1685,"href":"https:\/\/site.ac-martinique.fr\/clg-alexandrestellio\/index.php?rest_route=\/wp\/v2\/pages\/104\/revisions\/1685"}],"wp:attachment":[{"href":"https:\/\/site.ac-martinique.fr\/clg-alexandrestellio\/index.php?rest_route=%2Fwp%2Fv2%2Fmedia&parent=104"}],"curies":[{"name":"wp","href":"https:\/\/api.w.org\/{rel}","templated":true}]}}