{"id":118,"date":"2022-01-04T18:10:52","date_gmt":"2022-01-04T22:10:52","guid":{"rendered":"https:\/\/site.ac-martinique.fr\/clg-alexandrestellio\/?page_id=118"},"modified":"2023-02-25T16:13:36","modified_gmt":"2023-02-25T20:13:36","slug":"information-generale","status":"publish","type":"page","link":"https:\/\/site.ac-martinique.fr\/clg-alexandrestellio\/?page_id=118","title":{"rendered":"INFORMATIONS G\u00c9N\u00c9RALES"},"content":{"rendered":"\n<p class=\"has-text-align-center has-dark-gray-color has-text-color has-background\" style=\"background-color:#ffff33c2\"><em>Mois de Janvier &#8211; F\u00e9vrier 2022<\/em>.<\/p>\n\n\n<h1><span style=\"color: #3366ff;\"><strong><span style=\"font-family: georgia, palatino, serif;\">Stage en enteprise<\/span><\/strong><\/span><\/h1>\n<div class=\"su-list\" style=\"margin-left:0px\">\n<ul style=\"list-style-type: disc;\">\n<li><i class=\"sui sui-star\" style=\"color:#ffad33\"><\/i> Du 07 f\u00e9vrier 2022 au 01 f\u00e9vrier 2022<\/li>\n<\/ul>\n<\/div>\n<p>Stage en entreprise pour les \u00e9l\u00e8ves de l&rsquo;enseignement g\u00e9n\u00e9ral.<\/p>\n<div class=\"su-list\" style=\"margin-left:0px\">\n<ul style=\"list-style-type: disc;\">\n<li><i class=\"sui sui-star\" style=\"color:#ffad33\"><\/i> Du 31 janvier 2022 au 1 f\u00e9vrier 2022<\/li>\n<\/ul>\n<\/div>\n<p>Stage en entreprise pour les \u00e9l\u00e8ves de l&rsquo;enseignement adapt\u00e9.<\/p>","protected":false},"excerpt":{"rendered":"<p>Mois de Janvier &#8211; F\u00e9vrier 2022. Stage en enteprise Stage en entreprise pour les \u00e9l\u00e8ves de l&rsquo;enseignement g\u00e9n\u00e9ral. Stage en entreprise pour les \u00e9l\u00e8ves de l&rsquo;enseignement adapt\u00e9.<\/p>\n","protected":false},"author":304,"featured_media":0,"parent":0,"menu_order":0,"comment_status":"closed","ping_status":"closed","template":"","meta":{"footnotes":""},"class_list":["post-118","page","type-page","status-publish","hentry"],"_links":{"self":[{"href":"https:\/\/site.ac-martinique.fr\/clg-alexandrestellio\/index.php?rest_route=\/wp\/v2\/pages\/118","targetHints":{"allow":["GET"]}}],"collection":[{"href":"https:\/\/site.ac-martinique.fr\/clg-alexandrestellio\/index.php?rest_route=\/wp\/v2\/pages"}],"about":[{"href":"https:\/\/site.ac-martinique.fr\/clg-alexandrestellio\/index.php?rest_route=\/wp\/v2\/types\/page"}],"author":[{"embeddable":true,"href":"https:\/\/site.ac-martinique.fr\/clg-alexandrestellio\/index.php?rest_route=\/wp\/v2\/users\/304"}],"replies":[{"embeddable":true,"href":"https:\/\/site.ac-martinique.fr\/clg-alexandrestellio\/index.php?rest_route=%2Fwp%2Fv2%2Fcomments&post=118"}],"version-history":[{"count":22,"href":"https:\/\/site.ac-martinique.fr\/clg-alexandrestellio\/index.php?rest_route=\/wp\/v2\/pages\/118\/revisions"}],"predecessor-version":[{"id":1713,"href":"https:\/\/site.ac-martinique.fr\/clg-alexandrestellio\/index.php?rest_route=\/wp\/v2\/pages\/118\/revisions\/1713"}],"wp:attachment":[{"href":"https:\/\/site.ac-martinique.fr\/clg-alexandrestellio\/index.php?rest_route=%2Fwp%2Fv2%2Fmedia&parent=118"}],"curies":[{"name":"wp","href":"https:\/\/api.w.org\/{rel}","templated":true}]}}