{"id":128,"date":"2022-01-04T18:18:06","date_gmt":"2022-01-04T22:18:06","guid":{"rendered":"https:\/\/site.ac-martinique.fr\/clg-alexandrestellio\/?page_id=128"},"modified":"2023-02-19T14:32:14","modified_gmt":"2023-02-19T18:32:14","slug":"education-physique-et-sportive","status":"publish","type":"page","link":"https:\/\/site.ac-martinique.fr\/clg-alexandrestellio\/?page_id=128","title":{"rendered":"\u00c9DUCATION PHYSIQUE ET SPORTIVE (EPS)"},"content":{"rendered":"<h1><span style=\"font-family: georgia, palatino, serif; color: #3366ff;\">Les enseignants<\/span><\/h1>\n<div class=\"su-list\" style=\"margin-left:0px\">\n<ul>\n<li><i class=\"sui sui-star\" style=\"color:#ffad33\"><\/i> <strong>Madame <\/strong><strong>DEGRYSE<\/strong><\/li>\n<li><i class=\"sui sui-star\" style=\"color:#ffad33\"><\/i> <strong>Monsieur PAJOT<\/strong><\/li>\n<\/ul>\n<\/div>\n<p>Ces deux enseignants travaillent en bin\u00f4me ce qui permet une meilleure int\u00e9gration des \u00e9l\u00e8ves de la SEGPA dans la discipline cr\u00e9ant de ce fait un lien social entre tous les \u00e9l\u00e8ves du coll\u00e8ge.<\/p>\n","protected":false},"excerpt":{"rendered":"<p>Les enseignants Ces deux enseignants travaillent en bin\u00f4me ce qui permet une meilleure int\u00e9gration des \u00e9l\u00e8ves de la SEGPA dans la discipline cr\u00e9ant de ce fait un lien social entre tous les \u00e9l\u00e8ves du coll\u00e8ge.<\/p>\n","protected":false},"author":304,"featured_media":0,"parent":0,"menu_order":0,"comment_status":"closed","ping_status":"closed","template":"","meta":{"footnotes":""},"class_list":["post-128","page","type-page","status-publish","hentry"],"_links":{"self":[{"href":"https:\/\/site.ac-martinique.fr\/clg-alexandrestellio\/index.php?rest_route=\/wp\/v2\/pages\/128","targetHints":{"allow":["GET"]}}],"collection":[{"href":"https:\/\/site.ac-martinique.fr\/clg-alexandrestellio\/index.php?rest_route=\/wp\/v2\/pages"}],"about":[{"href":"https:\/\/site.ac-martinique.fr\/clg-alexandrestellio\/index.php?rest_route=\/wp\/v2\/types\/page"}],"author":[{"embeddable":true,"href":"https:\/\/site.ac-martinique.fr\/clg-alexandrestellio\/index.php?rest_route=\/wp\/v2\/users\/304"}],"replies":[{"embeddable":true,"href":"https:\/\/site.ac-martinique.fr\/clg-alexandrestellio\/index.php?rest_route=%2Fwp%2Fv2%2Fcomments&post=128"}],"version-history":[{"count":11,"href":"https:\/\/site.ac-martinique.fr\/clg-alexandrestellio\/index.php?rest_route=\/wp\/v2\/pages\/128\/revisions"}],"predecessor-version":[{"id":1699,"href":"https:\/\/site.ac-martinique.fr\/clg-alexandrestellio\/index.php?rest_route=\/wp\/v2\/pages\/128\/revisions\/1699"}],"wp:attachment":[{"href":"https:\/\/site.ac-martinique.fr\/clg-alexandrestellio\/index.php?rest_route=%2Fwp%2Fv2%2Fmedia&parent=128"}],"curies":[{"name":"wp","href":"https:\/\/api.w.org\/{rel}","templated":true}]}}