{"id":2290,"date":"2023-03-07T10:02:00","date_gmt":"2023-03-07T14:02:00","guid":{"rendered":"https:\/\/site.ac-martinique.fr\/clg-alexandrestellio\/?page_id=2290"},"modified":"2024-01-31T13:24:02","modified_gmt":"2024-01-31T17:24:02","slug":"segpa","status":"publish","type":"page","link":"https:\/\/site.ac-martinique.fr\/clg-alexandrestellio\/?page_id=2290","title":{"rendered":"SEGPA"},"content":{"rendered":"<h1><span style=\"font-family: georgia, palatino, serif; color: #3366ff;\">Journaux<br \/><\/span><\/h1>\n<div class=\"su-list\" style=\"margin-left:0px\">\n<ul>\n<li><i class=\"sui sui-star\" style=\"color:#ffad33\"><\/i> Segpa News n\u00b01 : <a href=\"https:\/\/madmagz.com\/fr\/magazine\/1477323#\/\" target=\"_blank\" rel=\"noopener\">https:\/\/madmagz.com\/fr\/magazine\/1477323#\/<\/a><\/li>\n<li><i class=\"sui sui-star\" style=\"color:#ffad33\"><\/i> Segpa News n\u00b02 : <a href=\"https:\/\/flipbooks.fleepit.com\/f-42925-segpa_news_2\" target=\"_blank\" rel=\"noopener\">https:\/\/flipbooks.fleepit.com\/f-42925-segpa_news_2<\/a><\/li>\n<li><i class=\"sui sui-star\" style=\"color:#ffad33\"><\/i> Segpa News n\u00b03 : <a href=\"https:\/\/flipbooks.fleepit.com\/f-42926-segpa_news_3\" target=\"_blank\" rel=\"noopener\">https:\/\/flipbooks.fleepit.com\/f-42926-segpa_news_3<\/a><\/li>\n<li><i class=\"sui sui-star\" style=\"color:#ffad33\"><\/i> SegpaNews n\u00b04 : <a href=\"https:\/\/flipbooks.fleepit.com\/f-42927-segpa_news_4\" target=\"_blank\" rel=\"noopener\">https:\/\/flipbooks.fleepit.com\/f-42927-segpa_news_4<\/a><\/li>\n<li><i class=\"sui sui-star\" style=\"color:#ffad33\"><\/i> Segpa News n\u00b05 : <a href=\"https:\/\/heyzine.com\/flip-book\/3a87bcae8c.html\">https:\/\/heyzine.com\/flip-book\/3a87bcae8c.html<\/a><\/li>\n<\/ul>\n<\/div>\n<h1><span style=\"font-family: georgia, palatino, serif; color: #3366ff;\">Jeunes en librairie<\/span><\/h1>\n\n\n<div class=\"wp-block-media-text alignwide is-stacked-on-mobile is-style-tw-shadow\"><figure class=\"wp-block-media-text__media\"><img loading=\"lazy\" decoding=\"async\" width=\"370\" height=\"247\" src=\"https:\/\/site.ac-martinique.fr\/clg-alexandrestellio\/wp-content\/uploads\/sites\/106\/2023\/03\/JeunesEnLibrairie.png\" alt=\"\" class=\"wp-image-2328 size-full\" srcset=\"https:\/\/site.ac-martinique.fr\/clg-alexandrestellio\/wp-content\/uploads\/sites\/106\/2023\/03\/JeunesEnLibrairie.png 370w, https:\/\/site.ac-martinique.fr\/clg-alexandrestellio\/wp-content\/uploads\/sites\/106\/2023\/03\/JeunesEnLibrairie-300x200.png 300w\" sizes=\"auto, (max-width: 370px) 100vw, 370px\" \/><\/figure><div class=\"wp-block-media-text__content\">\n<p><a href=\"https:\/\/site.ac-martinique.fr\/clg-alexandrestellio\/?p=2293\">Acc\u00e9der \u00e0 l&rsquo;article &#8230;<\/a><\/p>\n<\/div><\/div>\n\n\n<h1><span style=\"font-family: georgia, palatino, serif; color: #3366ff;\">Inauguration du restaurant p\u00e9dagogique \u201cChez Stellio\u201d<\/span><\/h1>\n\n\n<div class=\"wp-block-media-text alignwide is-stacked-on-mobile is-style-tw-shadow\"><figure class=\"wp-block-media-text__media\"><img loading=\"lazy\" decoding=\"async\" width=\"1024\" height=\"576\" src=\"https:\/\/site.ac-martinique.fr\/clg-alexandrestellio\/wp-content\/uploads\/sites\/106\/2023\/03\/Petits-Plats-1024x576.jpg\" alt=\"\" class=\"wp-image-2461 size-full\" srcset=\"https:\/\/site.ac-martinique.fr\/clg-alexandrestellio\/wp-content\/uploads\/sites\/106\/2023\/03\/Petits-Plats-1024x576.jpg 1024w, https:\/\/site.ac-martinique.fr\/clg-alexandrestellio\/wp-content\/uploads\/sites\/106\/2023\/03\/Petits-Plats-300x169.jpg 300w, https:\/\/site.ac-martinique.fr\/clg-alexandrestellio\/wp-content\/uploads\/sites\/106\/2023\/03\/Petits-Plats-768x432.jpg 768w, https:\/\/site.ac-martinique.fr\/clg-alexandrestellio\/wp-content\/uploads\/sites\/106\/2023\/03\/Petits-Plats-1536x864.jpg 1536w, https:\/\/site.ac-martinique.fr\/clg-alexandrestellio\/wp-content\/uploads\/sites\/106\/2023\/03\/Petits-Plats.jpg 1600w\" sizes=\"auto, (max-width: 706px) 89vw, (max-width: 767px) 82vw, 740px\" \/><\/figure><div class=\"wp-block-media-text__content\">\n<p><a href=\"https:\/\/site.ac-martinique.fr\/clg-alexandrestellio\/?p=2450\">Acc\u00e9der \u00e0 l&rsquo;article &#8230;<\/a><\/p>\n<\/div><\/div>\n","protected":false},"excerpt":{"rendered":"<p>Journaux Jeunes en librairie Acc\u00e9der \u00e0 l&rsquo;article &#8230; Inauguration du restaurant p\u00e9dagogique \u201cChez Stellio\u201d Acc\u00e9der \u00e0 l&rsquo;article &#8230;<\/p>\n","protected":false},"author":343,"featured_media":0,"parent":0,"menu_order":0,"comment_status":"closed","ping_status":"closed","template":"","meta":{"footnotes":""},"class_list":["post-2290","page","type-page","status-publish","hentry"],"_links":{"self":[{"href":"https:\/\/site.ac-martinique.fr\/clg-alexandrestellio\/index.php?rest_route=\/wp\/v2\/pages\/2290","targetHints":{"allow":["GET"]}}],"collection":[{"href":"https:\/\/site.ac-martinique.fr\/clg-alexandrestellio\/index.php?rest_route=\/wp\/v2\/pages"}],"about":[{"href":"https:\/\/site.ac-martinique.fr\/clg-alexandrestellio\/index.php?rest_route=\/wp\/v2\/types\/page"}],"author":[{"embeddable":true,"href":"https:\/\/site.ac-martinique.fr\/clg-alexandrestellio\/index.php?rest_route=\/wp\/v2\/users\/343"}],"replies":[{"embeddable":true,"href":"https:\/\/site.ac-martinique.fr\/clg-alexandrestellio\/index.php?rest_route=%2Fwp%2Fv2%2Fcomments&post=2290"}],"version-history":[{"count":10,"href":"https:\/\/site.ac-martinique.fr\/clg-alexandrestellio\/index.php?rest_route=\/wp\/v2\/pages\/2290\/revisions"}],"predecessor-version":[{"id":2688,"href":"https:\/\/site.ac-martinique.fr\/clg-alexandrestellio\/index.php?rest_route=\/wp\/v2\/pages\/2290\/revisions\/2688"}],"wp:attachment":[{"href":"https:\/\/site.ac-martinique.fr\/clg-alexandrestellio\/index.php?rest_route=%2Fwp%2Fv2%2Fmedia&parent=2290"}],"curies":[{"name":"wp","href":"https:\/\/api.w.org\/{rel}","templated":true}]}}