{"id":404,"date":"2022-02-23T10:02:57","date_gmt":"2022-02-23T14:02:57","guid":{"rendered":"https:\/\/site.ac-martinique.fr\/clg-alexandrestellio\/?page_id=404"},"modified":"2023-02-19T14:41:34","modified_gmt":"2023-02-19T18:41:34","slug":"infirmerie-2","status":"publish","type":"page","link":"https:\/\/site.ac-martinique.fr\/clg-alexandrestellio\/?page_id=404","title":{"rendered":"INFIRMERIE"},"content":{"rendered":"<h1><span style=\"font-family: georgia, palatino, serif; color: #3366ff;\">Infirmerie<\/span><\/h1>\n<div class=\"su-list\" style=\"margin-left:0px\">\n<ul>\n<li><i class=\"sui sui-star\" style=\"color:#ffad33\"><\/i> <strong>Madame Virginie LAVERY<\/strong><\/li>\n<\/ul>\n<\/div>\n<p>Madame LAVERY est pr\u00e9sente pour l\u2019accompagnement des \u00e9l\u00e8ves pr\u00e9sentant des troubles d&rsquo;apprentissages et des besoins \u00e9ducatifs particuliers.<\/p>\n<p><em>Heures de pr\u00e9sence dans l&rsquo;\u00e9tablissement<\/em><\/p>\n<p>Lundi : 7H30 &#8211; 14H30<\/p>\n<p>Mercredi : 7H30 &#8211; 11H30<\/p>\n<p>Contact : 06 96 75 76 00<\/p>\n<h1><span style=\"font-family: georgia, palatino, serif; color: #3366ff;\">Quelques notions \u00e0 conna\u00eetre<br \/>\net informations \u00e0 t\u00e9l\u00e9charger<\/span><\/h1>\n<div class=\"su-list\" style=\"margin-left:0px\">\n<ul>\n<li><i class=\"sui sui-star\" style=\"color:#ffad33\"><\/i> <strong>PAI (Plan d&rsquo;Accueil Individualis\u00e9)<\/strong><\/li>\n<\/ul>\n<p>Document \u00e9crit pr\u00e9cisant les adaptations \u00e0 apporter \u00e0 la vie d&rsquo;un enfant ou d&rsquo;un adolescent en collectivit\u00e9 (cr\u00e8che, \u00e9cole, coll\u00e8ge, lyc\u00e9e, centre de loisirs). Il concerne les jeunes atteints de troubles de sant\u00e9 comme une pathologie chronique ( ex : asthme &#8230;), une allergie, une intol\u00e9rance alimentaire. Les enfants et adolescents atteints d\u2019une maladie de longue dur\u00e9e (ex : cancer &#8230;) sont aussi concern\u00e9s.<\/p>\n<p><a href=\"https:\/\/www.education.gouv.fr\/l-accueil-des-eleves-besoins-specifiques-la-mise-en-place-d-un-projet-d-accueil-individualise-6695\" target=\"_blank\" rel=\"noopener\">Accueil des \u00e9l\u00e8ves \u00e0 besoins sp\u00e9cifiques<\/a><br \/>\n(site du Minist\u00e8re de l&rsquo;Education Nationale et de la Jeunesse)<\/p>\n<ul>\n<li><i class=\"sui sui-star\" style=\"color:#ffad33\"><\/i> <strong>PAP (Plan d&rsquo;Accompagnement Personnalis\u00e9)<\/strong><\/li>\n<\/ul>\n<p>Concerne les \u00e9l\u00e8ves pr\u00e9sentant des difficult\u00e9s scolaires durables en raison d&rsquo;un trouble d&rsquo;apprentissages.<\/p>\n<p><a href=\"https:\/\/eduscol.education.fr\/1214\/mettre-en-oeuvre-un-plan-d-accompagnement-personnalise\" target=\"_blank\" rel=\"noopener\">Mettre en oeuvre un plan d&rsquo;accompagnement personnalis\u00e9<\/a><br \/>\n(site du Minist\u00e8re de l&rsquo;Education Nationale et de la Jeunesse, EDUSCOL)<\/p>\n<ul>\n<li><i class=\"sui sui-star\" style=\"color:#ffad33\"><\/i> <strong>PPS (Plan Personnalis\u00e9 de Scolarisation)<\/strong><\/li>\n<\/ul>\n<p>Concerne les \u00e9l\u00e8ves dont la C.D.A.P.H. (Commission des Droits et de l\u2019Autonomie des Personnes Handicap\u00e9es) a notifi\u00e9 une compensation en cons\u00e9quence d\u2019un handicap.<\/p>\n<p><a href=\"https:\/\/eduscol.education.fr\/1214\/mettre-en-oeuvre-un-plan-d-accompagnement-personnalise\" target=\"_blank\" rel=\"noopener\">Mettre en ouvre un plan d&rsquo;accompagnement personnalis\u00e9<\/a><br \/>\n(site du Minist\u00e8re de l&rsquo;Education Nationale et de la Jeunesse, EDUSCOL)<\/p>\n<ul>\n<li><i class=\"sui sui-star\" style=\"color:#ffad33\"><\/i> <strong>PPRE (Plan Personnalis\u00e9 de R\u00e9ussite Educative)<\/strong><\/li>\n<\/ul>\n<p>Plan d&rsquo;actions individualis\u00e9es mis en place par l&rsquo;\u00e9quipe \u00e9ducative\u00a0 pour un enfant ayant des difficult\u00e9s risquant de g\u00eaner sa scolarit\u00e9. L&rsquo;objectif du PPRE est de permettre \u00e0 l&rsquo;enfant de ma\u00eetriser le niveau suffisant du socle commun de connaissances et de comp\u00e9tences.<\/p>\n<p><a href=\"https:\/\/eduscol.education.fr\/858\/les-programmes-personnalises-de-reussite-educative\" target=\"_blank\" rel=\"noopener\">Les programmes personnalis\u00e9s de r\u00e9ussite \u00e9ducative<\/a><br \/>\n(site EDUSCOL)<\/p>\n<\/div>\n","protected":false},"excerpt":{"rendered":"<p>Infirmerie Madame LAVERY est pr\u00e9sente pour l\u2019accompagnement des \u00e9l\u00e8ves pr\u00e9sentant des troubles d&rsquo;apprentissages et des besoins \u00e9ducatifs particuliers. Heures de pr\u00e9sence dans l&rsquo;\u00e9tablissement Lundi : 7H30 &#8211; 14H30 Mercredi : 7H30 &#8211; 11H30 Contact : 06 96 75 76 00 Quelques notions \u00e0 conna\u00eetre et informations \u00e0 t\u00e9l\u00e9charger<\/p>\n","protected":false},"author":304,"featured_media":0,"parent":0,"menu_order":0,"comment_status":"closed","ping_status":"closed","template":"","meta":{"footnotes":""},"class_list":["post-404","page","type-page","status-publish","hentry"],"_links":{"self":[{"href":"https:\/\/site.ac-martinique.fr\/clg-alexandrestellio\/index.php?rest_route=\/wp\/v2\/pages\/404","targetHints":{"allow":["GET"]}}],"collection":[{"href":"https:\/\/site.ac-martinique.fr\/clg-alexandrestellio\/index.php?rest_route=\/wp\/v2\/pages"}],"about":[{"href":"https:\/\/site.ac-martinique.fr\/clg-alexandrestellio\/index.php?rest_route=\/wp\/v2\/types\/page"}],"author":[{"embeddable":true,"href":"https:\/\/site.ac-martinique.fr\/clg-alexandrestellio\/index.php?rest_route=\/wp\/v2\/users\/304"}],"replies":[{"embeddable":true,"href":"https:\/\/site.ac-martinique.fr\/clg-alexandrestellio\/index.php?rest_route=%2Fwp%2Fv2%2Fcomments&post=404"}],"version-history":[{"count":26,"href":"https:\/\/site.ac-martinique.fr\/clg-alexandrestellio\/index.php?rest_route=\/wp\/v2\/pages\/404\/revisions"}],"predecessor-version":[{"id":1712,"href":"https:\/\/site.ac-martinique.fr\/clg-alexandrestellio\/index.php?rest_route=\/wp\/v2\/pages\/404\/revisions\/1712"}],"wp:attachment":[{"href":"https:\/\/site.ac-martinique.fr\/clg-alexandrestellio\/index.php?rest_route=%2Fwp%2Fv2%2Fmedia&parent=404"}],"curies":[{"name":"wp","href":"https:\/\/api.w.org\/{rel}","templated":true}]}}