{"id":408,"date":"2022-02-23T10:03:56","date_gmt":"2022-02-23T14:03:56","guid":{"rendered":"https:\/\/site.ac-martinique.fr\/clg-alexandrestellio\/?page_id=408"},"modified":"2023-03-06T09:31:40","modified_gmt":"2023-03-06T13:31:40","slug":"orientation","status":"publish","type":"page","link":"https:\/\/site.ac-martinique.fr\/clg-alexandrestellio\/?page_id=408","title":{"rendered":"ORIENTATION"},"content":{"rendered":"<h1><span style=\"font-family: georgia, palatino, serif; color: #3366ff;\">Proc\u00e9dure de saisie des v\u0153ux d&rsquo;orientation<\/span><\/h1>\n\n\n<p class=\"has-text-align-left\">Mesdames, mesdemoiselles, messieurs,<br>Je vous prie de trouver ci-jointe la proc\u00e9dure de saisie des v\u0153ux pour le 2nd trimestre des classes de 3\u00e8me.<\/p>\n\n\n\n<p class=\"has-text-align-center has-dark-gray-color has-green-background-color has-text-color has-background\">Ces v\u0153ux doivent \u00eatre saisis pour le<br><strong>18 mars au plus tard<\/strong>.<\/p>\n\n\n\n<div data-wp-interactive=\"core\/file\" class=\"wp-block-file\"><object data-wp-bind--hidden=\"!state.hasPdfPreview\" hidden class=\"wp-block-file__embed\" data=\"https:\/\/site.ac-martinique.fr\/clg-alexandrestellio\/wp-content\/uploads\/sites\/106\/2023\/03\/Tutoriel-Saisie-des-voeux-orientation-1_compressed.pdf\" type=\"application\/pdf\" style=\"width:100%;height:600px\" aria-label=\"PDF embarqu\u00e9\"><\/object><\/div>\n\n\n\n<p class=\"has-dark-gray-color has-text-color has-background\" style=\"background-color:#ffff33c2\">Afficher le pdf <a rel=\"noreferrer noopener\" href=\"https:\/\/site.ac-martinique.fr\/clg-alexandrestellio\/wp-content\/uploads\/sites\/106\/2023\/03\/Tutoriel-Saisie-des-voeux-orientation-1_compressed.pdf\" target=\"_blank\">Tutoriel Saisie des vieux orientation<\/a> .<\/p>\n\n\n<h1><span style=\"font-family: georgia, palatino, serif; color: #3366ff;\">Psychologue scolaire<\/span><\/h1>\n<div class=\"su-list\" style=\"margin-left:0px\">\n<ul>\n<li><i class=\"sui sui-star\" style=\"color:#ffad33\"><\/i> <strong>Madame Gladys BOULANGER<\/strong><\/li>\n<\/ul>\n<\/div>\n<p><em>Heures de pr\u00e9sence dans l&rsquo;\u00e9tablissement<\/em><\/p>\n<p>Jeudi : 8H00 &#8211; 16H00<\/p>","protected":false},"excerpt":{"rendered":"<p>Proc\u00e9dure de saisie des v\u0153ux d&rsquo;orientation Mesdames, mesdemoiselles, messieurs,Je vous prie de trouver ci-jointe la proc\u00e9dure de saisie des v\u0153ux pour le 2nd trimestre des classes de 3\u00e8me. Ces v\u0153ux doivent \u00eatre saisis pour le18 mars au plus tard. Afficher le pdf Tutoriel Saisie des vieux orientation . Psychologue scolaire Heures de pr\u00e9sence dans l&rsquo;\u00e9tablissement &hellip; <\/p>\n<p class=\"link-more\"><a href=\"https:\/\/site.ac-martinique.fr\/clg-alexandrestellio\/?page_id=408\" class=\"more-link\">Continuer la lecture<span class=\"screen-reader-text\"> de &laquo;&nbsp;ORIENTATION&nbsp;&raquo;<\/span><\/a><\/p>\n","protected":false},"author":304,"featured_media":0,"parent":0,"menu_order":0,"comment_status":"closed","ping_status":"closed","template":"","meta":{"footnotes":""},"class_list":["post-408","page","type-page","status-publish","hentry"],"_links":{"self":[{"href":"https:\/\/site.ac-martinique.fr\/clg-alexandrestellio\/index.php?rest_route=\/wp\/v2\/pages\/408","targetHints":{"allow":["GET"]}}],"collection":[{"href":"https:\/\/site.ac-martinique.fr\/clg-alexandrestellio\/index.php?rest_route=\/wp\/v2\/pages"}],"about":[{"href":"https:\/\/site.ac-martinique.fr\/clg-alexandrestellio\/index.php?rest_route=\/wp\/v2\/types\/page"}],"author":[{"embeddable":true,"href":"https:\/\/site.ac-martinique.fr\/clg-alexandrestellio\/index.php?rest_route=\/wp\/v2\/users\/304"}],"replies":[{"embeddable":true,"href":"https:\/\/site.ac-martinique.fr\/clg-alexandrestellio\/index.php?rest_route=%2Fwp%2Fv2%2Fcomments&post=408"}],"version-history":[{"count":17,"href":"https:\/\/site.ac-martinique.fr\/clg-alexandrestellio\/index.php?rest_route=\/wp\/v2\/pages\/408\/revisions"}],"predecessor-version":[{"id":2240,"href":"https:\/\/site.ac-martinique.fr\/clg-alexandrestellio\/index.php?rest_route=\/wp\/v2\/pages\/408\/revisions\/2240"}],"wp:attachment":[{"href":"https:\/\/site.ac-martinique.fr\/clg-alexandrestellio\/index.php?rest_route=%2Fwp%2Fv2%2Fmedia&parent=408"}],"curies":[{"name":"wp","href":"https:\/\/api.w.org\/{rel}","templated":true}]}}