{"id":82,"date":"2022-01-04T17:40:22","date_gmt":"2022-01-04T21:40:22","guid":{"rendered":"https:\/\/site.ac-martinique.fr\/clg-alexandrestellio\/?page_id=82"},"modified":"2023-02-19T14:36:40","modified_gmt":"2023-02-19T18:36:40","slug":"enseignements","status":"publish","type":"page","link":"https:\/\/site.ac-martinique.fr\/clg-alexandrestellio\/?page_id=82","title":{"rendered":"ENSEIGNEMENTS"},"content":{"rendered":"<p>Les horaires par cycle au coll\u00e8ge<\/p>\n<h1><span style=\"font-family: georgia, palatino, serif; color: #3366ff;\">1 &#8211; Enseignement g\u00e9n\u00e9ral<\/span><\/h1>\n<div class=\"su-list\" style=\"margin-left:0px\">\n<ul>\n<li><i class=\"sui sui-star\" style=\"color:#ffad33\"><\/i> <a href=\"https:\/\/www.education.gouv.fr\/les-horaires-par-cycle-au-college-9884\" target=\"_blank\" rel=\"noopener\">Acc\u00e9der aux informations<\/a><br \/>\n(site du Minist\u00e8re de l&rsquo;Education Nationale et de la Jeunesse)<\/li>\n<\/ul>\n<\/div>\n<h1><span style=\"font-family: georgia, palatino, serif; color: #339966;\"><span style=\"color: #3366ff;\">2 &#8211; Enseignement adapt\u00e9<\/span><br \/>\n<\/span><\/h1>\n<div class=\"su-list\" style=\"margin-left:0px\">\n<ul>\n<li><i class=\"sui sui-star\" style=\"color:#ffad33\"><\/i> <a href=\"https:\/\/www.education.gouv.fr\/bo\/15\/Hebdo40\/MENE1525055A.htm\" target=\"_blank\" rel=\"noopener\">Acc\u00e9der aux informations<\/a><br \/>\n(site du Minist\u00e8re de l&rsquo;Education\u00a0 Nationale et de la Jeunesse)<\/li>\n<\/ul>\n<\/div>\n","protected":false},"excerpt":{"rendered":"<p>Les horaires par cycle au coll\u00e8ge 1 &#8211; Enseignement g\u00e9n\u00e9ral 2 &#8211; Enseignement adapt\u00e9<\/p>\n","protected":false},"author":304,"featured_media":0,"parent":0,"menu_order":0,"comment_status":"closed","ping_status":"closed","template":"","meta":{"footnotes":""},"class_list":["post-82","page","type-page","status-publish","hentry"],"_links":{"self":[{"href":"https:\/\/site.ac-martinique.fr\/clg-alexandrestellio\/index.php?rest_route=\/wp\/v2\/pages\/82","targetHints":{"allow":["GET"]}}],"collection":[{"href":"https:\/\/site.ac-martinique.fr\/clg-alexandrestellio\/index.php?rest_route=\/wp\/v2\/pages"}],"about":[{"href":"https:\/\/site.ac-martinique.fr\/clg-alexandrestellio\/index.php?rest_route=\/wp\/v2\/types\/page"}],"author":[{"embeddable":true,"href":"https:\/\/site.ac-martinique.fr\/clg-alexandrestellio\/index.php?rest_route=\/wp\/v2\/users\/304"}],"replies":[{"embeddable":true,"href":"https:\/\/site.ac-martinique.fr\/clg-alexandrestellio\/index.php?rest_route=%2Fwp%2Fv2%2Fcomments&post=82"}],"version-history":[{"count":37,"href":"https:\/\/site.ac-martinique.fr\/clg-alexandrestellio\/index.php?rest_route=\/wp\/v2\/pages\/82\/revisions"}],"predecessor-version":[{"id":1702,"href":"https:\/\/site.ac-martinique.fr\/clg-alexandrestellio\/index.php?rest_route=\/wp\/v2\/pages\/82\/revisions\/1702"}],"wp:attachment":[{"href":"https:\/\/site.ac-martinique.fr\/clg-alexandrestellio\/index.php?rest_route=%2Fwp%2Fv2%2Fmedia&parent=82"}],"curies":[{"name":"wp","href":"https:\/\/api.w.org\/{rel}","templated":true}]}}