{"id":87,"date":"2022-01-04T17:41:23","date_gmt":"2022-01-04T21:41:23","guid":{"rendered":"https:\/\/site.ac-martinique.fr\/clg-alexandrestellio\/?page_id=87"},"modified":"2023-02-19T14:36:56","modified_gmt":"2023-02-19T18:36:56","slug":"anglais","status":"publish","type":"page","link":"https:\/\/site.ac-martinique.fr\/clg-alexandrestellio\/?page_id=87","title":{"rendered":"ANGLAIS"},"content":{"rendered":"<h1><span style=\"color: #3366ff; font-family: georgia, palatino, serif;\">Les enseignants<\/span><\/h1>\n<div class=\"su-list\" style=\"margin-left:0px\">\n<ul>\n<li><i class=\"sui sui-star\" style=\"color:#ffad33\"><\/i> <strong>Madame CREPINIOR<\/strong> <em>(Enseignement sp\u00e9cialis\u00e9 et g\u00e9n\u00e9ral)<\/em><\/li>\n<li><i class=\"sui sui-star\" style=\"color:#ffad33\"><\/i> <strong>Madame MARTIAL<\/strong> <em>(Enseignement sp\u00e9cialis\u00e9 et g\u00e9n\u00e9ral)<\/em><\/li>\n<\/ul>\n<\/div>\n","protected":false},"excerpt":{"rendered":"<p>Les enseignants<\/p>\n","protected":false},"author":304,"featured_media":0,"parent":82,"menu_order":1,"comment_status":"closed","ping_status":"closed","template":"","meta":{"footnotes":""},"class_list":["post-87","page","type-page","status-publish","hentry"],"_links":{"self":[{"href":"https:\/\/site.ac-martinique.fr\/clg-alexandrestellio\/index.php?rest_route=\/wp\/v2\/pages\/87","targetHints":{"allow":["GET"]}}],"collection":[{"href":"https:\/\/site.ac-martinique.fr\/clg-alexandrestellio\/index.php?rest_route=\/wp\/v2\/pages"}],"about":[{"href":"https:\/\/site.ac-martinique.fr\/clg-alexandrestellio\/index.php?rest_route=\/wp\/v2\/types\/page"}],"author":[{"embeddable":true,"href":"https:\/\/site.ac-martinique.fr\/clg-alexandrestellio\/index.php?rest_route=\/wp\/v2\/users\/304"}],"replies":[{"embeddable":true,"href":"https:\/\/site.ac-martinique.fr\/clg-alexandrestellio\/index.php?rest_route=%2Fwp%2Fv2%2Fcomments&post=87"}],"version-history":[{"count":12,"href":"https:\/\/site.ac-martinique.fr\/clg-alexandrestellio\/index.php?rest_route=\/wp\/v2\/pages\/87\/revisions"}],"predecessor-version":[{"id":1706,"href":"https:\/\/site.ac-martinique.fr\/clg-alexandrestellio\/index.php?rest_route=\/wp\/v2\/pages\/87\/revisions\/1706"}],"up":[{"embeddable":true,"href":"https:\/\/site.ac-martinique.fr\/clg-alexandrestellio\/index.php?rest_route=\/wp\/v2\/pages\/82"}],"wp:attachment":[{"href":"https:\/\/site.ac-martinique.fr\/clg-alexandrestellio\/index.php?rest_route=%2Fwp%2Fv2%2Fmedia&parent=87"}],"curies":[{"name":"wp","href":"https:\/\/api.w.org\/{rel}","templated":true}]}}