{"id":893,"date":"2023-02-02T17:29:11","date_gmt":"2023-02-02T21:29:11","guid":{"rendered":"https:\/\/site.ac-martinique.fr\/clg-alexandrestellio\/?page_id=893"},"modified":"2023-02-25T16:55:27","modified_gmt":"2023-02-25T20:55:27","slug":"eco-delegues","status":"publish","type":"page","link":"https:\/\/site.ac-martinique.fr\/clg-alexandrestellio\/?page_id=893","title":{"rendered":"\u00c9CO-D\u00c9L\u00c9GU\u00c9S"},"content":{"rendered":"<h1><span style=\"font-family: georgia, palatino, serif; color: #3366ff;\">Derni\u00e8re information<\/span><!-- \/wp:post-content --><!-- wp:paragraph {\"backgroundColor\":\"green\",\"textColor\":\"black\"} --><\/h1>\n<!-- wp:paragraph{\"backgroundColor\":\"green\",\"textColor\":\"black\"} -->\n\n<div class=\"su-box su-box-style-default\" id=\"\" style=\"border-color:#08b530;border-radius:3px;max-width:none\"><div class=\"su-box-title\" style=\"background-color:#3be863;color:#FFFFFF;border-top-left-radius:1px;border-top-right-radius:1px\">Ateliers zones humides<\/div><div class=\"su-box-content su-u-clearfix su-u-trim\" style=\"border-bottom-left-radius:1px;border-bottom-right-radius:1px\">Ce vendredi 3 f\u00e9vrier 2023, sortie des \u00e9co-d\u00e9l\u00e9gu\u00e9s aux 3 \u00celets.<\/div><\/div>\n\n<span style=\"font-size: 32px;\">AUTRES ARTICLES<\/span>\n\n<!-- wp:paragraph {\"backgroundColor\":\"green\",\"textColor\":\"black\"} -->\n\n<!-- \/wp:paragraph -->\n\n<!-- wp:paragraph {\"textColor\":\"dark-gray\"} -->\n\n<!-- \/wp:paragraph -->\n\n<!-- wp:paragraph{\"backgroundColor\":\"green\",\"textColor\":\"black\"} -->\n\n<!-- \/wp:paragraph -->\n\n<!-- wp:paragraph{\"backgroundColor\":\"green\",\"textColor\":\"black\"} -->\n\n<!-- wp:paragraph {\"backgroundColor\":\"green\",\"textColor\":\"black\"} -->\n\n<!-- \/wp:paragraph -->\n\n<!-- wp:paragraph {\"textColor\":\"dark-gray\"} -->\n\n<!-- \/wp:paragraph -->\n\n<!-- wp:paragraph{\"backgroundColor\":\"green\",\"textColor\":\"black\"} -->\n\n<!-- \/wp:paragraph -->\n\n<!-- wp:media-text {\"mediaId\":2051,\"mediaLink\":\"https:\/\/site.ac-martinique.fr\/clg-alexandrestellio\/?attachment_id=2051\",\"mediaType\":\"image\",\"className\":\"is-style-tw-shadow\"} -->\n\n<!-- \/wp:media-text -->\n\n<!-- wp:paragraph{\"backgroundColor\":\"green\",\"textColor\":\"black\"} -->\n\n<!-- wp:paragraph {\"backgroundColor\":\"green\",\"textColor\":\"black\"} -->\n\n<!-- \/wp:paragraph -->\n\n<!-- wp:paragraph {\"textColor\":\"dark-gray\"} -->\n\n<!-- \/wp:paragraph -->\n\n<!-- wp:paragraph{\"backgroundColor\":\"green\",\"textColor\":\"black\"} -->\n\n<!-- \/wp:paragraph -->\n\n<!-- wp:media-text {\"mediaId\":2089,\"mediaLink\":\"https:\/\/site.ac-martinique.fr\/clg-alexandrestellio\/?attachment_id=2089\",\"mediaType\":\"image\",\"className\":\"is-style-tw-shadow\"} -->\n\n<!-- \/wp:media-text -->\n\n<!-- wp:paragraph{\"backgroundColor\":\"green\",\"textColor\":\"black\"} -->\n\n<!-- wp:paragraph {\"backgroundColor\":\"green\",\"textColor\":\"black\"} -->\n\n<!-- \/wp:paragraph -->\n\n<!-- wp:paragraph {\"textColor\":\"dark-gray\"} -->\n\n<!-- \/wp:paragraph -->\n\n<!-- wp:paragraph{\"backgroundColor\":\"green\",\"textColor\":\"black\"} -->\n\n<!-- \/wp:paragraph -->\n\n<!-- wp:paragraph{\"backgroundColor\":\"green\",\"textColor\":\"black\"} -->\n\n<!-- wp:paragraph {\"backgroundColor\":\"green\",\"textColor\":\"black\"} -->\n\n<!-- \/wp:paragraph -->\n\n<!-- wp:paragraph {\"textColor\":\"dark-gray\"} -->\n\n<!-- \/wp:paragraph -->\n<h1><span style=\"font-family: georgia, palatino, serif; color: #3366ff;\">Sortie au village du d\u00e9veloppement durable &#8211; Malecon<\/span><!-- \/wp:paragraph --><!-- wp:paragraph {\"backgroundColor\":\"green\",\"textColor\":\"black\"} --><\/h1>\n<!-- wp:paragraph{\"backgroundColor\":\"green\",\"textColor\":\"black\"} -->\n\n<!-- \/wp:paragraph -->\n\n<!-- wp:media-text {\"mediaId\":2051,\"mediaLink\":\"https:\/\/site.ac-martinique.fr\/clg-alexandrestellio\/?attachment_id=2051\",\"mediaType\":\"image\",\"className\":\"is-style-tw-shadow\"} -->\n<div class=\"wp-block-media-text alignwide is-stacked-on-mobile is-style-tw-shadow\">\n<figure class=\"wp-block-media-text__media\"><img loading=\"lazy\" decoding=\"async\" width=\"391\" height=\"305\" class=\"wp-image-2051 size-full\" src=\"https:\/\/site.ac-martinique.fr\/clg-alexandrestellio\/wp-content\/uploads\/sites\/106\/2023\/02\/Sortie-Village-EDD.png\" alt=\"\" srcset=\"https:\/\/site.ac-martinique.fr\/clg-alexandrestellio\/wp-content\/uploads\/sites\/106\/2023\/02\/Sortie-Village-EDD.png 391w, https:\/\/site.ac-martinique.fr\/clg-alexandrestellio\/wp-content\/uploads\/sites\/106\/2023\/02\/Sortie-Village-EDD-300x234.png 300w\" sizes=\"auto, (max-width: 391px) 100vw, 391px\" \/><\/figure>\n<div class=\"wp-block-media-text__content\"><!-- wp:paragraph {\"placeholder\":\"Contenu\u2026\"} -->\n\n<a href=\"https:\/\/site.ac-martinique.fr\/clg-alexandrestellio\/?p=2034\">Acc\u00e9der \u00e0 l&rsquo;article &#8230;<\/a>\n\n<!-- \/wp:paragraph -->\n\n<\/div>\n<\/div>\n<!-- \/wp:media-text -->\n\n<!-- wp:paragraph{\"backgroundColor\":\"green\",\"textColor\":\"black\"} -->\n\n<!-- wp:paragraph {\"backgroundColor\":\"green\",\"textColor\":\"black\"} -->\n\n<!-- \/wp:paragraph -->\n\n<!-- wp:paragraph {\"textColor\":\"dark-gray\"} -->\n\n<!-- \/wp:paragraph -->\n\n<!-- wp:paragraph{\"backgroundColor\":\"green\",\"textColor\":\"black\"} -->\n\n<!-- \/wp:paragraph -->\n\n<!-- wp:media-text {\"mediaId\":2089,\"mediaLink\":\"https:\/\/site.ac-martinique.fr\/clg-alexandrestellio\/?attachment_id=2089\",\"mediaType\":\"image\",\"className\":\"is-style-tw-shadow\"} -->\n\n<!-- \/wp:media-text -->\n<h1><!-- \/wp:paragraph --><!-- wp:paragraph {\"backgroundColor\":\"green\",\"textColor\":\"black\"} --><span style=\"font-family: georgia, palatino, serif; color: #3366ff;\">Sortie au village du d\u00e9veloppement durable &#8211; Challenge piles<\/span><!-- \/wp:paragraph --><!-- wp:paragraph {\"backgroundColor\":\"green\",\"textColor\":\"black\"} --><\/h1>\n<!-- wp:paragraph{\"backgroundColor\":\"green\",\"textColor\":\"black\"} -->\n\n<!-- wp:paragraph {\"backgroundColor\":\"green\",\"textColor\":\"black\"} -->\n\n<!-- \/wp:paragraph -->\n\n<!-- wp:paragraph {\"textColor\":\"dark-gray\"} -->\n\n<!-- \/wp:paragraph -->\n\n<!-- wp:paragraph{\"backgroundColor\":\"green\",\"textColor\":\"black\"} -->\n\n<!-- \/wp:paragraph -->\n\n<!-- wp:paragraph{\"backgroundColor\":\"green\",\"textColor\":\"black\"} -->\n\n<!-- wp:paragraph {\"backgroundColor\":\"green\",\"textColor\":\"black\"} -->\n\n<!-- \/wp:paragraph -->\n\n<!-- wp:paragraph {\"textColor\":\"dark-gray\"} -->\n\n<!-- \/wp:paragraph -->\n\n<!-- wp:paragraph{\"backgroundColor\":\"green\",\"textColor\":\"black\"} -->\n\n<!-- \/wp:paragraph -->\n\n<!-- wp:media-text {\"mediaId\":2051,\"mediaLink\":\"https:\/\/site.ac-martinique.fr\/clg-alexandrestellio\/?attachment_id=2051\",\"mediaType\":\"image\",\"className\":\"is-style-tw-shadow\"} -->\n\n<!-- \/wp:media-text -->\n\n<!-- wp:paragraph{\"backgroundColor\":\"green\",\"textColor\":\"black\"} -->\n\n<!-- wp:paragraph {\"backgroundColor\":\"green\",\"textColor\":\"black\"} -->\n\n<!-- \/wp:paragraph -->\n\n<!-- wp:paragraph {\"textColor\":\"dark-gray\"} -->\n\n<!-- \/wp:paragraph -->\n\n<!-- wp:paragraph{\"backgroundColor\":\"green\",\"textColor\":\"black\"} -->\n\n<!-- \/wp:paragraph -->\n\n<!-- wp:media-text {\"mediaId\":2089,\"mediaLink\":\"https:\/\/site.ac-martinique.fr\/clg-alexandrestellio\/?attachment_id=2089\",\"mediaType\":\"image\",\"className\":\"is-style-tw-shadow\"} -->\n<div class=\"wp-block-media-text alignwide is-stacked-on-mobile is-style-tw-shadow\">\n<figure class=\"wp-block-media-text__media\"><img loading=\"lazy\" decoding=\"async\" width=\"396\" height=\"298\" class=\"wp-image-2089 size-full\" src=\"https:\/\/site.ac-martinique.fr\/clg-alexandrestellio\/wp-content\/uploads\/sites\/106\/2023\/02\/Sortie-Village-EDD2.png\" alt=\"\" srcset=\"https:\/\/site.ac-martinique.fr\/clg-alexandrestellio\/wp-content\/uploads\/sites\/106\/2023\/02\/Sortie-Village-EDD2.png 396w, https:\/\/site.ac-martinique.fr\/clg-alexandrestellio\/wp-content\/uploads\/sites\/106\/2023\/02\/Sortie-Village-EDD2-300x226.png 300w\" sizes=\"auto, (max-width: 396px) 100vw, 396px\" \/><\/figure>\n<div class=\"wp-block-media-text__content\"><!-- wp:paragraph {\"placeholder\":\"Contenu\u2026\"} -->\n\n<a href=\"https:\/\/site.ac-martinique.fr\/clg-alexandrestellio\/?p=2080\">Acc\u00e9der \u00e0 l&rsquo;article &#8230;<\/a>\n\n<!-- \/wp:paragraph -->\n\n<\/div>\n<\/div>\n<!-- \/wp:media-text -->\n<h1><span style=\"font-family: georgia, palatino, serif; color: #3366ff;\">Sortie au village du d\u00e9veloppement durable &#8211; Challenge piles<\/span><\/h1>\n<!-- wp:media-text {\"mediaId\":2101,\"mediaLink\":\"https:\/\/site.ac-martinique.fr\/clg-alexandrestellio\/?attachment_id=2101\",\"mediaType\":\"image\",\"className\":\"is-style-tw-shadow\"} -->\n<div class=\"wp-block-media-text alignwide is-stacked-on-mobile is-style-tw-shadow\">\n<figure class=\"wp-block-media-text__media\"><img loading=\"lazy\" decoding=\"async\" class=\"alignnone wp-image-2105 size-full\" src=\"https:\/\/site.ac-martinique.fr\/clg-alexandrestellio\/wp-content\/uploads\/sites\/106\/2023\/02\/Sortie-EcoDelegue-03-02-2023-1.png\" alt=\"\" width=\"215\" height=\"281\" \/><\/figure>\n<div class=\"wp-block-media-text__content\"><!-- wp:paragraph {\"placeholder\":\"Contenu\u2026\"} -->\n\n<a href=\"https:\/\/site.ac-martinique.fr\/clg-alexandrestellio\/?p=2092\">Acc\u00e9der \u00e0 l&rsquo;article &#8230;<\/a>\n\n<!-- \/wp:paragraph -->\n\n<\/div>\n<\/div>\n<!-- \/wp:media-text -->","protected":false},"excerpt":{"rendered":"<p>Derni\u00e8re information AUTRES ARTICLES Sortie au village du d\u00e9veloppement durable &#8211; Malecon Acc\u00e9der \u00e0 l&rsquo;article &#8230; Sortie au village du d\u00e9veloppement durable &#8211; Challenge piles Acc\u00e9der \u00e0 l&rsquo;article &#8230; Sortie au village du d\u00e9veloppement durable &#8211; Challenge piles Acc\u00e9der \u00e0 l&rsquo;article &#8230;<\/p>\n","protected":false},"author":304,"featured_media":0,"parent":0,"menu_order":1,"comment_status":"closed","ping_status":"closed","template":"","meta":{"footnotes":""},"class_list":["post-893","page","type-page","status-publish","hentry"],"_links":{"self":[{"href":"https:\/\/site.ac-martinique.fr\/clg-alexandrestellio\/index.php?rest_route=\/wp\/v2\/pages\/893","targetHints":{"allow":["GET"]}}],"collection":[{"href":"https:\/\/site.ac-martinique.fr\/clg-alexandrestellio\/index.php?rest_route=\/wp\/v2\/pages"}],"about":[{"href":"https:\/\/site.ac-martinique.fr\/clg-alexandrestellio\/index.php?rest_route=\/wp\/v2\/types\/page"}],"author":[{"embeddable":true,"href":"https:\/\/site.ac-martinique.fr\/clg-alexandrestellio\/index.php?rest_route=\/wp\/v2\/users\/304"}],"replies":[{"embeddable":true,"href":"https:\/\/site.ac-martinique.fr\/clg-alexandrestellio\/index.php?rest_route=%2Fwp%2Fv2%2Fcomments&post=893"}],"version-history":[{"count":70,"href":"https:\/\/site.ac-martinique.fr\/clg-alexandrestellio\/index.php?rest_route=\/wp\/v2\/pages\/893\/revisions"}],"predecessor-version":[{"id":2107,"href":"https:\/\/site.ac-martinique.fr\/clg-alexandrestellio\/index.php?rest_route=\/wp\/v2\/pages\/893\/revisions\/2107"}],"wp:attachment":[{"href":"https:\/\/site.ac-martinique.fr\/clg-alexandrestellio\/index.php?rest_route=%2Fwp%2Fv2%2Fmedia&parent=893"}],"curies":[{"name":"wp","href":"https:\/\/api.w.org\/{rel}","templated":true}]}}